{"id":51966,"date":"2014-04-09T09:42:43","date_gmt":"2014-04-09T13:42:43","guid":{"rendered":"https:\/\/csce.ca\/product\/adhesion-membre-associe\/"},"modified":"2022-12-12T15:27:52","modified_gmt":"2022-12-12T20:27:52","slug":"adhesion-membre-associe","status":"publish","type":"product","link":"https:\/\/legacy.csce.ca\/fr\/product\/adhesion-membre-associe\/","title":{"rendered":"Adh\u00e9sion &#8211; Membre associ\u00e9"},"content":{"rendered":"<p>Adh\u00e9sion &#8211; Membre associ\u00e9<\/p>\n","protected":false},"excerpt":{"rendered":"<p>Adh\u00e9sion &#8211; Membre associ\u00e9<\/p>\n","protected":false},"featured_media":125383,"template":"","meta":[],"product_cat":[135],"product_tag":[],"acf":[],"_links":{"self":[{"href":"https:\/\/legacy.csce.ca\/fr\/wp-json\/wp\/v2\/product\/51966"}],"collection":[{"href":"https:\/\/legacy.csce.ca\/fr\/wp-json\/wp\/v2\/product"}],"about":[{"href":"https:\/\/legacy.csce.ca\/fr\/wp-json\/wp\/v2\/types\/product"}],"wp:featuredmedia":[{"embeddable":true,"href":"https:\/\/legacy.csce.ca\/fr\/wp-json\/wp\/v2\/media\/125383"}],"wp:attachment":[{"href":"https:\/\/legacy.csce.ca\/fr\/wp-json\/wp\/v2\/media?parent=51966"}],"wp:term":[{"taxonomy":"product_cat","embeddable":true,"href":"https:\/\/legacy.csce.ca\/fr\/wp-json\/wp\/v2\/product_cat?post=51966"},{"taxonomy":"product_tag","embeddable":true,"href":"https:\/\/legacy.csce.ca\/fr\/wp-json\/wp\/v2\/product_tag?post=51966"}],"curies":[{"name":"wp","href":"https:\/\/api.w.org\/{rel}","templated":true}]}}