{"id":51927,"date":"2013-07-03T13:53:49","date_gmt":"2013-07-03T17:53:49","guid":{"rendered":"https:\/\/csce.ca\/product\/fond-history\/"},"modified":"2018-11-01T09:27:48","modified_gmt":"2018-11-01T13:27:48","slug":"fond-history","status":"publish","type":"product","link":"https:\/\/legacy.csce.ca\/fr\/product\/fond-history\/","title":{"rendered":"Fond History"},"content":{"rendered":"<p>Activit\u00e9s du Comit\u00e9 d&#8217;Histoire de la SCGC<\/p>\n<p>Des re\u00e7us seront \u00e9mis pour les dons de bienfaisance<\/p>\n","protected":false},"excerpt":{"rendered":"<p>Activit\u00e9s du Comit\u00e9 d&#8217;Histoire de la SCGC Des re\u00e7us seront \u00e9mis pour les dons de bienfaisance<\/p>\n","protected":false},"featured_media":212326,"template":"","meta":[],"product_cat":[134],"product_tag":[],"acf":[],"_links":{"self":[{"href":"https:\/\/legacy.csce.ca\/fr\/wp-json\/wp\/v2\/product\/51927"}],"collection":[{"href":"https:\/\/legacy.csce.ca\/fr\/wp-json\/wp\/v2\/product"}],"about":[{"href":"https:\/\/legacy.csce.ca\/fr\/wp-json\/wp\/v2\/types\/product"}],"wp:featuredmedia":[{"embeddable":true,"href":"https:\/\/legacy.csce.ca\/fr\/wp-json\/wp\/v2\/media\/212326"}],"wp:attachment":[{"href":"https:\/\/legacy.csce.ca\/fr\/wp-json\/wp\/v2\/media?parent=51927"}],"wp:term":[{"taxonomy":"product_cat","embeddable":true,"href":"https:\/\/legacy.csce.ca\/fr\/wp-json\/wp\/v2\/product_cat?post=51927"},{"taxonomy":"product_tag","embeddable":true,"href":"https:\/\/legacy.csce.ca\/fr\/wp-json\/wp\/v2\/product_tag?post=51927"}],"curies":[{"name":"wp","href":"https:\/\/api.w.org\/{rel}","templated":true}]}}