{"id":147797,"date":"2020-11-24T14:47:27","date_gmt":"2020-11-24T19:47:27","guid":{"rendered":"https:\/\/csce.ca\/?post_type=product&#038;p=147797"},"modified":"2024-01-02T16:56:01","modified_gmt":"2024-01-02T21:56:01","slug":"mmd","status":"publish","type":"product","link":"https:\/\/legacy.csce.ca\/fr\/product\/mmd\/","title":{"rendered":"Mat\u00e9riaux, M\u00e9thodes et Conception de B\u00e9ton Ultra Haute Performance (BUHP) et B\u00e9ton de Fibres (BF)"},"content":{"rendered":"<p>Cr\u00e9dits de d\u00e9veloppement professionnel pour 6 heures<\/p>\n<p><strong>Overview<\/strong><br \/>\nCe cours sur les mat\u00e9riaux, les m\u00e9thodes et la conception sur le b\u00e9ton ultra haute performance (BUHP) et le b\u00e9ton de fibres (BF) est destin\u00e9 aux technologues, architectes, ing\u00e9nieurs et scientifiques appliqu\u00e9s ainsi qu&#8217;aux amateurs de g\u00e9nie civil et d&#8217;infrastructures durables. Les similitudes et les diff\u00e9rences de BF et BUHP seront explor\u00e9es avec des applications et des exemples de conception. Le mat\u00e9riel de cours a \u00e9t\u00e9 pr\u00e9par\u00e9 pour la Soci\u00e9t\u00e9 canadienne de g\u00e9nie civil par M. Vic Perry, Dre Katrine Habel, le professeur Dr Bruno Massicote et Peter Calcetas, qui sont des experts de l&#8217;industrie en la mati\u00e8re et \/ ou du milieu universitaire et qui contribuent \u00e0 la pratique et \u00e0 la codification du BUHP et BF en Am\u00e9rique du Nord.<\/p>\n<div id=\"section-content\" class=\"clearfix\">\n<div class=\"container\">\n<div class=\"sixteen columns\">\n<div id=\"primary\" class=\"left eleven columns\">\n<p>&nbsp;<\/p>\n<article id=\"post-144819\" class=\"post-144819 page type-page status-publish hentry\">\n<div class=\"entry-content\">\n<div class=\"vc_row wpb_row vc_row-fluid\">\n<div class=\"wpb_column vc_column_container vc_col-sm-12\">\n<div class=\"vc_column-inner\">\n<div class=\"wpb_wrapper\">\n<div class=\"wpb_text_column wpb_content_element \">\n<div class=\"wpb_wrapper\">\n<h2><strong>Instructeur \u2013 Peter CALCETAS P.Eng., M. Eng., MBA, FCSCE, LEED GA<\/strong><\/h2>\n<\/div>\n<\/div>\n<div class=\"wpb_single_image wpb_content_element vc_align_center vc_custom_1583698705337\">\n<figure class=\"wpb_wrapper vc_figure\">\n<div class=\"vc_single_image-wrapper vc_box_border_grey\"><img decoding=\"async\" loading=\"lazy\" class=\" wp-image-127296 alignleft\" src=\"https:\/\/csce.ca\/wp-content\/uploads\/2019\/10\/Peter-C-300x300.png\" alt=\"\" width=\"224\" height=\"224\" srcset=\"https:\/\/legacy.csce.ca\/wp-content\/uploads\/2019\/10\/Peter-C-300x300.png 300w, https:\/\/legacy.csce.ca\/wp-content\/uploads\/2019\/10\/Peter-C-100x100.png 100w, https:\/\/legacy.csce.ca\/wp-content\/uploads\/2019\/10\/Peter-C-600x600.png 600w, https:\/\/legacy.csce.ca\/wp-content\/uploads\/2019\/10\/Peter-C-150x150.png 150w, https:\/\/legacy.csce.ca\/wp-content\/uploads\/2019\/10\/Peter-C-768x768.png 768w, https:\/\/legacy.csce.ca\/wp-content\/uploads\/2019\/10\/Peter-C-1024x1024.png 1024w, https:\/\/legacy.csce.ca\/wp-content\/uploads\/2019\/10\/Peter-C-200x200.png 200w, https:\/\/legacy.csce.ca\/wp-content\/uploads\/2019\/10\/Peter-C-82x82.png 82w, https:\/\/legacy.csce.ca\/wp-content\/uploads\/2019\/10\/Peter-C-156x156.png 156w, https:\/\/legacy.csce.ca\/wp-content\/uploads\/2019\/10\/Peter-C-45x45.png 45w, https:\/\/legacy.csce.ca\/wp-content\/uploads\/2019\/10\/Peter-C.png 1152w\" sizes=\"(max-width: 224px) 100vw, 224px\" \/><\/div>\n<\/figure>\n<\/div>\n<div class=\"vc_row wpb_row vc_inner vc_row-fluid\">\n<div class=\"wpb_column vc_column_container vc_col-sm-12\">\n<div class=\"vc_column-inner\">\n<div class=\"wpb_wrapper\">\n<div class=\"wpb_text_column wpb_content_element \">\n<div class=\"wpb_wrapper\">\n<p>Peter Calcetas est un ing\u00e9nieur professionnel bilingue avec plus de 25 ans d&#8217;exp\u00e9rience dans les infrastructures durables, l&#8217;ing\u00e9nierie structurelle, la recherche, le d\u00e9veloppement de produits, les op\u00e9rations et les sciences appliqu\u00e9es dans les industries des mat\u00e9riaux, des sciences du b\u00e2timent et de la construction. Peter travaille avec le b\u00e9ton ultra haute performance (BUHP) depuis plus de quinze ans, faisant progresser la technologie gr\u00e2ce au d\u00e9veloppement de produits, de la conception, \u00e0 la fabrication, \u00e0 la commercialisation et \u00e0 la collaboration avec plusieurs autorit\u00e9s de transport et intervenants. M. Calcetas est le secr\u00e9taire de l&#8217;annexe U de la CSA A23.1-19. Peter est membre de la Soci\u00e9t\u00e9 canadienne de g\u00e9nie civil et occupe actuellement le poste de vice-pr\u00e9sident r\u00e9gional pour l&#8217;Ontario au SCGC.<\/p>\n<\/div>\n<\/div>\n<\/div>\n<\/div>\n<\/div>\n<\/div>\n<\/div>\n<\/div>\n<\/div>\n<\/div>\n<\/div>\n<\/article>\n<p>&nbsp;<\/p>\n<\/div>\n<\/div>\n<\/div>\n<\/div>\n","protected":false},"excerpt":{"rendered":"<p>Cr\u00e9dits de d\u00e9veloppement professionnel pour 6 heures Overview Ce cours sur les mat\u00e9riaux, les m\u00e9thodes et la conception sur le b\u00e9ton ultra haute performance (BUHP) et le b\u00e9ton de fibres [&hellip;]<\/p>\n","protected":false},"featured_media":147792,"template":"","meta":[],"product_cat":[170],"product_tag":[],"acf":[],"_links":{"self":[{"href":"https:\/\/legacy.csce.ca\/fr\/wp-json\/wp\/v2\/product\/147797"}],"collection":[{"href":"https:\/\/legacy.csce.ca\/fr\/wp-json\/wp\/v2\/product"}],"about":[{"href":"https:\/\/legacy.csce.ca\/fr\/wp-json\/wp\/v2\/types\/product"}],"wp:featuredmedia":[{"embeddable":true,"href":"https:\/\/legacy.csce.ca\/fr\/wp-json\/wp\/v2\/media\/147792"}],"wp:attachment":[{"href":"https:\/\/legacy.csce.ca\/fr\/wp-json\/wp\/v2\/media?parent=147797"}],"wp:term":[{"taxonomy":"product_cat","embeddable":true,"href":"https:\/\/legacy.csce.ca\/fr\/wp-json\/wp\/v2\/product_cat?post=147797"},{"taxonomy":"product_tag","embeddable":true,"href":"https:\/\/legacy.csce.ca\/fr\/wp-json\/wp\/v2\/product_tag?post=147797"}],"curies":[{"name":"wp","href":"https:\/\/api.w.org\/{rel}","templated":true}]}}