{"id":89132,"date":"2018-11-25T19:50:32","date_gmt":"2018-11-26T00:50:32","guid":{"rendered":"https:\/\/csce.ca\/?page_id=89132"},"modified":"2024-01-23T09:47:14","modified_gmt":"2024-01-23T14:47:14","slug":"formulaire-dadhesion","status":"publish","type":"page","link":"https:\/\/legacy.csce.ca\/fr\/formulaire-dadhesion\/","title":{"rendered":"Formulaire d&#8217;adh\u00e9sion"},"content":{"rendered":"<p>Le portail des membres du SCGC a d\u00e9m\u00e9nag\u00e9 ! Les formulaires d&#8217;adh\u00e9sion sont disponibles <strong><a href=\"https:\/\/csce.imiscloud.com\/Member_Portal\/Member_Portal\/Membership\/Categories---Rates.aspx?hkey=6f9253ef-6ea9-42a9-aed7-750dbe5bf996\">ICI<\/a><\/strong><\/p>\n<p>Pour toute question, \u00e9crivez \u00e0 <a href=\"mailto:admin@csce.ca\">admin@csce.ca<\/a>.<\/p>\n","protected":false},"excerpt":{"rendered":"<p>Le portail des membres du SCGC a d\u00e9m\u00e9nag\u00e9 ! Les formulaires d&#8217;adh\u00e9sion sont disponibles ICI Pour toute question, \u00e9crivez \u00e0 admin@csce.ca.<\/p>\n","protected":false},"author":1,"featured_media":0,"parent":0,"menu_order":0,"comment_status":"closed","ping_status":"closed","template":"","meta":[],"acf":[],"_links":{"self":[{"href":"https:\/\/legacy.csce.ca\/fr\/wp-json\/wp\/v2\/pages\/89132"}],"collection":[{"href":"https:\/\/legacy.csce.ca\/fr\/wp-json\/wp\/v2\/pages"}],"about":[{"href":"https:\/\/legacy.csce.ca\/fr\/wp-json\/wp\/v2\/types\/page"}],"author":[{"embeddable":true,"href":"https:\/\/legacy.csce.ca\/fr\/wp-json\/wp\/v2\/users\/1"}],"replies":[{"embeddable":true,"href":"https:\/\/legacy.csce.ca\/fr\/wp-json\/wp\/v2\/comments?post=89132"}],"version-history":[{"count":4,"href":"https:\/\/legacy.csce.ca\/fr\/wp-json\/wp\/v2\/pages\/89132\/revisions"}],"predecessor-version":[{"id":217898,"href":"https:\/\/legacy.csce.ca\/fr\/wp-json\/wp\/v2\/pages\/89132\/revisions\/217898"}],"wp:attachment":[{"href":"https:\/\/legacy.csce.ca\/fr\/wp-json\/wp\/v2\/media?parent=89132"}],"curies":[{"name":"wp","href":"https:\/\/api.w.org\/{rel}","templated":true}]}}