{"id":89046,"date":"2018-11-12T21:10:46","date_gmt":"2018-11-13T02:10:46","guid":{"rendered":"https:\/\/csce.ca\/?page_id=89046"},"modified":"2023-06-26T15:35:05","modified_gmt":"2023-06-26T19:35:05","slug":"liste-des-dirigeants-2020-2021","status":"publish","type":"page","link":"https:\/\/legacy.csce.ca\/fr\/a-propos-de-nous\/organizational-chart\/liste-des-dirigeants-2020-2021\/","title":{"rendered":"Conseil d\u2019administration"},"content":{"rendered":"[vc_row][vc_column][vc_column_text]\n<h2>Comit\u00e9 national de gestion<\/h2>\n[\/vc_column_text][\/vc_column][\/vc_row][vc_row][vc_column width=&#8221;1\/3&#8243;][vc_single_image image=&#8221;214409&#8243; img_size=&#8221;medium&#8221; alignment=&#8221;center&#8221; css=&#8221;.vc_custom_1686662717413{padding-bottom: 20px !important;}&#8221;][vc_column_text]\n<p style=\"text-align: center;\"><strong>Pr\u00e9sident<\/strong><\/p>\n<h4 style=\"text-align: center;\"><a href=\"mailto:gachari@ucalgary.ca\" target=\"_blank\" rel=\"noopener noreferrer\">Gopal Achari<\/a><\/h4>\n[\/vc_column_text][\/vc_column][vc_column width=&#8221;1\/3&#8243;][vc_single_image image=&#8221;214407&#8243; img_size=&#8221;medium&#8221; alignment=&#8221;center&#8221; css=&#8221;.vc_custom_1686662676458{padding-bottom: 20px !important;}&#8221;][vc_column_text]\n<p style=\"text-align: center;\"><strong>Ancien Pr\u00e9sident<\/strong><\/p>\n<h4 style=\"text-align: center;\"><a href=\"mailto:wadezwicker@gmail.com\" target=\"_blank\" rel=\"noopener noreferrer\">Wade Zwicker<\/a><\/h4>\n[\/vc_column_text][\/vc_column][vc_column width=&#8221;1\/3&#8243;][vc_single_image image=&#8221;215523&#8243; img_size=&#8221;medium&#8221; alignment=&#8221;center&#8221; css=&#8221;.vc_custom_1686662761404{padding-bottom: 20px !important;}&#8221;][vc_column_text]\n<p style=\"text-align: center;\"><strong>Pr\u00e9sident d\u00e9sign\u00e9<\/strong><\/p>\n<h4 style=\"text-align: center;\"><a href=\"mailto:bchen@mun.ca\" target=\"_blank\" rel=\"noopener noreferrer\">Bing Chen<\/a><\/h4>\n[\/vc_column_text][\/vc_column][\/vc_row][vc_row][vc_column width=&#8221;1\/3&#8243;][vc_single_image image=&#8221;207093&#8243; img_size=&#8221;medium&#8221; alignment=&#8221;center&#8221; css=&#8221;.vc_custom_1635984399407{padding-bottom: 20px !important;}&#8221;][vc_column_text]\n<p style=\"text-align: center;\"><strong>Tr\u00e9sorier honoraire<\/strong><\/p>\n<h4 style=\"text-align: center;\"><a href=\"martel.jean.luc@gmail.com\">Jean-Luc Martel<\/a><\/h4>\n[\/vc_column_text][\/vc_column][vc_column width=&#8221;1\/3&#8243;][vc_single_image image=&#8221;214412&#8243; img_size=&#8221;medium&#8221; alignment=&#8221;center&#8221; css=&#8221;.vc_custom_1678975840342{padding-bottom: 20px !important;}&#8221;][vc_column_text]\n<p style=\"text-align: center;\"><strong>Vice-pr\u00e9sident principal<br \/>\n<\/strong><\/p>\n<h4 style=\"text-align: center;\"><a href=\"mailto:rankin@unb.ca\" target=\"_blank\" rel=\"noopener noreferrer\">Jeff Rankin<\/a><\/h4>\n[\/vc_column_text][\/vc_column][vc_column width=&#8221;1\/3&#8243;][vc_single_image image=&#8221;127303&#8243; img_size=&#8221;medium&#8221; alignment=&#8221;center&#8221; css=&#8221;.vc_custom_1615317331253{padding-bottom: 20px !important;}&#8221;][vc_column_text]\n<p style=\"text-align: center;\"><strong>Vice-pr\u00e9sident, Comit\u00e9 de coordination de l\u2019administration<\/strong><\/p>\n<h4 style=\"text-align: center;\"><a href=\"mailto:plangan@rvanderson.com\" target=\"_blank\" rel=\"noopener noreferrer\">Peter Langan<\/a><\/h4>\n[\/vc_column_text][\/vc_column][\/vc_row][vc_row][vc_column width=&#8221;1\/3&#8243;][vc_single_image image=&#8221;207101&#8243; img_size=&#8221;medium&#8221; alignment=&#8221;center&#8221; css=&#8221;.vc_custom_1635984418264{padding-bottom: 20px !important;}&#8221;][vc_column_text]\n<p style=\"text-align: center;\"><strong>Vice-pr\u00e9sidente, Divisions techniques et comit\u00e9s<\/strong><\/p>\n<h4 style=\"text-align: center;\"><a href=\"mailto:farnaz@ucalgary.ca\">Farnaz Sadeghpour<\/a><\/h4>\n[\/vc_column_text][\/vc_column][vc_column width=&#8221;1\/3&#8243;][vc_single_image image=&#8221;214416&#8243; img_size=&#8221;medium&#8221; alignment=&#8221;center&#8221; css=&#8221;.vc_custom_1678976041558{padding-bottom: 20px !important;}&#8221;][vc_column_text]\n<p style=\"text-align: center;\"><strong>Vice-pr\u00e9sident, Programmes techniques<\/strong><\/p>\n<h4 style=\"text-align: center;\"><a href=\"mailto:shahria.alam@ubc.ca\" target=\"_blank\" rel=\"noopener noreferrer\">Shahria Alam<\/a><\/h4>\n[\/vc_column_text][\/vc_column][\/vc_row][vc_row][vc_column width=&#8221;1\/3&#8243;][vc_single_image image=&#8221;215525&#8243; img_size=&#8221;medium&#8221; alignment=&#8221;center&#8221; css=&#8221;.vc_custom_1686662797299{padding-bottom: 20px !important;}&#8221;][vc_column_text]\n<p style=\"text-align: center;\"><strong>Vice-pr\u00e9sident, Atlantique<\/strong><\/p>\n<h4 style=\"text-align: center;\"><a href=\"mailto:jeremie.aube@dieppe.ca\">J\u00e9r\u00e9mie Aub\u00e9<\/a><\/h4>\n[\/vc_column_text][\/vc_column][vc_column width=&#8221;1\/3&#8243;][vc_single_image image=&#8221;214418&#8243; img_size=&#8221;medium&#8221; alignment=&#8221;center&#8221; css=&#8221;.vc_custom_1678976211966{padding-bottom: 20px !important;}&#8221;][vc_column_text]\n<p style=\"text-align: center;\"><strong>Vice-pr\u00e9sidente, Qu\u00e9bec<\/strong><\/p>\n<h4 style=\"text-align: center;\"><a href=\"mailto:alaouizohra@gmail.com\">Zohra Alaoui<\/a><\/h4>\n[\/vc_column_text][\/vc_column][vc_column width=&#8221;1\/3&#8243;][vc_single_image image=&#8221;214420&#8243; img_size=&#8221;medium&#8221; alignment=&#8221;center&#8221; css=&#8221;.vc_custom_1678976366471{padding-bottom: 20px !important;}&#8221;][vc_column_text]\n<p style=\"text-align: center;\"><strong>Vice-pr\u00e9sident, Ontario<\/strong><\/p>\n<h4 style=\"text-align: center;\"><a href=\"mailto:AAndrenkov@mte85.com\" target=\"_blank\" rel=\"noopener noreferrer\">Alexander Andrenkov<\/a><\/h4>\n[\/vc_column_text][\/vc_column][\/vc_row][vc_row][vc_column width=&#8221;1\/3&#8243;][vc_single_image image=&#8221;215636&#8243; img_size=&#8221;medium&#8221; alignment=&#8221;center&#8221; css=&#8221;.vc_custom_1687807975668{padding-bottom: 20px !important;}&#8221;][vc_column_text]\n<p style=\"text-align: center;\"><strong>Vice-pr\u00e9sidente, Prairies<\/strong><\/p>\n<h4 style=\"text-align: center;\"><a href=\"mailto:dagmar.svecova@umanitoba.ca\" target=\"_blank\" rel=\"noopener noreferrer\">Dagmar Svecova<\/a><\/h4>\n[\/vc_column_text][\/vc_column][vc_column width=&#8221;1\/3&#8243;][vc_single_image image=&#8221;214422&#8243; img_size=&#8221;medium&#8221; alignment=&#8221;center&#8221; css=&#8221;.vc_custom_1678976515734{padding-bottom: 20px !important;}&#8221;][vc_column_text]\n<p style=\"text-align: center;\"><strong>Vice-pr\u00e9sidente, Ouest<\/strong><\/p>\n<h4 style=\"text-align: center;\"><a href=\"mailto:Candice.Lukaszewicz@stantec.com\" target=\"_blank\" rel=\"noopener noreferrer\">Candice Lukaszewicz<\/a><\/h4>\n[\/vc_column_text][\/vc_column][vc_column width=&#8221;1\/3&#8243;][vc_single_image image=&#8221;214424&#8243; img_size=&#8221;medium&#8221; alignment=&#8221;center&#8221; css=&#8221;.vc_custom_1678976624876{padding-bottom: 20px !important;}&#8221;][vc_column_text]\n<p style=\"text-align: center;\"><strong>Vice-pr\u00e9sident, International<\/strong><\/p>\n<h4 style=\"text-align: center;\"><a href=\"mailto:guptar@uvic.ca\" target=\"_blank\" rel=\"noopener noreferrer\">Rishi Gupta<\/a><\/h4>\n[\/vc_column_text][\/vc_column][\/vc_row][vc_row][vc_column width=&#8221;1\/3&#8243;][vc_single_image image=&#8221;207098&#8243; img_size=&#8221;medium&#8221; alignment=&#8221;center&#8221; css=&#8221;.vc_custom_1635984551288{padding-bottom: 20px !important;}&#8221;][vc_column_text]\n<p style=\"text-align: center;\"><strong>Repr\u00e9sentante les entreprises membres<\/strong><\/p>\n<h4 style=\"text-align: center;\"><a href=\"mailto:sara.rankohi@groupecanam.com\">Sara Rankohi<\/a><\/h4>\n[\/vc_column_text][\/vc_column][vc_column width=&#8221;1\/3&#8243;][vc_single_image image=&#8221;214426&#8243; img_size=&#8221;medium&#8221; alignment=&#8221;center&#8221; css=&#8221;.vc_custom_1678976739630{padding-bottom: 20px !important;}&#8221;][vc_column_text]\n<p style=\"text-align: center;\"><strong>Repr\u00e9sentant le Conseil des chefs de d\u00e9partements\u00a0 de g\u00e9nie civil canadiens<\/strong><\/p>\n<h4 style=\"text-align: center;\"><a href=\"mailto:mohamed.meguid@mcgill.ca\" target=\"_blank\" rel=\"noopener noreferrer\">Mohamed Meguid<\/a><\/h4>\n[\/vc_column_text][\/vc_column][\/vc_row][vc_row][vc_column][vc_column_text]En plus des postes de directeur au sein du conseil d\u2019administration avec droit de vote mentionn\u00e9s ci-dessus, un poste sans droit de vote est combl\u00e9 par d\u2019autres organisations :<\/p>\n<table>\n<tbody>\n<tr>\n<td>Repr\u00e9sentant de la Soci\u00e9t\u00e9 canadienne de g\u00e9otechnique (sans droit de vote)<\/td>\n<td><a href=\"mailto:president@cgs.ca\">Rob Kenyon<\/a><\/td>\n<\/tr>\n<\/tbody>\n<\/table>\n<p><strong>International<\/strong><\/p>\n<table>\n<tbody>\n<tr>\n<td>Pr\u00e9sident, Comit\u00e9 des affaires internationales<\/td>\n<td><a href=\"mailto:guptar@uvic.ca\">Rishi Gupta<\/a><\/td>\n<\/tr>\n<\/tbody>\n<\/table>\n<p>&nbsp;<\/p>\n<h2>Pr\u00e9sidents des Comit\u00e9s, Divisions et Programmes<\/h2>\n<p><strong>RELEVANT DU VICE-PR\u00c9SIDENT PRINCIPAL<\/strong><\/p>\n<table>\n<tbody>\n<tr>\n<td>Pr\u00e9sident, Comit\u00e9 des jeunes professionnels<\/td>\n<td><a href=\"mailto:rmansour@systra.com\">Rami Mansour<\/a><\/td>\n<\/tr>\n<tr>\n<td>Pr\u00e9sident, Comit\u00e9 des affaires \u00e9tudiantes<\/td>\n<td><a href=\"Alan.Lloyd@unb.ca\">Alan Lloyd<\/a><\/td>\n<\/tr>\n<\/tbody>\n<\/table>\n<p><strong>COMIT\u00c9 DE COORDINATION DE L\u2019ADMINISTRATION<\/strong><\/p>\n<table>\n<tbody>\n<tr>\n<td>Pr\u00e9sident, Comit\u00e9 histoire<\/td>\n<td><a href=\"mailto:f.m.bartlett@uwo.ca\">Mike Bartlett<\/a><\/td>\n<\/tr>\n<tr>\n<td>Pr\u00e9sident, Comit\u00e9 des distinctions honorifiques et fellows<\/td>\n<td><a href=\"mailto:randy.pickle@aecom.com\">Randy Pickle<\/a><\/td>\n<\/tr>\n<tr>\n<td>Pr\u00e9sident, Comit\u00e9 des congr\u00e8s<\/td>\n<td><a href=\"mailto:sterparng@ae.ca\">Graham Sterparn<\/a><\/td>\n<\/tr>\n<\/tbody>\n<\/table>\n<p><strong>COMIT\u00c9 DE COORDINATION DES PROGRAMMES<\/strong><br \/>\nDivisions et comit\u00e9s techniques<\/p>\n<table>\n<tbody>\n<tr>\n<td>Pr\u00e9sident, Division des r\u00e9gions froides<\/td>\n<td><a href=\"mailto:Matthew.Follett@stantec.com\">Matthew Follett<\/a><\/td>\n<\/tr>\n<tr>\n<td>Pr\u00e9sident, Division de la construction<\/td>\n<td><a href=\"mailto:mazdak.nikbakht@concordia.ca\">Mazdak Nikbakht<\/a><\/td>\n<\/tr>\n<tr>\n<td>Pr\u00e9sident, Division de la m\u00e9canique appliqu\u00e9e et g\u00e9nie des mat\u00e9riaux<\/td>\n<td><a href=\"mailto:shahria.alam@ubc.ca\">Alam Shahria<\/a><\/td>\n<\/tr>\n<tr>\n<td>Pr\u00e9sident, Division hydrotechnique<\/td>\n<td><a href=\"mailto:kam597@mail.usask.ca\">Kerry Mazurek<\/a><\/td>\n<\/tr>\n<tr>\n<td>Pr\u00e9sident, Division des structures<\/td>\n<td><a href=\"mailto:damatty@uwo.ca\">Ashraf El Damatty<\/a><\/td>\n<\/tr>\n<tr>\n<td>Pr\u00e9sident, Division des transports<\/td>\n<td><a href=\"mailto:khouday.michel@gmail.com\" target=\"_blank\" rel=\"noopener noreferrer\">Michel Khouday<\/a><\/td>\n<\/tr>\n<tr>\n<td>Pr\u00e9sident, Division de l\u2019environnement<\/td>\n<td><a href=\"mailto:kelvin.ng@uregina.ca\">Kelvin Ng<\/a><\/td>\n<\/tr>\n<tr>\n<td>Pr\u00e9sident, Comit\u00e9 du d\u00e9veloppement durable<\/td>\n<td><a href=\"mailto:kerry.black@ucalgary.ca\">Kerry Black<\/a><\/td>\n<\/tr>\n<tr>\n<td>Pr\u00e9sident, Comit\u00e9 de l\u2019innovation et des TI<\/td>\n<td><span style=\"font-family: Consolas, Monaco, monospace; font-size: inherit;\">\u00c0 d\u00e9terminer<\/span><\/td>\n<\/tr>\n<tr>\n<td>Pr\u00e9sident, Comit\u00e9 de la gestion de l\u2019ing\u00e9nierie<\/td>\n<td><a href=\"mailto:Constantine.Katsanis@etsmtl.ca\">Constantine Katsanis<\/a><\/td>\n<\/tr>\n<\/tbody>\n<\/table>\n<p>Programmes techniques<\/p>\n<table>\n<tbody>\n<tr>\n<td>Pr\u00e9sident, Comit\u00e9 de la gestion des actifs<\/td>\n<td><a href=\"mailto:MBenson@rvanderson.com\">Mike Benson<\/a><\/td>\n<\/tr>\n<tr>\n<td>Pr\u00e9sident, Comit\u00e9 de la practique l&#8217;ing\u00e9nierie<\/td>\n<td><span style=\"font-family: Consolas, Monaco, monospace; font-size: inherit;\">\u00c0 d\u00e9terminer<\/span><\/td>\n<\/tr>\n<tr>\n<td>Pr\u00e9sident, Comit\u00e9 de l\u2019\u00e9ducation et de la recherche<\/td>\n<td>\n<div id=\"KnM9nf\">\n<div id=\"tw-smenu\" class=\"tw-menu\"><span style=\"font-family: Consolas, Monaco, monospace; font-size: inherit;\">\u00c0 d\u00e9terminer<\/span><\/div>\n<\/div>\n<\/td>\n<\/tr>\n<tr>\n<td>Pr\u00e9sidente, Comit\u00e9 des publications techniques<\/td>\n<td><a href=\"mailto:linda.newton10@googlemail.com\">Farnaz Sadeghpour<\/a><\/td>\n<\/tr>\n<tr>\n<td>Coordonnateur, Tourn\u00e9e nationale de conf\u00e9rences<\/td>\n<td><a href=\"mailto:James.Garland@durham.ca\">James Garland<\/a><\/td>\n<\/tr>\n<tr>\n<td>R\u00e9dacteurs, RCGC<\/td>\n<td><a href=\"mailto:biswas@uwindsor.ca\">Nihar Biswas, <\/a><a href=\"mailto:amir.fam@queensu.ca\">Amir Fam<\/a><\/td>\n<\/tr>\n<\/tbody>\n<\/table>\n[\/vc_column_text][\/vc_column][\/vc_row]\n","protected":false},"excerpt":{"rendered":"<p>[vc_row][vc_column][vc_column_text] Comit\u00e9 national de gestion [\/vc_column_text][\/vc_column][\/vc_row][vc_row][vc_column width=&#8221;1\/3&#8243;][vc_single_image image=&#8221;214409&#8243; img_size=&#8221;medium&#8221; alignment=&#8221;center&#8221; css=&#8221;.vc_custom_1686662717413{padding-bottom: 20px !important;}&#8221;][vc_column_text] Pr\u00e9sident Gopal Achari [\/vc_column_text][\/vc_column][vc_column width=&#8221;1\/3&#8243;][vc_single_image image=&#8221;214407&#8243; img_size=&#8221;medium&#8221; alignment=&#8221;center&#8221; css=&#8221;.vc_custom_1686662676458{padding-bottom: 20px !important;}&#8221;][vc_column_text] Ancien Pr\u00e9sident Wade Zwicker [\/vc_column_text][\/vc_column][vc_column width=&#8221;1\/3&#8243;][vc_single_image [&hellip;]<\/p>\n","protected":false},"author":1,"featured_media":0,"parent":512,"menu_order":0,"comment_status":"closed","ping_status":"closed","template":"","meta":[],"acf":[],"_links":{"self":[{"href":"https:\/\/legacy.csce.ca\/fr\/wp-json\/wp\/v2\/pages\/89046"}],"collection":[{"href":"https:\/\/legacy.csce.ca\/fr\/wp-json\/wp\/v2\/pages"}],"about":[{"href":"https:\/\/legacy.csce.ca\/fr\/wp-json\/wp\/v2\/types\/page"}],"author":[{"embeddable":true,"href":"https:\/\/legacy.csce.ca\/fr\/wp-json\/wp\/v2\/users\/1"}],"replies":[{"embeddable":true,"href":"https:\/\/legacy.csce.ca\/fr\/wp-json\/wp\/v2\/comments?post=89046"}],"version-history":[{"count":7,"href":"https:\/\/legacy.csce.ca\/fr\/wp-json\/wp\/v2\/pages\/89046\/revisions"}],"predecessor-version":[{"id":215638,"href":"https:\/\/legacy.csce.ca\/fr\/wp-json\/wp\/v2\/pages\/89046\/revisions\/215638"}],"up":[{"embeddable":true,"href":"https:\/\/legacy.csce.ca\/fr\/wp-json\/wp\/v2\/pages\/512"}],"wp:attachment":[{"href":"https:\/\/legacy.csce.ca\/fr\/wp-json\/wp\/v2\/media?parent=89046"}],"curies":[{"name":"wp","href":"https:\/\/api.w.org\/{rel}","templated":true}]}}