{"id":6923,"date":"2018-09-26T08:23:03","date_gmt":"2018-09-26T12:23:03","guid":{"rendered":"http:\/\/csce.ca\/?page_id=6923"},"modified":"2021-11-03T20:35:48","modified_gmt":"2021-11-04T00:35:48","slug":"affaires-etudiantes","status":"publish","type":"page","link":"https:\/\/legacy.csce.ca\/fr\/edi\/affaires-etudiantes\/","title":{"rendered":"Affaires \u00e9tudiantes"},"content":{"rendered":"[vc_row][vc_column width=&#8221;1\/3&#8243;][vc_single_image image=&#8221;127105&#8243; img_size=&#8221;large&#8221; style=&#8221;vc_box_shadow&#8221; onclick=&#8221;custom_link&#8221; css_animation=&#8221;bottom-to-top&#8221; link=&#8221;https:\/\/cscecompetitions.ca\/fr\/home\/&#8221;][vc_custom_heading text=&#8221;Documents&#8221;][vc_column_text]<strong>CONCOURS DE &#8216;DESIGN CAPSTONE&#8217; 2021 de la SCGC &#8211;\u00a0<\/strong><br \/>\n<strong>APPEL DES CANDIDATURES!<\/strong><br \/>\nCliquer <a href=\"https:\/\/csce.ca\/wp-content\/uploads\/2021\/03\/SCGC-CONCOURS-NATIONAL-CAPSTONE-2021-Appel-de-Candidatures.pdf\" target=\"_blank\" rel=\"noopener\"><strong>ICI<\/strong><\/a> pour plus des renseignements.<\/p>\n<p><strong>RESSOURCES POUR CHAPITRES \u00c9TUDIANTS<\/strong><\/p>\n<ul>\n<li><a href=\"\/wp-content\/uploads\/2018\/09\/Guide-du-Chapitre-Etudiant-SCGC-Rev2.pdf\" target=\"_blank\" rel=\"noopener noreferrer\">Guide du Chapitre \u00c9tudiant SCGC<\/a>\u00a0\u2013 r\u00e9vision 2<\/li>\n<\/ul>\n<ul>\n<li><a href=\"\/wp-content\/uploads\/2018\/09\/Rapport-annuel-de-la-SCGC.pdf\" target=\"_blank\" rel=\"noopener noreferrer\">Format du rapport annuel<\/a> (<a href=\"\/wp-content\/uploads\/2018\/09\/Rapport-annuel-de-la-SCGC.pdf\" target=\"_blank\" rel=\"noopener noreferrer\">pdf<\/a>) (<a href=\"\/wp-content\/uploads\/2018\/09\/Rapport-annuel-de-la-SCGC.doc\" target=\"_blank\" rel=\"noopener noreferrer\">doc<\/a>)<strong>***REMARQUE<\/strong>:\u00a0soumettre un rapport inte\u0301rimaire\u00a0le 31 janvier. Utiliser le format du rapport annuel.<\/li>\n<\/ul>\n<ul>\n<li><a href=\"\/wp-content\/uploads\/2018\/09\/Certificate-de-recommandation-pour-le-conseiller.pdf\" target=\"_blank\" rel=\"noopener noreferrer\">Formulaire\u00a0de recommandation du conseiller<\/a><\/li>\n<\/ul>\n<ul>\n<li><a href=\"\/wp-content\/uploads\/2018\/09\/ASCE-Sample-Student-Chapter-Constitution.pdf\" target=\"_blank\" rel=\"noopener noreferrer\">Exemple de constitution de chapitre \u00e9tudiant<\/a>\u00a0(anglais seulement)<\/li>\n<\/ul>\n<p><strong>RESSOURCES POUR LES ADH\u00c9SIONS<\/strong><\/p>\n<ul>\n<li><a href=\"\/wp-content\/uploads\/2018\/09\/Demande-dadhesion-des-etudiants.pdf\" target=\"_blank\" rel=\"noopener noreferrer\">Formulaire\u00a0d\u2019adh\u00e9sion\u00a0\u00e9tudiante<\/a>\u00a0\u2013 mis \u00e0 jour le 25 ao\u00fbt 2015<\/li>\n<\/ul>\n<ul>\n<li><a href=\"\/wp-content\/uploads\/2018\/09\/Processus-dinscription-des-membres-etudiants.pdf\" target=\"_blank\" rel=\"noopener noreferrer\">Processus d\u2019inscription des membres\u00a0\u00e9tudiants<\/a>\u00a0\u2013 mis \u00e0 jour le 25 ao\u00fbt 2015<\/li>\n<\/ul>\n[\/vc_column_text][\/vc_column][vc_column width=&#8221;2\/3&#8243;][vc_tta_accordion style=&#8221;modern&#8221; active_section=&#8221;1&#8243;][vc_tta_section title=&#8221;Bienvenue&#8221; tab_id=&#8221;mandate_committee&#8221;][vc_column_text]<b><br \/>\n<img decoding=\"async\" loading=\"lazy\" class=\" wp-image-207105 alignleft\" src=\"https:\/\/csce.ca\/wp-content\/uploads\/2021\/11\/alan-lloyd.jpg\" alt=\"\" width=\"122\" height=\"175\" \/>Septembre 2020<br \/>\n<em><strong>MESSAGE DE BIENVENUE<\/strong><\/em><br \/>\n<\/b><\/p>\n<p><em><a href=\"mailto:Alan.Lloyd@unb.ca\">Alan Lloyd<\/a>, PhD\u00a0<\/em><\/p>\n<p>Pr\u00e9sident, comit\u00e9 des affaires \u00e9tudiantes de la SCGC<br \/>\nMa\u00eetre-assistant, Universit\u00e9 Nouveau-Brunswick<\/p>\n<p><strong>Les chapitres \u00e9tudiants de la SCGC: Des opportunit\u00e9s de d\u00e9veloppement professionnel <\/strong><\/p>\n<h3>Une ann\u00e9e universitaire sans pr\u00e9c\u00e9dent :<br \/>\nnouveaux d\u00e9fis,<br \/>\nnouvelles occasions \u00e0 saisir?<\/h3>\n<p>Les ann\u00e9es pass\u00e9es, au d\u00e9but d\u2019une nouvelle ann\u00e9e universitaire, j\u2019accueillais les \u00e9tudiants avec enthousiasme et je soulignais les grandes r\u00e9ussites de l\u2019ann\u00e9e pr\u00e9c\u00e9dente. J\u2019exprimais aussi mon bonheur et mon ambition pour les mois a venir.<\/p>\n<p>Oui, la derniere annee a ete bien remplie, mais elle s\u2019est terminee assez bizarrement. Une experience nouvelle qui nous a tous fait reflechir. J\u2019espere que vous etes en sante en ces temps difficiles. Je suis certain que l\u2019equipe de votre ecole a travaille dur pour se preparer a vous offrir la meilleure experience d\u2019apprentissage possible. Formation a distance, cours en presentiel ou modele hybride : continuons a prioriser notre securite et notre sante en ce debut d\u2019annee particulier.<\/p>\n<p>Si la pandemie de COVID-19 a perturbe l\u2019annee universitaire 2019 2020, nous avons releve le defi de belle facon : nos gestes individuels et collectifs de determination, de creativite et de travail acharne ont rayonne. Le comite des affaires etudiantes de la SCGC souhaite souligner la formidable resilience et le grand leadership des etudiants en ces temps extraordinaires, ainsi que la compassion et la bienveillance des conseillers pedagogiques, eux qui s\u2019adaptaient du meme coup a la nouvelle realite de l\u2019apprentissage en ligne et de la participation virtuelle des etudiants. Pour l\u2019avenir, conservons ce souci des autres et soutenons-nous de notre mieux. Je formule une demande speciale pour les etudiants internationaux : pensons a eux et aidons-les chaque fois que nous le pouvons. Ensemble, nous surmonterons cette situation et nous en sortirons plus forts grace aux lecons que nous apprenons aujourd\u2019hui. Je vous invite a suivre les exigences de votre etablissement et les plans de prevention locaux et provinciaux pour toutes les activites des organisations et des chapitres etudiants. La lutte contre cette pandemie, c\u2019est l\u2019affaire de nous tous.<\/p>\n<p><strong>Se laver les mains.<br \/>\n<\/strong><strong>Porter un masque. Garder ses distances.<\/strong><\/p>\n<p>A titre de president du comite des affaires etudiantes, je ne peux pas vous dire honnetement que j\u2019ai tout prevu pour cette nouvelle annee universitaire. Mais une chose est certaine : la SCGC accorde de l\u2019importance a ses membres etudiants, et nous continuerons a vous offrir possibilities et experiences qui stimulent la conscience professionnelle hative. Nous travaillerons avec vous pour transformer nos defies en nouvelles occasions d\u2019apprentissage. Nous maintiendrons sans relache notre programme de mentorat pour ne pas romper votre contact avec des professionnels chevronnes qui vous donneront un apercu de notre profession. Le comite des affaires etudiantes poursuivra son imposant travail en collaboration avec le comite de coordination regional de la SCGC pour etablir des liens entre les chapitres etudiants et les sections regionales et locales de la Societe, et pour vous offrir un engagement constant toute l\u2019annee. Je demande a tous les responsables de chapitres etudiants de m\u2019ecrire. Je vous<br \/>\nmettrai en contact avec les responsables de la SCGC de votre region.<\/p>\n<p>Par ailleurs, je vous invite a surveiller notre site web. Nous y publierons des nouvelles, des liens vers de nouvelles ressources et des offres de webinaires pour aider tous les chapitres etudiants, les nouveaux comme les deja etablis. Les temps ont vraiment change et, plus que jamais, votre participation active au sein de votre chapitre etudiant sera sans doute enrichissante : c\u2019est maintenant que vous commencez a garnir le carnet de contacts professionnels qui vous servira<br \/>\ntoute votre vie.[\/vc_column_text][\/vc_tta_section][vc_tta_section title=&#8221;Nouvelles&#8221; tab_id=&#8221;objectives-committee&#8221;][vc_column_text]\n<p align=\"CENTER\"><b>\u00c0 l\u2019intention des dirigeants des chapitres \u00e9tudiants et des conseillers de facult\u00e9s et praticiens de la SCGC\u00a0<\/b><\/p>\n<p><b>RAPPORT ANNUEL 2014\/2015<\/b><\/p>\n<p>S.v.p., n\u2019oubliez pas que votre Rapport annuel pour l\u2019ann\u00e9e universitaire 2014\/2015 est d\u00fb pour le 31 mars 2015. La soumission du rapport int\u00e9rimaire et du rapport final annuel est <b>OBLIGATOIRE<\/b>. S.v.p., utilisez le mod\u00e8le de rapport, t\u00e9l\u00e9chargeable sur <a href=\"\/fr\/committees\/student-affairs\/#recent_updates\" target=\"_blank\" rel=\"noopener noreferrer\">le site Web<\/a> des Affaires \u00e9tudiantes. Soumettre le rapport sign\u00e9 par e-mail en document PDF \u00e0 <a href=\"mailto:charles-darwin.annan@gci.ulaval.ca\">charles-darwin.annan@gci.ulaval.ca<\/a>. Joindre tous les documents suppl\u00e9mentaires en annexe.<\/p>\n<p>S.v.p., r\u00e9f\u00e9rez-vous aux <b>COMMENTAIRES<\/b> que vous avez re\u00e7us pour votre Rapport annuel 2013\/2014 \u00e0 la mi-septembre. Cela peut vous aider \u00e0 planifier vos \u00e9v\u00e9nements et activit\u00e9s, et \u00e0 pr\u00e9parer et soumettre un rapport de meilleure qualit\u00e9. Merci \u00e0 tous les conseillers de la facult\u00e9 qui ont donn\u00e9 un accus\u00e9 de r\u00e9ception, tel que demand\u00e9. Aussi, n\u2019oubliez pas de t\u00e9l\u00e9charger le Guide du Chapitre \u00e9tudiant sur <a href=\"\/fr\/committees\/student-affairs\/#recent_updates\" target=\"_blank\" rel=\"noopener noreferrer\">le site Web<\/a>.<\/p>\n<p><b>2015 ATELIER NATIONAL POUR LES LEADERS DE CHAPITRES \u00c9TUDIANTS A REGINA<\/b><\/p>\n<p>L\u2019atelier pour les leaders de chapitre \u00e9tudiants\u00a0 aura lieu \u00e0 la <a href=\"http:\/\/csce2015.ca\/\" target=\"_blank\" rel=\"noopener noreferrer\">conf\u00e9rence annuelle de la SCGC<\/a> \u00e0 Regina du 27 au 30 mai 2014. Ce Workshop se veut une stimulante plate-forme pour les ex\u00e9cutifs des chapitres \u00e9tudiants pour interagir et partager des id\u00e9es. Le comit\u00e9 des affaires \u00e9tudiants fournira des frais de voyage et d\u2019h\u00e9bergement jusqu\u2019\u00e0 concurrence de 200$ par Chapitre (vous devez envoyer votre demande de participation avec votre Rapport final annuel d\u00fb le 31 mars 2015).<\/p>\n<p>Nous vous encourageons \u00e0 communiquer avec votre d\u00e9partement et les Sections locales et r\u00e9gionales de la SCGC pour un support financier suppl\u00e9mentaire pour vous permettre d\u2019assister au Workshop. Vous ne pouvez manquer \u00e7a! V\u00e9rifier les autres activit\u00e9s qui se d\u00e9roulent lors de la conf\u00e9rence, y compris la programmation sp\u00e9cifiquement pour les <a href=\"http:\/\/csce2015.ca\/students.php\" target=\"_blank\" rel=\"noopener noreferrer\">\u00e9tudiants et les jeunes professionnels<\/a>.<\/p>\n<p><b>SOUTIEN DES SECTIONS LOCALES ET REGIONALES DE LA SCGC POUR LES ACTIVIT\u00c9S DES CHAPITRES \u00c9TUDIANTS<\/b><\/p>\n<p>J\u2019ai eu l\u2019occasion le mois dernier de m\u2019adresser au Conseil d\u2019administration de la SCGC, incluant plusieurs leaders des Section de la SCGC et les directeurs des d\u00e9partement, et j\u2019ai soulign\u00e9 la n\u00e9cessit\u00e9 que les Section de la SCGC soit plus impliqu\u00e9s dans les activit\u00e9s des chapitres \u00e9tudiants et que ceux-ci les supportent. Cela a \u00e9t\u00e9 tr\u00e8s bien re\u00e7u et reconnu, donc attendez-vous \u00e0 de nouvelles initiatives de votre Section pour des \u00e9tudiants. N\u2019h\u00e9sitez pas \u00e0 les contacter en cas de besoin.<\/p>\n<p>Si vous n\u2019avez pas encore nomm\u00e9 du <b>Conseiller professionnel<\/b> pour servir de lien avec votre Section de la SCGC, s.v.p., FAITES LE MAINTENANT. Cela vous aidera \u00e0 gagner un acc\u00e8s rapide au monde et \u00e0 la profession dans laquelle vous vous pr\u00e9parez \u00e0 entrer.<\/p>\n<p><b>CIVIL \u2013 L\u2019ING\u00c9NIEUR CIVIL CANADIEN<\/b><\/p>\n<p>Le comit\u00e9 des Affaires \u00e9tudiantes donnent aux Chapitres \u00e9tudiants la possibilit\u00e9 de publier et de partager leurs activit\u00e9s et \u00e9v\u00e9nements int\u00e9ressants avec le reste du Canada dans le magazine CIVIL. S.v.p, contactez <a href=\"mailto:charles-darwin.annan@gci.ulaval.ca\" target=\"_blank\" rel=\"noopener noreferrer\">charles-darwin.annan@gci.ulaval.ca<\/a>\u00a0si vous voulez publier vos activit\u00e9s de Chapitre \u00e9tudiant. Vous aurez \u00e0 soumettre un article de 300 mots avec une photo de l\u2019\u00e9v\u00e9nement et une photo de l\u2019auteur. Le magazine est publi\u00e9 5 fois par ann\u00e9e en anglais et en fran\u00e7ais. Ce sera premier arriv\u00e9, premier servi.<\/p>\n<p><b>NOMINN\u00c9 VOTRE CONSEILLER DE LA FACULT\u00c9 POUR SON SERVICE EXCEPTIONNEL<\/b><\/p>\n<p>N\u2019oubliez pas que vous pouvez nominer votre Conseiller de la facult\u00e9 et\/ou Conseiller professionnel pour son service exceptionnel s\u2019il le m\u00e9rite. Vous pouvez t\u00e9l\u00e9charger le formulaire de candidature \u00e0 partir de notre site Web. Ce formulaire doit \u00eatre soumis conjointement avec le Rapport final annuel.[\/vc_column_text][\/vc_tta_section][\/vc_tta_accordion][\/vc_column][\/vc_row][vc_row][vc_column][vc_tta_accordion style=&#8221;modern&#8221; shape=&#8221;square&#8221; active_section=&#8221;4546676s8d7g6sgljsdruwe45454df7s&#8221; collapsible_all=&#8221;true&#8221;][vc_tta_section title=&#8221;Composition du comit\u00e9&#8221; tab_id=&#8221;members-committee&#8221;][vc_column_text]<img decoding=\"async\" loading=\"lazy\" class=\"aligncenter wp-image-144843 size-full\" src=\"https:\/\/csce.ca\/wp-content\/uploads\/2020\/02\/Master-Org-Chart-CSCE-Student-Competitions_FR-February-23-2020-scaled.jpg\" alt=\"\" width=\"1920\" height=\"2560\" srcset=\"https:\/\/legacy.csce.ca\/wp-content\/uploads\/2020\/02\/Master-Org-Chart-CSCE-Student-Competitions_FR-February-23-2020-scaled.jpg 1920w, https:\/\/legacy.csce.ca\/wp-content\/uploads\/2020\/02\/Master-Org-Chart-CSCE-Student-Competitions_FR-February-23-2020-scaled-600x800.jpg 600w, https:\/\/legacy.csce.ca\/wp-content\/uploads\/2020\/02\/Master-Org-Chart-CSCE-Student-Competitions_FR-February-23-2020-225x300.jpg 225w, https:\/\/legacy.csce.ca\/wp-content\/uploads\/2020\/02\/Master-Org-Chart-CSCE-Student-Competitions_FR-February-23-2020-768x1024.jpg 768w, https:\/\/legacy.csce.ca\/wp-content\/uploads\/2020\/02\/Master-Org-Chart-CSCE-Student-Competitions_FR-February-23-2020-1152x1536.jpg 1152w, https:\/\/legacy.csce.ca\/wp-content\/uploads\/2020\/02\/Master-Org-Chart-CSCE-Student-Competitions_FR-February-23-2020-1536x2048.jpg 1536w, https:\/\/legacy.csce.ca\/wp-content\/uploads\/2020\/02\/Master-Org-Chart-CSCE-Student-Competitions_FR-February-23-2020-150x200.jpg 150w, https:\/\/legacy.csce.ca\/wp-content\/uploads\/2020\/02\/Master-Org-Chart-CSCE-Student-Competitions_FR-February-23-2020-62x82.jpg 62w, https:\/\/legacy.csce.ca\/wp-content\/uploads\/2020\/02\/Master-Org-Chart-CSCE-Student-Competitions_FR-February-23-2020-75x100.jpg 75w, https:\/\/legacy.csce.ca\/wp-content\/uploads\/2020\/02\/Master-Org-Chart-CSCE-Student-Competitions_FR-February-23-2020-117x156.jpg 117w\" sizes=\"(max-width: 1920px) 100vw, 1920px\" \/><br \/>\nMEMBRES DU COMIT\u00c9<\/p>\n<p><strong>Tirupati Bolisetti, Ph.D., P.Eng.,<\/strong>\u00a0Associate Professor and Faculty Advisor at University of Windsor, Windsor, Ontario<\/p>\n<p><strong>Paul Thurston, P.Eng.,<\/strong> Former Chair and Faculty Advisor at BCIT School of Construction and the Environment, Burnaby, British Columbia<\/p>\n<p><strong>Yi Liu, Ph.D., P.Eng.,<\/strong> Professor and Faculty Advisor at Dalhousie University, Halifax, Nova Scotia<\/p>\n<p>\u2014\u2014\u2014\u2014\u2014\u2014\u2014\u2014\u2014\u2014\u2013<\/p>\n<p>Cliquez\u00a0<a href=\"\/fr\/about-us\/organizational-chart\/student_chapters\/\" target=\"_blank\" rel=\"noopener noreferrer\">ici<\/a>\u00a0pour la liste des chapitres \u00e9tudiants ainsi que les coordonn\u00e9es des\u00a0pr\u00e9sidents des sections et des conseillers de\u00a0facult\u00e9s.[\/vc_column_text][\/vc_tta_section][vc_tta_section title=&#8221;CONCOURS ET PRIX \u00c9TUDIANTS&#8221; tab_id=&#8221;student-awards&#8221;][vc_column_text]<strong>CONCOURS \u00c9TUDIANT DE LA COMMUNICATION<br \/>\n<\/strong>Ce concours aura lieu au\u00a0<a href=\"http:\/\/www.csce2018.ca\/\">Congr\u00e8s annuel 2018 de la SCGC\u00a0<\/a>qui se tiendra \u00e0 Fredericton, NB du 13 au 16 juin. Il couronne les meilleures communications d\u2019\u00e9tudiants pr\u00e9sent\u00e9es au congr\u00e8s. La date de soumission sera annonc\u00e9e sous peu.<br \/>\n<a href=\"http:\/\/goo.gl\/forms\/UYwkpd40sq\" target=\"_blank\" rel=\"noopener noreferrer\">Formulaire de candidature<\/a>\u00a0\u00a0\u00a0\u00a0\u00a0\u00a0\u00a0\u00a0\u00a0\u00a0\u00a0\u00a0\u00a0\u00a0\u00a0\u00a0<a href=\"\/wp-content\/uploads\/2018\/09\/Student-Paper-Competition-GUIDELINES1.pdf\" target=\"_blank\" rel=\"noopener noreferrer\">Lignes directrices du concours<\/a> (fran\u00e7ais \u00e0 venir)<\/p>\n<p><strong>CONCOURS CAPSTONE<br \/>\n<\/strong>La prochaine \u00e9dition de ce concours\u00a0se d\u00e9roulera lors du <a href=\"http:\/\/www.csce2018.ca\/\">Congr\u00e8s\u00a0annuel 2018 de la SCGC <\/a>qui aura lieu \u00e0 Fredericton, NB du 13 au 16 juin 2018.\u00a0Ce concours est ouvert a\u0300 tous les e\u0301tudiants inscrits en dernie\u0300re anne\u0301e du premier cycle dans des institutions canadiennes. Les candidatures sont soumises par leur d\u00e9partement. Les candidats retenus sont invit\u00e9s\u00a0au congr\u00e8s pour pr\u00e9senter une affiche et pour \u00eatre \u00e9valu\u00e9s avec d\u2019autres \u00e9quipes\u00a0de tout le pays. Les candidatures de 2015 sont dues le 27 avril, mais nous vous encourageons \u00e0 soumettre\u00a0votre projet plus t\u00f4t afin que vous puissiez commencer \u00e0 organizer votre d\u00e9placement, votre h\u00e9bergement et le financement de votre participation.<br \/>\n<a href=\"\/wp-content\/uploads\/2018\/09\/SCGC-CONCOURS-CAPSTONE-2015-Appel-de-Candidatures.pdf\" target=\"_blank\" rel=\"noopener noreferrer\">d\u00e9tails du concours<\/a><\/p>\n<p><strong>PRIX \u00c9TUDIANT EN G\u00c9NIE HYDROTECHNIQUE DE LA SCGC<br \/>\n<\/strong>Les informations concernant les candidatures peuvent \u00eatre trouv\u00e9es \u00e0 des\u00a0<a href=\"\/fr\/committees\/honours-and-fellowships\/\" target=\"_blank\" rel=\"noopener noreferrer\">distinctions honorifiques et fellowships<\/a>\u00a0site.\u00a0<strong><a href=\"\/wp-content\/uploads\/2018\/09\/2015-CSCE-Hydrotechnical-Engineering-Award-Notice.pdf\" target=\"_blank\" rel=\"noopener noreferrer\"><br \/>\n<\/a><\/strong><\/p>\n<p><strong>GRANDE COURSE DE TOBOGGAN DE B\u00c9TON DU NORD<br \/>\nLaur\u00e9at 2015: University of Calgary<a title=\"2012 RYERSON UNIVERSITY\" href=\"http:\/\/www.ryerson.ca\/ryersontoday\/stories\/20120227_concrete.html\" target=\"_blank\" rel=\"noopener noreferrer\"><br \/>\n<\/a><a href=\"http:\/\/www.gnctr2016.com\/\" target=\"_blank\" rel=\"noopener noreferrer\">Site web GNCTR<\/a><\/strong><\/p>\n<p><strong>CONCOURS TROITSKY DE CONSTRUCTION DE PONTS DE LA SCGC<br \/>\nLaur\u00e9at 2015: \u00a0C\u00e9gep de Chicoutimi \u2013 Les Pic-bois<br \/>\n<a title=\"CSCE TROITSKY BRIDGE BUILDING COMPETITION\" href=\"http:\/\/troitsky.ecaconcordia.ca\/\" target=\"_blank\" rel=\"noopener noreferrer\">Site web TROITSKY<\/a><\/strong><\/p>\n<p><strong>CONCOURS NATIONAL CANADIEN DE CAN\u00d6E DE B\u00c9TON DE LA SCGC<br \/>\n<\/strong><strong>Laur\u00e9at 2015: Universit\u00e9\u00a0Laval<br \/>\n<\/strong><strong><a title=\"CNCCB Site Web\" href=\"http:\/\/concretecanoe.csce.com\/\" target=\"_blank\" rel=\"noopener noreferrer\">Site web CNCCB<\/a><\/strong><\/p>\n<p><strong>CONCOURS\u00a0NATIONAL CANADIEN DE PONT EN ACIER<\/strong><br \/>\n<strong><a href=\"http:\/\/steelbridge.csce.ca\/accueil\/\" target=\"_blank\" rel=\"noopener noreferrer\">Site web CNCPA<\/a><\/strong><\/p>\n<p><strong>PRIX DU PR\u00c9SIDENT DU MEILLEUR CHAPITRE \u00c9TUDIANT<br \/>\n<\/strong>La soumission du rapport annuel de votre chapitre constituera votre dossier de candidature.<\/p>\n<p>La commandite de la SCGC inclut\u00a0des fonds allou\u00e9s aux\u00a0comit\u00e9s organisateurs du concours, le paiement du co\u00fbt du transport\u00a0au congr\u00e8s annuel des repr\u00e9sentants des\u00a0\u00e9quipes laur\u00e9ates, la mise \u00e0 disposition de juges et\u00a0\u00a0l\u2019examen du r\u00e8glement.<br \/>\nContactez <a href=\"mailto:amie.therrien@csce.ca\" target=\"_blank\" rel=\"noopener noreferrer\">Amie Therrien<\/a>, Directrice du programme des jeunes de la SCGC, si vous souhaitez recevoir plus d\u2019informations.[\/vc_column_text][\/vc_tta_section][vc_tta_section title=&#8221;BOURSES&#8221; tab_id=&#8221;student-scholarships&#8221;][vc_column_text]<strong>Donald Jamieson Fellowship.<\/strong>\u00a0\u00c9tabli en 1987 en l\u2019honneur de feu Donald Jamieson, un \u00e9minent ing\u00e9nieur en structures de Vancouver, BC, le fellowship est attribu\u00e9 \u00e0 des \u00e9tudiants de deuxi\u00e8me cycle\u00a0en g\u00e9nie des structures inscrits \u00e0 temps plein dans une universit\u00e9 canadienne. Si vous d\u00e9sirez postuler pour cette bourse, veuillez communiquer avec le d\u00e9partement de g\u00e9nie civil de votre universit\u00e9.[\/vc_column_text][\/vc_tta_section][\/vc_tta_accordion][\/vc_column][\/vc_row]\n","protected":false},"excerpt":{"rendered":"<p>[vc_row][vc_column width=&#8221;1\/3&#8243;][vc_single_image image=&#8221;127105&#8243; img_size=&#8221;large&#8221; style=&#8221;vc_box_shadow&#8221; onclick=&#8221;custom_link&#8221; css_animation=&#8221;bottom-to-top&#8221; link=&#8221;https:\/\/cscecompetitions.ca\/fr\/home\/&#8221;][vc_custom_heading text=&#8221;Documents&#8221;][vc_column_text]CONCOURS DE &#8216;DESIGN CAPSTONE&#8217; 2021 de la SCGC &#8211;\u00a0 APPEL DES CANDIDATURES! Cliquer ICI pour plus des renseignements. RESSOURCES POUR CHAPITRES \u00c9TUDIANTS [&hellip;]<\/p>\n","protected":false},"author":1,"featured_media":0,"parent":1839,"menu_order":0,"comment_status":"closed","ping_status":"closed","template":"","meta":[],"acf":[],"_links":{"self":[{"href":"https:\/\/legacy.csce.ca\/fr\/wp-json\/wp\/v2\/pages\/6923"}],"collection":[{"href":"https:\/\/legacy.csce.ca\/fr\/wp-json\/wp\/v2\/pages"}],"about":[{"href":"https:\/\/legacy.csce.ca\/fr\/wp-json\/wp\/v2\/types\/page"}],"author":[{"embeddable":true,"href":"https:\/\/legacy.csce.ca\/fr\/wp-json\/wp\/v2\/users\/1"}],"replies":[{"embeddable":true,"href":"https:\/\/legacy.csce.ca\/fr\/wp-json\/wp\/v2\/comments?post=6923"}],"version-history":[{"count":5,"href":"https:\/\/legacy.csce.ca\/fr\/wp-json\/wp\/v2\/pages\/6923\/revisions"}],"predecessor-version":[{"id":207128,"href":"https:\/\/legacy.csce.ca\/fr\/wp-json\/wp\/v2\/pages\/6923\/revisions\/207128"}],"up":[{"embeddable":true,"href":"https:\/\/legacy.csce.ca\/fr\/wp-json\/wp\/v2\/pages\/1839"}],"wp:attachment":[{"href":"https:\/\/legacy.csce.ca\/fr\/wp-json\/wp\/v2\/media?parent=6923"}],"curies":[{"name":"wp","href":"https:\/\/api.w.org\/{rel}","templated":true}]}}