{"id":6919,"date":"2018-09-26T08:09:30","date_gmt":"2018-09-26T12:09:30","guid":{"rendered":"http:\/\/csce.ca\/?page_id=6919"},"modified":"2018-09-26T08:09:30","modified_gmt":"2018-09-26T12:09:30","slug":"structures","status":"publish","type":"page","link":"https:\/\/legacy.csce.ca\/fr\/committees\/structures\/","title":{"rendered":"Structures"},"content":{"rendered":"[vc_row][vc_column width=&#8221;1\/3&#8243;][vc_single_image image=&#8221;6835&#8243; img_size=&#8221;large&#8221; style=&#8221;vc_box_shadow&#8221; css_animation=&#8221;bottom-to-top&#8221;][vc_column_text]<a href=\"\/wp-content\/uploads\/2018\/09\/September-2017-Structures-Division-French.pdf\" target=\"_blank\" rel=\"noopener\">Message du mois<\/a> de septembre 2017 de la division \u00e0 tous les membres int\u00e9ress\u00e9s.<\/p>\n<p><a href=\"https:\/\/csce.ca\/wp-content\/uploads\/2016\/12\/Septembre-2016-Division-des-structures.pdf\" target=\"_blank\" rel=\"noopener\">Message du mois de septembre<\/a> 2016 du pr\u00e9sident de la division \u00e0 tous les membres int\u00e9ress\u00e9s.[\/vc_column_text][\/vc_column][vc_column width=&#8221;2\/3&#8243;][vc_tta_accordion style=&#8221;modern&#8221; active_section=&#8221;1&#8243;][vc_tta_section title=&#8221;Mission \/ Vision&#8221; tab_id=&#8221;mandate_committee&#8221;][vc_column_text]La\u00a0mission de la Division des structures\u00a0est de promouvoir une excellence de classe mondiale en g\u00e9nie des structures au Canada ainsi que\u00a0la collaboration entre\u00a0entre le monde universitaire, l&#8217;industrie et les divers paliers de\u00a0gouvernement au Canada.<\/p>\n<p>La vision de la\u00a0division est de fournir une\u00a0plateforme d&#8217;\u00e9change des connaissances et d&#8217;encourager\u00a0la\u00a0collaboration entre le monde universitaire,\u00a0l&#8217;industrie et le milieu gouvernemental\u00a0dans le but de solutionner les\u00a0probl\u00e8mes\u00a0et de faire face aux d\u00e9fis du syst\u00e8me des infrastructures canadien de fa\u00e7on durable.[\/vc_column_text][\/vc_tta_section][vc_tta_section title=&#8221;Objectifs et mesures de suivi&#8221; tab_id=&#8221;objectives-committee&#8221;][vc_column_text]L&#8217;objectif \u00e0 court terme de la division est d&#8217;\u00e9tablir la communication entre les repr\u00e9sentants du \u00a0gouvernement, le monde universitaire\u00a0\u00a0et les praticiens de l&#8217;industrie. Les mesures \u00e0 prendre suivantes sont propos\u00e9es pour\u00a02016\/17:<\/p>\n<ol style=\"list-style-position: outside;\">\n<li>Mettre \u00e0 jour la liste des membres et recruiter de nouveaux membres du monde universitaire<\/li>\n<li>D\u00e9velopper un site Web pour la division<\/li>\n<li>Demander \u00e0 chaque pr\u00e9sident de comit\u00e9 d&#8217;\u00e9laborer un plan d&#8217;activit\u00e9s pour son comit\u00e9, y compris\u00a0la liste des membres du comit\u00e9.<\/li>\n<li>Accro\u00eetre la\u00a0participation de l&#8217;industrie et des repr\u00e9sentants du gouvernement en formant un\u00a0comit\u00e9 de liaison avec l&#8217;industrie<\/li>\n<li>Cr\u00e9er une lettre d&#8217;information de la division. Elle pourra inclure des articles sur des projets d&#8217;int\u00e9r\u00eat\u00a0r\u00e9alis\u00e9s par l&#8217;industrie\u00a0ou sur les recherches innovantes\u00a0men\u00e9es par les universities<\/li>\n<li>\u00c9tablir un syst\u00e8me de\u00a0communication et de consultation parmi les dirigeants de la\u00a0division, qui comprendra le pr\u00e9sident, le vice-pr\u00e9sident, le pr\u00e9sident sortant et les pr\u00e9sidents des comit\u00e9s. Cette action sera men\u00e9e par courriel,\u00a0un appel conf\u00e9rence\u00a0\u00a0au cours de l&#8217;ann\u00e9e, ainsi que la r\u00e9union en face-\u00e0-face Durant le congr\u00e8s annuel\u00a0(une vid\u00e9o conference y sera aussi organis\u00e9e)<\/li>\n<\/ol>\n[\/vc_column_text][\/vc_tta_section][\/vc_tta_accordion][\/vc_column][\/vc_row][vc_row][vc_column][vc_column_text]\n[\/vc_column_text][\/vc_column][\/vc_row][vc_row][vc_column][vc_tta_accordion style=&#8221;modern&#8221; shape=&#8221;square&#8221; active_section=&#8221;4546676s8d7g6sgljsdruwe45454df7s&#8221; collapsible_all=&#8221;true&#8221;][vc_tta_section title=&#8221;Composition of the committee&#8221; tab_id=&#8221;members-committee&#8221;][vc_column_text]Pr\u00e9sident:<\/p>\n<table class=\"add_comite\">\n<tbody>\n<tr>\n<th>Ashraf El Damatty<\/th>\n<td><span class=\"add_email\"><a href=\"mailto:\">@<\/a><br \/>\n<\/span><\/td>\n<\/tr>\n<\/tbody>\n<\/table>\n<p>Vice-pr\u00e9sident:<\/p>\n<table class=\"add_comite\">\n<tbody>\n<tr>\n<th>Khaled Galal<\/th>\n<td><span class=\"add_email\"><a href=\"mailto:\">@<\/a><br \/>\n<\/span><\/td>\n<\/tr>\n<\/tbody>\n<\/table>\n<p>Pr\u00e9sident sortant:<\/p>\n<table class=\"add_comite\">\n<tbody>\n<tr>\n<th>Adel Zaki<\/th>\n<td><span class=\"add_email\"><a href=\"mailto:\">@<\/a><br \/>\n<\/span><\/td>\n<\/tr>\n<\/tbody>\n<\/table>\n<p>Comit\u00e9s techniques:<\/p>\n<p>\u2022\u00a0Composites HP: <b>Amir Fam<\/b><\/p>\n<p>\u2022\u00a0Structures enfouies: <b>Hany Elnaggar<\/b><\/p>\n<p>\u2022 Structures de ma\u00e7onnerie: <b>Khaled Galal<\/b><\/p>\n<p>\u2022 Structures d&#8217;acier: <b>Charles Annan<\/b><\/p>\n<p>\u2022 Dynamique structurale: <b>Girma Bitsuamlak<\/b><\/p>\n<p>\u2022 Structures de b\u00e9ton: <b>Shahria Alam<\/b><\/p>\n<p>\u2022 Ponts: <b>Adel Zaki<\/b><\/p>\n<p>\u2022\u00a0Structures de bois: <b>Asif Iqbal<\/b><\/p>\n<p>\u2022 Comportement du feu et securit\u00e9 des structures: <b>John Gales<\/b><\/p>\n<p>\u2022 Liaison avec l&#8217;industrie: <b>Ahmed Hamada<\/b>[\/vc_column_text][\/vc_tta_section][\/vc_tta_accordion][\/vc_column][\/vc_row]\n","protected":false},"excerpt":{"rendered":"<p>[vc_row][vc_column width=&#8221;1\/3&#8243;][vc_single_image image=&#8221;6835&#8243; img_size=&#8221;large&#8221; style=&#8221;vc_box_shadow&#8221; css_animation=&#8221;bottom-to-top&#8221;][vc_column_text]Message du mois de septembre 2017 de la division \u00e0 tous les membres int\u00e9ress\u00e9s. Message du mois de septembre 2016 du pr\u00e9sident de la division [&hellip;]<\/p>\n","protected":false},"author":1,"featured_media":0,"parent":3081,"menu_order":0,"comment_status":"closed","ping_status":"closed","template":"","meta":[],"acf":[],"_links":{"self":[{"href":"https:\/\/legacy.csce.ca\/fr\/wp-json\/wp\/v2\/pages\/6919"}],"collection":[{"href":"https:\/\/legacy.csce.ca\/fr\/wp-json\/wp\/v2\/pages"}],"about":[{"href":"https:\/\/legacy.csce.ca\/fr\/wp-json\/wp\/v2\/types\/page"}],"author":[{"embeddable":true,"href":"https:\/\/legacy.csce.ca\/fr\/wp-json\/wp\/v2\/users\/1"}],"replies":[{"embeddable":true,"href":"https:\/\/legacy.csce.ca\/fr\/wp-json\/wp\/v2\/comments?post=6919"}],"version-history":[{"count":1,"href":"https:\/\/legacy.csce.ca\/fr\/wp-json\/wp\/v2\/pages\/6919\/revisions"}],"predecessor-version":[{"id":6922,"href":"https:\/\/legacy.csce.ca\/fr\/wp-json\/wp\/v2\/pages\/6919\/revisions\/6922"}],"up":[{"embeddable":true,"href":"https:\/\/legacy.csce.ca\/fr\/wp-json\/wp\/v2\/pages\/3081"}],"wp:attachment":[{"href":"https:\/\/legacy.csce.ca\/fr\/wp-json\/wp\/v2\/media?parent=6919"}],"curies":[{"name":"wp","href":"https:\/\/api.w.org\/{rel}","templated":true}]}}