{"id":6909,"date":"2018-09-26T08:06:48","date_gmt":"2018-09-26T12:06:48","guid":{"rendered":"http:\/\/csce.ca\/?page_id=6909"},"modified":"2021-11-03T21:18:53","modified_gmt":"2021-11-04T01:18:53","slug":"construction","status":"publish","type":"page","link":"https:\/\/legacy.csce.ca\/fr\/committees\/construction\/","title":{"rendered":"Construction"},"content":{"rendered":"[vc_row][vc_column width=&#8221;1\/3&#8243;][vc_single_image image=&#8221;6835&#8243; img_size=&#8221;large&#8221; style=&#8221;vc_box_shadow&#8221; css_animation=&#8221;bottom-to-top&#8221;][vc_column_text]<a href=\"\/wp-content\/uploads\/2018\/09\/September-2017-Construction-Division-letter-French.pdf\" target=\"_blank\" rel=\"noopener noreferrer\">Message du mois<\/a> de septembre\u00a02017 du pr\u00e9sident de la division \u00e0 tous les membres int\u00e9ress\u00e9s.<\/p>\n<p><a href=\"\/wp-content\/uploads\/2018\/09\/Septembre-2016-Division-de-la-construction.pdf\" target=\"_blank\" rel=\"noopener noreferrer\">Message du mois<\/a> de septembre\u00a02016\u00a0du pr\u00e9sident de la division \u00e0 tous les membres int\u00e9ress\u00e9s.<\/p>\n<p><a href=\"\/wp-content\/uploads\/2018\/09\/CONSTRUCTION-DIVISION-2012-2013-Planning-Year1.pdf\" target=\"_blank\" rel=\"noopener noreferrer\">Construction Division 2012-2013 Planning Year<\/a><\/p>\n<p><a href=\"\/wp-content\/uploads\/2018\/09\/Construction-Division-Information-2012-2013.pdf\" target=\"_blank\" rel=\"noopener noreferrer\">Construction Division Information 2012-2013<\/a>[\/vc_column_text][\/vc_column][vc_column width=&#8221;2\/3&#8243;][vc_tta_accordion style=&#8221;modern&#8221; active_section=&#8221;1&#8243;][vc_tta_section title=&#8221;Mandat&#8221; tab_id=&#8221;mandate_committee&#8221;][vc_column_text]Le mandat de la Division de la construction est de repr\u00e9senter les membres de la CSCE int\u00e9ress\u00e9s par les activit\u00e9s de construction au Canada et de soutenir la CSCE en menant des activit\u00e9s li\u00e9es aux domaines de la construction.<\/p>\n<p><b><a href=\"mailto:mazdak.nikbakht@concordia.ca\">Mazdak Nik Bakht<\/a><\/b>[\/vc_column_text][\/vc_tta_section][vc_tta_section title=&#8221;Objectifs&#8221; tab_id=&#8221;objectives-committee&#8221;][vc_column_text]Pour soutenir les orientations strat\u00e9giques de la CSCE (bonification des services aux membres, cro\u00eetre avec les jeunes, leadership en infrastructures durables), la Division envisage ses objectifs comme suit:<\/p>\n<ol>\n<li>D\u00e9velopper les relations entre les membres universitaires et les membres de l&#8217;industrie<\/li>\n<li>Augmenter la communication au sein de la Division<\/li>\n<li>Appuyer progressivement les activit\u00e9s de livraison de CSCE \u00e0 un haut niveau de qualit\u00e9<\/li>\n<li>D\u00e9velopper un m\u00e9canisme &#8220;efficace&#8221; pour la diffusion de l&#8217;information<\/li>\n<\/ol>\n[\/vc_column_text][\/vc_tta_section][\/vc_tta_accordion][\/vc_column][\/vc_row][vc_row][vc_column][vc_row_inner][vc_column_inner el_class=&#8221;New box&#8221;][\/vc_column_inner][\/vc_row_inner][vc_tta_accordion style=&#8221;modern&#8221; shape=&#8221;square&#8221; active_section=&#8221;4546676s8d7g6sgljsdruwe45454df7s&#8221; collapsible_all=&#8221;true&#8221;][vc_tta_section title=&#8221;la composition du comit\u00e9&#8221; tab_id=&#8221;members-committee&#8221;][vc_column_text]<strong>Pr\u00e9sident<\/strong><\/p>\n<p><b><a href=\"mailto:mazdak.nikbakht@concordia.ca\">Mazdak Nik Bakht<\/a><\/b><\/p>\n<p><strong>Vice-Pr\u00e9sident:<\/strong>\u00a0<a href=\"mailto:Mohamed.Issa@umanitoba.ca\">Mohamed Issa\u00a0<\/a><\/p>\n<p><strong>Mohamed Issa,<\/strong> PhD, PEng, LEED Green Associate<br \/>\nAssistant Professor, Construction Engineering and Management<br \/>\nDepartment of Civil Engineering, University of Manitoba<br \/>\nE3-589, EITC, 15 Gillson Street<br \/>\nWinnipeg, MB, R3T 2N2<br \/>\nPhone: (204) 474-8786<\/p>\n<p>Secr\u00e9taire<strong>:<\/strong>\u00a0<a href=\"mailto:sara.rankohi@groupecanam.com\">Sara Rankohi<\/a><\/p>\n<p><strong>Sara Rankohi,<\/strong> P.Eng.<br \/>\nProject Manager, Joist &amp; Deck \/ G\u00e9rante de projets, Poutrelles et tablier m\u00e9tallique<br \/>\nCanam-b\u00e2timents, une division de Groupe Canam inc. \/ Canam-Buildings, a division of Canam Group Inc.<br \/>\nT 450-641-4000; 3282[\/vc_column_text][\/vc_tta_section][\/vc_tta_accordion][\/vc_column][\/vc_row][vc_row][vc_column][vc_raw_html]JTNDaWZyYW1lJTIwc3JjJTNEJTIyaHR0cHMlM0ElMkYlMkZmdXNpb250YWJsZXMuZ29vZ2xldXNlcmNvbnRlbnQuY29tJTJGZW1iZWR2aXolM0ZxJTNEc2VsZWN0JTJCY29sNSUyQmZyb20lMkIxY2pWeHRDcEJDSk5oQW9UX2JERV91bS1xbDVCS3JJVG5IRGFwT0ZETyUyNnZpeiUzRE1BUCUyNmglM0RmYWxzZSUyNmxhdCUzRDUwJTI2bG5nJTNELTEwMCUyNnQlM0QxJTI2eiUzRDQlMjZsJTNEY29sNSUyNnklM0QzJTI2dG1wbHQlM0Q0JTI2aG1sJTNER0VPQ09EQUJMRSUyMiUyMHN0eWxlJTNEJTIyd2lkdGglM0ElMjAxMDAlMjUlM0IlMjBoZWlnaHQlM0ElMjA0MDBweCUzQiUyMiUzRSUzQyUyRmlmcmFtZSUzRQ==[\/vc_raw_html][\/vc_column][\/vc_row]\n","protected":false},"excerpt":{"rendered":"<p>[vc_row][vc_column width=&#8221;1\/3&#8243;][vc_single_image image=&#8221;6835&#8243; img_size=&#8221;large&#8221; style=&#8221;vc_box_shadow&#8221; css_animation=&#8221;bottom-to-top&#8221;][vc_column_text]Message du mois de septembre\u00a02017 du pr\u00e9sident de la division \u00e0 tous les membres int\u00e9ress\u00e9s. Message du mois de septembre\u00a02016\u00a0du pr\u00e9sident de la division \u00e0 [&hellip;]<\/p>\n","protected":false},"author":1,"featured_media":0,"parent":3081,"menu_order":0,"comment_status":"closed","ping_status":"closed","template":"","meta":[],"acf":[],"_links":{"self":[{"href":"https:\/\/legacy.csce.ca\/fr\/wp-json\/wp\/v2\/pages\/6909"}],"collection":[{"href":"https:\/\/legacy.csce.ca\/fr\/wp-json\/wp\/v2\/pages"}],"about":[{"href":"https:\/\/legacy.csce.ca\/fr\/wp-json\/wp\/v2\/types\/page"}],"author":[{"embeddable":true,"href":"https:\/\/legacy.csce.ca\/fr\/wp-json\/wp\/v2\/users\/1"}],"replies":[{"embeddable":true,"href":"https:\/\/legacy.csce.ca\/fr\/wp-json\/wp\/v2\/comments?post=6909"}],"version-history":[{"count":4,"href":"https:\/\/legacy.csce.ca\/fr\/wp-json\/wp\/v2\/pages\/6909\/revisions"}],"predecessor-version":[{"id":207147,"href":"https:\/\/legacy.csce.ca\/fr\/wp-json\/wp\/v2\/pages\/6909\/revisions\/207147"}],"up":[{"embeddable":true,"href":"https:\/\/legacy.csce.ca\/fr\/wp-json\/wp\/v2\/pages\/3081"}],"wp:attachment":[{"href":"https:\/\/legacy.csce.ca\/fr\/wp-json\/wp\/v2\/media?parent=6909"}],"curies":[{"name":"wp","href":"https:\/\/api.w.org\/{rel}","templated":true}]}}