{"id":6902,"date":"2018-09-26T08:01:08","date_gmt":"2018-09-26T12:01:08","guid":{"rendered":"http:\/\/csce.ca\/?page_id=6902"},"modified":"2018-09-26T08:01:42","modified_gmt":"2018-09-26T12:01:42","slug":"cold-regions-division","status":"publish","type":"page","link":"https:\/\/legacy.csce.ca\/fr\/committees\/cold-regions-division\/","title":{"rendered":"Division des r\u00e9gions froides"},"content":{"rendered":"[vc_row][vc_column width=&#8221;1\/3&#8243;][vc_single_image image=&#8221;6835&#8243; img_size=&#8221;large&#8221; style=&#8221;vc_box_shadow&#8221; css_animation=&#8221;bottom-to-top&#8221;][vc_column_text]<a href=\"\/wp-content\/uploads\/2018\/09\/Decembre-2016-Division-du-genie-des-regions-froides.pdf\" target=\"_blank\" rel=\"noopener\">Message du mois<\/a> de d\u00e9cembre\u00a02016 du pr\u00e9sident de la division \u00e0 tous les membres int\u00e9ress\u00e9s.<\/p>\n<p><a href=\"\/wp-content\/uploads\/2018\/09\/Septembre-2016-Division-du-genier-des-regions-froides.pdf\" target=\"_blank\" rel=\"noopener\">Message du mois de septembre<\/a> 2016 du pr\u00e9sident de la division \u00e0 tous les membres int\u00e9ress\u00e9s.[\/vc_column_text][\/vc_column][vc_column width=&#8221;2\/3&#8243;][vc_tta_accordion style=&#8221;modern&#8221; active_section=&#8221;1&#8243;][vc_tta_section title=&#8221;Mandate&#8221; tab_id=&#8221;mandate_committee&#8221;][vc_column_text]<strong>La Division des r\u00e9gions froides (DRF)<\/strong><\/p>\n<p>La Division des r\u00e9gions froides (DRF) de la Soci\u00e9t\u00e9 canadienne de g\u00e9nie civilCGC encourage et facilite l\u2019avancement, l\u2019\u00e9change et le transfert des connaissances, des comp\u00e9tences et de l\u2019exp\u00e9rience dans le domaine du g\u00e9nie des r\u00e9gions froides. Le g\u00e9nie des r\u00e9gions froides r\u00e9f\u00e8re aux effets des climats froids sur la pratique du g\u00e9nie civil, y compris<\/p>\n<ul>\n<li>la planification, la conception et la construction d\u2019ouvrages de genie<\/li>\n<li>l\u2019\u00e9valuation et de la protection des milieux b\u00e2tis et naturels ainsi que<\/li>\n<li>l\u2019\u00e9valuation de l\u2019impact et l\u2019att\u00e9nuation des effets du changement climatique<\/li>\n<\/ul>\n[\/vc_column_text][\/vc_tta_section][vc_tta_section title=&#8221;Specific activities&#8221; tab_id=&#8221;objectives-committee&#8221;][vc_column_text]Les activit\u00e9s sp\u00e9cifiques de la Division des r\u00e9gions froides comprennent\u00a0:<\/p>\n<ul>\n<li>la pr\u00e9paration de communications techniques, d\u2019articles et de publications sur des sujets li\u00e9s \u00e0 l\u2019ing\u00e9nierie des r\u00e9gions froides,<\/li>\n<li>la facilitation et la promotion de sessions techniques sur l\u2019ing\u00e9nierie des r\u00e9gions froides aux congr\u00e8s annuels de la SCGC,<\/li>\n<li>l\u2019organisation de conf\u00e9rences, de s\u00e9minaires et de tourn\u00e9es de conf\u00e9rences sur les r\u00e9gions froides et<\/li>\n<li>la coop\u00e9ration avec d\u2019autres organisations nationales et internationales en ce qui concerne les conf\u00e9rences, les symposiums et les tourn\u00e9es de conf\u00e9rences sur l&#8217;ing\u00e9nierie des r\u00e9gions froides.<\/li>\n<\/ul>\n<p>Le Conseil de la division est un groupe de membres b\u00e9n\u00e9voles de la SCGC qui travaille pour le b\u00e9n\u00e9fice de la division, des membres de la SCGC et de la profession.[\/vc_column_text][\/vc_tta_section][\/vc_tta_accordion][\/vc_column][\/vc_row][vc_row][vc_column][vc_tta_accordion style=&#8221;modern&#8221; shape=&#8221;square&#8221; active_section=&#8221;4546676s8d7g6sgljsdruwe45454df7s&#8221; collapsible_all=&#8221;true&#8221;][vc_tta_section title=&#8221;Composition of the committee&#8221; tab_id=&#8221;members-committee&#8221;][vc_column_text]Pr\u00e9sident:<\/p>\n<p><strong><a href=\"mailto:Matthew.Follett@stantec.com\">Matt Follett<\/a>, M.A.Sc., P.Eng.<\/strong><\/p>\n<p>Ing\u00e9nieur civil<br \/>\nStantec<br \/>\n1088C Noble House, PO Box 1779, Iqaluit NU X0A 0H0<br \/>\nT\u00e9l.: (867)979-0555<\/p>\n<p><strong>Tyler Heal, EIT<\/strong><\/p>\n<p>Directeur du g\u00e9nie civil, Yukon<br \/>\nStantec<br \/>\n202-107 Main Street Whitehorse YT Y1A 2A7<br \/>\nT\u00e9l.: (867) 633-2400 ext 131<br \/>\nTyler.Heal@stantec.com<\/p>\n<p><strong>Thomas Brown PhD, PEng, FCSCE<\/strong><\/p>\n<p>Professeur \u00e9m\u00e9rite<br \/>\nD\u00e9partement de g\u00e9nie civil<br \/>\nUniversit\u00e9 de Calgary<br \/>\n(403) 210-9448<\/p>\n<p><strong>Arlen Foster, P. Eng.<\/strong><\/p>\n<p>Associ\u00e9<br \/>\nStantec<br \/>\n4910 53 Street, PO Box 1777 Yellowknife NT X1A 2P4<br \/>\nT\u00e9l.: (867) 920-2882 ext 249<br \/>\nT\u00e9l\u00e9c.: (867) 920-4319<br \/>\n<a href=\"mailto:arlen.foster@stantec.com\">arlen.foster@stantec.com<\/a>[\/vc_column_text][\/vc_tta_section][\/vc_tta_accordion][\/vc_column][\/vc_row]\n","protected":false},"excerpt":{"rendered":"<p>[vc_row][vc_column width=&#8221;1\/3&#8243;][vc_single_image image=&#8221;6835&#8243; img_size=&#8221;large&#8221; style=&#8221;vc_box_shadow&#8221; css_animation=&#8221;bottom-to-top&#8221;][vc_column_text]Message du mois de d\u00e9cembre\u00a02016 du pr\u00e9sident de la division \u00e0 tous les membres int\u00e9ress\u00e9s. Message du mois de septembre 2016 du pr\u00e9sident de la [&hellip;]<\/p>\n","protected":false},"author":1,"featured_media":0,"parent":3081,"menu_order":0,"comment_status":"closed","ping_status":"closed","template":"","meta":[],"acf":[],"_links":{"self":[{"href":"https:\/\/legacy.csce.ca\/fr\/wp-json\/wp\/v2\/pages\/6902"}],"collection":[{"href":"https:\/\/legacy.csce.ca\/fr\/wp-json\/wp\/v2\/pages"}],"about":[{"href":"https:\/\/legacy.csce.ca\/fr\/wp-json\/wp\/v2\/types\/page"}],"author":[{"embeddable":true,"href":"https:\/\/legacy.csce.ca\/fr\/wp-json\/wp\/v2\/users\/1"}],"replies":[{"embeddable":true,"href":"https:\/\/legacy.csce.ca\/fr\/wp-json\/wp\/v2\/comments?post=6902"}],"version-history":[{"count":2,"href":"https:\/\/legacy.csce.ca\/fr\/wp-json\/wp\/v2\/pages\/6902\/revisions"}],"predecessor-version":[{"id":6908,"href":"https:\/\/legacy.csce.ca\/fr\/wp-json\/wp\/v2\/pages\/6902\/revisions\/6908"}],"up":[{"embeddable":true,"href":"https:\/\/legacy.csce.ca\/fr\/wp-json\/wp\/v2\/pages\/3081"}],"wp:attachment":[{"href":"https:\/\/legacy.csce.ca\/fr\/wp-json\/wp\/v2\/media?parent=6902"}],"curies":[{"name":"wp","href":"https:\/\/api.w.org\/{rel}","templated":true}]}}