{"id":6891,"date":"2018-09-26T07:57:11","date_gmt":"2018-09-26T11:57:11","guid":{"rendered":"http:\/\/csce.ca\/?page_id=6891"},"modified":"2021-02-15T20:20:50","modified_gmt":"2021-02-16T01:20:50","slug":"genie-de-la-mecanique-technique-et-des-materiaux","status":"publish","type":"page","link":"https:\/\/legacy.csce.ca\/fr\/committees\/genie-de-la-mecanique-technique-et-des-materiaux\/","title":{"rendered":"G\u00e9nie de la m\u00e9canique technique et des mat\u00e9riaux"},"content":{"rendered":"[vc_row][vc_column width=&#8221;1\/3&#8243;][vc_single_image image=&#8221;6835&#8243; img_size=&#8221;large&#8221; style=&#8221;vc_box_shadow&#8221; css_animation=&#8221;bottom-to-top&#8221;][vc_column_text]<a href=\"\/wp-content\/uploads\/2018\/09\/September-2017-Engineering-Mechanics-and-Materieal-French.pdf\" target=\"_blank\" rel=\"noopener\">Message du mois de septembre<\/a>\u00a02017 du pr\u00e9sident de la division \u00e0 tous les membres int\u00e9ress\u00e9s.<\/p>\n<p><a href=\"\/wp-content\/uploads\/2018\/09\/EMM-Division-Update-April-2017-French.pdf\" target=\"_blank\" rel=\"noopener\">Message du mois de avri<\/a>l 2017 du pr\u00e9sident de la division \u00e0 tous les membres int\u00e9ress\u00e9s.<\/p>\n<p><a href=\"\/wp-content\/uploads\/2018\/09\/201611-Engineering-Mechanics-and-Materials-EMM-Division-118.pdf\" target=\"_blank\" rel=\"noopener\">Message du mois<\/a> de d\u00e9cembre\u00a02016 du pr\u00e9sident de la division \u00e0 tous les membres int\u00e9ress\u00e9s.<\/p>\n<p><a href=\"\/wp-content\/uploads\/2018\/09\/Septembre-2016-Division-de-la-mecanique-technique-et-des-materiaux.pdf\" target=\"_blank\" rel=\"noopener\">Message du mois de septembre<\/a>\u00a02016 du pr\u00e9sident de la division \u00e0 tous les membres int\u00e9ress\u00e9s.[\/vc_column_text][\/vc_column][vc_column width=&#8221;2\/3&#8243;][vc_tta_accordion style=&#8221;modern&#8221; active_section=&#8221;1&#8243;][vc_tta_section title=&#8221;Misson&#8221; tab_id=&#8221;mandate_committee&#8221;][vc_column_text]\n<p style=\"text-align: left;\">La mission de la division Ing\u00e9nierie m\u00e9canique et des mat\u00e9riaux (IMM) est de contribuer au maintien de normes \u00e9lev\u00e9es dans la profession d&#8217;ing\u00e9nieur civil en favorisant l&#8217;\u00e9change de connaissances entre les chercheurs et les professionnels de l&#8217;ing\u00e9nierie travaillant dans le domaine de l&#8217;ing\u00e9nierie m\u00e9canique et des mat\u00e9riaux. Conform\u00e9ment \u00e0 l&#8217;orientation strat\u00e9gique de la SCGC, Leadership en Mati\u00e8re d\u2019infrastructures durables, la division encourage l&#8217;\u00e9change de nouvelles initiatives et d\u2019id\u00e9es relatives aux mat\u00e9riaux durables.\u00a0 Au service d&#8217;un domaine du g\u00e9nie civil dynamique et en pleine \u00e9volution, les membres de la division utilisent diverses avenues pour partager leur expertise et leurs d\u00e9couvertes avec la profession d&#8217;ing\u00e9nieur au Canada. Dans le cadre de sa mission, les principales activit\u00e9s de la division sont les suivantes (i) organiser des conf\u00e9rences internationales sp\u00e9cialis\u00e9es dans le domaine de la m\u00e9canique de l&#8217;ing\u00e9nierie\/des mat\u00e9riaux, (ii) d\u00e9velopper et offrir des cours de courte dur\u00e9e sur des sujets sp\u00e9cialis\u00e9s, (iii) diffuser et partager les connaissances par le biais d\u2019invitations \u00e0 la r\u00e9daction de num\u00e9ros sp\u00e9ciaux de la revue Canadian Civil Engineer, (iv) promouvoir la collaboration entre les chercheurs aux niveaux national et international, et (v) renforcer l&#8217;engagement des jeunes ing\u00e9nieurs et des \u00e9tudiants en ing\u00e9nierie par le biais de pr\u00e9sentations d&#8217;affiches et d&#8217;articles lors des conf\u00e9rences sp\u00e9cialis\u00e9es<\/p>\n<p>Dr. Shahria Alam, Ph.D., P.Eng.<br \/>\nChair, <a href=\"https:\/\/csce.ca\/en\/committees\/engineering-mechanicsmaterials-division\/\">Engineering Mechanics and Materials Division<\/a> (CSCE)<br \/>\nProfessor, Civil Engineering |School of Engineering<br \/>\nDirector, <a href=\"https:\/\/gcrtc.ubc.ca\/\">Green Construction Research &amp; Training Center<\/a> (GCRTC)<\/p>\n<p>The University of British Columbia | Okanagan Campus<br \/>\n1137 Alumni Avenue, EME 4211 | Kelowna, BC, V1V1V7 CANADA<br \/>\nPhone: (250) 807-9397 | Fax: (250) 807-9850<\/p>\n<p>Email: <a href=\"mailto:shahria.alam@ubc.ca\">shahria.alam@ubc.ca<\/a><br \/>\nPersonal UBC Web: <a href=\"http:\/\/engineering.ok.ubc.ca\/faculty\/shaalam.html\">M. Shahria Alam<\/a><br \/>\nResearch Group Web:\u00a0 <a href=\"https:\/\/ok-alams.sites.olt.ubc.ca\/\">ALAMS<\/a><\/p>\n<p>Links: <a href=\"https:\/\/www.researchgate.net\/profile\/M_Shahria_Alam\/\">ResearchGate<\/a> &amp; <a href=\"http:\/\/scholar.google.ca\/citations?user=XAuiuvIAAAAJ&amp;hl=en&amp;oi=ao\">GoogleScholar<\/a> &amp; <a href=\"https:\/\/www.youtube.com\/watch?v=2ME8mfSo48Q&amp;t=10s\">YouTube<\/a>[\/vc_column_text][\/vc_tta_section][vc_tta_section title=&#8221;Activit\u00e9s&#8221; tab_id=&#8221;objectives-committee&#8221;][vc_column_text]La division IMM organise chaque ann\u00e9e des conf\u00e9rences internationales sp\u00e9cialis\u00e9es: les conf\u00e9rences sur la m\u00e9canique et les mat\u00e9riaux d&#8217;ing\u00e9nierie et les conf\u00e9rences sur les mat\u00e9riaux d&#8217;ing\u00e9nierie, en alternance. La 7i\u00e8me conf\u00e9rence internationale sp\u00e9cialis\u00e9e sur les mat\u00e9riaux d&#8217;ing\u00e9nierie se d\u00e9roulera virtuellement du 26 au 29 mai 2021. Dans le cadre de ces conf\u00e9rences internationales sp\u00e9cialis\u00e9es, la division IMM a d\u00e9cern\u00e9 des prix \u00e0 des \u00e9tudiants pour la qualit\u00e9 de leurs communications, de leurs pr\u00e9sentations et de leurs discussions sur des sujets d&#8217;actualit\u00e9 avec des orateurs de renom.[\/vc_column_text][\/vc_tta_section][\/vc_tta_accordion][\/vc_column][\/vc_row][vc_row][vc_column][vc_tta_accordion style=&#8221;modern&#8221; shape=&#8221;square&#8221; active_section=&#8221;4546676s8d7g6sgljsdruwe45454df7s&#8221; collapsible_all=&#8221;true&#8221;][vc_tta_section title=&#8221;Composition du comit\u00e9&#8221; tab_id=&#8221;members-committee&#8221;][vc_column_text]\n<table style=\"height: 133px;\" width=\"549\">\n<tbody>\n<tr>\n<td><a href=\"mailto:shahria.alam@ubc.ca\">M. Shahria Alam<\/a><\/td>\n<td>Chair<\/td>\n<td>University of British Columbia<\/td>\n<\/tr>\n<tr>\n<td><a href=\"mailto:%20%3cNathalie.Roy@USherbrooke.ca%3e\">Nathalie Roy<\/a><\/td>\n<td>Deputy Co-Chair<\/td>\n<td>Universit\u00e9 de Sherbrooke<\/td>\n<\/tr>\n<tr>\n<td><a href=\"mnehdi@uwo.ca\">Moncef Nehdi<\/a><\/td>\n<td>Deputy Co-Chair<\/td>\n<td>Western University<\/td>\n<\/tr>\n<tr>\n<td><a href=\"mailto:Muntasir.Billah@parsons.com\">Muntasir Billah<\/a><\/td>\n<td>Secretary<\/td>\n<td>Parsons Corporation<\/td>\n<\/tr>\n<tr>\n<td><a href=\"mailto:dan.palermo@lassonde.yorku.ca\">Dan Palermo<\/a><\/td>\n<td>Past Chair<\/td>\n<td>York University<\/td>\n<\/tr>\n<tr>\n<td><a href=\"mailto:saif2018@mail.ubc.ca\" target=\"_blank\" rel=\"noopener\">Saif Aldabagh <\/a><\/td>\n<td>Student Representative<\/td>\n<td>University of British Columbia<\/td>\n<\/tr>\n<tr>\n<td><a href=\"mailto:kamrul1@ualberta.ca\">Kamrul Islam<\/a><\/td>\n<td>Student Representative<\/td>\n<td>Polytechnique, Montreal<\/td>\n<\/tr>\n<\/tbody>\n<\/table>\n<p><strong>Technical Committees in EMM Division:<\/strong><\/p>\n<ul>\n<li>Cement\/Concrete\/Asphalt &amp; Asphalt Concrete (Committee Chair:\u00a0<a href=\"mailto:mnehdi@uwo.ca\">Moncef Nehdi<\/a>, UWO)<\/li>\n<li>Metal\/Alloy\/Smart Material (Committee Chair:\u00a0<a href=\"mailto:imanpour@ualberta.ca\">Ali Imanpour<\/a>, UofA)<\/li>\n<li>Timber (Committee Chair: <a href=\"mailto:joshua.woods@queensu.ca\">Joshua Woods<\/a>, QueensU)<\/li>\n<li>Composites (Committee Chair:\u00a0<a href=\"mailto:%3cClaudiane.Ouellet-Plamondon@etsmtl.ca%3e\">Claudiane Ouellet-Plamondon<\/a>, ETS)<\/li>\n<li>Geomechanics (Committee Chair:\u00a0<a href=\"mailto:asdhar@mun.ca\">Ashutosh Dhar<\/a>, MUN)<\/li>\n<\/ul>\n[\/vc_column_text][\/vc_tta_section][vc_tta_section title=&#8221;Anciens pr\u00e9sidents&#8221; tab_id=&#8221;1538365415200-00d107c1-4ca7&#8243;][vc_column_text]\n<table>\n<tbody>\n<tr>\n<td>Burkan Isgor<\/td>\n<td>2005 \u00e0 2009<\/td>\n<\/tr>\n<tr>\n<td>Medhat Shehata<\/td>\n<td>2009 to 2013<\/td>\n<\/tr>\n<tr>\n<td>Dan Palermo<\/td>\n<td>2013 \u00e0 2017<\/td>\n<\/tr>\n<tr>\n<td>Shahria Alam<\/td>\n<td>2017 \u00e0 ce jour<\/td>\n<\/tr>\n<\/tbody>\n<\/table>\n[\/vc_column_text][\/vc_tta_section][\/vc_tta_accordion][\/vc_column][\/vc_row]\n","protected":false},"excerpt":{"rendered":"<p>[vc_row][vc_column width=&#8221;1\/3&#8243;][vc_single_image image=&#8221;6835&#8243; img_size=&#8221;large&#8221; style=&#8221;vc_box_shadow&#8221; css_animation=&#8221;bottom-to-top&#8221;][vc_column_text]Message du mois de septembre\u00a02017 du pr\u00e9sident de la division \u00e0 tous les membres int\u00e9ress\u00e9s. Message du mois de avril 2017 du pr\u00e9sident de la [&hellip;]<\/p>\n","protected":false},"author":1,"featured_media":0,"parent":3081,"menu_order":0,"comment_status":"closed","ping_status":"closed","template":"","meta":[],"acf":[],"_links":{"self":[{"href":"https:\/\/legacy.csce.ca\/fr\/wp-json\/wp\/v2\/pages\/6891"}],"collection":[{"href":"https:\/\/legacy.csce.ca\/fr\/wp-json\/wp\/v2\/pages"}],"about":[{"href":"https:\/\/legacy.csce.ca\/fr\/wp-json\/wp\/v2\/types\/page"}],"author":[{"embeddable":true,"href":"https:\/\/legacy.csce.ca\/fr\/wp-json\/wp\/v2\/users\/1"}],"replies":[{"embeddable":true,"href":"https:\/\/legacy.csce.ca\/fr\/wp-json\/wp\/v2\/comments?post=6891"}],"version-history":[{"count":5,"href":"https:\/\/legacy.csce.ca\/fr\/wp-json\/wp\/v2\/pages\/6891\/revisions"}],"predecessor-version":[{"id":202287,"href":"https:\/\/legacy.csce.ca\/fr\/wp-json\/wp\/v2\/pages\/6891\/revisions\/202287"}],"up":[{"embeddable":true,"href":"https:\/\/legacy.csce.ca\/fr\/wp-json\/wp\/v2\/pages\/3081"}],"wp:attachment":[{"href":"https:\/\/legacy.csce.ca\/fr\/wp-json\/wp\/v2\/media?parent=6891"}],"curies":[{"name":"wp","href":"https:\/\/api.w.org\/{rel}","templated":true}]}}