{"id":6888,"date":"2018-09-26T07:49:53","date_gmt":"2018-09-26T11:49:53","guid":{"rendered":"http:\/\/csce.ca\/?page_id=6888"},"modified":"2018-09-26T07:50:36","modified_gmt":"2018-09-26T11:50:36","slug":"education-et-recherche","status":"publish","type":"page","link":"https:\/\/legacy.csce.ca\/fr\/committees\/education-et-recherche\/","title":{"rendered":"\u00c9ducation et Recherche"},"content":{"rendered":"[vc_row][vc_column width=&#8221;1\/3&#8243;][vc_single_image image=&#8221;6843&#8243; img_size=&#8221;large&#8221; style=&#8221;vc_box_shadow&#8221; css_animation=&#8221;bottom-to-top&#8221;][vc_column_text]CHAIR:<\/p>\n<table class=\"add_comite\">\n<tbody>\n<tr>\n<th>XX\u00a0YY<\/th>\n<td><span class=\"add_email\"><a href=\"mailto:\">@<\/a> tel <\/span>CANADA<\/td>\n<\/tr>\n<\/tbody>\n<\/table>\n[\/vc_column_text][\/vc_column][vc_column width=&#8221;2\/3&#8243;][vc_tta_accordion style=&#8221;modern&#8221; active_section=&#8221;1&#8243;][vc_tta_section title=&#8221;Mandate&#8221; tab_id=&#8221;mandate_committee&#8221;][vc_column_text]\n<p><strong>Le Comit\u00e9 \u00e9ducation et recherche est en charge des questions et des activit\u00e9s relatives \u00e0 l\u2019\u00e9ducation et la recherche, \u00a0y compris\u00a0:<\/strong><\/p>\n<ul>\n<li>Le d\u00e9veloppement de relations de travail \u00e9troites entre la communaut\u00e9 universitaire de g\u00e9nie civil et l\u2019industrie de la construction canadienne pour la compr\u00e9hension des besoins de l\u2019industrie en mati\u00e8re de recherche et de formation et d\u2019\u00e9ducation universitaire;<\/li>\n<\/ul>\n<ul>\n<li>L\u2019\u00e9laboration d\u2019une strat\u00e9gie et \/ ou un m\u00e9canisme pour faciliter la collaboration entre les universit\u00e9s canadiennes et l\u2019industrie de la construction en vue de mettre sur pied des programmes communs de formation et de recherche dans le but de combler les besoins des deux communaut\u00e9s;<\/li>\n<\/ul>\n<ul>\n<li>Une \u00e9troite collaboration avec le Comit\u00e9 des chefs de d\u00e9partements de g\u00e9nie civil de la SCGC pour contribuer \u00e0 l\u2019am\u00e9lioration du programme d\u2019\u00e9tudes de g\u00e9nie civil, du contenu des cours ainsi que des directions d\u2019enseignement et de recherche strat\u00e9giques fond\u00e9es sur les besoins et les exigences de l\u2019industrie et<\/li>\n<\/ul>\n<ul>\n<li>Un soutien \u00e0 des programmes communautaires dans le domaine de l\u2019enseignement et de la recherche en ing\u00e9nierie tels que ceux portant sur les pr\u00e9occupations et l\u2019int\u00e9r\u00eat de groupes parentaux \u00a0pour l\u2019\u00e9ducation et la recherche pour leurs enfants et l\u2019int\u00e9r\u00eat de groupes environnementaux pour la promotion du d\u00e9veloppement durable, etc.\u2019\u2019<\/li>\n<\/ul>\n[\/vc_column_text][\/vc_tta_section][vc_tta_section title=&#8221;Objectives&#8221; tab_id=&#8221;objectives-committee&#8221;][vc_column_text] [\/vc_column_text][\/vc_tta_section][\/vc_tta_accordion][\/vc_column][\/vc_row][vc_row][vc_column][vc_column_text] [\/vc_column_text][\/vc_column][\/vc_row][vc_row][vc_column][vc_tta_accordion style=&#8221;modern&#8221; shape=&#8221;square&#8221; active_section=&#8221;4546676s8d7g6sgljsdruwe45454df7s&#8221; collapsible_all=&#8221;true&#8221;][vc_tta_section title=&#8221;Composition du comit\u00e9&#8221; tab_id=&#8221;members-committee&#8221;][vc_column_text]CHAIR:<\/p>\n<table class=\"add_comite\">\n<tbody>\n<tr>\n<th>XX\u00a0YY<\/th>\n<td><span class=\"add_email\"><a href=\"mailto:\">@<\/a> tel <\/span>CANADA<\/td>\n<\/tr>\n<\/tbody>\n<\/table>\n[\/vc_column_text][\/vc_tta_section][\/vc_tta_accordion][\/vc_column][\/vc_row]\n","protected":false},"excerpt":{"rendered":"<p>[vc_row][vc_column width=&#8221;1\/3&#8243;][vc_single_image image=&#8221;6843&#8243; img_size=&#8221;large&#8221; style=&#8221;vc_box_shadow&#8221; css_animation=&#8221;bottom-to-top&#8221;][vc_column_text]CHAIR: XX\u00a0YY @ tel CANADA [\/vc_column_text][\/vc_column][vc_column width=&#8221;2\/3&#8243;][vc_tta_accordion style=&#8221;modern&#8221; active_section=&#8221;1&#8243;][vc_tta_section title=&#8221;Mandate&#8221; tab_id=&#8221;mandate_committee&#8221;][vc_column_text] Le Comit\u00e9 \u00e9ducation et recherche est en charge des questions et des activit\u00e9s relatives [&hellip;]<\/p>\n","protected":false},"author":1,"featured_media":0,"parent":3081,"menu_order":0,"comment_status":"closed","ping_status":"closed","template":"","meta":[],"acf":[],"_links":{"self":[{"href":"https:\/\/legacy.csce.ca\/fr\/wp-json\/wp\/v2\/pages\/6888"}],"collection":[{"href":"https:\/\/legacy.csce.ca\/fr\/wp-json\/wp\/v2\/pages"}],"about":[{"href":"https:\/\/legacy.csce.ca\/fr\/wp-json\/wp\/v2\/types\/page"}],"author":[{"embeddable":true,"href":"https:\/\/legacy.csce.ca\/fr\/wp-json\/wp\/v2\/users\/1"}],"replies":[{"embeddable":true,"href":"https:\/\/legacy.csce.ca\/fr\/wp-json\/wp\/v2\/comments?post=6888"}],"version-history":[{"count":2,"href":"https:\/\/legacy.csce.ca\/fr\/wp-json\/wp\/v2\/pages\/6888\/revisions"}],"predecessor-version":[{"id":6890,"href":"https:\/\/legacy.csce.ca\/fr\/wp-json\/wp\/v2\/pages\/6888\/revisions\/6890"}],"up":[{"embeddable":true,"href":"https:\/\/legacy.csce.ca\/fr\/wp-json\/wp\/v2\/pages\/3081"}],"wp:attachment":[{"href":"https:\/\/legacy.csce.ca\/fr\/wp-json\/wp\/v2\/media?parent=6888"}],"curies":[{"name":"wp","href":"https:\/\/api.w.org\/{rel}","templated":true}]}}