{"id":6879,"date":"2018-09-26T07:45:40","date_gmt":"2018-09-26T11:45:40","guid":{"rendered":"http:\/\/csce.ca\/?page_id=6879"},"modified":"2024-01-08T10:26:19","modified_gmt":"2024-01-08T15:26:19","slug":"ouest","status":"publish","type":"page","link":"https:\/\/legacy.csce.ca\/fr\/councils\/ouest\/","title":{"rendered":"Ouest"},"content":{"rendered":"[vc_row][vc_column][vc_single_image image=&#8221;211470&#8243; img_size=&#8221;large&#8221; alignment=&#8221;center&#8221;][vc_column_text]\n<h3 style=\"text-align: center;\">Candice Lukaszewicz, Vice-pr\u00e9sident de la R\u00e9gion<\/h3>\n<h3 style=\"text-align: center;\"><\/h3>\n[\/vc_column_text][vc_empty_space height=&#8221;100px&#8221;][vc_custom_heading text=&#8221;Sections Locales&#8221; google_fonts=&#8221;font_family:Montserrat%3Aregular%2C700|font_style:400%20regular%3A400%3Anormal&#8221;][\/vc_column][\/vc_row][vc_row][vc_column width=&#8221;1\/2&#8243;][vc_column_text]\n<h3 style=\"text-align: center; margin-bottom: 35px;\"><img decoding=\"async\" loading=\"lazy\" class=\"alignnone size-full wp-image-214631\" src=\"https:\/\/csce.ca\/wp-content\/uploads\/2023\/03\/38aa95f88d5f0fc3fc0f691abfaeaf0c.jpg\" alt=\"\" width=\"300\" height=\"300\" srcset=\"https:\/\/legacy.csce.ca\/wp-content\/uploads\/2023\/03\/38aa95f88d5f0fc3fc0f691abfaeaf0c.jpg 192w, https:\/\/legacy.csce.ca\/wp-content\/uploads\/2023\/03\/38aa95f88d5f0fc3fc0f691abfaeaf0c-150x150.jpg 150w, https:\/\/legacy.csce.ca\/wp-content\/uploads\/2023\/03\/38aa95f88d5f0fc3fc0f691abfaeaf0c-45x45.jpg 45w, https:\/\/legacy.csce.ca\/wp-content\/uploads\/2023\/03\/38aa95f88d5f0fc3fc0f691abfaeaf0c-100x100.jpg 100w\" sizes=\"(max-width: 300px) 100vw, 300px\" \/><\/h3>\n<h3 style=\"text-align: center; margin-bottom: 35px;\"><a title=\"\u00c9crire \u00e0 Candice Lukaszewicz\" href=\"mailto: cscecalgarychapter@gmail.com\">Candice Lukaszewicz<\/a>, Calgary Section Chair<\/h3>\n[\/vc_column_text][vc_btn title=&#8221;Visitez le site Web r\u00e9gional&#8221; style=&#8221;flat&#8221; shape=&#8221;square&#8221; color=&#8221;sky&#8221; align=&#8221;center&#8221; link=&#8221;url:http%3A%2F%2Fcscecalgary.com|||&#8221;][\/vc_column][vc_column width=&#8221;1\/2&#8243;][vc_column_text]\n<h3 style=\"text-align: center; margin-bottom: 35px;\"><img decoding=\"async\" loading=\"lazy\" class=\"alignnone size-full wp-image-214631\" src=\"https:\/\/csce.ca\/wp-content\/uploads\/2023\/03\/38aa95f88d5f0fc3fc0f691abfaeaf0c.jpg\" alt=\"\" width=\"300\" height=\"300\" srcset=\"https:\/\/legacy.csce.ca\/wp-content\/uploads\/2023\/03\/38aa95f88d5f0fc3fc0f691abfaeaf0c.jpg 192w, https:\/\/legacy.csce.ca\/wp-content\/uploads\/2023\/03\/38aa95f88d5f0fc3fc0f691abfaeaf0c-150x150.jpg 150w, https:\/\/legacy.csce.ca\/wp-content\/uploads\/2023\/03\/38aa95f88d5f0fc3fc0f691abfaeaf0c-45x45.jpg 45w, https:\/\/legacy.csce.ca\/wp-content\/uploads\/2023\/03\/38aa95f88d5f0fc3fc0f691abfaeaf0c-100x100.jpg 100w\" sizes=\"(max-width: 300px) 100vw, 300px\" \/><\/h3>\n<h3 style=\"text-align: center; margin-bottom: 35px;\"><a title=\"\u00c9crire \u00e0 Frank Hui\" href=\"mailto:chair@csceedmonton.ca\">Spencer McCann<\/a>, Edmonton et Northern Alberta Section Chair<\/h3>\n[\/vc_column_text][vc_btn title=&#8221;VISIT SECTION WEBSITE&#8221; style=&#8221;flat&#8221; shape=&#8221;square&#8221; color=&#8221;sky&#8221; align=&#8221;center&#8221; link=&#8221;url:https%3A%2F%2Fwww.csceedmonton.ca%2F|||&#8221;][\/vc_column][\/vc_row][vc_row][vc_column][vc_empty_space][\/vc_column][\/vc_row][vc_row][vc_column width=&#8221;1\/2&#8243;][vc_column_text]\n<h3 style=\"text-align: center; margin-bottom: 35px;\"><img decoding=\"async\" loading=\"lazy\" class=\"alignnone size-medium wp-image-145592\" src=\"https:\/\/csce.ca\/wp-content\/uploads\/2020\/08\/Luis-Valenzuela-2-300x300.jpg\" width=\"300\" height=\"300\" srcset=\"https:\/\/legacy.csce.ca\/wp-content\/uploads\/2020\/08\/Luis-Valenzuela-2-300x300.jpg 300w, https:\/\/legacy.csce.ca\/wp-content\/uploads\/2020\/08\/Luis-Valenzuela-2-100x100.jpg 100w, https:\/\/legacy.csce.ca\/wp-content\/uploads\/2020\/08\/Luis-Valenzuela-2-150x150.jpg 150w, https:\/\/legacy.csce.ca\/wp-content\/uploads\/2020\/08\/Luis-Valenzuela-2-200x200.jpg 200w, https:\/\/legacy.csce.ca\/wp-content\/uploads\/2020\/08\/Luis-Valenzuela-2-82x82.jpg 82w, https:\/\/legacy.csce.ca\/wp-content\/uploads\/2020\/08\/Luis-Valenzuela-2-156x156.jpg 156w, https:\/\/legacy.csce.ca\/wp-content\/uploads\/2020\/08\/Luis-Valenzuela-2-45x45.jpg 45w, https:\/\/legacy.csce.ca\/wp-content\/uploads\/2020\/08\/Luis-Valenzuela-2.jpg 500w\" sizes=\"(max-width: 300px) 100vw, 300px\" \/><\/h3>\n<h3 style=\"margin-bottom: 35px; text-align: center;\"><a title=\"\u00c9crire \u00e0 Luis \u00c1lvaro Valenzuela\" href=\"mailto:csce.vancouver@gmail.com\" target=\"_blank\" rel=\"noopener noreferrer\">Luis \u00c1lvaro Valenzuela<\/a>,<br \/>\nVancouver Section Chair<\/h3>\n[\/vc_column_text][vc_btn title=&#8221;Visitez le site Web r\u00e9gional&#8221; style=&#8221;flat&#8221; shape=&#8221;square&#8221; color=&#8221;sky&#8221; align=&#8221;center&#8221; link=&#8221;url:http%3A%2F%2Fcscebc.ca|||&#8221;][\/vc_column][vc_column width=&#8221;1\/2&#8243;][vc_column_text]\n<h3 style=\"text-align: center; margin-bottom: 35px;\"><img decoding=\"async\" loading=\"lazy\" class=\"size-medium wp-image-127808 aligncenter\" src=\"https:\/\/csce.ca\/wp-content\/uploads\/2019\/11\/5-3-300x300.png\" alt=\"\" width=\"300\" height=\"300\" srcset=\"https:\/\/legacy.csce.ca\/wp-content\/uploads\/2019\/11\/5-3-300x300.png 300w, https:\/\/legacy.csce.ca\/wp-content\/uploads\/2019\/11\/5-3-100x100.png 100w, https:\/\/legacy.csce.ca\/wp-content\/uploads\/2019\/11\/5-3-150x150.png 150w, https:\/\/legacy.csce.ca\/wp-content\/uploads\/2019\/11\/5-3-200x200.png 200w, https:\/\/legacy.csce.ca\/wp-content\/uploads\/2019\/11\/5-3-82x82.png 82w, https:\/\/legacy.csce.ca\/wp-content\/uploads\/2019\/11\/5-3-156x156.png 156w, https:\/\/legacy.csce.ca\/wp-content\/uploads\/2019\/11\/5-3-45x45.png 45w, https:\/\/legacy.csce.ca\/wp-content\/uploads\/2019\/11\/5-3.png 600w\" sizes=\"(max-width: 300px) 100vw, 300px\" \/><\/h3>\n<h3 style=\"text-align: center;\"><a title=\"\u00c9crire \u00e0 Jonathan Reiter\" href=\"mailto: jreiter@seng.ca\">Jonathan Reiter<\/a>, Vancouver Island Section Chair<\/h3>\n[\/vc_column_text][\/vc_column][\/vc_row][vc_row][vc_column][vc_empty_space][\/vc_column][\/vc_row][vc_row][vc_column width=&#8221;1\/2&#8243;][vc_column_text]\n<h3 style=\"text-align: center; margin-bottom: 35px;\"><img decoding=\"async\" loading=\"lazy\" class=\"alignnone size-medium wp-image-206931\" src=\"https:\/\/csce.ca\/wp-content\/uploads\/2021\/10\/Jianbing_nbcchair2-300x274.jpg\" alt=\"\" width=\"300\" height=\"300\" srcset=\"https:\/\/legacy.csce.ca\/wp-content\/uploads\/2021\/10\/Jianbing_nbcchair2-150x150.jpg 150w, https:\/\/legacy.csce.ca\/wp-content\/uploads\/2021\/10\/Jianbing_nbcchair2-45x45.jpg 45w, https:\/\/legacy.csce.ca\/wp-content\/uploads\/2021\/10\/Jianbing_nbcchair2-300x300.jpg 300w, https:\/\/legacy.csce.ca\/wp-content\/uploads\/2021\/10\/Jianbing_nbcchair2-100x100.jpg 100w\" sizes=\"(max-width: 300px) 100vw, 300px\" \/><\/h3>\n<h3 style=\"text-align: center;\">\u00a0<a title=\"\u00c9crire \u00e0 Jianbing Li\" href=\"mailto:Jianbing.Li@unbc.ca\">Jianbing Li<\/a>,<br \/>\nNorthern BC Section Chair<\/h3>\n[\/vc_column_text][\/vc_column][vc_column width=&#8221;1\/2&#8243;][\/vc_column][\/vc_row]\n","protected":false},"excerpt":{"rendered":"<p>[vc_row][vc_column][vc_single_image image=&#8221;211470&#8243; img_size=&#8221;large&#8221; alignment=&#8221;center&#8221;][vc_column_text] Candice Lukaszewicz, Vice-pr\u00e9sident de la R\u00e9gion [\/vc_column_text][vc_empty_space height=&#8221;100px&#8221;][vc_custom_heading text=&#8221;Sections Locales&#8221; google_fonts=&#8221;font_family:Montserrat%3Aregular%2C700|font_style:400%20regular%3A400%3Anormal&#8221;][\/vc_column][\/vc_row][vc_row][vc_column width=&#8221;1\/2&#8243;][vc_column_text] Candice Lukaszewicz, Calgary Section Chair [\/vc_column_text][vc_btn title=&#8221;Visitez le site Web r\u00e9gional&#8221; style=&#8221;flat&#8221; shape=&#8221;square&#8221; color=&#8221;sky&#8221; [&hellip;]<\/p>\n","protected":false},"author":1,"featured_media":0,"parent":6861,"menu_order":0,"comment_status":"closed","ping_status":"closed","template":"","meta":[],"acf":[],"_links":{"self":[{"href":"https:\/\/legacy.csce.ca\/fr\/wp-json\/wp\/v2\/pages\/6879"}],"collection":[{"href":"https:\/\/legacy.csce.ca\/fr\/wp-json\/wp\/v2\/pages"}],"about":[{"href":"https:\/\/legacy.csce.ca\/fr\/wp-json\/wp\/v2\/types\/page"}],"author":[{"embeddable":true,"href":"https:\/\/legacy.csce.ca\/fr\/wp-json\/wp\/v2\/users\/1"}],"replies":[{"embeddable":true,"href":"https:\/\/legacy.csce.ca\/fr\/wp-json\/wp\/v2\/comments?post=6879"}],"version-history":[{"count":4,"href":"https:\/\/legacy.csce.ca\/fr\/wp-json\/wp\/v2\/pages\/6879\/revisions"}],"predecessor-version":[{"id":217500,"href":"https:\/\/legacy.csce.ca\/fr\/wp-json\/wp\/v2\/pages\/6879\/revisions\/217500"}],"up":[{"embeddable":true,"href":"https:\/\/legacy.csce.ca\/fr\/wp-json\/wp\/v2\/pages\/6861"}],"wp:attachment":[{"href":"https:\/\/legacy.csce.ca\/fr\/wp-json\/wp\/v2\/media?parent=6879"}],"curies":[{"name":"wp","href":"https:\/\/api.w.org\/{rel}","templated":true}]}}