{"id":6877,"date":"2018-09-26T07:33:58","date_gmt":"2018-09-26T11:33:58","guid":{"rendered":"http:\/\/csce.ca\/?page_id=6877"},"modified":"2023-07-07T13:02:21","modified_gmt":"2023-07-07T17:02:21","slug":"atlantique","status":"publish","type":"page","link":"https:\/\/legacy.csce.ca\/fr\/councils\/atlantique\/","title":{"rendered":"Atlantique"},"content":{"rendered":"[vc_row][vc_column][vc_single_image image=&#8221;215656&#8243; img_size=&#8221;large&#8221; alignment=&#8221;center&#8221;][vc_column_text]\n<h3 style=\"text-align: center;\"><a href=\"mailto:jeremie.aube@dieppe.ca\">J\u00e9r\u00e9mie Aub\u00e9<\/a>, Vice-pr\u00e9sident de la R\u00e9gion<\/h3>\n<h3 style=\"text-align: center;\"><\/h3>\n[\/vc_column_text][vc_empty_space height=&#8221;100px&#8221;][vc_custom_heading text=&#8221;Sections Locales&#8221; font_container=&#8221;tag:h2|font_size:2.5em|text_align:left&#8221; google_fonts=&#8221;font_family:Montserrat%3Aregular%2C700|font_style:400%20regular%3A400%3Anormal&#8221;][\/vc_column][\/vc_row][vc_row][vc_column width=&#8221;1\/2&#8243;][vc_column_text]\n<h3 style=\"text-align: center;\"><img decoding=\"async\" loading=\"lazy\" class=\"alignnone size-medium wp-image-127800\" src=\"https:\/\/csce.ca\/wp-content\/uploads\/2019\/11\/1-4-300x300.png\" alt=\"\" width=\"300\" height=\"300\" srcset=\"https:\/\/legacy.csce.ca\/wp-content\/uploads\/2019\/11\/1-4-300x300.png 300w, https:\/\/legacy.csce.ca\/wp-content\/uploads\/2019\/11\/1-4-100x100.png 100w, https:\/\/legacy.csce.ca\/wp-content\/uploads\/2019\/11\/1-4-150x150.png 150w, https:\/\/legacy.csce.ca\/wp-content\/uploads\/2019\/11\/1-4-200x200.png 200w, https:\/\/legacy.csce.ca\/wp-content\/uploads\/2019\/11\/1-4-82x82.png 82w, https:\/\/legacy.csce.ca\/wp-content\/uploads\/2019\/11\/1-4-156x156.png 156w, https:\/\/legacy.csce.ca\/wp-content\/uploads\/2019\/11\/1-4-45x45.png 45w, https:\/\/legacy.csce.ca\/wp-content\/uploads\/2019\/11\/1-4.png 600w\" sizes=\"(max-width: 300px) 100vw, 300px\" \/><\/h3>\n<p>&nbsp;<\/p>\n<h3 style=\"text-align: center;\"><a title=\"\u00c9crire \u00e0 Helen Zhang\" href=\"mailto: bzhang@mun.ca\">Helen Zhang<\/a>, Section Chair<\/h3>\n[\/vc_column_text][\/vc_column][vc_column width=&#8221;1\/2&#8243;][vc_column_text]\n<h3 style=\"text-align: center;\"><img decoding=\"async\" loading=\"lazy\" class=\"alignnone wp-image-214631\" src=\"https:\/\/csce.ca\/wp-content\/uploads\/2023\/03\/38aa95f88d5f0fc3fc0f691abfaeaf0c.jpg\" alt=\"\" width=\"300\" height=\"300\" srcset=\"https:\/\/legacy.csce.ca\/wp-content\/uploads\/2023\/03\/38aa95f88d5f0fc3fc0f691abfaeaf0c.jpg 192w, https:\/\/legacy.csce.ca\/wp-content\/uploads\/2023\/03\/38aa95f88d5f0fc3fc0f691abfaeaf0c-150x150.jpg 150w, https:\/\/legacy.csce.ca\/wp-content\/uploads\/2023\/03\/38aa95f88d5f0fc3fc0f691abfaeaf0c-45x45.jpg 45w, https:\/\/legacy.csce.ca\/wp-content\/uploads\/2023\/03\/38aa95f88d5f0fc3fc0f691abfaeaf0c-100x100.jpg 100w\" sizes=\"(max-width: 300px) 100vw, 300px\" \/><\/h3>\n<h1 style=\"text-align: center;\">NOVA SCOTIA<\/h1>\n<h3 style=\"text-align: center;\"><a title=\"\u00c9crire \u00e0 Sarah Hansen\" href=\"mailto:sr656366@dal.ca\" target=\"_blank\" rel=\"noopener noreferrer\">Sarah Hansen<\/a> &#8211;\u00a0 Co-Section Chair<br \/>\n<a title=\"Write to Eric Tynski\" href=\"mailto:ETynski@dal.ca\" target=\"_blank\" rel=\"noopener noreferrer\">Eric Tynski<\/a> &#8211; Co-Section Chair<\/h3>\n[\/vc_column_text][\/vc_column][\/vc_row][vc_row][vc_column][vc_empty_space][\/vc_column][\/vc_row][vc_row][vc_column width=&#8221;1\/2&#8243;][vc_column_text]\n<h3 style=\"text-align: center;\"><img decoding=\"async\" loading=\"lazy\" class=\"alignnone wp-image-214047 size-medium\" src=\"https:\/\/csce.ca\/wp-content\/uploads\/2023\/03\/easternnb-section-300x298.jpg\" alt=\"\" width=\"300\" height=\"298\" srcset=\"https:\/\/legacy.csce.ca\/wp-content\/uploads\/2023\/03\/easternnb-section-300x298.jpg 300w, https:\/\/legacy.csce.ca\/wp-content\/uploads\/2023\/03\/easternnb-section-150x150.jpg 150w, https:\/\/legacy.csce.ca\/wp-content\/uploads\/2023\/03\/easternnb-section-45x45.jpg 45w, https:\/\/legacy.csce.ca\/wp-content\/uploads\/2023\/03\/easternnb-section-600x596.jpg 600w, https:\/\/legacy.csce.ca\/wp-content\/uploads\/2023\/03\/easternnb-section-100x100.jpg 100w, https:\/\/legacy.csce.ca\/wp-content\/uploads\/2023\/03\/easternnb-section.jpg 755w\" sizes=\"(max-width: 300px) 100vw, 300px\" \/><\/h3>\n<h3 style=\"text-align: center;\"><a title=\"\u00c9crire \u00e0 Melissa Losier\" href=\"mailto:melissalosier3@outlook.com\">Melissa Losier<\/a>,\u00a0Section Chair<\/h3>\n<h3><\/h3>\n[\/vc_column_text][\/vc_column][vc_column width=&#8221;1\/2&#8243;][vc_column_text]\n<h3 style=\"text-align: center;\"><img decoding=\"async\" loading=\"lazy\" class=\"alignnone wp-image-207457 size-medium\" src=\"https:\/\/csce.ca\/wp-content\/uploads\/2021\/11\/westernnb-section2-01-300x298.jpg\" alt=\"\" width=\"300\" height=\"298\" srcset=\"https:\/\/legacy.csce.ca\/wp-content\/uploads\/2021\/11\/westernnb-section2-01-300x298.jpg 300w, https:\/\/legacy.csce.ca\/wp-content\/uploads\/2021\/11\/westernnb-section2-01-150x150.jpg 150w, https:\/\/legacy.csce.ca\/wp-content\/uploads\/2021\/11\/westernnb-section2-01-45x45.jpg 45w, https:\/\/legacy.csce.ca\/wp-content\/uploads\/2021\/11\/westernnb-section2-01-600x595.jpg 600w, https:\/\/legacy.csce.ca\/wp-content\/uploads\/2021\/11\/westernnb-section2-01-100x100.jpg 100w, https:\/\/legacy.csce.ca\/wp-content\/uploads\/2021\/11\/westernnb-section2-01.jpg 756w\" sizes=\"(max-width: 300px) 100vw, 300px\" \/><\/h3>\n<h3 style=\"text-align: center;\"><a title=\"\u00c9crire \u00e0 Coady Cameron\" href=\"mailto:coady.cameron@totalpave.com\">Coady Cameron<\/a>, Section Chair<\/h3>\n<h3><\/h3>\n[\/vc_column_text][\/vc_column][\/vc_row][vc_row][vc_column width=&#8221;1\/2&#8243;][vc_column_text]\n<h3 style=\"text-align: center;\"><img decoding=\"async\" loading=\"lazy\" class=\"alignnone wp-image-213942 size-medium\" src=\"https:\/\/csce.ca\/wp-content\/uploads\/2023\/02\/pei-section-300x298.jpg\" alt=\"\" width=\"300\" height=\"298\" srcset=\"https:\/\/legacy.csce.ca\/wp-content\/uploads\/2023\/02\/pei-section-300x298.jpg 300w, https:\/\/legacy.csce.ca\/wp-content\/uploads\/2023\/02\/pei-section-150x150.jpg 150w, https:\/\/legacy.csce.ca\/wp-content\/uploads\/2023\/02\/pei-section-45x45.jpg 45w, https:\/\/legacy.csce.ca\/wp-content\/uploads\/2023\/02\/pei-section-600x596.jpg 600w, https:\/\/legacy.csce.ca\/wp-content\/uploads\/2023\/02\/pei-section-100x100.jpg 100w, https:\/\/legacy.csce.ca\/wp-content\/uploads\/2023\/02\/pei-section.jpg 755w\" sizes=\"(max-width: 300px) 100vw, 300px\" \/><\/h3>\n<h3 style=\"text-align: center;\"><a title=\"\u00c9crire \u00e0 Xander Wang\" href=\"mailto:xxwang@upei.ca\">Xander Wang<\/a>, Section Chair<\/h3>\n<h3><\/h3>\n[\/vc_column_text][\/vc_column][vc_column width=&#8221;1\/2&#8243;][\/vc_column][\/vc_row]\n","protected":false},"excerpt":{"rendered":"<p>[vc_row][vc_column][vc_single_image image=&#8221;215656&#8243; img_size=&#8221;large&#8221; alignment=&#8221;center&#8221;][vc_column_text] J\u00e9r\u00e9mie Aub\u00e9, Vice-pr\u00e9sident de la R\u00e9gion [\/vc_column_text][vc_empty_space height=&#8221;100px&#8221;][vc_custom_heading text=&#8221;Sections Locales&#8221; font_container=&#8221;tag:h2|font_size:2.5em|text_align:left&#8221; google_fonts=&#8221;font_family:Montserrat%3Aregular%2C700|font_style:400%20regular%3A400%3Anormal&#8221;][\/vc_column][\/vc_row][vc_row][vc_column width=&#8221;1\/2&#8243;][vc_column_text] &nbsp; Helen Zhang, Section Chair [\/vc_column_text][\/vc_column][vc_column width=&#8221;1\/2&#8243;][vc_column_text] NOVA SCOTIA Sarah Hansen &#8211;\u00a0 Co-Section [&hellip;]<\/p>\n","protected":false},"author":1,"featured_media":0,"parent":6861,"menu_order":0,"comment_status":"closed","ping_status":"closed","template":"","meta":[],"acf":[],"_links":{"self":[{"href":"https:\/\/legacy.csce.ca\/fr\/wp-json\/wp\/v2\/pages\/6877"}],"collection":[{"href":"https:\/\/legacy.csce.ca\/fr\/wp-json\/wp\/v2\/pages"}],"about":[{"href":"https:\/\/legacy.csce.ca\/fr\/wp-json\/wp\/v2\/types\/page"}],"author":[{"embeddable":true,"href":"https:\/\/legacy.csce.ca\/fr\/wp-json\/wp\/v2\/users\/1"}],"replies":[{"embeddable":true,"href":"https:\/\/legacy.csce.ca\/fr\/wp-json\/wp\/v2\/comments?post=6877"}],"version-history":[{"count":4,"href":"https:\/\/legacy.csce.ca\/fr\/wp-json\/wp\/v2\/pages\/6877\/revisions"}],"predecessor-version":[{"id":215669,"href":"https:\/\/legacy.csce.ca\/fr\/wp-json\/wp\/v2\/pages\/6877\/revisions\/215669"}],"up":[{"embeddable":true,"href":"https:\/\/legacy.csce.ca\/fr\/wp-json\/wp\/v2\/pages\/6861"}],"wp:attachment":[{"href":"https:\/\/legacy.csce.ca\/fr\/wp-json\/wp\/v2\/media?parent=6877"}],"curies":[{"name":"wp","href":"https:\/\/api.w.org\/{rel}","templated":true}]}}