{"id":6863,"date":"2018-09-26T02:16:51","date_gmt":"2018-09-26T06:16:51","guid":{"rendered":"http:\/\/csce.ca\/?page_id=6863"},"modified":"2024-03-27T16:20:44","modified_gmt":"2024-03-27T20:20:44","slug":"comite-des-distinctions-honorifiques-et-fellowships","status":"publish","type":"page","link":"https:\/\/legacy.csce.ca\/fr\/committees\/comite-des-distinctions-honorifiques-et-fellowships\/","title":{"rendered":"Comit\u00e9 des distinctions honorifiques et fellowships"},"content":{"rendered":"[vc_row][vc_column width=&#8221;1\/2&#8243;][vc_row_inner][vc_column_inner width=&#8221;2\/3&#8243;][vc_single_image image=&#8221;1817&#8243; img_size=&#8221;large&#8221; style=&#8221;vc_box_shadow&#8221; css_animation=&#8221;bottom-to-top&#8221;][\/vc_column_inner][vc_column_inner width=&#8221;1\/3&#8243;][\/vc_column_inner][\/vc_row_inner][vc_column_text]BOURSES ET PRIX DE LA MEILLEURE COMMUNICATION TECHNIQUE<\/p>\n<p>En plus des fellowships et des Prix de carri\u00e8re et organisationnels, la SCGC attribute une bourse et plusieurs Prix de la meilleure communication technique.<\/p>\n<p><a title=\"Bursaries\" href=\"\/bursaries\/\">Bourses:<\/a>\u00a0 le Fellowship Donald Jamieson est attribu\u00e9 par la SCGC \u00e0 des \u00e9tudiants du\u00a02e cycle\u00a0inscrits \u00e0 temps plein dans des universit\u00e9s canadiennes.<\/p>\n<p><a title=\"Technical Paper Awards\" href=\"\/technical-paper-awards\/\">Prix de la meilleure communication technique:<\/a>\u00a0plusieurs prix sont d\u00e9cern\u00e9s chaque ann\u00e9e pour des communications techniques publi\u00e9es dans le <a href=\"https:\/\/cdnsciencepub.com\/journal\/cjce\" target=\"_blank\" rel=\"noopener\">Canadian Journal of Civil Engineering<\/a>.<\/p>\n<p><a href=\"\/wp-content\/uploads\/2018\/09\/Golder-Hydrotech-ToRs-F.pdf\" target=\"_blank\" rel=\"noopener noreferrer\">Prix du g\u00e9nie hydrotechnique<\/a>: le prix est pr\u00e9sent\u00e9 chaque ann\u00e9e pour le meilleur th\u00e8se de ma\u00eetrise au Canada, li\u00e9es \u00e0 des disciplines hydrotechniques.[\/vc_column_text][\/vc_column][vc_column width=&#8221;1\/2&#8243;][vc_column_text]Le programme des distinctions honorifiques de la SCGC est g\u00e9r\u00e9 conjointement par le Comit\u00e9 des distinctions honorifiques et fellowships de la SCGC et par\u00a0 les fiduciaires de la Fondation de la SCGC (un organisme de bienfaisance\u00a0canadien enregistr\u00e9). Ce programme est financ\u00e9\u00a0 gr\u00e2ce \u00e0 la g\u00e9n\u00e9rosit\u00e9 des membres de la SCGC et d\u2019autres personnes qui appuient la mission de la Soci\u00e9t\u00e9. Ces distinctions honorifiques soulignent et encouragent la poursuite de l\u2019excellence<\/p>\n<p>Le livret des prix\u00a0c\u00e9l\u00e8bre les r\u00e9cipiendaires de l&#8217;ann\u00e9e ainsi que\u00a0ceux des ann\u00e9es pr\u00e9c\u00e9dentes. Il contient aussi la liste des membres du comit\u00e9 des\u00a0Honneurs et distinctions\u00a0et\u00a0des les divers\u00a0comit\u00e9s de s\u00e9lection des prix.<\/p>\n<ul>\n<li>Prix et Distinctions 2023 &#8211; <a href=\"https:\/\/legacy.csce.ca\/wp-content\/uploads\/2023\/07\/2023-CSCE-Awards-Booklet.pdf\" target=\"_blank\" rel=\"noopener\">Visionner le livret des prix<\/a><\/li>\n<li>Prix et Distinctions 2020 &#8211; <a href=\"https:\/\/legacy.csce.ca\/wp-content\/uploads\/2021\/02\/CSCE-2020-Awards-Book-Feb12.pdf\" target=\"_blank\" rel=\"noopener\">Visionner le livret des prix<\/a><\/li>\n<li>Prix et Distinctions 2019 &#8211; <a href=\"https:\/\/legacy.csce.ca\/wp-content\/uploads\/2020\/10\/CSCE-2019-Awards-HAF-v2.pdf\" target=\"_blank\" rel=\"noopener noreferrer\">Visionner le livret des prix<\/a><\/li>\n<li>Prix et Distinctions 2018 &#8211; <a href=\"https:\/\/legacy.csce.ca\/wp-content\/uploads\/2020\/10\/CSCE-2018-HaF-Awards-J27-FinalRev-3.pdf\" target=\"_blank\" rel=\"noopener noreferrer\">Visionner le livret des prix<\/a><\/li>\n<li>Prix et distinctions 2017 &#8211; <a href=\"https:\/\/legacy.csce.ca\/wp-content\/uploads\/2020\/10\/CSCE-2017-HaF-Corrected-with-2015s-v-2.pdf\" target=\"_blank\" rel=\"noopener noreferrer\">Visionner le livret des prix<\/a><a href=\"\/wp-content\/uploads\/2018\/09\/CSCE-2017-HaF-Corrected-with-2015s.pdf\" target=\"_blank\" rel=\"noopener noreferrer\"><br \/>\n<\/a><a href=\"https:\/\/staciecarrphotography.pixieset.com\/csce2017conferencevancouver\/\">Prix et distinctions 2017 &#8211; Visionner les photos<\/a><\/li>\n<\/ul>\n[\/vc_column_text][\/vc_column][\/vc_row][vc_row][vc_column][vc_tta_accordion style=&#8221;modern&#8221; shape=&#8221;square&#8221; active_section=&#8221;4546676s8d7g6sgljsdruwe45454df7s&#8221; collapsible_all=&#8221;true&#8221;][vc_tta_section title=&#8221;FELLOWSHIPS (FCSCE)&#8221; tab_id=&#8221;members-committee&#8221;][vc_column_text]Sauf exception, les personnes s\u00e9lectionn\u00e9es doivent \u00eatre ag\u00e9es d\u2019au moins 45 ans. Un candidat doit avoir au <strong>minimum 10 ans d\u2019exp\u00e9rience professionnelle<\/strong> et avoir \u00e9t\u00e9 membre \u00e0 vie de la SCGC [(Membre \u00e0 vie (LMSCGC), Membre (MSCGC), Membre associ\u00e9 (MASCGC)]\u00a0<strong>de plein droit pendant une p\u00e9riode minimum de cinq ann\u00e9es cons\u00e9cutives<\/strong>. Une mise en\u00a0candidature compl\u00e8te requiert\u00a0trois parrains qui sont membres en r\u00e8gle de la SCGC, et dont un est un Fellow en r\u00e8gle de la SCGC, des lettres de r\u00e9f\u00e9rence distinctes de deux des parrains, ainsi qu\u2019un\u00a0curriculum vitae du candidat (maximum\u00a0de 5 pages). Veuillez\u00a0soumettre le(s) formulaire(s) dument remplis et les lettres de r\u00e9f\u00e9rence\u00a0<strong>\u00e9lectroniquement<\/strong>\u00a0<strong>par courriel<\/strong> avant le<strong> 1 d\u00e9cembre<\/strong> \u00e0 <a href=\"mailto:awards@csce.ca\">awards@csce.ca<\/a>.<\/p>\n<p><strong>*** \u00c0 NOTER *** LES NOMINATIONS POUR LES FELLOWSHIPS DE LA SCGC SONT STRICTEMENT CONFIDENTIELLES. LES NOMIN\u00c9S NE PEUVENT SOUMETTRE LEUR PROPRE CANDIDATURE OU \u00caTRE AVIS\u00c9S DE LEUR NOMINATION AVANT QUE LES S\u00c9LECTIONS FINALES NE SOIENT EFFECTU\u00c9ES.<\/strong><\/p>\n<p>Une copie du formulaire de candidature de Fellowship est disponible en format Word \u00e0 ce lien <a href=\"https:\/\/legacy.csce.ca\/wp-content\/uploads\/2019\/11\/CSCE-FELLOWSHIP-NOMINATION-FORMFR.doc\"><strong>CSCE FELLOWSHIP NOMINATION FORM<\/strong><\/a>[\/vc_column_text][\/vc_tta_section][vc_tta_section title=&#8221;PRIX CARRI\u00c8RE ET INSTITUTIONNELS&#8221; tab_id=&#8221;1483673810206-ef9161cf-d2c9&#8243;][vc_column_text]Les candidatures peuvent \u00eatre soumises \u00e0 tout moment pour les prix mentionn\u00e9s ci-dessous; les candidatures re\u00e7ues chaque ann\u00e9e avant le <strong>1 d\u00e9cembre<\/strong> seront prises en consid\u00e9ration pour les prix qui seront d\u00e9cern\u00e9s l&#8217;ann\u00e9e suivante lors du gala annuel des prix de la SCGC tenu parall\u00e8lement au congr\u00e8s annuel de la SCGC. \u00a0Veuillez soumettre les candidatures,\u00a0 en pr\u00e9cisant le titre du prix, par courriel \u00e0 <a href=\"mailto:awards@csce.ca\" target=\"_blank\" rel=\"noopener noreferrer\">awards@csce.ca<\/a>.<\/p>\n<p><strong>PRIX A.B. SANDERSON<br \/>\n<\/strong>Reconnait les contributions exceptionnelles d\u2019un ing\u00e9nieur civil au d\u00e9veloppement et la pratique du g\u00e9nie des structures au Canada.\u00a0<a href=\"\/wp-content\/uploads\/2018\/09\/Sanderson-ToRs-F.pdf\" target=\"_blank\" rel=\"noopener noreferrer\">Cadre de reference<\/a><\/p>\n<p><strong>M\u00c9DAILLE ALBERT E. BERRY<\/strong><br \/>\nReconnait les contributions significatives d\u2019un ing\u00e9nieur civil dans le domaine du g\u00e9nie de l\u2019environnement au Canada.\u00a0<a href=\"\/wp-content\/uploads\/2018\/09\/Berry-ToRs-F.pdf\" target=\"_blank\" rel=\"noopener noreferrer\">Cadre de reference<\/a><\/p>\n<p><strong>PRIX CAMILLE A. DAGENAIS<\/strong><br \/>\nEst d\u00e9cern\u00e9\u00a0\u00e0 un\u00a0ing\u00e9nieur civil qui\u00a0s\u2019est distingu\u00e9 par des\u00a0contributions exceptionnelles au d\u00e9veloppement et \u00e0 la pratique du g\u00e9nie\u00a0hydrotechnique au Canada.\u00a0<a href=\"\/wp-content\/uploads\/2018\/09\/Dagenais-ToRs-F.pdf\" target=\"_blank\" rel=\"noopener noreferrer\">Cadre de r\u00e9f\u00e9rence<\/a><\/p>\n<p><strong>PRIX WHITMAN WRIGHT<\/strong><br \/>\nEst d\u00e9cern\u00e9 \u00e0 un ing\u00e9nieur civil qui s\u2019est distingu\u00e9 par d\u2019importantes contributions au d\u00e9veloppement des applications\u00a0informatiques au g\u00e9nie civil au Canada.\u00a0<a href=\"https:\/\/legacy.csce.ca\/wp-content\/uploads\/2018\/09\/Whitman-Wright-ToRs-F.pdf\" target=\"_blank\" rel=\"noopener noreferrer\">Cadre de r\u00e9f\u00e9rence<\/a>\u00a0 <a href=\"https:\/\/legacy.csce.ca\/wp-content\/uploads\/2020\/09\/French-IIT-WhitmanWrightAward-Submission-form.doc\" target=\"_blank\" rel=\"noopener noreferrer\">Formulaire de soumission<\/a><\/p>\n<p><strong>M\u00c9DAILLE HORST LEIPHOLZ<\/strong><br \/>\nEst d\u00e9cern\u00e9e \u00e0 un ing\u00e9nieur civil qui s\u2019est distingu\u00e9 par des contributions exceptionnelles \u00e0 la recherche et\/ou\u00a0la pratique dans le domaine de la m\u00e9canique appliqu\u00e9e au Canada.<br \/>\n<a href=\"\/wp-content\/uploads\/2018\/09\/Leipholz-ToRs-F.pdf\" target=\"_blank\" rel=\"noopener noreferrer\">Cadre de r\u00e9f\u00e9rence<\/a><\/p>\n<p><strong>PRIX JAMES A. VANCE<\/strong><br \/>\nEst d\u00e9cern\u00e9 \u00e0 un membre de la SCGC qui, dans un poste autre que celui de pr\u00e9sident,\u00a0a contribu\u00e9 \u00e0 l\u2019avancement de la SCGC et qui a termin\u00e9, ou a r\u00e9cemment termin\u00e9, un mandat dans un ou plusieurs postes successifs au niveau national.<br \/>\n<a href=\"\/wp-content\/uploads\/2018\/09\/Vance-ToRs-F.pdf\" target=\"_blank\" rel=\"noopener noreferrer\">Cadre de r\u00e9f\u00e9rence<\/a><\/p>\n<p><strong>PRIX SANDFORD FLEMING<br \/>\n<\/strong>Est d\u00e9cern\u00e9 \u00e0 un ing\u00e9nieur civil qui s\u2019est distingu\u00e9 par des contributions exceptionnelles \u00e0 la recherche et\/ou pratique dans le domaine du\u00a0g\u00e9nie des transports au Canada.<br \/>\n<a href=\"\/wp-content\/uploads\/2018\/09\/Fleming-ToRs-F.pdf\" target=\"_blank\" rel=\"noopener noreferrer\">Cadre de r\u00e9f\u00e9rence<\/a><\/p>\n<p><strong>PRIX WALTER SHANLY <\/strong><br \/>\nEst d\u00e9cern\u00e9 \u00e0 un ing\u00e9nieur civil qui s\u2019est distingu\u00e9 par des contributions exceptionnelles \u00e0 l\u2019avancement du\u00a0g\u00e9nie de la construction au Canada.<br \/>\n<a href=\"\/wp-content\/uploads\/2018\/09\/Shanly-ToRs-F.pdf\" target=\"_blank\" rel=\"noopener noreferrer\">Cadre de r\u00e9f\u00e9rence<\/a><\/p>\n<p><strong>PRIX W. GORDON PLEWES<\/strong><br \/>\nEst d\u00e9cern\u00e9 \u00e0 une personne qui s\u2019est distingu\u00e9e par des contributions remarquables \u00e0 l\u2019\u00e9tude et la compr\u00e9hension de l\u2019histoire du g\u00e9nie civil au Canada ou \u00e0 des ing\u00e9nieurs canadiens pour leurs\u00a0r\u00e9alisations\u00a0dans le\u00a0g\u00e9nie civil \u00e0 travers le monde. Le r\u00e9cipiendaire est normalement une personne qui n\u2019est pas n\u00e9cessairement un ing\u00e9nieur mais le prix peut, dans des circonstances sp\u00e9ciales, \u00eatre attribu\u00e9 \u00e0 une organisation.<br \/>\n<a href=\"\/wp-content\/uploads\/2018\/09\/Plewes-ToRs1.pdf\" target=\"_blank\" rel=\"noopener noreferrer\">Cadre de r\u00e9f\u00e9rence<\/a><\/p>\n<p><b>M\u00c9DAILLE PETER M. WRIGHT<br aria-hidden=\"true\" \/><\/b>Nomm\u00e9e en l&#8217;honneur de son premier r\u00e9cipiendaire, la M\u00e9daille Peter M. Wright rend hommage aux membres de longue date de la SCGC qui, au fil des d\u00e9cennies, ont fourni un service et un soutien exceptionnels \u00e0 la Soci\u00e9t\u00e9. <a href=\"https:\/\/legacy.csce.ca\/wp-content\/uploads\/2023\/10\/CSCE-Peter-M-Wright-Medal-Terms-of-Reference_FR.pdf\" target=\"_blank\" rel=\"noopener\">Termes de r\u00e9f\u00e9rence<\/a><br aria-hidden=\"true\" \/>\u00a0<br aria-hidden=\"true\" \/><b>PRIX RALPH HAAS<br aria-hidden=\"true\" \/><\/b>Le prix Ralph Haas sera d\u00e9cern\u00e9 \u00e0 un membre de la SCGC qui a apport\u00e9 une contribution vraiment exceptionnelle \u00e0 la pratique et\/ou \u00e0 la recherche en mati\u00e8re d&#8217;infrastructures durables au Canada dans l&#8217;un des domaines suivants : construction, transport, d\u00e9veloppement durable, gestion des actifs et gestion des chauss\u00e9es. <a href=\"https:\/\/legacy.csce.ca\/wp-content\/uploads\/2023\/10\/CSCE-Ralph-Haas-Award-Terms-of-Reference_FR.pdf\" target=\"_blank\" rel=\"noopener\">Termes de r\u00e9f\u00e9rence<\/a><\/p>\n<p><strong>PRIX D\u2019EXCELLENCE EN INNOVATION DANS LE DOMAINE DU G\u00c9NIE CIVIL <\/strong>(date limite de d\u00e9p\u00f4t des candidatures: <strong>15 janvier<\/strong> pour une s\u00e9lection la m\u00eame ann\u00e9e)<br \/>\nSouligne l\u2019excellence en innovation dans le domaine du g\u00e9nie civil dont a fait preuve une personne ou un groupe de personnes pratiquant le g\u00e9nie civil au Canada, une firme canadienne d\u2019ing\u00e9nierie ou un organisme canadien de recherche.<br \/>\nFormulaires: \u00a0<a href=\"\/wp-content\/uploads\/2018\/09\/CANAM-Innovation-ToRs-F.pdf\" target=\"_blank\" rel=\"noopener noreferrer\">Cadre de r\u00e9f\u00e9rence<\/a>,\u00a0<a href=\"\/wp-content\/uploads\/2018\/09\/Formulaire-d%E2%80%99inscription-du-projet.pdf\" target=\"_blank\" rel=\"noopener noreferrer\">Formulaire d\u2019inscription du projet<\/a>,\u00a0<a href=\"\/wp-content\/uploads\/2018\/09\/Formulaire-officiel-de-soumission.pdf\" target=\"_blank\" rel=\"noopener noreferrer\">Formulaire officiel de soumission<\/a><\/p>\n<p><strong>PRIX DU LEADERSHIP GOUVERNEMENTAL EN INFRASTRUCTURES DURABLES<\/strong> (date limite de d\u00e9p\u00f4t des candidatures: <strong>15 janvier<\/strong> pour une s\u00e9lection la m\u00eame ann\u00e9e)<br \/>\nR\u00e9compense des membres du secteur public qui, par un projet ou un programme, construisent pour l\u2019avenir. Tout gouvernement municipal, provincial ou d\u00e9partement f\u00e9d\u00e9ral ou publiquement contr\u00f4l\u00e9e ou poss\u00e9d\u00e9e entit\u00e9\u00a0qui planifie, con\u00e7oit, construit ou livre un programme ou projet d\u2019infrastructure qui prolonge d\u2019une mani\u00e8re significative la vie de ces actifs critiques, fait un meilleur usage des ressources et r\u00e9duit l\u2019impact sur l\u2019environnement peut postuler.<br \/>\nFormulaires: <a href=\"\/wp-content\/uploads\/2019\/01\/Prix-SCGC-Infrastructures-durables-Directives.pdf\">Directives de soumission<\/a>, <a href=\"https:\/\/legacy.csce.ca\/wp-content\/uploads\/2023\/10\/Prix-SCGC-Infrastructures-durables-Mise-en-candidature.pdf\" target=\"_blank\" rel=\"noopener\">Prix-SCGC-Infrastructures-durables-Mise-en-candidature<\/a><\/p>\n<p><strong>PRIX DU JEUNE\u00a0ING\u00c9NIEUR\u00a0PROFESSIONNEL<\/strong> (date limite de d\u00e9p\u00f4t des candidatures: <strong>15 janvier<\/strong> pour une s\u00e9lection la m\u00eame ann\u00e9e)<br \/>\nD\u00e9cern\u00e9 annuellement \u00e0 un membre ou un membre associ\u00e9 de la SCGC qui a accompli des r\u00e9alisations exceptionnelles en tant que jeune ing\u00e9nieur professionnel.\u00a0 Les candidats ne doivent normalement pas \u00eatre \u00e2g\u00e9s de plus de 35 ans au 31 d\u00e9cembre de l\u2019ann\u00e9e o\u00f9 le prix est d\u00e9cern\u00e9 mais ce d\u00e9lai peut \u00eatre prorog\u00e9 pour les candidats qui ont pris des cong\u00e9s prolong\u00e9s de leur pratique professionnelle.<br \/>\nFormulaires: <a href=\"https:\/\/legacy.csce.ca\/wp-content\/uploads\/2020\/10\/Prix-du-jeune-ing\u00e9nieur-professionnel-de-la-SCGC-2020.pdf\" target=\"_blank\" rel=\"noopener noreferrer\">Directives de mise en candidature<\/a> et <a href=\"https:\/\/legacy.csce.ca\/wp-content\/uploads\/2023\/10\/Formulaire-de-mise-en-candidature-pour-le-Prix-du-jeune-ingenieur-professionnel-de-la-SCGC.docx\" target=\"_blank\" rel=\"noopener\">Formulaire de mise en candidature<\/a>[\/vc_column_text][\/vc_tta_section][\/vc_tta_accordion][\/vc_column][\/vc_row][vc_row][vc_column][\/vc_column][\/vc_row]\n","protected":false},"excerpt":{"rendered":"<p>[vc_row][vc_column width=&#8221;1\/2&#8243;][vc_row_inner][vc_column_inner width=&#8221;2\/3&#8243;][vc_single_image image=&#8221;1817&#8243; img_size=&#8221;large&#8221; style=&#8221;vc_box_shadow&#8221; css_animation=&#8221;bottom-to-top&#8221;][\/vc_column_inner][vc_column_inner width=&#8221;1\/3&#8243;][\/vc_column_inner][\/vc_row_inner][vc_column_text]BOURSES ET PRIX DE LA MEILLEURE COMMUNICATION TECHNIQUE En plus des fellowships et des Prix de carri\u00e8re et organisationnels, la SCGC attribute une [&hellip;]<\/p>\n","protected":false},"author":1,"featured_media":0,"parent":3081,"menu_order":0,"comment_status":"closed","ping_status":"closed","template":"","meta":[],"acf":[],"_links":{"self":[{"href":"https:\/\/legacy.csce.ca\/fr\/wp-json\/wp\/v2\/pages\/6863"}],"collection":[{"href":"https:\/\/legacy.csce.ca\/fr\/wp-json\/wp\/v2\/pages"}],"about":[{"href":"https:\/\/legacy.csce.ca\/fr\/wp-json\/wp\/v2\/types\/page"}],"author":[{"embeddable":true,"href":"https:\/\/legacy.csce.ca\/fr\/wp-json\/wp\/v2\/users\/1"}],"replies":[{"embeddable":true,"href":"https:\/\/legacy.csce.ca\/fr\/wp-json\/wp\/v2\/comments?post=6863"}],"version-history":[{"count":5,"href":"https:\/\/legacy.csce.ca\/fr\/wp-json\/wp\/v2\/pages\/6863\/revisions"}],"predecessor-version":[{"id":218272,"href":"https:\/\/legacy.csce.ca\/fr\/wp-json\/wp\/v2\/pages\/6863\/revisions\/218272"}],"up":[{"embeddable":true,"href":"https:\/\/legacy.csce.ca\/fr\/wp-json\/wp\/v2\/pages\/3081"}],"wp:attachment":[{"href":"https:\/\/legacy.csce.ca\/fr\/wp-json\/wp\/v2\/media?parent=6863"}],"curies":[{"name":"wp","href":"https:\/\/api.w.org\/{rel}","templated":true}]}}