{"id":6833,"date":"2018-09-26T01:04:06","date_gmt":"2018-09-26T05:04:06","guid":{"rendered":"http:\/\/csce.ca\/?page_id=6833"},"modified":"2018-09-26T01:13:32","modified_gmt":"2018-09-26T05:13:32","slug":"innovation-et-ti","status":"publish","type":"page","link":"https:\/\/legacy.csce.ca\/fr\/committees\/innovation-et-ti\/","title":{"rendered":"Comit\u00e9 d&#8217;innovation et TI"},"content":{"rendered":"[vc_row][vc_column width=&#8221;1\/3&#8243;][vc_single_image image=&#8221;6839&#8243; img_size=&#8221;large&#8221; style=&#8221;vc_box_shadow&#8221; css_animation=&#8221;bottom-to-top&#8221;][\/vc_column][vc_column width=&#8221;2\/3&#8243;][vc_tta_accordion style=&#8221;modern&#8221; active_section=&#8221;1&#8243;][vc_tta_section title=&#8221;Mission&#8221; tab_id=&#8221;mandate_committee&#8221;][vc_column_text]L\u2019<b>\u00e9nonc\u00e9 de mission <\/b>de ce comit\u00e9 est:<\/p>\n<ul>\n<li>am\u00e9lioration de l\u2019image du g\u00e9nie civil comme choix de carri\u00e8re et profession pour ce qui est des technologies \u00e9mergeantes<\/li>\n<li>rapprocher le monde du g\u00e9nie civil canadien des technologies \u00e9mergentes<\/li>\n<li>favoriser le d\u00e9veloppement de nouvelles applications pour les technologies \u00e9mergentes et rechercher des moyens efficaces de les transf\u00e9rer \u00e0 la pratique<\/li>\n<li>\u00e9tablir un r\u00e9seau entre les leaders de diverses disciplines de g\u00e9nie civil impliqu\u00e9s dans les aspects conceptuels, informatiques et techniques de l\u2019innovation au Canada<\/li>\n<li>fournir un forum pour l\u2019\u00e9change et la coop\u00e9ration entre les personnes int\u00e9ress\u00e9es par l\u2019innovation<\/li>\n<li>reconna\u00eetre les activit\u00e9s en innovation et TI au Canada et assurer la liaison avec les soci\u00e9t\u00e9s de g\u00e9nie civil internationales dans ces activit\u00e9s<\/li>\n<\/ul>\n[\/vc_column_text][\/vc_tta_section][vc_tta_section title=&#8221;Activit\u00e9s&#8221; tab_id=&#8221;objectives-committee&#8221;][vc_column_text]Les <b>activit\u00e9s r\u00e9guli\u00e8res<\/b> peuvent \u00eatre r\u00e9sum\u00e9es comme suit:<\/p>\n<ul>\n<li>organisation de sessions sp\u00e9ciales sur l\u2019innovation et les TI lors du congr\u00e8s annuel de la SCGC<\/li>\n<li>organisation de tourn\u00e9es de conf\u00e9rences nationales \/ r\u00e9gionales, de s\u00e9minaires et groupes de travail sur les innovations et les TI en g\u00e9nie civil<\/li>\n<li>mise en place de conf\u00e9rences sp\u00e9cialis\u00e9es sur l\u2019innovation et les TI en g\u00e9nie civil<\/li>\n<li>publication d\u2019un bulletin \u00e9lectronique en cas de besoin<\/li>\n<li>publication d\u2019informations sur le comit\u00e9 sur le site web de la SCGC<\/li>\n<li>coordination de num\u00e9ros sp\u00e9ciaux du Canadian Journal of Civil Engineering et de l\u2019Ing\u00e9nieur civil canadien consacr\u00e9s \u00e0 l\u2019innovation et les TI en g\u00e9nie civil<\/li>\n<\/ul>\n<p>Les activit\u00e9s courantes sont disponibles dans la <b>page<\/b> <b>Activit\u00e9s page<\/b> de ce site web.<\/p>\n[\/vc_column_text][\/vc_tta_section][vc_tta_section title=&#8221;Activities (June 2013 \u2013 December 2014)&#8221; tab_id=&#8221;1480299759963-91d8c0a1-d095&#8243;][vc_column_text]\n<ul>\n<li>Co-sponsor, together with EMM Division, the EMI 2014 (Engineering Mechanics Institute) Conference (<a href=\"http:\/\/emi2014.mcmaster.ca\/index.php\/emi2014\/EMI2014\">http:\/\/emi2014.mcmaster.ca\/index.php\/emi2014\/EMI2014<\/a>) at McMaster University, Hamilton, Ontario, August 2014.<\/li>\n<li>Continue to administrate the two Awards: Whitman Wright Award for Excellence in IIT in Civil Engineering, and Excellence in Innovation in Civil Engineering Award<\/li>\n<li>Support to the National Office on 1-day course on introducing a new CSA Standard \u201cCSA-S850-12 Design and Assessment of Buildings Subjected to Blast Loads\u201d (fall 2013)<\/li>\n<li>Support to the National Office on the National Lecture Tour (NLT, fall 2014) on \u201cSmart Technologies and Structural Health Monitoring for Civil Engineering\u201d, which has been proposed by the IIT<\/li>\n<li>Explore potential collaboration with national\/international associations in terms of participation in and\/or contribution to the organizing of innovation and IT related events, i.e. conferences or workshops.<\/li>\n<li>CSCE Lead in ICE-ASCE-CSCE Cooperative Body for \u201cCodes and Standards: opportunities for common efforts\u201d<\/li>\n<\/ul>\n[\/vc_column_text][\/vc_tta_section][\/vc_tta_accordion][\/vc_column][\/vc_row][vc_row][vc_column][vc_tta_accordion style=&#8221;modern&#8221; shape=&#8221;square&#8221; active_section=&#8221;4546676s8d7g6sgljsdruwe45454df7s&#8221; collapsible_all=&#8221;true&#8221;][vc_tta_section title=&#8221;Composition du comit\u00e9&#8221; tab_id=&#8221;members-committee&#8221;][vc_column_text]Comit\u00e9 technique de l\u2019innovation et des TI \u2013 Liste des\u00a0membres (2012)<\/p>\n<table border=\"1\" cellspacing=\"0\" cellpadding=\"0\">\n<tbody>\n<tr>\n<td align=\"left\" valign=\"top\"><strong>\u00a0Poste<\/strong><\/td>\n<td align=\"left\" valign=\"top\">\n<p align=\"center\"><strong>Nom<\/strong><\/p>\n<\/td>\n<td align=\"left\" valign=\"top\">\n<p align=\"center\"><strong>Organisation<\/strong><\/p>\n<\/td>\n<td align=\"left\" valign=\"top\">\n<p align=\"center\"><strong>Courriel<\/strong><\/p>\n<\/td>\n<td align=\"left\" valign=\"top\">\n<p align=\"center\"><strong>Int\u00e9r\u00eats<\/strong><\/p>\n<\/td>\n<\/tr>\n<tr>\n<td align=\"left\" valign=\"top\">Pr\u00e9sident<\/td>\n<td align=\"left\" valign=\"top\">Simon Foo<\/td>\n<td align=\"left\" valign=\"top\">Travaux publics et services gouvernementaux\u00a0\u00a0Canada<\/td>\n<td align=\"left\" valign=\"top\"><a href=\"mailto:Simon.Foo@tpsgc-pwgsc.gc.ca\">Simon.Foo@tpsgc-pwgsc.gc.ca<\/a><\/td>\n<td align=\"left\" valign=\"top\">Structures, gestion des risques en ing\u00e9nierie<\/td>\n<\/tr>\n<tr>\n<td align=\"left\" valign=\"top\">Past Chair<\/td>\n<td align=\"left\" valign=\"top\">George Akhras<\/td>\n<td align=\"left\" valign=\"top\">Coll\u00e8ge\u00a0 militaire royal\u00a0du\u00a0Canada<\/td>\n<td align=\"left\" valign=\"top\"><a href=\"mailto:akhras@rmc.ca\">akhras@rmc.ca<\/a><\/td>\n<td align=\"left\" valign=\"top\">Mat\u00e9riaux et structures intelligents www.smartmaterials.ca<\/td>\n<\/tr>\n<tr>\n<td align=\"left\" valign=\"top\">Membre<\/td>\n<td align=\"left\" valign=\"top\">Nourreddine Benichou<\/td>\n<td align=\"left\" valign=\"top\">Conseil national de recherches Canada<\/td>\n<td align=\"left\" valign=\"top\"><a href=\"mailto:noureddine.benichou@nrc-cnrc.gc.ca\">noureddine.benichou@nrc-cnrc.gc.ca<\/a><\/td>\n<td align=\"left\" valign=\"top\">Incendie, structures<\/td>\n<\/tr>\n<tr>\n<td align=\"left\" valign=\"top\">Membre<\/td>\n<td align=\"left\" valign=\"top\">Philippe Chang<\/td>\n<td align=\"left\" valign=\"top\">Universidad Nacional de Colombia Sede Manizales<\/td>\n<td align=\"left\" valign=\"top\"><a href=\"mailto:pchang@unal.edu.co\">pchang@unal.edu.co<\/a><\/td>\n<td align=\"left\" valign=\"top\">Mod\u00e9lisation, hydraulique<\/td>\n<\/tr>\n<tr>\n<td align=\"left\" valign=\"top\">Membre<\/td>\n<td align=\"left\" valign=\"top\">Samir Chidiac<\/td>\n<td align=\"left\" valign=\"top\">McMaster University<\/td>\n<td align=\"left\" valign=\"top\">\u00a0<a href=\"mailto:chidiac@mcmaster.ca\">chidiac@mcmaster.ca<\/a><\/td>\n<td align=\"left\" valign=\"top\">Mat\u00e9riaux structuraux, technologies de reparation du b\u00e9ton, m\u00e9thodes num\u00e9riques, structures de ma\u00e7onnerie en pierre<\/td>\n<\/tr>\n<tr>\n<td align=\"left\" valign=\"top\">Membre<\/td>\n<td align=\"left\" valign=\"top\">Y. H. Han<\/td>\n<td align=\"left\" valign=\"top\">Fluor Alberta, Calgary<\/td>\n<td align=\"left\" valign=\"top\"><a href=\"mailto:yingcai.han@fluor.com\">yingcai.han@fluor.com<\/a><\/td>\n<td align=\"left\" valign=\"top\">G\u00e9otechnique, interaction sol-structure<\/td>\n<\/tr>\n<tr>\n<td align=\"left\" valign=\"top\">Membre<\/td>\n<td align=\"left\" valign=\"top\">O. Burkan Isgor<\/td>\n<td align=\"left\" valign=\"top\">Carleton University<\/td>\n<td align=\"left\" valign=\"top\"><a href=\"mailto:burkan_isgor@carleton.ca\">burkan_isgor@carleton.ca<\/a><\/td>\n<td align=\"left\" valign=\"top\">Mod\u00e9lisation par \u00e9l\u00e9ments finis<\/td>\n<\/tr>\n<tr>\n<td align=\"left\" valign=\"top\">Membre<\/td>\n<td align=\"left\" valign=\"top\">David Lau<\/td>\n<td align=\"left\" valign=\"top\">Carleton University<\/td>\n<td align=\"left\" valign=\"top\"><a href=\"mailto:dtl@connect.carleton.ca\">dtl@connect.carleton.ca<\/a><\/td>\n<td align=\"left\" valign=\"top\">S\u00e9ismes, dynamique<\/td>\n<\/tr>\n<tr>\n<td align=\"left\" valign=\"top\">Membre<\/td>\n<td align=\"left\" valign=\"top\">\u00a0Lan Lin<\/td>\n<td align=\"left\" valign=\"top\">Concordia University<\/td>\n<td align=\"left\" valign=\"top\">\u00a0<a href=\"mailto:lan.lin@concordia.ca\">lan.lin@concordia.ca<\/a><\/td>\n<td align=\"left\" valign=\"top\">Structural\/conception d\u2019ing\u00e9nierie sismique bas\u00e9e sur la performance, analyse de la demande sismique probabiliste<\/td>\n<\/tr>\n<tr>\n<td align=\"left\" valign=\"top\">Membre<\/td>\n<td align=\"left\" valign=\"top\">Jorge Orellana<\/td>\n<td align=\"left\" valign=\"top\">Coll\u00e8ge militaire royal du\u00a0Canada<\/td>\n<td align=\"left\" valign=\"top\"><a href=\"mailto:Jorge-eduardo.orellana-riquelme@rmc.ca\">Jorge-eduardo.orellana-riquelme@rmc.ca<\/a><\/td>\n<td align=\"left\" valign=\"top\">Hydrochimie<\/td>\n<\/tr>\n<tr>\n<td align=\"left\" valign=\"top\">Membre<\/td>\n<td align=\"left\" valign=\"top\">Jeff Rankin<\/td>\n<td align=\"left\" valign=\"top\">University of New Brunswick<\/td>\n<td align=\"left\" valign=\"top\"><a href=\"mailto:rankin@unb.ca\">rankin@unb.ca<\/a><\/td>\n<td align=\"left\" valign=\"top\">Ing\u00e9nierie et gestion en Construction<\/td>\n<\/tr>\n<tr>\n<td align=\"left\" valign=\"top\">Membre<\/td>\n<td align=\"left\" valign=\"top\">Jean-Loup Robert<\/td>\n<td align=\"left\" valign=\"top\">Universit\u00e9 Laval<\/td>\n<td align=\"left\" valign=\"top\"><a href=\"mailto:jean-loup.robert@gci.ulaval.ca\">jeanloup.robert@gci.ulaval.ca<\/a><\/td>\n<td align=\"left\" valign=\"top\">Hydraulique urbaine<\/td>\n<\/tr>\n<tr>\n<td align=\"left\" valign=\"top\">Membre<\/td>\n<td align=\"left\" valign=\"top\">Naren K. Srivastava<\/td>\n<td align=\"left\" valign=\"top\">Universit\u00e9 de Moncton<\/td>\n<td align=\"left\" valign=\"top\"><a href=\"mailto:srivasn@gmailcom\">srivasn@gmailcom<\/a><\/td>\n<td align=\"left\" valign=\"top\">Structures, \u00e9tude des vents, structures compatibles avec l\u2019environnement<\/td>\n<\/tr>\n<tr>\n<td align=\"left\" valign=\"top\">Observateur<\/td>\n<td align=\"left\" valign=\"top\">A. O. Abd El Halim<\/td>\n<td align=\"left\" valign=\"top\">Carleton University<\/td>\n<td align=\"left\" valign=\"top\"><a href=\"mailto:a_halim@carleton.ca\">a_halim@carleton.ca<\/a><\/td>\n<td align=\"left\" valign=\"top\">Transports<\/td>\n<\/tr>\n<tr>\n<td align=\"left\" valign=\"top\">Observateur<\/td>\n<td align=\"left\" valign=\"top\">Dambar Tiwari \u201cShiva\u201d<\/td>\n<td align=\"left\" valign=\"top\">ND LEA Inc.<\/td>\n<td align=\"left\" valign=\"top\"><a href=\"mailto:dambartiwari@gmail.com\">dambartiwari@gmail.com<\/a><\/td>\n<td align=\"left\" valign=\"top\">\u00c9change de donn\u00e9es\/information<\/td>\n<\/tr>\n<\/tbody>\n<\/table>\n[\/vc_column_text][\/vc_tta_section][\/vc_tta_accordion][\/vc_column][\/vc_row][vc_row][vc_column][vc_basic_grid post_type=&#8221;post&#8221; max_items=&#8221;10&#8243; grid_id=&#8221;vc_gid:1537938258876-d99a5f33-18c0-1&#8243; taxonomies=&#8221;51&#8243;][\/vc_column][\/vc_row]\n","protected":false},"excerpt":{"rendered":"<p>[vc_row][vc_column width=&#8221;1\/3&#8243;][vc_single_image image=&#8221;6839&#8243; img_size=&#8221;large&#8221; style=&#8221;vc_box_shadow&#8221; css_animation=&#8221;bottom-to-top&#8221;][\/vc_column][vc_column width=&#8221;2\/3&#8243;][vc_tta_accordion style=&#8221;modern&#8221; active_section=&#8221;1&#8243;][vc_tta_section title=&#8221;Mission&#8221; tab_id=&#8221;mandate_committee&#8221;][vc_column_text]L\u2019\u00e9nonc\u00e9 de mission de ce comit\u00e9 est: am\u00e9lioration de l\u2019image du g\u00e9nie civil comme choix de carri\u00e8re et profession pour [&hellip;]<\/p>\n","protected":false},"author":1,"featured_media":0,"parent":3081,"menu_order":0,"comment_status":"closed","ping_status":"closed","template":"","meta":[],"acf":[],"_links":{"self":[{"href":"https:\/\/legacy.csce.ca\/fr\/wp-json\/wp\/v2\/pages\/6833"}],"collection":[{"href":"https:\/\/legacy.csce.ca\/fr\/wp-json\/wp\/v2\/pages"}],"about":[{"href":"https:\/\/legacy.csce.ca\/fr\/wp-json\/wp\/v2\/types\/page"}],"author":[{"embeddable":true,"href":"https:\/\/legacy.csce.ca\/fr\/wp-json\/wp\/v2\/users\/1"}],"replies":[{"embeddable":true,"href":"https:\/\/legacy.csce.ca\/fr\/wp-json\/wp\/v2\/comments?post=6833"}],"version-history":[{"count":3,"href":"https:\/\/legacy.csce.ca\/fr\/wp-json\/wp\/v2\/pages\/6833\/revisions"}],"predecessor-version":[{"id":6846,"href":"https:\/\/legacy.csce.ca\/fr\/wp-json\/wp\/v2\/pages\/6833\/revisions\/6846"}],"up":[{"embeddable":true,"href":"https:\/\/legacy.csce.ca\/fr\/wp-json\/wp\/v2\/pages\/3081"}],"wp:attachment":[{"href":"https:\/\/legacy.csce.ca\/fr\/wp-json\/wp\/v2\/media?parent=6833"}],"curies":[{"name":"wp","href":"https:\/\/api.w.org\/{rel}","templated":true}]}}