{"id":6508,"date":"2018-09-24T00:28:05","date_gmt":"2018-09-24T04:28:05","guid":{"rendered":"http:\/\/csce.ca\/?page_id=6508"},"modified":"2019-06-25T14:59:56","modified_gmt":"2019-06-25T18:59:56","slug":"divisions-et-comites-techniques","status":"publish","type":"page","link":"https:\/\/legacy.csce.ca\/fr\/divisions-et-comites-techniques\/","title":{"rendered":"Divisions et comit\u00e9s techniques"},"content":{"rendered":"[vc_row][vc_column][vc_column_text]<a name=\"menucell\"><\/a>[\/vc_column_text][\/vc_column][\/vc_row][vc_row][vc_column width=&#8221;1\/2&#8243;][vc_column_text]\n<h4 class=\"mega-block-title\">Divisions techniques<\/h4>\n<ul>\n<li><a href=\"\/fr\/committees\/environnement\/\">Environnement<\/a><\/li>\n<li><a href=\"\/fr\/committees\/genie-de-la-mecanique-technique-et-des-materiaux\/\">G\u00e9nie de la m\u00e9canique technique et des mat\u00e9riaux<\/a><\/li>\n<li><a href=\"\/fr\/committees\/structures-2\/\">Structures<\/a><\/li>\n<li><a href=\"\/fr\/committees\/hydrotechnical\/\">Hydrotechnique<\/a><\/li>\n<li><a href=\"\/fr\/committees\/cold-regions\/\">R\u00e9gions froides<\/a><\/li>\n<li><a href=\"\/fr\/committees\/transport\/\">Transport<\/a><\/li>\n<li><a href=\"\/fr\/committees\/construction\/\">Construction<\/a><\/li>\n<\/ul>\n[\/vc_column_text][\/vc_column][vc_column width=&#8221;1\/2&#8243;][vc_column_text]\n<h4 class=\"mega-block-title\"><\/h4>\n<ul>\n<li><a href=\"\/fr\/committees\/comite-de-la-pratique-de-lingenierie\/\">Comit\u00e9 de la pratique de l\u2019ing\u00e9nierie<\/a><\/li>\n<li><a href=\"\/fr\/committees\/education-et-recherche\/\">\u00c9ducation et Recherche<\/a><\/li>\n<li><a href=\"\/fr\/committees\/renouvellement-des-infrastructures\/\">Comit\u00e9 de\u00a0la\u00a0gestion\u00a0des actifs<\/a><\/li>\n<li><a href=\"\/fr\/committees\/international-affairs\/\">Affaires internationales<\/a><\/li>\n<li><a href=\"\/fr\/committees\/publications-techniques\/\">Publications Techniques<\/a><\/li>\n<\/ul>\n[\/vc_column_text][\/vc_column][\/vc_row][vc_row][vc_column width=&#8221;1\/2&#8243;][vc_column_text]\n<h4 class=\"mega-block-title\">Comit\u00e9s techniques<\/h4>\n<ul>\n<li><a href=\"\/fr\/committees\/innovation-et-ti\/\">Innovation et TI<\/a><\/li>\n<li><a href=\"\/fr\/committees\/developpement-durable\/\">D\u00e9veloppement durable<\/a><\/li>\n<li><a href=\"\/fr\/committees\/engineering-management\/\">Gestion de l\u2019ing\u00e9nierie<\/a><\/li>\n<\/ul>\n[\/vc_column_text][\/vc_column][vc_column width=&#8221;1\/2&#8243;][vc_column_text]\n<h4 class=\"mega-block-title\">Autres comit\u00e9s<\/h4>\n<ul>\n<li><a href=\"\/fr\/committees\/histoire\/\">Histoire<\/a><\/li>\n<li><a href=\"\/fr\/committees\/jeunes-professionnels\/\">Jeunes professionnels<\/a><\/li>\n<li><a href=\"\/fr\/committees\/student-affairs\/\">Affaires \u00e9tudiantes<\/a><\/li>\n<li><a href=\"\/fr\/committees\/honours-and-fellowships\/\">Distinctions honorifiques et fellowships<\/a><\/li>\n<\/ul>\n[\/vc_column_text][\/vc_column][\/vc_row]\n","protected":false},"excerpt":{"rendered":"<p>[vc_row][vc_column][vc_column_text][\/vc_column_text][\/vc_column][\/vc_row][vc_row][vc_column width=&#8221;1\/2&#8243;][vc_column_text] Divisions techniques Environnement G\u00e9nie de la m\u00e9canique technique et des mat\u00e9riaux Structures Hydrotechnique R\u00e9gions froides Transport Construction [\/vc_column_text][\/vc_column][vc_column width=&#8221;1\/2&#8243;][vc_column_text] Comit\u00e9 de la pratique de l\u2019ing\u00e9nierie \u00c9ducation et Recherche [&hellip;]<\/p>\n","protected":false},"author":1,"featured_media":0,"parent":0,"menu_order":0,"comment_status":"closed","ping_status":"closed","template":"","meta":[],"acf":[],"_links":{"self":[{"href":"https:\/\/legacy.csce.ca\/fr\/wp-json\/wp\/v2\/pages\/6508"}],"collection":[{"href":"https:\/\/legacy.csce.ca\/fr\/wp-json\/wp\/v2\/pages"}],"about":[{"href":"https:\/\/legacy.csce.ca\/fr\/wp-json\/wp\/v2\/types\/page"}],"author":[{"embeddable":true,"href":"https:\/\/legacy.csce.ca\/fr\/wp-json\/wp\/v2\/users\/1"}],"replies":[{"embeddable":true,"href":"https:\/\/legacy.csce.ca\/fr\/wp-json\/wp\/v2\/comments?post=6508"}],"version-history":[{"count":2,"href":"https:\/\/legacy.csce.ca\/fr\/wp-json\/wp\/v2\/pages\/6508\/revisions"}],"predecessor-version":[{"id":126652,"href":"https:\/\/legacy.csce.ca\/fr\/wp-json\/wp\/v2\/pages\/6508\/revisions\/126652"}],"wp:attachment":[{"href":"https:\/\/legacy.csce.ca\/fr\/wp-json\/wp\/v2\/media?parent=6508"}],"curies":[{"name":"wp","href":"https:\/\/api.w.org\/{rel}","templated":true}]}}