{"id":6500,"date":"2018-09-23T23:41:09","date_gmt":"2018-09-24T03:41:09","guid":{"rendered":"http:\/\/csce.ca\/?page_id=6500"},"modified":"2023-03-23T10:58:44","modified_gmt":"2023-03-23T14:58:44","slug":"affaires-internationales","status":"publish","type":"page","link":"https:\/\/legacy.csce.ca\/fr\/committees\/affaires-internationales\/","title":{"rendered":"Comit\u00e9 des affaires internationales de la SCGC"},"content":{"rendered":"[vc_row][vc_column width=&#8221;1\/3&#8243;][vc_single_image image=&#8221;3100&#8243; img_size=&#8221;large&#8221; style=&#8221;vc_box_shadow&#8221; css_animation=&#8221;bottom-to-top&#8221;][vc_btn title=&#8221;Plus d&#8217;informations &#8211; R\u00e9gion internationale&#8221; color=&#8221;purple&#8221; size=&#8221;lg&#8221; align=&#8221;center&#8221; button_block=&#8221;true&#8221; link=&#8221;url:https%3A%2F%2Fcsce.ca%2Ffr%2Finternational-region|||&#8221;][\/vc_column][vc_column width=&#8221;2\/3&#8243;][vc_tta_accordion style=&#8221;modern&#8221; active_section=&#8221;1&#8243;][vc_tta_section title=&#8221;Mandat&#8221; tab_id=&#8221;mandate_committee&#8221;][vc_column_text]Le Comit\u00e9 des affaires internationales planifie et met en \u0153uvre des activit\u00e9s de formation et d&#8217;\u00e9change technique dans le cadre d&#8217;accords de partage des co\u00fbts conjoints avec des organisations de g\u00e9nie civil d&#8217;autres pays. Ces collaborations comprennent des cours de courte dur\u00e9e, des ateliers et des s\u00e9minaires.<\/p>\n<p>Pour plus d&#8217;informations, veuillez contacter :<\/p>\n<p>Bureau administratif de la SCGC<br \/>\n2167 166 Street<br \/>\nSurrey, C.-B.<br \/>\nCourriel : <a href=\"mailto:info@csce.ca\" shape=\"rect\">info@csce.ca<\/a>[\/vc_column_text][\/vc_tta_section][vc_tta_section title=&#8221;R\u00e9sum\u00e9 des accords internationaux&#8221; tab_id=&#8221;objectives-committee&#8221;][vc_column_text]ASCE \u2013\u00a0 American Society of Civil Engineers<br \/>\nAICCP \u2013 Asociacion de Ingenieros de Caminos, Canales y Puertos (Spain)<br \/>\nBSE \u2013\u00a0Bahamas Society of Engineers<br \/>\nCCES \u2013 China Civil Engineering Society<br \/>\nCHES \u2013 Chinese Hydraulic Engineering Society<br \/>\nCHTS \u2013 China Highway and Transportation Society<br \/>\nCIP \u2013\u00a0Colegio de Ingenieros del Per\u00fa<br \/>\nCSES\u00a0\u2013\u00a0Chinese Society of Environmental Sciences<br \/>\nETE\u00a0 \u2013\u00a0 \u00c9pitoipari Tudomanyos Egyesulet (Hungary)<br \/>\nFECIC \u2013\u00a0Federaci\u00f3n de Colegios de Ingenieros Civiles de la Republica Mexicana<br \/>\nHKIE \u2013\u00a0Hong Kong Institution of Engineers<br \/>\nIAHR \u2013\u00a0International Association for Hydraulic Engineering &amp;amp; Research (The Netherlands)<br \/>\nICE\/ESE \u2013\u00a0Institution of Civil Engineers of the Egyptian Society of Engineers<br \/>\nICE \u2013\u00a0Institution of Civil Engineers, UK<br \/>\nIE\u00a0(Australia) \u2013 Institution of Engineers, Australia<br \/>\nIE (Argentina) \u2013\u00a0\u00a0Instituto de Engenharia Argentina<br \/>\nIEI \u2013 Institution of Engineers (India)<br \/>\nIPENZ \u2013\u00a0Institution of Professional Engineers New Zealand<br \/>\nISCE \u2013\u00a0Israeli Society of Civil Engineers<br \/>\nISOPE \u2013\u00a0International Society of Offshore &amp;amp; Polar Engineers (USA)<br \/>\nJIE \u2013 Jamaica Institution of Engineers<br \/>\nJSCE \u2013\u00a0Japan Society of Civil Engineers<br \/>\nKSCE \u2013\u00a0Korean Society of Civil Engineers<br \/>\nPICE \u2013 Philippine Institute of Civil Engineers, Inc<br \/>\nPZITS \u2013 Polish Association of Sanitary Engineers &amp;amp; Technicians<br \/>\nSISF \u2013 Soci\u00e9t\u00e9 des Ing\u00e9nieurs et Scientifiques de France[\/vc_column_text][\/vc_tta_section][\/vc_tta_accordion][\/vc_column][\/vc_row][vc_row][vc_column][vc_tta_accordion style=&#8221;modern&#8221; shape=&#8221;square&#8221; active_section=&#8221;4546676s8d7g6sgljsdruwe45454df7s&#8221; collapsible_all=&#8221;true&#8221;][vc_tta_section title=&#8221;Composition du comit\u00e9&#8221; tab_id=&#8221;members-committee&#8221;][vc_column_text]Pr\u00e9sident du comit\u00e9 :<\/p>\n<table class=\"add_comite\">\n<tbody>\n<tr>\n<th>Jeanne Huang<\/th>\n<td><span class=\"add_email\"><a href=\"mailto:huangj@nankai.edu.cn\">huangj@nankai.edu.cn<\/a><br \/>\n<\/span>Pr\u00e9sidente et agent de liaison pour l&#8217;Inde<\/td>\n<\/tr>\n<\/tbody>\n<\/table>\n[\/vc_column_text][\/vc_tta_section][\/vc_tta_accordion][\/vc_column][\/vc_row]\n","protected":false},"excerpt":{"rendered":"<p>[vc_row][vc_column width=&#8221;1\/3&#8243;][vc_single_image image=&#8221;3100&#8243; img_size=&#8221;large&#8221; style=&#8221;vc_box_shadow&#8221; css_animation=&#8221;bottom-to-top&#8221;][vc_btn title=&#8221;Plus d&#8217;informations &#8211; R\u00e9gion internationale&#8221; color=&#8221;purple&#8221; size=&#8221;lg&#8221; align=&#8221;center&#8221; button_block=&#8221;true&#8221; link=&#8221;url:https%3A%2F%2Fcsce.ca%2Ffr%2Finternational-region|||&#8221;][\/vc_column][vc_column width=&#8221;2\/3&#8243;][vc_tta_accordion style=&#8221;modern&#8221; active_section=&#8221;1&#8243;][vc_tta_section title=&#8221;Mandat&#8221; tab_id=&#8221;mandate_committee&#8221;][vc_column_text]Le Comit\u00e9 des affaires internationales planifie et met en \u0153uvre [&hellip;]<\/p>\n","protected":false},"author":1,"featured_media":0,"parent":3081,"menu_order":0,"comment_status":"closed","ping_status":"closed","template":"","meta":[],"acf":[],"_links":{"self":[{"href":"https:\/\/legacy.csce.ca\/fr\/wp-json\/wp\/v2\/pages\/6500"}],"collection":[{"href":"https:\/\/legacy.csce.ca\/fr\/wp-json\/wp\/v2\/pages"}],"about":[{"href":"https:\/\/legacy.csce.ca\/fr\/wp-json\/wp\/v2\/types\/page"}],"author":[{"embeddable":true,"href":"https:\/\/legacy.csce.ca\/fr\/wp-json\/wp\/v2\/users\/1"}],"replies":[{"embeddable":true,"href":"https:\/\/legacy.csce.ca\/fr\/wp-json\/wp\/v2\/comments?post=6500"}],"version-history":[{"count":5,"href":"https:\/\/legacy.csce.ca\/fr\/wp-json\/wp\/v2\/pages\/6500\/revisions"}],"predecessor-version":[{"id":214629,"href":"https:\/\/legacy.csce.ca\/fr\/wp-json\/wp\/v2\/pages\/6500\/revisions\/214629"}],"up":[{"embeddable":true,"href":"https:\/\/legacy.csce.ca\/fr\/wp-json\/wp\/v2\/pages\/3081"}],"wp:attachment":[{"href":"https:\/\/legacy.csce.ca\/fr\/wp-json\/wp\/v2\/media?parent=6500"}],"curies":[{"name":"wp","href":"https:\/\/api.w.org\/{rel}","templated":true}]}}