{"id":6488,"date":"2018-09-23T22:02:20","date_gmt":"2018-09-24T02:02:20","guid":{"rendered":"http:\/\/csce.ca\/?page_id=6488"},"modified":"2021-06-29T14:07:02","modified_gmt":"2021-06-29T18:07:02","slug":"je-suis-le-genie-civil","status":"publish","type":"page","link":"https:\/\/legacy.csce.ca\/fr\/je-suis-le-genie-civil\/","title":{"rendered":"Je suis le g\u00e9nie civil"},"content":{"rendered":"[vc_row][vc_column][vc_column_text]\n<div id=\"tw-container\" class=\"YQaNob\" data-cp=\"1\" data-is-ver=\"false\" data-nnttsvi=\"1\" data-sm=\"1\" data-sugg-time=\"500\" data-sugg-url=\"https:\/\/clients1.google.com\/complete\/search\" data-uilc=\"fr\">\n<div>\n<div>\n<div id=\"tw-ob\" class=\"tw-src-ltr\">\n<div class=\"oSioSc\">\n<div id=\"tw-target\">\n<div id=\"kAz1tf\" class=\"g9WsWb\">\n<div id=\"tw-target-text-container\" class=\"tw-ta-container hide-focus-ring tw-nfl\" tabindex=\"0\">\n<h3 id=\"tw-target-text\" class=\"tw-data-text tw-text-large XcVN5d tw-ta\" dir=\"ltr\" style=\"text-align: center;\" data-placeholder=\"Traduction\"><span class=\"Y2IQFc\" lang=\"fr\">Ces membres individuels illustrent l&#8217;\u00e9ventail des travaux effectu\u00e9s par les ing\u00e9nieurs civils.<\/span><\/h3>\n<\/div>\n<\/div>\n<\/div>\n<\/div>\n<\/div>\n<div id=\"tw-images\"><\/div>\n<div class=\"dURPtb\"><\/div>\n<div>\n<div><\/div>\n<\/div>\n<\/div>\n<\/div>\n<\/div>\n<h3 class=\"KFFQ0c xKf9F\"><\/h3>\n[\/vc_column_text][vc_basic_grid post_type=&#8221;custom&#8221; element_width=&#8221;3&#8243; gap=&#8221;20&#8243; item=&#8221;masonryGrid_Default&#8221; grid_id=&#8221;vc_gid:1624990010310-2fb23737-3ee6-3&#8243; custom_query=&#8221;post_type=page&amp;post_parent=6488&amp;order=ASC&amp;orderby=menu_order&amp;post_status=publish&#8221;][\/vc_column][\/vc_row]\n","protected":false},"excerpt":{"rendered":"<p>[vc_row][vc_column][vc_column_text] Ces membres individuels illustrent l&#8217;\u00e9ventail des travaux effectu\u00e9s par les ing\u00e9nieurs civils. [\/vc_column_text][vc_basic_grid post_type=&#8221;custom&#8221; element_width=&#8221;3&#8243; gap=&#8221;20&#8243; item=&#8221;masonryGrid_Default&#8221; grid_id=&#8221;vc_gid:1624990010310-2fb23737-3ee6-3&#8243; custom_query=&#8221;post_type=page&amp;post_parent=6488&amp;order=ASC&amp;orderby=menu_order&amp;post_status=publish&#8221;][\/vc_column][\/vc_row]<\/p>\n","protected":false},"author":1,"featured_media":0,"parent":0,"menu_order":0,"comment_status":"closed","ping_status":"closed","template":"","meta":[],"acf":[],"_links":{"self":[{"href":"https:\/\/legacy.csce.ca\/fr\/wp-json\/wp\/v2\/pages\/6488"}],"collection":[{"href":"https:\/\/legacy.csce.ca\/fr\/wp-json\/wp\/v2\/pages"}],"about":[{"href":"https:\/\/legacy.csce.ca\/fr\/wp-json\/wp\/v2\/types\/page"}],"author":[{"embeddable":true,"href":"https:\/\/legacy.csce.ca\/fr\/wp-json\/wp\/v2\/users\/1"}],"replies":[{"embeddable":true,"href":"https:\/\/legacy.csce.ca\/fr\/wp-json\/wp\/v2\/comments?post=6488"}],"version-history":[{"count":5,"href":"https:\/\/legacy.csce.ca\/fr\/wp-json\/wp\/v2\/pages\/6488\/revisions"}],"predecessor-version":[{"id":205176,"href":"https:\/\/legacy.csce.ca\/fr\/wp-json\/wp\/v2\/pages\/6488\/revisions\/205176"}],"wp:attachment":[{"href":"https:\/\/legacy.csce.ca\/fr\/wp-json\/wp\/v2\/media?parent=6488"}],"curies":[{"name":"wp","href":"https:\/\/api.w.org\/{rel}","templated":true}]}}