{"id":6482,"date":"2018-09-22T15:33:52","date_gmt":"2018-09-22T19:33:52","guid":{"rendered":"http:\/\/csce.ca\/student-registration-form-2\/"},"modified":"2024-02-13T12:49:50","modified_gmt":"2024-02-13T17:49:50","slug":"formulaire-dinscription-etudiant","status":"publish","type":"page","link":"https:\/\/legacy.csce.ca\/fr\/formulaire-dinscription-etudiant\/","title":{"rendered":"Formulaire d&#8217;inscription \u00e9tudiant"},"content":{"rendered":"<p>Les formulaires d&#8217;inscription sont disponibles sur notre <a href=\"https:\/\/csce.imiscloud.com\/Member_Portal\/Member_Portal\/Membership\/Categories---Rates.aspx?hkey=6f9253ef-6ea9-42a9-aed7-750dbe5bf996\">nouveau syst\u00e8me d\u2019adh\u00e9sion<\/a> !<\/p>\n<p>Pour toute question, \u00e9crivez \u00e0 <a href=\"mailto:admin@csce.ca\">admin@csce.ca<\/a>.<\/p>\n","protected":false},"excerpt":{"rendered":"<p>Les formulaires d&#8217;inscription sont disponibles sur notre nouveau syst\u00e8me d\u2019adh\u00e9sion ! Pour toute question, \u00e9crivez \u00e0 admin@csce.ca.<\/p>\n","protected":false},"author":1,"featured_media":0,"parent":0,"menu_order":0,"comment_status":"closed","ping_status":"closed","template":"","meta":[],"acf":[],"_links":{"self":[{"href":"https:\/\/legacy.csce.ca\/fr\/wp-json\/wp\/v2\/pages\/6482"}],"collection":[{"href":"https:\/\/legacy.csce.ca\/fr\/wp-json\/wp\/v2\/pages"}],"about":[{"href":"https:\/\/legacy.csce.ca\/fr\/wp-json\/wp\/v2\/types\/page"}],"author":[{"embeddable":true,"href":"https:\/\/legacy.csce.ca\/fr\/wp-json\/wp\/v2\/users\/1"}],"replies":[{"embeddable":true,"href":"https:\/\/legacy.csce.ca\/fr\/wp-json\/wp\/v2\/comments?post=6482"}],"version-history":[{"count":4,"href":"https:\/\/legacy.csce.ca\/fr\/wp-json\/wp\/v2\/pages\/6482\/revisions"}],"predecessor-version":[{"id":218203,"href":"https:\/\/legacy.csce.ca\/fr\/wp-json\/wp\/v2\/pages\/6482\/revisions\/218203"}],"wp:attachment":[{"href":"https:\/\/legacy.csce.ca\/fr\/wp-json\/wp\/v2\/media?parent=6482"}],"curies":[{"name":"wp","href":"https:\/\/api.w.org\/{rel}","templated":true}]}}