{"id":6348,"date":"2018-08-10T13:42:39","date_gmt":"2018-08-10T17:42:39","guid":{"rendered":"http:\/\/csce.ca\/?page_id=6348"},"modified":"2018-12-22T01:26:18","modified_gmt":"2018-12-22T06:26:18","slug":"publications-techniques","status":"publish","type":"page","link":"https:\/\/legacy.csce.ca\/fr\/committees\/publications-techniques\/","title":{"rendered":"Publications techniques"},"content":{"rendered":"[vc_row][vc_column width=&#8221;1\/3&#8243;][vc_single_image image=&#8221;3100&#8243; img_size=&#8221;large&#8221; style=&#8221;vc_box_shadow&#8221; css_animation=&#8221;bottom-to-top&#8221;][vc_column_text]<strong>s.v.p. cliquer ici<\/strong>\u00a0:<a href=\"https:\/\/csce.ca\/wp-content\/uploads\/2018\/12\/CSCE-Conference-Paper-Guidelines_V5.0.pdf\" target=\"_blank\" rel=\"noopener\"><strong> CSCE Conference Proceedings Guidelines<\/strong><\/a>[\/vc_column_text][\/vc_column][vc_column width=&#8221;2\/3&#8243;][vc_tta_accordion style=&#8221;modern&#8221; active_section=&#8221;1&#8243;][vc_tta_section title=&#8221;Mandate&#8221; tab_id=&#8221;mandate_committee&#8221;][vc_column_text]\n<p><b>Vous voulez vous impliquer dans la SCGC mais ne savez pas comment?<br \/>\nPourquoi ne pas devenir membre du Comit\u00e9 des publications techniques de la SCGC nouvellement cr\u00e9\u00e9?<\/b><\/p>\n<p>Le but du Comit\u00e9 des publications techniques est d\u2019\u00e9laborer des strat\u00e9gies et de d\u00e9velopper des activit\u00e9s afin d\u2019am\u00e9liorer les opportunit\u00e9s qu\u2019auront les membres de la SCGC de publier et de consulter des travaux de recherche. Un objectif secondaire, et \u00e0 bien des \u00e9gards, encore plus important est de sensibiliser le grand public au travail de recherche en g\u00e9nie civil qui se fait au Canada. Pour ce faire, nous avons besoin de plus de membres des secteurs de l\u2019industrie et de la consultation \u00e0 tous les niveaux d\u2019exp\u00e9rience.<\/p>\n<p>Alors pensez-y et si vous \u00eates int\u00e9ress\u00e9s, veuillez contacter <a href=\"mailto:linda.newton@dcc-cdc.gc.ca\">Linda Newton<\/a> pour plus d\u2019informations.<\/p>\n[\/vc_column_text][\/vc_tta_section][\/vc_tta_accordion][\/vc_column][\/vc_row][vc_row][vc_column][vc_tta_accordion style=&#8221;modern&#8221; shape=&#8221;square&#8221; active_section=&#8221;4546676s8d7g6sgljsdruwe45454df7s&#8221; collapsible_all=&#8221;true&#8221;][vc_tta_section title=&#8221;Composition du comit\u00e9&#8221; tab_id=&#8221;members-committee&#8221;][vc_column_text]CHAIR:<\/p>\n<table class=\"add_comite\">\n<tbody>\n<tr>\n<th>Xx Yy<\/th>\n<td><span class=\"add_email\"><a href=\"mailto:\">@<\/a> <\/span><\/td>\n<\/tr>\n<\/tbody>\n<\/table>\n[\/vc_column_text][\/vc_tta_section][\/vc_tta_accordion][\/vc_column][\/vc_row]\n","protected":false},"excerpt":{"rendered":"<p>[vc_row][vc_column width=&#8221;1\/3&#8243;][vc_single_image image=&#8221;3100&#8243; img_size=&#8221;large&#8221; style=&#8221;vc_box_shadow&#8221; css_animation=&#8221;bottom-to-top&#8221;][vc_column_text]s.v.p. cliquer ici\u00a0: CSCE Conference Proceedings Guidelines[\/vc_column_text][\/vc_column][vc_column width=&#8221;2\/3&#8243;][vc_tta_accordion style=&#8221;modern&#8221; active_section=&#8221;1&#8243;][vc_tta_section title=&#8221;Mandate&#8221; tab_id=&#8221;mandate_committee&#8221;][vc_column_text] Vous voulez vous impliquer dans la SCGC mais ne savez pas comment? Pourquoi [&hellip;]<\/p>\n","protected":false},"author":1,"featured_media":0,"parent":3081,"menu_order":0,"comment_status":"closed","ping_status":"closed","template":"","meta":[],"acf":[],"_links":{"self":[{"href":"https:\/\/legacy.csce.ca\/fr\/wp-json\/wp\/v2\/pages\/6348"}],"collection":[{"href":"https:\/\/legacy.csce.ca\/fr\/wp-json\/wp\/v2\/pages"}],"about":[{"href":"https:\/\/legacy.csce.ca\/fr\/wp-json\/wp\/v2\/types\/page"}],"author":[{"embeddable":true,"href":"https:\/\/legacy.csce.ca\/fr\/wp-json\/wp\/v2\/users\/1"}],"replies":[{"embeddable":true,"href":"https:\/\/legacy.csce.ca\/fr\/wp-json\/wp\/v2\/comments?post=6348"}],"version-history":[{"count":4,"href":"https:\/\/legacy.csce.ca\/fr\/wp-json\/wp\/v2\/pages\/6348\/revisions"}],"predecessor-version":[{"id":122447,"href":"https:\/\/legacy.csce.ca\/fr\/wp-json\/wp\/v2\/pages\/6348\/revisions\/122447"}],"up":[{"embeddable":true,"href":"https:\/\/legacy.csce.ca\/fr\/wp-json\/wp\/v2\/pages\/3081"}],"wp:attachment":[{"href":"https:\/\/legacy.csce.ca\/fr\/wp-json\/wp\/v2\/media?parent=6348"}],"curies":[{"name":"wp","href":"https:\/\/api.w.org\/{rel}","templated":true}]}}