{"id":6346,"date":"2018-08-10T13:39:37","date_gmt":"2018-08-10T17:39:37","guid":{"rendered":"http:\/\/csce.ca\/?page_id=6346"},"modified":"2023-03-14T15:51:24","modified_gmt":"2023-03-14T19:51:24","slug":"comite-du-renouvellement-des-infrastructures","status":"publish","type":"page","link":"https:\/\/legacy.csce.ca\/fr\/committees\/comite-du-renouvellement-des-infrastructures\/","title":{"rendered":"Comit\u00e9 de la gestion des actifs"},"content":{"rendered":"[vc_row][vc_column width=&#8221;1\/3&#8243;][vc_single_image image=&#8221;3100&#8243; img_size=&#8221;large&#8221; style=&#8221;vc_box_shadow&#8221; css_animation=&#8221;bottom-to-top&#8221;][\/vc_column][vc_column width=&#8221;2\/3&#8243;][vc_tta_accordion style=&#8221;modern&#8221; active_section=&#8221;1&#8243;][vc_tta_section title=&#8221;Mandat&#8221; tab_id=&#8221;mandate_committee&#8221;][vc_column_text]Les members du\u00a0CGA prennent part \u00e0 des initiatives nationales en apportant un leadership au sein de plusieurs organisations et groupes de travail. Les principaux groupes impliqu\u00e9s dans ces activit\u00e9s avec la SCGC comprennent l\u2019Association canadienne des travaux publics (CPWA), le R\u00e9seau canadien des gestionnaires d\u2019actifs (CNAM), la F\u00e9d\u00e9ration canadienne des municipalit\u00e9s (FCM), l\u2019Association canadienne de la construction (ACC) et l\u2019Association des firmes d\u2019ing\u00e9nieurs-conseils Canada (AFIC).<\/p>\n<p>Le CGA travaille avec le Comit\u00e9 du d\u00e9veloppement durable de la SCGC afin de promouvoir et d\u2019\u00e9laborer l\u2019orientation strat\u00e9gique de Leadership en infrastructures durables de la SCGC. Cela implique le d\u00e9veloppement de ressources pour\u00a0mieux comprendre et d\u00e9finir les infrastructures durables afin de s\u2019assurer que la SCGC abrite les experts nationaux en la mati\u00e8re dans ce domaine.[\/vc_column_text][\/vc_tta_section][vc_tta_section title=&#8221;Domaines d&#8217;int\u00e9r\u00eats&#8221; tab_id=&#8221;objectives-committee&#8221;][vc_column_text]\n<ul>\n<li>mise en oeuvre de syst\u00e8mes pratiques de gestion des actifs pour les propri\u00e9taires d\u2019infrastructures<\/li>\n<li>r\u00f4le des syst\u00e8mes de gestion des actifs pour chiffrer la durabilit\u00e9 des infrastructures dans les aspects financiers, sociaux et environnementaux<\/li>\n<li>r\u00e9fection des\u00a0infrastructures par des techniques plus durables\u00a0(\u00e0 savoir les technologies sans tranch\u00e9es)<\/li>\n<li>d\u00e9veloppement des\u00a0capacit\u00e9s et des connaissances sur la gestion des actifs pour les propri\u00e9taires d\u2019infrastructures<\/li>\n<\/ul>\n<p>Le CGA agit comme\u00a0repr\u00e9sentant de la SCGC dans les initiatives en cours suivantes:<\/p>\n<ul>\n<li>Bulletin de rendement des infrastructures canadiennes<\/li>\n<li>engagement avec Infrastructure Canada dans l\u2019\u00e9laboration d\u2019un Plan \u00e0 long terme des infrastructures<\/li>\n<li>travailler avec nos partenaires industriels sur\u00a0des discussions sur un syst\u00e8me canadien de notation de la durabilit\u00e9 pour les infrastructures<\/li>\n<\/ul>\n<p>Dans le pass\u00e9, le CGA a agi\u00a0\u00a0comme\u00a0repr\u00e9sentant de\u00a0la SCGC dans les activit\u00e9s suivantes:<\/p>\n<ul>\n<li>la Table ronde nationale sur l\u2019infrastructure durable (TRNID)<\/li>\n<li>le Groupe de travail national sur la gestion des actifs (NAMWG)<\/li>\n<\/ul>\n[\/vc_column_text][\/vc_tta_section][\/vc_tta_accordion][\/vc_column][\/vc_row][vc_row][vc_column][vc_tta_accordion style=&#8221;modern&#8221; shape=&#8221;square&#8221; active_section=&#8221;4546676s8d7g6sgljsdruwe45454df7s&#8221; collapsible_all=&#8221;true&#8221;][vc_tta_section title=&#8221;Composition du comit\u00e9&#8221; tab_id=&#8221;members-committee&#8221;][vc_column_text]\n<table class=\"add_comite\">\n<tbody>\n<tr>\n<th>Arnold Yuan<\/p>\n<p>(Pr\u00e9sident du comit\u00e9)<\/th>\n<td><span class=\"add_email\"><a href=\"mailto:arnold.yuan@torontomu.ca\">arnold.yuan@torontomu.ca<\/a><br \/>\n<\/span>Toronto Metropolitan University<\/td>\n<\/tr>\n<\/tbody>\n<\/table>\n<p>Membres du comit\u00e9<\/p>\n<table class=\"add_comite\">\n<tbody>\n<tr>\n<th>Mike Benson<\/th>\n<td><span class=\"add_email\"><a href=\"mailto:mike.benson@unb.ca\">mike.benson@unb.ca<\/a><br \/>\n<\/span>University of New Brunswick<\/td>\n<\/tr>\n<tr>\n<th>Brandon Searle<\/th>\n<td><span class=\"add_email\"><a href=\"mailto:brandon.searle@unb.ca\">brandon.searle@unb.ca<\/a><br \/>\n<\/span>University of New Brunswick<\/td>\n<\/tr>\n<tr>\n<th>Nick Larson<\/th>\n<td><span class=\"add_email\"><a href=\"mailto:nlarson@ocwa.com\">nlarson@ocwa.com<\/a><br \/>\n<\/span>Ontario Clean Water Agency<\/td>\n<\/tr>\n<tr>\n<th>Susan Jacob<\/th>\n<td><span class=\"add_email\"><a href=\"mailto:sjacob@rvanderson.com\">sjacob@rvanderson.com<\/a><br \/>\n<\/span>R.V. Anderson<\/td>\n<\/tr>\n<tr>\n<th><\/th>\n<td><\/td>\n<\/tr>\n<tr>\n<th><\/th>\n<td><\/td>\n<\/tr>\n<\/tbody>\n<\/table>\n[\/vc_column_text][\/vc_tta_section][\/vc_tta_accordion][\/vc_column][\/vc_row]\n","protected":false},"excerpt":{"rendered":"<p>[vc_row][vc_column width=&#8221;1\/3&#8243;][vc_single_image image=&#8221;3100&#8243; img_size=&#8221;large&#8221; style=&#8221;vc_box_shadow&#8221; css_animation=&#8221;bottom-to-top&#8221;][\/vc_column][vc_column width=&#8221;2\/3&#8243;][vc_tta_accordion style=&#8221;modern&#8221; active_section=&#8221;1&#8243;][vc_tta_section title=&#8221;Mandat&#8221; tab_id=&#8221;mandate_committee&#8221;][vc_column_text]Les members du\u00a0CGA prennent part \u00e0 des initiatives nationales en apportant un leadership au sein de plusieurs organisations et groupes [&hellip;]<\/p>\n","protected":false},"author":1,"featured_media":0,"parent":3081,"menu_order":0,"comment_status":"closed","ping_status":"closed","template":"","meta":[],"acf":[],"_links":{"self":[{"href":"https:\/\/legacy.csce.ca\/fr\/wp-json\/wp\/v2\/pages\/6346"}],"collection":[{"href":"https:\/\/legacy.csce.ca\/fr\/wp-json\/wp\/v2\/pages"}],"about":[{"href":"https:\/\/legacy.csce.ca\/fr\/wp-json\/wp\/v2\/types\/page"}],"author":[{"embeddable":true,"href":"https:\/\/legacy.csce.ca\/fr\/wp-json\/wp\/v2\/users\/1"}],"replies":[{"embeddable":true,"href":"https:\/\/legacy.csce.ca\/fr\/wp-json\/wp\/v2\/comments?post=6346"}],"version-history":[{"count":4,"href":"https:\/\/legacy.csce.ca\/fr\/wp-json\/wp\/v2\/pages\/6346\/revisions"}],"predecessor-version":[{"id":214369,"href":"https:\/\/legacy.csce.ca\/fr\/wp-json\/wp\/v2\/pages\/6346\/revisions\/214369"}],"up":[{"embeddable":true,"href":"https:\/\/legacy.csce.ca\/fr\/wp-json\/wp\/v2\/pages\/3081"}],"wp:attachment":[{"href":"https:\/\/legacy.csce.ca\/fr\/wp-json\/wp\/v2\/media?parent=6346"}],"curies":[{"name":"wp","href":"https:\/\/api.w.org\/{rel}","templated":true}]}}