{"id":6342,"date":"2018-08-10T13:31:21","date_gmt":"2018-08-10T17:31:21","guid":{"rendered":"http:\/\/csce.ca\/?page_id=6342"},"modified":"2020-07-03T11:54:33","modified_gmt":"2020-07-03T15:54:33","slug":"transport","status":"publish","type":"page","link":"https:\/\/legacy.csce.ca\/fr\/committees\/transport\/","title":{"rendered":"Transport"},"content":{"rendered":"[vc_row][vc_column width=&#8221;1\/3&#8243;][vc_single_image image=&#8221;3096&#8243; img_size=&#8221;large&#8221; style=&#8221;vc_box_shadow&#8221; css_animation=&#8221;bottom-to-top&#8221;][vc_column_text]<a href=\"\/wp-content\/uploads\/2018\/08\/September-2017-Transportation-Division-French.pdf\" target=\"_blank\" rel=\"noopener noreferrer\">Message du mois de septembre<\/a> 2017 du pr\u00e9sident de la division \u00e0 tous les membres int\u00e9ress\u00e9<\/p>\n<p><a href=\"\/wp-content\/uploads\/2018\/08\/Septembre-2016-Division-des-transports.pdf\" target=\"_blank\" rel=\"noopener noreferrer\">Message du mois de septembre<\/a> 2016 du pr\u00e9sident de la division \u00e0 tous les membres int\u00e9ress\u00e9s.[\/vc_column_text][\/vc_column][vc_column width=&#8221;2\/3&#8243;][vc_tta_accordion style=&#8221;modern&#8221; active_section=&#8221;1&#8243;][vc_tta_section title=&#8221;Br\u00e8ve description de la division&#8221; tab_id=&#8221;mandate_committee&#8221;][vc_column_text]La Division des transports apporte un appui technique et organisationnel aux activit\u00e9s de la Soci\u00e9t\u00e9 li\u00e9es au g\u00e9nie des transports.\u00a0 La division se consacre \u00e0 la promotion de l\u2019excellence technique et des m\u00e9rites acad\u00e9miques relatifs \u00e0 la planification, la conception, la gestion et le fonctionnement des infrastructures et des syst\u00e8mes de transport dans le contexte canadien.\u00a0 Au fil des ann\u00e9es, la division a apport\u00e9 d\u2019importantes contributions \u00e0 divers programmes et activit\u00e9s techniques de la SCGC tels que l\u2019organisation des conf\u00e9rences sp\u00e9cialis\u00e9es biannuelles sur les transports, l\u2019\u00e9laboration de formations et de tourn\u00e9es nationales de conf\u00e9rences, la repr\u00e9sentation de la SCGC au Conseil des ing\u00e9nieurs en chef de l\u2019ATC et la confection de num\u00e9ros sp\u00e9ciaux du Canadian Journal for Civil Engineering et de l\u2019Ing\u00e9nieur civil canadien.\u00a0 Ces derni\u00e8res ann\u00e9es, la division a consid\u00e9rablement accru\u00a0 sa visibilit\u00e9 et renforc\u00e9 sa r\u00e9putation en participant \u00e0 ou en organisant une s\u00e9rie de conf\u00e9rences internationales sur les transports et des ateliers\u00a0 tels que la Conf\u00e9rence internationale sur l\u2019information et la s\u00e9curit\u00e9 dans les transports (ICTIS) de 2011 et 2013 en Chine et la Symposium Canada-Chine sur les transports en hiver (CCWTS) de 2012 au Canada.[\/vc_column_text][\/vc_tta_section][vc_tta_section title=&#8221;Activities&#8221; tab_id=&#8221;objectives-committee&#8221;][vc_column_text]Les membres de la Division des transports ont men\u00e9 un large \u00e9ventail d\u2019activit\u00e9s ainsi que des travaux de recherche sur les plans national et international dans divers domaines tels que:<\/p>\n<ul>\n<li>\u00a0 \u00a0 \u00a0 \u00a0syst\u00e8mes de transport intelligents (STI)\u00a0;<\/li>\n<li>\u00a0\u00a0\u00a0\u00a0\u00a0\u00a0 v\u00e9hicules connect\u00e9s\u00a0;<\/li>\n<li>\u00a0\u00a0\u00a0\u00a0\u00a0\u00a0 s\u00e9curit\u00e9 routi\u00e8re\u00a0;<\/li>\n<li>\u00a0\u00a0\u00a0\u00a0\u00a0\u00a0 maintenance hivernale des routes\u00a0;<\/li>\n<li>\u00a0\u00a0\u00a0\u00a0\u00a0\u00a0 planification des transports bas\u00e9s sur les activit\u00e9s\u00a0;<\/li>\n<li>\u00a0\u00a0\u00a0\u00a0\u00a0\u00a0 conception et gestion de la chauss\u00e9e;<\/li>\n<li>\u00a0\u00a0\u00a0\u00a0\u00a0\u00a0 applications des syst\u00e8mes d\u2019information g\u00e9ographique (SIG) et t\u00e9l\u00e9d\u00e9tection.<\/li>\n<\/ul>\n<p>Afin de r\u00e9aliser un transport s\u00e9curitaire, efficace et respectueux de l\u2019environnement, les membres de la Division des transports de la SCGC qui oeuvrent au sein d\u2019agences gouvernementales, d\u2019instituts de recherche, d\u2019universit\u00e9s et de firmes de consultants visent l\u2019excellence dans la planification, la conception, l\u2019exploitation, la maintenance et la gestion de nos syst\u00e8mes de transport sur une base quotidienne.[\/vc_column_text][\/vc_tta_section][\/vc_tta_accordion][\/vc_column][\/vc_row][vc_row][vc_column][vc_tta_accordion style=&#8221;modern&#8221; shape=&#8221;square&#8221; active_section=&#8221;4546676s8d7g6sgljsdruwe45454df7s&#8221; collapsible_all=&#8221;true&#8221;][vc_tta_section title=&#8221;Composition du comit\u00e9&#8221; tab_id=&#8221;members-committee&#8221;][vc_column_text]<strong><em>Comit\u00e9 ex\u00e9cutif de la Division des transports de la SCGC<\/em><\/strong><\/p>\n<p>PR\u00c9SIDENT:<\/p>\n<table class=\"add_comite\">\n<tbody>\n<tr>\n<th style=\"text-align: left;\"><a href=\"mailto:khouday.michel@gmail.com\">Michel Khouday<\/a>, ing., M. Ing., PMP, Adm.A., M.B.A., Ph. D.<\/th>\n<td><\/td>\n<\/tr>\n<tr>\n<td colspan=\"2\">Int\u00e9r\u00eats:planification des transports, analyse des donn\u00e9es de la circulation et applications des SIG et t\u00e9l\u00e9d\u00e9tection dans les transports.<\/td>\n<\/tr>\n<\/tbody>\n<\/table>\n<p>Pr\u00e9sident sortant: Gordon Lovegrove, University of British Columbia<br \/>\nInt\u00e9r\u00eats:planification des transports, analyse des donn\u00e9es de la circulation et applications des SIG et t\u00e9l\u00e9d\u00e9tection dans les transports.<\/p>\n<p>Ancien pr\u00e9siden: Liping Fu, University of Waterloo, <a href=\"mailto:lfu@uwaterloo.ca\">lfu@uwaterloo.ca.<\/a> Int\u00e9r\u00eats: STI, maintenance hivernale des routes, s\u00e9curit\u00e9 et transport adapt\u00e9 intelligent.<\/p>\n<p>Ancien pr\u00e9sident: Said Easa, Ryerson University, <a href=\"mailto:seasa@ryerson.ca\">seasa@ryerson.ca.<\/a> Int\u00e9r\u00eats: Conception g\u00e9om\u00e9trique des autoroutes et s\u00e9curit\u00e9 routi\u00e8re, facteurs humains dans les transports, exploitation et gestion de la circulation, mod\u00e9lisation des r\u00e9seaux de transport, logistique des syst\u00e8mes de transport Logistics, syst\u00e8mes de transport intelligents et syst\u00e8mes d\u2019information g\u00e9ographique.<\/p>\n<ol>\n<li>Secr\u00e9taire\/Tr\u00e9sorier: Tony Qiu, University of Alberta, <a href=\"mailto:zhijunqiu@ualberta.ca\">zhijunqiu@ualberta.ca.<\/a> Int\u00e9r\u00eats: STI, mod\u00e9lisation et simulation de la circulation, exploitation et contr\u00f4le de la circulation, d\u00e9tection de l\u2019\u00e9tat de la circulation, estimation et pr\u00e9diction, analyse de la s\u00e9curit\u00e9 de la circulation urbaine et v\u00e9hicules connect\u00e9s \/ conduite intelligente (IntelliDrive) \/ int\u00e9gration de l\u2019infrastructure des v\u00e9hicules (IIV)<\/li>\n<li>Agent de liaison pour la Chine du CAI de la SCGC: Andrew Liu (nomination conjointe avec le Comit\u00e9 des affaires internationales de la SCGC), Saskatchewan Ministry of Highways and Infrastructure, <a href=\"mailto:Andrew.Liu@gov.sk.ca\">Andrew.Liu@gov.sk.ca.<\/a> Intr\u00eats: \u00e9tude de la politique des transports, pr\u00e9servation des autoroutes, \u00e9tude de la charge de la circulation et analyse des donn\u00e9es et de la s\u00e9curit\u00e9 routi\u00e8re.<\/li>\n<li>Repr\u00e9sentante de la SCGC au Conseil des ing\u00e9nieurs en chef de l\u2019ACT: Susan Tighe, <a href=\"mailto:sltighe@uwaterloo.ca\">sltighe@uwaterloo.ca<\/a> University of Waterloo. Int\u00e9r\u00eats:mat\u00e9riaux de chauss\u00e9e, conception et gestion, gestion des infrastructures, ing\u00e9nierie a\u00e9roportuaire et durabilit\u00e9.<\/li>\n<li>Chris Lee, University of Windsor, <a href=\"mailto:cclee@uwindsor.ca\">cclee@uwindsor.ca.<\/a> Int\u00e9r\u00eats: <strong>\u00a0<\/strong>exploitation et contr\u00f4le de la circulation, s\u00e9curit\u00e9 routi\u00e8re; comportement des conducteurs; syst\u00e8mes de transport intelligents et conception des autoroutes.<\/li>\n<li>Harold Retzlaff, Saskatchewan Ministry of Highways and Infrastructure, <a href=\"mailto:Harold.Retzlaff@gov.sk.ca\">Harold.Retzlaff@gov.sk.ca.<\/a> Int\u00e9r\u00eats: planification des transports<\/li>\n<li>James Luo, BC Ministry of Transportation, <a href=\"mailto:James.Luo@gov.bc.ca\">James.Luo@gov.bc.ca.<\/a> Int\u00e9r\u00eats:s\u00e9curit\u00e9 et planification des transports.<\/li>\n<li>Dr. Ciprian Alecsandru of Concordia University, <a href=\"mailto:ciprian.alecsandru@concordia.ca\" target=\"_blank\" rel=\"noopener noreferrer\">ciprian.alecsandru@concordia.ca<\/a><\/li>\n<\/ol>\n[\/vc_column_text][\/vc_tta_section][\/vc_tta_accordion][\/vc_column][\/vc_row]\n","protected":false},"excerpt":{"rendered":"<p>[vc_row][vc_column width=&#8221;1\/3&#8243;][vc_single_image image=&#8221;3096&#8243; img_size=&#8221;large&#8221; style=&#8221;vc_box_shadow&#8221; css_animation=&#8221;bottom-to-top&#8221;][vc_column_text]Message du mois de septembre 2017 du pr\u00e9sident de la division \u00e0 tous les membres int\u00e9ress\u00e9 Message du mois de septembre 2016 du pr\u00e9sident de [&hellip;]<\/p>\n","protected":false},"author":1,"featured_media":0,"parent":3081,"menu_order":0,"comment_status":"closed","ping_status":"closed","template":"","meta":[],"acf":[],"_links":{"self":[{"href":"https:\/\/legacy.csce.ca\/fr\/wp-json\/wp\/v2\/pages\/6342"}],"collection":[{"href":"https:\/\/legacy.csce.ca\/fr\/wp-json\/wp\/v2\/pages"}],"about":[{"href":"https:\/\/legacy.csce.ca\/fr\/wp-json\/wp\/v2\/types\/page"}],"author":[{"embeddable":true,"href":"https:\/\/legacy.csce.ca\/fr\/wp-json\/wp\/v2\/users\/1"}],"replies":[{"embeddable":true,"href":"https:\/\/legacy.csce.ca\/fr\/wp-json\/wp\/v2\/comments?post=6342"}],"version-history":[{"count":4,"href":"https:\/\/legacy.csce.ca\/fr\/wp-json\/wp\/v2\/pages\/6342\/revisions"}],"predecessor-version":[{"id":145455,"href":"https:\/\/legacy.csce.ca\/fr\/wp-json\/wp\/v2\/pages\/6342\/revisions\/145455"}],"up":[{"embeddable":true,"href":"https:\/\/legacy.csce.ca\/fr\/wp-json\/wp\/v2\/pages\/3081"}],"wp:attachment":[{"href":"https:\/\/legacy.csce.ca\/fr\/wp-json\/wp\/v2\/media?parent=6342"}],"curies":[{"name":"wp","href":"https:\/\/api.w.org\/{rel}","templated":true}]}}