{"id":6304,"date":"2018-08-10T13:25:14","date_gmt":"2018-08-10T17:25:14","guid":{"rendered":"http:\/\/csce.ca\/?page_id=6304"},"modified":"2020-07-03T11:39:20","modified_gmt":"2020-07-03T15:39:20","slug":"hydrotechnical","status":"publish","type":"page","link":"https:\/\/legacy.csce.ca\/fr\/committees\/hydrotechnical\/","title":{"rendered":"Hydrotechnique"},"content":{"rendered":"[vc_row][vc_column width=&#8221;1\/3&#8243;][vc_single_image image=&#8221;3096&#8243; img_size=&#8221;large&#8221; style=&#8221;vc_box_shadow&#8221; css_animation=&#8221;bottom-to-top&#8221;][vc_column_text]<a href=\"\/wp-content\/uploads\/2018\/08\/Decembre-2016-Division-hydrotechnique.pdf\" target=\"_blank\" rel=\"noopener noreferrer\"> <\/a><a href=\"\/wp-content\/uploads\/2018\/08\/September-2017-Hydrotechnical-Division-French-1.pdf\" target=\"_blank\" rel=\"noopener noreferrer\">Message du mois<\/a> de septembre 2017 du pr\u00e9sident de la division \u00e0 tous les membres int\u00e9ress\u00e9s.<\/p>\n<p><a href=\"\/wp-content\/uploads\/2018\/08\/Decembre-2016-Division-hydrotechnique.pdf\" target=\"_blank\" rel=\"noopener noreferrer\">Message du mois<\/a> de d\u00e9cembre\u00a02016 du pr\u00e9sident de la division \u00e0 tous les membres int\u00e9ress\u00e9s.<\/p>\n<p><a href=\"\/wp-content\/uploads\/2018\/08\/Septembre-2016-Division-hydrotechnique-de-la-SCGC.pdf\" target=\"_blank\" rel=\"noopener noreferrer\">Message du mois de septembre<\/a> 2016 du pr\u00e9sident de la division \u00e0 tous les membres int\u00e9ress\u00e9s.[\/vc_column_text][\/vc_column][vc_column width=&#8221;2\/3&#8243;][vc_tta_accordion style=&#8221;modern&#8221; active_section=&#8221;1&#8243;][vc_tta_section title=&#8221;Mandate&#8221; tab_id=&#8221;mandate_committee&#8221;][vc_column_text]Travaillant\u00a0dans le respect des objectifs de la Soci\u00e9t\u00e9 pour offrir des programmes techniques, des congr\u00e8s et des symposiums, la division Hydrotechnique offre son appui technique et organisationnel pour ces activit\u00e9s dans son domaine de sp\u00e9cialisation.<\/p>\n<p>Pr\u00e9sident de la Division hydrotechnique<\/p>\n<p><strong>Kerry Mazurek, Ph.D., P.Eng.<br \/>\n<\/strong><strong>Pr\u00e9sidente, Division hydrotechnique de la SCGC<br \/>\n<\/strong><strong>Professeure agr\u00e9g\u00e9e (G\u00e9nie hydro-\u00e9conomique)<br \/>\n<\/strong><strong>Universit\u00e9 du Saskatchewan<\/strong><\/p>\n<p><a href=\"mailto:kerry.mazurek@usask.ca\" target=\"_blank\" rel=\"noopener noreferrer\">kerry.mazurek@usask.ca<\/a><\/p>\n<p><strong>\u00a0<\/strong><\/p>\n<p>&nbsp;[\/vc_column_text][\/vc_tta_section][vc_tta_section title=&#8221;Champs d&#8217;int\u00e9r\u00eat&#8221; tab_id=&#8221;objectives-committee&#8221;][vc_column_text]\n<ul>\n<li>G\u00e9nie c\u00f4tier et des oc\u00e9ans<\/li>\n<li>G\u00e9nie et gestion des ressources hydriques<\/li>\n<li>G\u00e9nie de l\u2019hydrology<\/li>\n<li>G\u00e9nie hydraulique<\/li>\n<li>G\u00e9nie fluvial<\/li>\n<\/ul>\n<p>La Division invite les nominations au prix d\u2019excellence pour \u00e9tudiants en g\u00e9nie hydrotechnique. <a title=\"Cliquer ici\" href=\"\/fr\/committees\/honours-and-fellowships\/\" target=\"_blank\" rel=\"noopener noreferrer\">Cliquer ici<\/a>[\/vc_column_text][\/vc_tta_section][\/vc_tta_accordion][\/vc_column][\/vc_row][vc_row][vc_column][vc_column_text][\/vc_column_text][\/vc_column][\/vc_row][vc_row][vc_column][vc_tta_accordion style=&#8221;modern&#8221; shape=&#8221;square&#8221; active_section=&#8221;4546676s8d7g6sgljsdruwe45454df7s&#8221; collapsible_all=&#8221;true&#8221;][vc_tta_section title=&#8221;Composition du comit\u00e9&#8221; tab_id=&#8221;members-committee&#8221;][vc_column_text]Pr\u00e9sident de la Division:<strong><a href=\"mailto:kerry.mazurek@usask.ca\" target=\"_blank\" rel=\"noopener noreferrer\">Kerry Mazurek<\/a>, Ph.D., P.Eng.<\/strong><\/p>\n<table class=\"table-names\" border=\"1\" cellspacing=\"0\" cellpadding=\"5\">\n<tbody>\n<tr>\n<td bgcolor=\"#f3f3f3\" width=\"50%\">\n<table border=\"0\" cellspacing=\"0\" cellpadding=\"3\">\n<tbody>\n<tr>\n<td rowspan=\"4\" valign=\"top\" width=\"30%\"><img decoding=\"async\" loading=\"lazy\" class=\"aligncenter size-full wp-image-3647\" title=\"Hans Arisz new\" src=\"\/wp-content\/uploads\/2018\/08\/Hans-Arisz-new.jpg\" alt=\"\" width=\"71\" height=\"91\" \/><\/td>\n<td valign=\"top\" width=\"70%\"><strong>Hans Arisz<\/strong><\/td>\n<\/tr>\n<tr>\n<td>R.V. Anderson Associates Limited Associate Director<\/td>\n<\/tr>\n<tr>\n<td>506-455-2888 harisz@rvanderson.com<\/td>\n<\/tr>\n<tr>\n<td>445 Urquhart Crescent Fredericton\u00a0 NB\u00a0 Canada\u00a0\u00a0 Can ada E3B 8K4<\/td>\n<\/tr>\n<\/tbody>\n<\/table>\n<\/td>\n<td bgcolor=\"#f3f3f3\" width=\"50%\">\n<table border=\"0\" cellspacing=\"0\" cellpadding=\"3\">\n<tbody>\n<tr>\n<td rowspan=\"4\" valign=\"top\" width=\"30%\"><img decoding=\"async\" loading=\"lazy\" class=\"aligncenter size-full wp-image-3649\" title=\"Mike Bender new\" src=\"\/wp-content\/uploads\/2018\/08\/Mike-Bender-new.jpg\" alt=\"\" width=\"71\" height=\"100\" \/><\/td>\n<td valign=\"top\" width=\"70%\"><strong>Michael Bender <\/strong><\/td>\n<\/tr>\n<tr>\n<td>Golder Associates Ltd. Associate Water Resources Engineer<\/td>\n<\/tr>\n<tr>\n<td>403-532-5712 mbender@golder.com<\/td>\n<\/tr>\n<tr>\n<td>102, 2535 \u2013 3rd Avenue SE Calgary, Alberta T2A\u00a0 7W5<\/td>\n<\/tr>\n<\/tbody>\n<\/table>\n<\/td>\n<\/tr>\n<tr>\n<td bgcolor=\"#f3f3f3\" width=\"50%\">\n<table border=\"0\" cellspacing=\"0\" cellpadding=\"3\">\n<tbody>\n<tr>\n<td rowspan=\"4\" valign=\"top\" width=\"30%\"><img decoding=\"async\" class=\"aligncenter size-full wp-image-3650\" title=\"Shawn Clark new\" src=\"\/wp-content\/uploads\/2018\/08\/Shawn-Clark-new.bmp\" alt=\"\" \/><\/td>\n<td valign=\"top\" width=\"70%\"><strong>Shawn Clark<\/strong><\/td>\n<\/tr>\n<tr>\n<td>University of Manitoba Assistant Professor<\/td>\n<\/tr>\n<tr>\n<td>204-474-9046 Shawn.Clark@ad.umanitoba.ca<\/td>\n<\/tr>\n<tr>\n<td>E1-388 EITC Department of Civil Engineering University of Manitoba Winnipeg\u00a0 Manitoba Canada R3T 5V6<\/td>\n<\/tr>\n<\/tbody>\n<\/table>\n<\/td>\n<td bgcolor=\"#f3f3f3\" width=\"50%\">\n<table border=\"0\" cellspacing=\"0\" cellpadding=\"3\">\n<tbody>\n<tr>\n<td rowspan=\"4\" valign=\"top\" width=\"30%\"><img decoding=\"async\" loading=\"lazy\" class=\"aligncenter size-full wp-image-3651\" title=\"Arbind Mainali newl\" src=\"\/wp-content\/uploads\/2018\/08\/Arbind-Mainali-newl.jpg\" alt=\"\" width=\"88\" height=\"71\" \/><\/td>\n<td valign=\"top\" width=\"70%\"><strong>Arbind Mainali<\/strong><\/td>\n<\/tr>\n<tr>\n<td>City of Edmonton<\/td>\n<\/tr>\n<tr>\n<td>780-496-7918 Arbind.Mainali@edmonton.ca<\/td>\n<\/tr>\n<tr>\n<td>14323 115 AVENUE NW Edmonton, Alberta Canada\u00a0\u00a0 T5M 3B8<\/td>\n<\/tr>\n<\/tbody>\n<\/table>\n<\/td>\n<\/tr>\n<tr>\n<td bgcolor=\"#f3f3f3\" width=\"50%\">\n<table border=\"0\" cellspacing=\"0\" cellpadding=\"3\">\n<tbody>\n<tr>\n<td rowspan=\"4\" valign=\"top\" width=\"30%\"><img decoding=\"async\" loading=\"lazy\" class=\"size-full wp-image-3711 alignleft\" title=\"Kerry Mazurek new\" src=\"\/wp-content\/uploads\/2018\/08\/Kerry-Mazurek-new.jpg\" alt=\"\" width=\"71\" height=\"107\" \/><\/td>\n<td valign=\"top\" width=\"70%\"><strong>Kerry Mazurek<\/strong><\/td>\n<\/tr>\n<tr>\n<td>University of Saskatchewan Associate Professor<\/td>\n<\/tr>\n<tr>\n<td>306-966-5477 kerry.mazurek@usask.ca<\/td>\n<\/tr>\n<tr>\n<td>57 Campus Drive Saskatoon\u00a0 Saskatchewan Canada\u00a0 S7N 5A9<\/td>\n<\/tr>\n<\/tbody>\n<\/table>\n<\/td>\n<td bgcolor=\"#f3f3f3\" width=\"50%\">\n<table border=\"0\" cellspacing=\"0\" cellpadding=\"3\">\n<tbody>\n<tr>\n<td rowspan=\"4\" valign=\"top\" width=\"30%\"><img decoding=\"async\" loading=\"lazy\" class=\"aligncenter size-full wp-image-3653\" title=\"Ioan NISTOR new\" src=\"\/wp-content\/uploads\/2018\/08\/Ioan-NISTOR-new.jpg\" alt=\"\" width=\"71\" height=\"89\" \/><\/td>\n<td valign=\"top\" width=\"70%\"><strong>Ioan Nistor<\/strong><\/td>\n<\/tr>\n<tr>\n<td>University of Ottawa Assistant Professor, Department of Civil Engineering<\/td>\n<\/tr>\n<tr>\n<td>613-562-5800 (poste\/ext. 6147) inistor@uottawa.ca<\/td>\n<\/tr>\n<tr>\n<td>161, Louis Pasteur St., A115 Ottawa, Ontario, Canada\u00a0 K1N 6N5<\/td>\n<\/tr>\n<\/tbody>\n<\/table>\n<\/td>\n<\/tr>\n<tr>\n<td bgcolor=\"#f3f3f3\" width=\"50%\">\n<table border=\"0\" cellspacing=\"0\" cellpadding=\"3\">\n<tbody>\n<tr>\n<td rowspan=\"4\" valign=\"top\" width=\"30%\"><img decoding=\"async\" loading=\"lazy\" class=\"wp-image-3737 aligncenter\" title=\"van Thanh\" src=\"\/wp-content\/uploads\/2018\/08\/van-Thanh-150x150.jpg\" alt=\"\" width=\"72\" height=\"88\" \/><\/td>\n<td valign=\"top\" width=\"70%\"><strong>Van-Thanh-Van Nguyen<\/strong><\/td>\n<\/tr>\n<tr>\n<td>McGill Universtiy Chair, Department of Civil Engineering and Applied Mechanics<\/td>\n<\/tr>\n<tr>\n<td>Tel.: (514) 398-6870 Fax: (514) 398-7361 <a href=\"mailto:van.tv.nguyen@mcgill.ca\">van.tv.nguyen@mcgill.ca<\/a><\/td>\n<\/tr>\n<tr>\n<td>Web: <a href=\"http:\/\/www.mcgill.ca\/civil\/\" target=\"_blank\" rel=\"noopener noreferrer\">http:\/\/www.mcgill.ca\/civil\/<\/a><\/td>\n<\/tr>\n<\/tbody>\n<\/table>\n<\/td>\n<td bgcolor=\"#f3f3f3\" width=\"50%\">\n<table border=\"0\" cellspacing=\"0\" cellpadding=\"3\">\n<tbody>\n<tr>\n<td rowspan=\"4\" valign=\"top\" width=\"30%\"><img decoding=\"async\" loading=\"lazy\" title=\"Slobodan Simonovic new\" src=\"\/wp-content\/uploads\/2018\/08\/Slobodan-Simonovic-new.jpg\" alt=\"\" width=\"71\" height=\"100\" \/><\/td>\n<td valign=\"top\" width=\"70%\"><strong>Slobodan Simonovic<\/strong><\/td>\n<\/tr>\n<tr>\n<td>University of Western Ontario<\/td>\n<\/tr>\n<tr>\n<td>(519) 661-4075 simonovic@uwo.ca<\/td>\n<\/tr>\n<tr>\n<td>London, Ontario\u00a0 N6A 5B9 Canada<\/td>\n<\/tr>\n<\/tbody>\n<\/table>\n<\/td>\n<\/tr>\n<tr>\n<td bgcolor=\"#f3f3f3\" width=\"50%\">\n<table border=\"0\" cellspacing=\"0\" cellpadding=\"3\">\n<tbody>\n<tr>\n<td rowspan=\"4\" valign=\"top\" width=\"30%\"><img decoding=\"async\" loading=\"lazy\" title=\"Andrew Wood new\" src=\"\/wp-content\/uploads\/2018\/08\/Andrew-Wood-new.jpg\" alt=\"\" width=\"71\" height=\"107\" \/><\/td>\n<td valign=\"top\" width=\"70%\">\u00a0<strong>Andrew Wood<\/strong><\/td>\n<\/tr>\n<tr>\n<td>City of Port Coquitlam Director of Engineering &amp; Operations<\/td>\n<\/tr>\n<tr>\n<td>604-927-5453 wooda@portcoquitlam.ca<\/td>\n<\/tr>\n<tr>\n<td>2580 Shaughnessy Street Port Coquitlam, BC V3C 2A8<\/td>\n<\/tr>\n<\/tbody>\n<\/table>\n<\/td>\n<td bgcolor=\"#f3f3f3\" width=\"50%\">\n<table border=\"0\" cellspacing=\"0\" cellpadding=\"3\">\n<tbody>\n<tr>\n<td rowspan=\"4\" valign=\"top\" width=\"30%\"><img decoding=\"async\" loading=\"lazy\" title=\"user2\" src=\"\/wp-content\/uploads\/2018\/08\/user.jpg\" alt=\"\" width=\"71\" height=\"107\" \/><\/td>\n<td valign=\"top\" width=\"70%\"><\/td>\n<\/tr>\n<tr>\n<td><\/td>\n<\/tr>\n<tr>\n<td><\/td>\n<\/tr>\n<tr>\n<td><\/td>\n<\/tr>\n<\/tbody>\n<\/table>\n<\/td>\n<\/tr>\n<\/tbody>\n<\/table>\n[\/vc_column_text][vc_column_text]Kerry Mazurek, Ph.D., P.Eng. (Chair\/Secretary), University of Saskatchewan, Saskatoon, Saskatchewan (email: Kerry.Mazurek@usask.ca) Michael Bender, Ph.D., P.Eng., Matrix Solutions, Calgary, AB Arbind Mainail, Ph.D., P.Eng., City of Edmonton, Edmonton, Alberta Ioan Nistor, Ph.D., P.Eng., University of Ottawa, Ottawa, Ontario Shawn Clark, Ph.D., P.Eng., University of Manitoba, Winnipeg, Manitoba Slobadon Simonovic, Ph.D., P.Eng., The University of Western Ontario, London, Ontario Hans Arisz, RV Anderson Associates Ltd., Fredericton, New Brunswick Yee-Chung Jin, Ph.D., P.Eng., University of Regina, Regina, Saskatchewan Andrew Wood, Ph.D., P.Eng., Metro Vancouver, Burnaby, British Columbia Andrew Binns, Ph.D., University of Guelph, Guelph, Ontario Van-Thanh-Van NGUYEN, D.A.Sc, ing., McGill University, Montreal, Quebec[\/vc_column_text][\/vc_tta_section][\/vc_tta_accordion][\/vc_column][\/vc_row][vc_row][vc_column][\/vc_column][\/vc_row]\n","protected":false},"excerpt":{"rendered":"<p>[vc_row][vc_column width=&#8221;1\/3&#8243;][vc_single_image image=&#8221;3096&#8243; img_size=&#8221;large&#8221; style=&#8221;vc_box_shadow&#8221; css_animation=&#8221;bottom-to-top&#8221;][vc_column_text] Message du mois de septembre 2017 du pr\u00e9sident de la division \u00e0 tous les membres int\u00e9ress\u00e9s. Message du mois de d\u00e9cembre\u00a02016 du pr\u00e9sident de [&hellip;]<\/p>\n","protected":false},"author":1,"featured_media":0,"parent":3081,"menu_order":0,"comment_status":"closed","ping_status":"closed","template":"","meta":[],"acf":[],"_links":{"self":[{"href":"https:\/\/legacy.csce.ca\/fr\/wp-json\/wp\/v2\/pages\/6304"}],"collection":[{"href":"https:\/\/legacy.csce.ca\/fr\/wp-json\/wp\/v2\/pages"}],"about":[{"href":"https:\/\/legacy.csce.ca\/fr\/wp-json\/wp\/v2\/types\/page"}],"author":[{"embeddable":true,"href":"https:\/\/legacy.csce.ca\/fr\/wp-json\/wp\/v2\/users\/1"}],"replies":[{"embeddable":true,"href":"https:\/\/legacy.csce.ca\/fr\/wp-json\/wp\/v2\/comments?post=6304"}],"version-history":[{"count":4,"href":"https:\/\/legacy.csce.ca\/fr\/wp-json\/wp\/v2\/pages\/6304\/revisions"}],"predecessor-version":[{"id":145451,"href":"https:\/\/legacy.csce.ca\/fr\/wp-json\/wp\/v2\/pages\/6304\/revisions\/145451"}],"up":[{"embeddable":true,"href":"https:\/\/legacy.csce.ca\/fr\/wp-json\/wp\/v2\/pages\/3081"}],"wp:attachment":[{"href":"https:\/\/legacy.csce.ca\/fr\/wp-json\/wp\/v2\/media?parent=6304"}],"curies":[{"name":"wp","href":"https:\/\/api.w.org\/{rel}","templated":true}]}}