{"id":512,"date":"2018-06-26T00:47:41","date_gmt":"2018-06-26T04:47:41","guid":{"rendered":"http:\/\/csce.ca\/?page_id=512"},"modified":"2021-03-10T12:43:37","modified_gmt":"2021-03-10T17:43:37","slug":"organizational-chart","status":"publish","type":"page","link":"https:\/\/legacy.csce.ca\/fr\/a-propos-de-nous\/organizational-chart\/","title":{"rendered":"Organigramme"},"content":{"rendered":"[vc_row][vc_column][vc_column_text]La Soci\u00e9t\u00e9 a des Sections locales dans tout le Canada qui organisent des programmes techniques r\u00e9guliers et des ateliers et s\u00e9minaires techniques offrant un int\u00e9r\u00eat particulier \u00e0 la communaut\u00e9. La participation des membres \u00e0 ces activit\u00e9s leur permet de se tenir au courant des pratiques en g\u00e9nie civil et des projets locaux et de faire du r\u00e9seautage au sein de la communaut\u00e9.<\/p>\n<p>Les Divisions et Comit\u00e9s techniques organisent des conf\u00e9rences techniques sp\u00e9cialis\u00e9es et produisent des publications de pointe. L\u2019adh\u00e9sion \u00e0 la Soci\u00e9t\u00e9 permet d\u2019\u00eatre au fait des avances technologiques de la profession.<\/p>\n<p>La SCGC est dirig\u00e9e par un conseil d\u2019administration qui repr\u00e9sente les organes suivants de la Soci\u00e9t\u00e9\u00a0:<\/p>\n<ul>\n<li>Le Comit\u00e9 de coordination r\u00e9gionale apporte son aide aux Sections dans l\u2019organisation d\u2019\u00e9v\u00e9nements, les communications, les initiatives dans le domaine des adh\u00e9sions et la planification de la rel\u00e8ve;<\/li>\n<li>Le Comit\u00e9 de coordination des programmes \u2013 Divisions techniques comprend des repr\u00e9sentants de toutes les Divisions techniques et est responsable de la fourniture de programmes et publications techniques \u00e0 l\u2019\u00e9chelle nationale;<\/li>\n<li>Le Comit\u00e9 de coordination des programmes \u2013 Programmes techniques est responsable des programmes de d\u00e9veloppement de carri\u00e8re, des tourn\u00e9es nationales de conf\u00e9rences, des affaires internationales et de l\u2019\u00e9ducation et de la recherche;<\/li>\n<li>Le Comit\u00e9 de coordination administrative est charg\u00e9 du d\u00e9veloppement des affaires, de la planification financi\u00e8re et comptable , des distinctions honorifiques et fellows, des affaires \u00e9tudiantes, des communications et des publications, des questions d\u2019histoire et des services aux membres.<\/li>\n<\/ul>\n<div id=\"wrapper_flow\"><\/div>\n[\/vc_column_text][vc_column_text]\n<p style=\"text-align: center;\"><strong>Organigramme<\/strong><\/p>\n<p style=\"text-align: center;\"><img decoding=\"async\" loading=\"lazy\" class=\"size-full wp-image-57838 aligncenter\" src=\"\/wp-content\/uploads\/2018\/06\/201612-chart_fr2-165.png\" alt=\"Organigramme SCGC\" width=\"698\" height=\"649\" \/><\/p>\n<div style=\"float: right;\">[vc_btn title=&#8221;Chapitres \u00e9tudiants&#8221; color=&#8221;purple&#8221; size=&#8221;sm&#8221; link=&#8221;url:\/fr\/a-propos-de-nous\/organizational-chart\/student_chapters&#8221;]<\/div>\n[\/vc_column_text][\/vc_column][\/vc_row][vc_row][vc_column][\/vc_column][\/vc_row]\n","protected":false},"excerpt":{"rendered":"<p>[vc_row][vc_column][vc_column_text]La Soci\u00e9t\u00e9 a des Sections locales dans tout le Canada qui organisent des programmes techniques r\u00e9guliers et des ateliers et s\u00e9minaires techniques offrant un int\u00e9r\u00eat particulier \u00e0 la communaut\u00e9. La [&hellip;]<\/p>\n","protected":false},"author":1,"featured_media":0,"parent":489,"menu_order":0,"comment_status":"closed","ping_status":"closed","template":"","meta":[],"acf":[],"_links":{"self":[{"href":"https:\/\/legacy.csce.ca\/fr\/wp-json\/wp\/v2\/pages\/512"}],"collection":[{"href":"https:\/\/legacy.csce.ca\/fr\/wp-json\/wp\/v2\/pages"}],"about":[{"href":"https:\/\/legacy.csce.ca\/fr\/wp-json\/wp\/v2\/types\/page"}],"author":[{"embeddable":true,"href":"https:\/\/legacy.csce.ca\/fr\/wp-json\/wp\/v2\/users\/1"}],"replies":[{"embeddable":true,"href":"https:\/\/legacy.csce.ca\/fr\/wp-json\/wp\/v2\/comments?post=512"}],"version-history":[{"count":4,"href":"https:\/\/legacy.csce.ca\/fr\/wp-json\/wp\/v2\/pages\/512\/revisions"}],"predecessor-version":[{"id":202976,"href":"https:\/\/legacy.csce.ca\/fr\/wp-json\/wp\/v2\/pages\/512\/revisions\/202976"}],"up":[{"embeddable":true,"href":"https:\/\/legacy.csce.ca\/fr\/wp-json\/wp\/v2\/pages\/489"}],"wp:attachment":[{"href":"https:\/\/legacy.csce.ca\/fr\/wp-json\/wp\/v2\/media?parent=512"}],"curies":[{"name":"wp","href":"https:\/\/api.w.org\/{rel}","templated":true}]}}