{"id":506,"date":"2018-06-26T00:37:54","date_gmt":"2018-06-26T04:37:54","guid":{"rendered":"http:\/\/csce.ca\/?page_id=506"},"modified":"2023-02-12T21:26:44","modified_gmt":"2023-02-13T02:26:44","slug":"aboutcsce","status":"publish","type":"page","link":"https:\/\/legacy.csce.ca\/fr\/a-propos-de-nous\/aboutcsce\/","title":{"rendered":"\u00c0 propos de la SCGC"},"content":{"rendered":"[vc_row][vc_column][vc_column_text]<strong>Introduction<\/strong><\/p>\n<p>La SCGC est une organismes sans but lucratif, soci\u00e9t\u00e9 savante dont le but est de d\u00e9velopper et maintenir des standards \u00e9lev\u00e9s de la pratique du g\u00e9nie civil au Canada et de rehausser l&#8217;image de la profession du g\u00e9nie civil aupr\u00e8s du public.<\/p>\n<p><strong>Bureau administratif de la SCGC<\/strong><br \/>\n2167 166 St<br \/>\nSurrey, British Columbia<br \/>\nCanada V3Z 0V6<\/p>\n<p><strong>Courriel:<\/strong> admin@csce.ca<\/p>\n<p><strong>R\u00e8glements de la SCGC:<\/strong> (initialement approuv\u00e9s par les membres lors de l&#8217;assembl\u00e9e g\u00e9n\u00e9rale annuelle du 31 mai 2014 et modifi\u00e9s et approuv\u00e9s par un vote par \u00e9crit le 16 octobre 2015)\u00a0<a href=\"\/wp-content\/uploads\/2018\/06\/CSCE-By-laws-2-Oct-16-15-1.pdf\">CSCE By-laws 2 \u2013 Oct 16-2015<\/a><\/p>\n<p><strong>Mission<\/strong><\/p>\n<p>La Soci\u00e9t\u00e9 canadienne de g\u00e9nie civil promeut la pratique du g\u00e9nie civil au Canada ainsi que le d\u00e9veloppement,\u00a0l&#8217;acquistion et l&#8217;\u00e9change des connaissances dans le domaine du g\u00e9nie civil.<\/p>\n<p><strong>Histoire<\/strong><\/p>\n<p>Fond\u00e9e en 1887 par d&#8217;\u00e9minents ing\u00e9nieurs civils au Canada, la Soci\u00e9t\u00e9 canadienne de g\u00e9nie civil (SCGC) est une soci\u00e9t\u00e9 savante dont le but est de\u00a0rehausser l&#8217;image de la profession du g\u00e9nie civil et de d\u00e9velopper et maintenir des standards \u00e9lev\u00e9s de la pratique du g\u00e9nie civil au Canada.<\/p>\n<p><img decoding=\"async\" loading=\"lazy\" title=\"history\" src=\"\/wp-content\/uploads\/2018\/06\/history.jpg\" alt=\"\" width=\"150\" height=\"171\" \/>[\/vc_column_text][\/vc_column][\/vc_row]\n","protected":false},"excerpt":{"rendered":"<p>[vc_row][vc_column][vc_column_text]Introduction La SCGC est une organismes sans but lucratif, soci\u00e9t\u00e9 savante dont le but est de d\u00e9velopper et maintenir des standards \u00e9lev\u00e9s de la pratique du g\u00e9nie civil au Canada [&hellip;]<\/p>\n","protected":false},"author":1,"featured_media":0,"parent":489,"menu_order":0,"comment_status":"closed","ping_status":"closed","template":"","meta":[],"acf":[],"_links":{"self":[{"href":"https:\/\/legacy.csce.ca\/fr\/wp-json\/wp\/v2\/pages\/506"}],"collection":[{"href":"https:\/\/legacy.csce.ca\/fr\/wp-json\/wp\/v2\/pages"}],"about":[{"href":"https:\/\/legacy.csce.ca\/fr\/wp-json\/wp\/v2\/types\/page"}],"author":[{"embeddable":true,"href":"https:\/\/legacy.csce.ca\/fr\/wp-json\/wp\/v2\/users\/1"}],"replies":[{"embeddable":true,"href":"https:\/\/legacy.csce.ca\/fr\/wp-json\/wp\/v2\/comments?post=506"}],"version-history":[{"count":4,"href":"https:\/\/legacy.csce.ca\/fr\/wp-json\/wp\/v2\/pages\/506\/revisions"}],"predecessor-version":[{"id":213660,"href":"https:\/\/legacy.csce.ca\/fr\/wp-json\/wp\/v2\/pages\/506\/revisions\/213660"}],"up":[{"embeddable":true,"href":"https:\/\/legacy.csce.ca\/fr\/wp-json\/wp\/v2\/pages\/489"}],"wp:attachment":[{"href":"https:\/\/legacy.csce.ca\/fr\/wp-json\/wp\/v2\/media?parent=506"}],"curies":[{"name":"wp","href":"https:\/\/api.w.org\/{rel}","templated":true}]}}