{"id":3103,"date":"2018-08-10T11:18:45","date_gmt":"2018-08-10T15:18:45","guid":{"rendered":"http:\/\/csce.ca\/?page_id=3103"},"modified":"2021-02-17T04:24:06","modified_gmt":"2021-02-17T09:24:06","slug":"developpement-durable","status":"publish","type":"page","link":"https:\/\/legacy.csce.ca\/fr\/committees\/developpement-durable\/","title":{"rendered":"Comit\u00e9 du d\u00e9veloppement durable"},"content":{"rendered":"[vc_row][vc_column width=&#8221;1\/3&#8243;][vc_single_image image=&#8221;6839&#8243; img_size=&#8221;large&#8221; style=&#8221;vc_box_shadow&#8221; css_animation=&#8221;bottom-to-top&#8221;][vc_column_text]\n<p style=\"text-align: center;\"><a href=\"\/wp-content\/uploads\/2018\/08\/CSCE-Guidelines-for-Sustainable-Development-English.pdf\" target=\"_blank\" rel=\"noopener\">Directives de la SCGC sur le d\u00e9veloppement durable<\/a><\/p>\n[\/vc_column_text][\/vc_column][vc_column width=&#8221;2\/3&#8243;][vc_tta_accordion style=&#8221;modern&#8221; active_section=&#8221;1&#8243;][vc_tta_section title=&#8221;Mission&#8221; tab_id=&#8221;mandate_committee&#8221;][vc_column_text]Le CDD apporte son leadership et son expertise \u00e0 la SCGC dans le domaine du d\u00e9veloppement durable et en particulier la pratique du g\u00e9nie durable.<\/p>\n<p>La poursuite de l\u2019\u00e9laboration et de la promotion des directives\u00a0est pr\u00e9vue telles que des minis tourn\u00e9es de conf\u00e9rences et des contacts avec divers gouvernements, universit\u00e9s et autres d&#8217;organisations.[\/vc_column_text][\/vc_tta_section][vc_tta_section title=&#8221;Domaines d&#8217;int\u00e9r\u00eat&#8221; tab_id=&#8221;objectives-committee&#8221;][vc_column_text]\n<ul>\n<li>Eau et conservation de l\u2019\u00e9nergie<\/li>\n<li>Transports durables (par exemple les syst\u00e8mes de transport de masse)<\/li>\n<li>LEED\/Planification verte et d\u00e9veloppement urbain<\/li>\n<li>Utilisation durable des mat\u00e9riaux (construction de routes, remblai, barrages, etc)<\/li>\n<li>Durabilit\u00e9 urbaine<\/li>\n<li>D\u00e9veloppement des r\u00e9gions nordiques du Canada<\/li>\n<li>Rem\u00e9diation de sites d\u00e9saffect\u00e9s<\/li>\n<li>Gestion des eaux de ruissellement naturalis\u00e9es (par exemple: chauss\u00e9es poreuses,  milieux humides b\u00e2tis)<\/li>\n<li>D\u00e9veloppement durable international<\/li>\n<li>Att\u00e9nuation des changements climatiques et adaptation<\/li>\n<li>Planification de l\u2019att\u00e9nuation des d\u00e9sastres<\/li>\n<li>Conservation des ressources et and efficience<\/li>\n<li>Gestion int\u00e9gr\u00e9e des d\u00e9chets<\/li>\n<li>Gestion des infrastructures<\/li>\n<li>Conversion et r\u00e9novation d\u2019\u00e9difices historiques<\/li>\n<li>Conception d\u2019\u00e9difices verts (par exemple: jardins sur les toits, recyclage et utilisation des mat\u00e9riaux, efficience \u00e9nerg\u00e9tique, mat\u00e9riaux SRI)<\/li>\n<\/ul>\n[\/vc_column_text][\/vc_tta_section][vc_tta_section title=&#8221;Outils et approches du d\u00e9veloppement durable:&#8221; tab_id=&#8221;approaches_committee&#8221;][vc_column_text]\n<ul>\n<li>Analyses du cycle de vie environmental<\/li>\n<li>Analyses du flux des mati\u00e8res<\/li>\n<li>M\u00e9thode du co\u00fbt complet<\/li>\n<li>Analyse du cycle de vie \u00e9conomique<\/li>\n<li>\u00c9valuation de l\u2019impact environmental<\/li>\n<li>Planification environmentale et contr\u00f4le<\/li>\n<li>Indicateurs de durablilit\u00e9<\/li>\n<\/ul>\n[\/vc_column_text][\/vc_tta_section][\/vc_tta_accordion][\/vc_column][\/vc_row][vc_row][vc_column][vc_tta_accordion style=&#8221;modern&#8221; shape=&#8221;square&#8221; active_section=&#8221;4546676s8d7g6sgljsdruwe45454df7s&#8221; collapsible_all=&#8221;true&#8221;][vc_tta_section title=&#8221;Composition du comit\u00e9&#8221; tab_id=&#8221;members-committee&#8221;][vc_column_text]ANCIEN PR\u00c9SIDENT:<\/p>\n<table class=\"add_comite\">\n<tbody>\n<tr>\n<th>\n<p>Gord Lovegrove,<\/p>\n<h6>PhD, P.Eng.(BC), M.CSCE, F.ITE<\/h6>\n<\/th>\n<td><span class=\"add_email\"><a href=\"mailto:lovegrove@ubc.ca\">lovegrove@ubc.ca<\/a><br \/>\n<a href=\"http:\/\/engineering.ok.ubc.ca\/faculty\/gordonlovegrove.html\" target=\"_blank\" rel=\"noopener\">Web page<\/a><br \/>\n<\/span>UBC Okanagan, School of Engineering<\/td>\n<\/tr>\n<\/tbody>\n<\/table>\n<p>PR\u00c9SIDENT ACTUEL:<\/p>\n<table class=\"add_comite\" style=\"height: 67px;\" width=\"429\">\n<tbody>\n<tr>\n<th>\n<table class=\"add_comite\" style=\"height: 54px;\" width=\"168\">\n<tbody>\n<tr>\n<th>Kerry Black,\u00a0 \u00a0 \u00a0PD.<\/th>\n<\/tr>\n<\/tbody>\n<\/table>\n<\/th>\n<td><a href=\"mailto:kerry.black@ucalgary.ca\" target=\"_blank\" rel=\"noopener\">kerry.black@ucalgary.ca<\/a><br \/>\nUniversity of Calgary<\/td>\n<\/tr>\n<\/tbody>\n<\/table>\n<p>MEMBRES:<\/p>\n<table class=\"add_comite\">\n<tbody>\n<tr>\n<th>\n<p>Ata Khan,<\/p>\n<h6>Ph.D., P.Eng.(ON), F.CSCE., F.ITE.<\/h6>\n<\/th>\n<td><span class=\"add_email\"><a href=\"mailto:ata.khan@carleton.ca\">ata.khan@carleton.ca<\/a><br \/>\n<a href=\"http:\/\/carleton.ca\/cee\/people\/khan-ata-m\/\" target=\"_blank\" rel=\"noopener\">Web page<\/a><br \/>\n<\/span>Carleton University, Civil &amp; Environmental Engineering<\/td>\n<\/tr>\n<tr>\n<th>\n<p>Catherine Mulligan,<\/p>\n<h6>PhD, P.Eng. (QC), F.CSCE<\/h6>\n<\/th>\n<td><span class=\"add_email\"><a href=\"mailto:mulligan@concordia.ca\">mulligan@concordia.ca<\/a><br \/>\n<a href=\"https:\/\/www.concordia.ca\/encs\/bcee\/faculty.html?fpid=catherine-mulligan\" target=\"_blank\" rel=\"noopener\">Web page<\/a><br \/>\n<\/span>Concordia Research Chair in Geoenvironmental Sustainability<\/td>\n<\/tr>\n<tr>\n<th>\n<p>Al Perks,<\/p>\n<h6>P.Eng. (ON, retired), M.CSCE<\/h6>\n<\/th>\n<td><span class=\"add_email\"><a href=\"mailto:aperks@uottawa.ca\">aperks@uottawa.ca<\/a><br \/>\n<\/span>Adjunct Faculty, University of Ottawa<\/td>\n<\/tr>\n<\/tbody>\n<\/table>\n[\/vc_column_text][\/vc_tta_section][\/vc_tta_accordion][\/vc_column][\/vc_row]\n","protected":false},"excerpt":{"rendered":"<p>[vc_row][vc_column width=&#8221;1\/3&#8243;][vc_single_image image=&#8221;6839&#8243; img_size=&#8221;large&#8221; style=&#8221;vc_box_shadow&#8221; css_animation=&#8221;bottom-to-top&#8221;][vc_column_text] Directives de la SCGC sur le d\u00e9veloppement durable [\/vc_column_text][\/vc_column][vc_column width=&#8221;2\/3&#8243;][vc_tta_accordion style=&#8221;modern&#8221; active_section=&#8221;1&#8243;][vc_tta_section title=&#8221;Mission&#8221; tab_id=&#8221;mandate_committee&#8221;][vc_column_text]Le CDD apporte son leadership et son expertise \u00e0 la SCGC [&hellip;]<\/p>\n","protected":false},"author":1,"featured_media":0,"parent":3081,"menu_order":0,"comment_status":"closed","ping_status":"closed","template":"","meta":[],"acf":[],"_links":{"self":[{"href":"https:\/\/legacy.csce.ca\/fr\/wp-json\/wp\/v2\/pages\/3103"}],"collection":[{"href":"https:\/\/legacy.csce.ca\/fr\/wp-json\/wp\/v2\/pages"}],"about":[{"href":"https:\/\/legacy.csce.ca\/fr\/wp-json\/wp\/v2\/types\/page"}],"author":[{"embeddable":true,"href":"https:\/\/legacy.csce.ca\/fr\/wp-json\/wp\/v2\/users\/1"}],"replies":[{"embeddable":true,"href":"https:\/\/legacy.csce.ca\/fr\/wp-json\/wp\/v2\/comments?post=3103"}],"version-history":[{"count":5,"href":"https:\/\/legacy.csce.ca\/fr\/wp-json\/wp\/v2\/pages\/3103\/revisions"}],"predecessor-version":[{"id":202305,"href":"https:\/\/legacy.csce.ca\/fr\/wp-json\/wp\/v2\/pages\/3103\/revisions\/202305"}],"up":[{"embeddable":true,"href":"https:\/\/legacy.csce.ca\/fr\/wp-json\/wp\/v2\/pages\/3081"}],"wp:attachment":[{"href":"https:\/\/legacy.csce.ca\/fr\/wp-json\/wp\/v2\/media?parent=3103"}],"curies":[{"name":"wp","href":"https:\/\/api.w.org\/{rel}","templated":true}]}}