{"id":3083,"date":"2018-08-10T11:16:25","date_gmt":"2018-08-10T15:16:25","guid":{"rendered":"http:\/\/csce.ca\/?page_id=3083"},"modified":"2018-08-10T11:16:25","modified_gmt":"2018-08-10T15:16:25","slug":"environnement","status":"publish","type":"page","link":"https:\/\/legacy.csce.ca\/fr\/committees\/environnement\/","title":{"rendered":"Environnement"},"content":{"rendered":"[vc_row][vc_column width=&#8221;1\/3&#8243;][vc_single_image image=&#8221;3096&#8243; img_size=&#8221;large&#8221; style=&#8221;vc_box_shadow&#8221; css_animation=&#8221;bottom-to-top&#8221;][vc_column_text]<a href=\"\/wp-content\/uploads\/2018\/08\/September-2017-Environmental-French.pdf\" target=\"_blank\" rel=\"noopener\">Message du mois<\/a> de septembre 2017 du pr\u00e9sident de la division \u00e0 tous les membres int\u00e9ress\u00e9s.<\/p>\n<p><a href=\"\/wp-content\/uploads\/2018\/08\/April-2017-Division-de-l%E2%80%99environnement.pdf\" target=\"_blank\" rel=\"noopener\">Message du mois<\/a> de avril 2017 du pr\u00e9sident de la division \u00e0 tous les membres int\u00e9ress\u00e9s.<\/p>\n<p><a href=\"\/wp-content\/uploads\/2018\/08\/Decembre-2016-French-Envir.pdf\" target=\"_blank\" rel=\"noopener\">Message du mois<\/a>\u00a0 de d\u00e9cembre 2016\u00a0du pr\u00e9sident de la division \u00e0 tous les membres int\u00e9ress\u00e9s.<\/p>\n<p><a href=\"\/wp-content\/uploads\/2018\/08\/Septembre-2016-Division-de-l-environnement.pdf\" target=\"_blank\" rel=\"noopener\">Message du mois de septembre 2016<\/a>\u00a0du pr\u00e9sident de la division \u00e0 tous les membres int\u00e9ress\u00e9s.[\/vc_column_text][\/vc_column][vc_column width=&#8221;2\/3&#8243;][vc_tta_accordion style=&#8221;modern&#8221; active_section=&#8221;1&#8243;][vc_tta_section title=&#8221;Mandat&#8221; tab_id=&#8221;mandate_committee&#8221;][vc_column_text]\n<p>Travaillant\u00a0dans le respect des objectifs de la Soci\u00e9t\u00e9 pour offrir des programmes techniques, des conf\u00e9rences et des symposiums, la Division de l\u2019environnement offre son appui technique et organisationnel pour ces activit\u00e9s dans son domaine de sp\u00e9cialisation.<\/p>\n<p>Pr\u00e9sident de la division<br \/>\nGopal Achari<br \/>\n<a href=\"mailto:gachari@ucalgary.ca\">gachari@ucalgary.ca<\/a><\/p>\n[\/vc_column_text][\/vc_tta_section][vc_tta_section title=&#8221;Domaines d&#8217;int\u00e9r\u00eat&#8221; tab_id=&#8221;objectives-committee&#8221;][vc_column_text]\n<ul>\n<li>Pollution de l\u2019air<\/li>\n<li>Gestion fonci\u00e8re<\/li>\n<li>Protection contre les radiations<\/li>\n<li>Qualit\u00e9 de l\u2019eau<\/li>\n<li>Gestion des d\u00e9chets solides<\/li>\n<li>Gestion des d\u00e9chets dangereux<\/li>\n<li>Contr\u00f4le des mat\u00e9riaux toxiques<\/li>\n<li>Gestion des eaux us\u00e9es<\/li>\n<li>Hydraulique environnementale<\/li>\n<li>Sant\u00e9 publique<\/li>\n<\/ul>\n[\/vc_column_text][\/vc_tta_section][\/vc_tta_accordion][\/vc_column][\/vc_row][vc_row][vc_column][vc_tta_accordion style=&#8221;modern&#8221; shape=&#8221;square&#8221; active_section=&#8221;4546676s8d7g6sgljsdruwe45454df7s&#8221; collapsible_all=&#8221;true&#8221;][vc_tta_section title=&#8221;Composition du comit\u00e9&#8221; tab_id=&#8221;members-committee&#8221;][vc_column_text]CHAIR:<\/p>\n<table class=\"add_comite\">\n<tbody>\n<tr>\n<th>Catherine Mulligan<\/th>\n<td><span class=\"add_email\"><a href=\"mailto:mulligan@civil.concordia.ca\">mulligan@civil.concordia.ca<\/a> <\/span><\/td>\n<\/tr>\n<\/tbody>\n<\/table>\n[\/vc_column_text][\/vc_tta_section][\/vc_tta_accordion][\/vc_column][\/vc_row]\n","protected":false},"excerpt":{"rendered":"<p>[vc_row][vc_column width=&#8221;1\/3&#8243;][vc_single_image image=&#8221;3096&#8243; img_size=&#8221;large&#8221; style=&#8221;vc_box_shadow&#8221; css_animation=&#8221;bottom-to-top&#8221;][vc_column_text]Message du mois de septembre 2017 du pr\u00e9sident de la division \u00e0 tous les membres int\u00e9ress\u00e9s. Message du mois de avril 2017 du pr\u00e9sident de [&hellip;]<\/p>\n","protected":false},"author":1,"featured_media":0,"parent":3081,"menu_order":0,"comment_status":"closed","ping_status":"closed","template":"","meta":[],"acf":[],"_links":{"self":[{"href":"https:\/\/legacy.csce.ca\/fr\/wp-json\/wp\/v2\/pages\/3083"}],"collection":[{"href":"https:\/\/legacy.csce.ca\/fr\/wp-json\/wp\/v2\/pages"}],"about":[{"href":"https:\/\/legacy.csce.ca\/fr\/wp-json\/wp\/v2\/types\/page"}],"author":[{"embeddable":true,"href":"https:\/\/legacy.csce.ca\/fr\/wp-json\/wp\/v2\/users\/1"}],"replies":[{"embeddable":true,"href":"https:\/\/legacy.csce.ca\/fr\/wp-json\/wp\/v2\/comments?post=3083"}],"version-history":[{"count":1,"href":"https:\/\/legacy.csce.ca\/fr\/wp-json\/wp\/v2\/pages\/3083\/revisions"}],"predecessor-version":[{"id":3102,"href":"https:\/\/legacy.csce.ca\/fr\/wp-json\/wp\/v2\/pages\/3083\/revisions\/3102"}],"up":[{"embeddable":true,"href":"https:\/\/legacy.csce.ca\/fr\/wp-json\/wp\/v2\/pages\/3081"}],"wp:attachment":[{"href":"https:\/\/legacy.csce.ca\/fr\/wp-json\/wp\/v2\/media?parent=3083"}],"curies":[{"name":"wp","href":"https:\/\/api.w.org\/{rel}","templated":true}]}}