{"id":3057,"date":"2018-08-10T10:33:14","date_gmt":"2018-08-10T14:33:14","guid":{"rendered":"http:\/\/csce.ca\/?page_id=3057"},"modified":"2018-09-23T22:55:20","modified_gmt":"2018-09-24T02:55:20","slug":"regina-2015","status":"publish","type":"page","link":"https:\/\/legacy.csce.ca\/fr\/publications\/congres-et-conferences-anterieurs-de-la-scgc\/regina-2015\/","title":{"rendered":"Regina 2015"},"content":{"rendered":"<p><img decoding=\"async\" loading=\"lazy\" class=\"aligncenter size-large wp-image-33268\" src=\"\/wp-content\/uploads\/2018\/08\/Regina-header-billingual-1024x204.jpg\" alt=\"Adobe Photoshop PDF\" width=\"640\" height=\"127\" \/><\/p>\n<p><strong>ACTES FINAUX<\/strong><br \/>\nPlease click <a href=\"https:\/\/www.xcdsystem.com\/csce2015\/proceedings\/index.cfm\" target=\"_blank\" rel=\"noopener\">HERE<\/a> to view the final proceedings.<br \/>\n(Please note at the moment these proceedings are available to conference attendees only. )<\/p>\n<p><strong>PROGRAMME ET HORAIRES DU CONGRES<\/strong><br \/>\n<a href=\"https:\/\/www.xcdsystem.com\/csce2015\/program\/\" target=\"_blank\" rel=\"noopener\">Programme technique<br \/>\n<\/a><a href=\"\/wp-content\/uploads\/2018\/08\/YP_Program_Details.pdf?ef655a\" target=\"_blank\" rel=\"noopener\">Programme des Jeunes professionnels<\/a><br \/>\n<a href=\"\/wp-content\/uploads\/2018\/08\/2015CSCEconference-fullweb.pdf\" target=\"_blank\" rel=\"noopener\">Horaire du congr\u00e8s<\/a> (anglais seulement)<\/p>\n<p><span style=\"color: #000000;\"><b>D\u00ceNER DES PRIX \u00c9TUDIANTS<\/b> &#8211; 29 mai 2015<\/span><br \/>\n<a href=\"\/wp-content\/uploads\/2018\/08\/2015-Student-Awards-Booklet.pdf\" target=\"_blank\" rel=\"noopener\">Programme<\/a><br \/>\n<a href=\"\/fr\/2015-student-awards-luncheon\/\" target=\"_blank\" rel=\"noopener\">Photos<\/a><br \/>\n<a href=\"\/fr\/news\/csce-student-paper-competition-winners-honoured-in-regina\/\" target=\"_blank\" rel=\"noopener\">Les laur\u00e9ats du Concours de la communication \u00e9tudiante<\/a><br \/>\n<a href=\"\/fr\/news\/another-successful-csce-capstone-competition\/\" target=\"_blank\" rel=\"noopener\">Les laur\u00e9ats du Concours Capstone<\/a><\/p>\n<p><strong>INAUGURATION D&#8217;UN SITE HISTORIQUE<\/strong>\u00a0&#8211; 29 mai 2015<br \/>\n<a href=\"\/wp-content\/uploads\/2018\/08\/Historic_Brochure.pdf\" target=\"_blank\" rel=\"noopener\">Programme<\/a>\u00a0(en anglais seulement)<br \/>\n<a href=\"\/fr\/2015-historic-site-dedication\/\" target=\"_blank\" rel=\"noopener\">Photos<\/a><br \/>\nDans Nouvelles\u00a0 <a href=\"http:\/\/www.leaderpost.com\/technology\/Science+centre+building+recognized+engineering\/11094089\/story.html\" target=\"_blank\" rel=\"noopener\">html<\/a> \u00a0 <a href=\"\/wp-content\/uploads\/2018\/08\/Leader-Post-Clipping.pdf\" target=\"_blank\" rel=\"noopener\">pdf<\/a><\/p>\n<p><strong>GALA DES PRIX<\/strong>\u00a0&#8211; 29 mai 2015<br \/>\n<a href=\"\/wp-content\/uploads\/2018\/08\/CSCE-HaF-Book-weber.pdf\" target=\"_blank\" rel=\"noopener\">Programme<\/a><br \/>\n<a href=\"\/fr\/2015-honours-and-awards-gala\/\" target=\"_blank\" rel=\"noopener\">Photos<\/a><\/p>\n<p><strong>PLUS DE PHOTOS<br \/>\nVisite de l&#8217;installation de captage et de stockage du carbone de SaskPower<\/strong>\u00a0&#8211; 27 mai 2015 (photos par Firuz Phillips)<\/p>\n\n<p><strong>C\u00e9r\u00e9monie d&#8217;ouverture<\/strong>\u00a0&#8211; 28 mai 2015 (photos par Michael Pavlovsky &#8211; Pavlography)<\/p>\n\n<p><strong>Visite du Mosaic Stadium<\/strong>\u00a0&#8211; 28 mai 2015 (photos par Julie Harrison)<\/p>\n\n<p><strong>Assembl\u00e9e g\u00e9n\u00e9rale annuelle et c\u00e9r\u00e9monie de cl\u00f4ture<\/strong>\u00a0&#8211; 30 mai 2015 (photos par Michael Pavlovsky &#8211; Pavlovgraphy)<br \/>\n<a href=\"\/wp-content\/uploads\/2018\/08\/CSCE-Annual-Report-Book-weber.pdf\" target=\"_blank\" rel=\"noopener\">Rapport annuel 2014 &#8211; 2015<\/a><\/p>\n\n<p><strong>Divers<\/strong> (photos par Cathy Lynn Borberly, Faseel Suleman, Gary Lee, Progga Roy, Reg Andres)<\/p>\n\n","protected":false},"excerpt":{"rendered":"<p>ACTES FINAUX Please click HERE to view the final proceedings. (Please note at the moment these proceedings are available to conference attendees only. ) PROGRAMME ET HORAIRES DU CONGRES Programme [&hellip;]<\/p>\n","protected":false},"author":1,"featured_media":0,"parent":2328,"menu_order":0,"comment_status":"closed","ping_status":"closed","template":"","meta":[],"acf":[],"_links":{"self":[{"href":"https:\/\/legacy.csce.ca\/fr\/wp-json\/wp\/v2\/pages\/3057"}],"collection":[{"href":"https:\/\/legacy.csce.ca\/fr\/wp-json\/wp\/v2\/pages"}],"about":[{"href":"https:\/\/legacy.csce.ca\/fr\/wp-json\/wp\/v2\/types\/page"}],"author":[{"embeddable":true,"href":"https:\/\/legacy.csce.ca\/fr\/wp-json\/wp\/v2\/users\/1"}],"replies":[{"embeddable":true,"href":"https:\/\/legacy.csce.ca\/fr\/wp-json\/wp\/v2\/comments?post=3057"}],"version-history":[{"count":2,"href":"https:\/\/legacy.csce.ca\/fr\/wp-json\/wp\/v2\/pages\/3057\/revisions"}],"predecessor-version":[{"id":6498,"href":"https:\/\/legacy.csce.ca\/fr\/wp-json\/wp\/v2\/pages\/3057\/revisions\/6498"}],"up":[{"embeddable":true,"href":"https:\/\/legacy.csce.ca\/fr\/wp-json\/wp\/v2\/pages\/2328"}],"wp:attachment":[{"href":"https:\/\/legacy.csce.ca\/fr\/wp-json\/wp\/v2\/media?parent=3057"}],"curies":[{"name":"wp","href":"https:\/\/api.w.org\/{rel}","templated":true}]}}