{"id":2924,"date":"2018-08-10T09:46:39","date_gmt":"2018-08-10T13:46:39","guid":{"rendered":"http:\/\/csce.ca\/?page_id=2924"},"modified":"2018-08-10T09:46:39","modified_gmt":"2018-08-10T13:46:39","slug":"programme-mentorat-de-la-scgc","status":"publish","type":"page","link":"https:\/\/legacy.csce.ca\/fr\/programme-mentorat-de-la-scgc\/","title":{"rendered":"Programme Mentorat de la SCGC"},"content":{"rendered":"<h2><b>APPEL AUX MENTORS! Maintenant ouvert!<\/b><\/h2>\n<p>Nous avons tous ressenti les avantages des conseils d\u2019un coll\u00e8gue plus exp\u00e9riment\u00e9. C\u2019est le moment pour vous de guider nos jeunes membres en partageant avec eux vos connaissances et votre exp\u00e9rience. Contribuer au d\u00e9veloppement d&#8217;un\u00a0jeune membre\u00a0de la Soci\u00e9t\u00e9\u00a0tout en profitant d\u2019un contact \u00e9troit avec la nouvelle g\u00e9n\u00e9ration.<\/p>\n<h2><strong>APPEL AUX MENTOR\u00c9S<\/strong><strong>! Maintenant ouvert!<\/strong><\/h2>\n<p>Si vous \u00eates \u00e0 la recherche d&#8217;une orientation professionnelle et de conseils du monde r\u00e9el sur les r\u00e9alit\u00e9s de la vie professionnelle, inscrivez-vous pour \u00eatre un mentor\u00e9.<\/p>\n<p><a href=\"http:\/\/mentorcity.com\/invitation\/853a3bdc6a99a8b4317bff094a01d5a1\" target=\"_blank\">Inscrivez-vous<\/a>\u00a0maintenant pour\u00a0\u00eatre consid\u00e9r\u00e9\u00a0pour la premi\u00e8re\u00a0phase du programme. Les places sont limit\u00e9es!<\/p>\n<h2><strong>D\u00c9TAILS DU PROGRAMME<\/strong><\/h2>\n<p>La premi\u00e8re phase de la mise en relation des mentors et des mentor\u00e9s aura lieu \u00e0 la fin de l\u2019automne et servira d\u2019essai pour le programme. En fonction des commentaires re\u00e7us, quelques mises \u00e0 jour mineures pourront \u00eatre apport\u00e9es au programme d\u00e9crit ci-dessous.<\/p>\n<ul>\n<li>Il est demand\u00e9 aux mentors et aux mentor\u00e9s\u00a0de s&#8217;engager pour le programme pour une p\u00e9riode de 12 mois, mais ils ont la possibilit\u00e9 de renouveler leur partenariat si les deux parties en conviennent.<\/li>\n<\/ul>\n<ul>\n<li>Un accord \u00e9crit sera requis afin de s\u2019assurer que les deux parties tirent profit du programme et poursuivent un but commun. Des formulaires d\u2019\u00e9valuation sont disponibles ci-dessous.<\/li>\n<\/ul>\n<ul>\n<li>Il est pr\u00e9vu que des rencontres auront lieu au moins deux fois par ann\u00e9e, mais il est recommand\u00e9 d&#8217;effectuer de 4 \u00e0 6 rencontres.<\/li>\n<\/ul>\n<ul>\n<li>Les rencontres peuvent se faire en personne ou par t\u00e9l\u00e9phone. Il est cependant recommand\u00e9 d&#8217;effectuer au moins une rencontre en personne par ann\u00e9e.<\/li>\n<\/ul>\n<ul>\n<li>Lors de chaque rencontre, un temps suffisant doit \u00eatre allou\u00e9 \u00e0 la discussion des objectifs ainsi qu\u2019aux questions des mentor\u00e9s sur leur d\u00e9veloppement professionnel et\/ou personnel.<\/li>\n<\/ul>\n<ul>\n<li>Les mentor\u00e9s et les mentors produiront une \u00e9valuation finale de leur exp\u00e9rience \u00e0 la fin du programme. Voir les formulaires d\u2019\u00e9valuation ci-dessous.<\/li>\n<\/ul>\n<h2><strong>DOCUMENTS<\/strong><\/h2>\n<p>Entente entre le mentor et le mentor\u00e9\u00a0 \u00a0(<a href=\"\/wp-content\/uploads\/2018\/08\/Programme-mentor-et-protege-de-la-SCGC-ENTENTE.pdf\" target=\"_blank\">pdf<\/a>) \u00a0 (<a href=\"\/wp-content\/uploads\/2018\/08\/Programme-mentor-et-protege-de-la-SCGC-ENTENTE.doc\" target=\"_blank\">doc<\/a>)<br \/>\nFormulaire d&#8217;\u00e9valuation du programme &#8211; Mentor \u00a0 (<a href=\"\/wp-content\/uploads\/2018\/08\/Programme-mentor-et-protege-de-la-SCGC-EVALUATION-Mentor.pdf\" target=\"_blank\">pdf<\/a>) \u00a0 (<a href=\"\/wp-content\/uploads\/2018\/08\/Programme-mentor-et-protege-de-la-SCGC-EVALUATION-Mentor.doc\" target=\"_blank\">doc<\/a>)<br \/>\nFormulaire d&#8217;\u00e9valuation du programme &#8211; Mentor\u00e9 \u00a0 (<a href=\"\/wp-content\/uploads\/2018\/08\/Programme-mentor-et-protege-de-la-SCGC-EVALUATION-Protege.pdf\" target=\"_blank\">pdf<\/a>) \u00a0 (<a href=\"\/wp-content\/uploads\/2018\/08\/Programme-mentor-et-protege-de-la-SCGC-EVALUATION-Protege.pdf\" target=\"_blank\">doc<\/a>)<\/p>\n<p><strong>Veuillez noter:<\/strong> toutes les communications doivent porter sur le d\u00e9veloppement professionnel et la carri\u00e8re et \u00e9viter les disscusion pouvant r\u00e9v\u00e9ler des informations concurrentielles et \/ ou la responsabilit\u00e9 professionelle.<\/p>\n<p><span style=\"color: #333333;\"><span style=\"font-family: Arial, serif;\"><i><b>Pour plus d\u2019informations sur le Programme mentor &amp; prot\u00e9g\u00e9 de la SCGC, veuillez contacter\u00a0:<br \/>\n<\/b><\/i><\/span><\/span><span style=\"color: #333333;\"><span style=\"font-family: Arial, serif;\">Peter Calcetas<br \/>\nPr\u00e9sident, Comit\u00e9 des services aux membres de la SCGC peter.calcetas@csce.ca<\/span><\/span><\/p>\n","protected":false},"excerpt":{"rendered":"<p>APPEL AUX MENTORS! Maintenant ouvert! Nous avons tous ressenti les avantages des conseils d\u2019un coll\u00e8gue plus exp\u00e9riment\u00e9. C\u2019est le moment pour vous de guider nos jeunes membres en partageant avec [&hellip;]<\/p>\n","protected":false},"author":1,"featured_media":0,"parent":0,"menu_order":0,"comment_status":"closed","ping_status":"closed","template":"","meta":[],"acf":[],"_links":{"self":[{"href":"https:\/\/legacy.csce.ca\/fr\/wp-json\/wp\/v2\/pages\/2924"}],"collection":[{"href":"https:\/\/legacy.csce.ca\/fr\/wp-json\/wp\/v2\/pages"}],"about":[{"href":"https:\/\/legacy.csce.ca\/fr\/wp-json\/wp\/v2\/types\/page"}],"author":[{"embeddable":true,"href":"https:\/\/legacy.csce.ca\/fr\/wp-json\/wp\/v2\/users\/1"}],"replies":[{"embeddable":true,"href":"https:\/\/legacy.csce.ca\/fr\/wp-json\/wp\/v2\/comments?post=2924"}],"version-history":[{"count":1,"href":"https:\/\/legacy.csce.ca\/fr\/wp-json\/wp\/v2\/pages\/2924\/revisions"}],"predecessor-version":[{"id":2925,"href":"https:\/\/legacy.csce.ca\/fr\/wp-json\/wp\/v2\/pages\/2924\/revisions\/2925"}],"wp:attachment":[{"href":"https:\/\/legacy.csce.ca\/fr\/wp-json\/wp\/v2\/media?parent=2924"}],"curies":[{"name":"wp","href":"https:\/\/api.w.org\/{rel}","templated":true}]}}