{"id":2328,"date":"2018-08-10T09:22:41","date_gmt":"2018-08-10T13:22:41","guid":{"rendered":"http:\/\/csce.ca\/?page_id=2328"},"modified":"2018-08-10T09:22:41","modified_gmt":"2018-08-10T13:22:41","slug":"congres-et-conferences-anterieurs-de-la-scgc","status":"publish","type":"page","link":"https:\/\/legacy.csce.ca\/fr\/publications\/congres-et-conferences-anterieurs-de-la-scgc\/","title":{"rendered":"Congr\u00e8s et conf\u00e9rences ant\u00e9rieurs de la SCGC"},"content":{"rendered":"<h2>Congr\u00e8s annuels\u00a0de la SCGC<\/h2>\n<p><strong>Vancouver 2017<\/strong> \u2013 Veuillez noter que le compte rendu sera disponible \u00e0 la mi-juin 2018 apr\u00e8s le congr\u00e8s annuel 2018 de Fredericton.<\/p>\n<p>Congr\u00e8s annuel 2016\u00a0de London<\/p>\n<ul>\n<li><a href=\"#\">Regina 2015<\/a><\/li>\n<li><a title=\"Halifax 2014\" href=\"https:\/\/csce.ca\/fr\/halifax-2014\/\">Halifax 2014<\/a>\u00a0mot de passe Halifax<\/li>\n<li><a title=\"Montr\u00e9al 2013\" href=\"#\">Montr\u00e9al 2013<\/a>\u00a0mot de passe Montreal<\/li>\n<\/ul>\n<h2>Autres conf\u00e9rences ant\u00e9rieures de la SCGC<\/h2>\n<p><a href=\"http:\/\/www.proceedings.com\/\">Curran and Associates <\/a>a une entente avec la SCGC pour\u00a0inventorier les comptes rendus de nos congr\u00e8s et conf\u00e9rences ant\u00e9rieurs.<\/p>\n","protected":false},"excerpt":{"rendered":"<p>Congr\u00e8s annuels\u00a0de la SCGC Vancouver 2017 \u2013 Veuillez noter que le compte rendu sera disponible \u00e0 la mi-juin 2018 apr\u00e8s le congr\u00e8s annuel 2018 de Fredericton. Congr\u00e8s annuel 2016\u00a0de London [&hellip;]<\/p>\n","protected":false},"author":1,"featured_media":0,"parent":1784,"menu_order":0,"comment_status":"closed","ping_status":"closed","template":"","meta":[],"acf":[],"_links":{"self":[{"href":"https:\/\/legacy.csce.ca\/fr\/wp-json\/wp\/v2\/pages\/2328"}],"collection":[{"href":"https:\/\/legacy.csce.ca\/fr\/wp-json\/wp\/v2\/pages"}],"about":[{"href":"https:\/\/legacy.csce.ca\/fr\/wp-json\/wp\/v2\/types\/page"}],"author":[{"embeddable":true,"href":"https:\/\/legacy.csce.ca\/fr\/wp-json\/wp\/v2\/users\/1"}],"replies":[{"embeddable":true,"href":"https:\/\/legacy.csce.ca\/fr\/wp-json\/wp\/v2\/comments?post=2328"}],"version-history":[{"count":1,"href":"https:\/\/legacy.csce.ca\/fr\/wp-json\/wp\/v2\/pages\/2328\/revisions"}],"predecessor-version":[{"id":2329,"href":"https:\/\/legacy.csce.ca\/fr\/wp-json\/wp\/v2\/pages\/2328\/revisions\/2329"}],"up":[{"embeddable":true,"href":"https:\/\/legacy.csce.ca\/fr\/wp-json\/wp\/v2\/pages\/1784"}],"wp:attachment":[{"href":"https:\/\/legacy.csce.ca\/fr\/wp-json\/wp\/v2\/media?parent=2328"}],"curies":[{"name":"wp","href":"https:\/\/api.w.org\/{rel}","templated":true}]}}