{"id":2326,"date":"2018-08-10T09:20:25","date_gmt":"2018-08-10T13:20:25","guid":{"rendered":"http:\/\/csce.ca\/?page_id=2326"},"modified":"2021-03-10T12:47:57","modified_gmt":"2021-03-10T17:47:57","slug":"membres-institutionnels-internationaux-mii","status":"publish","type":"page","link":"https:\/\/legacy.csce.ca\/fr\/adhesion\/membres-institutionnels-internationaux-mii\/","title":{"rendered":"Membres institutionnels internationaux (MII)"},"content":{"rendered":"[vc_row][vc_column][vc_column_text]L&#8217;adh\u00e9sion institutionnelle internationale est une extension de l&#8217;adh\u00e9sion institutionnelle existante pour les d\u00e9partements de g\u00e9nie civil (ou li\u00e9s au g\u00e9nie civil) des universit\u00e9s canadiennes. <span class=\"hps\">Cette<\/span> <span class=\"hps\">cat\u00e9gorie de membre<\/span> <span class=\"hps\">est d\u00e9j\u00e0<\/span> en train <span class=\"hps\">de cr\u00e9er<\/span> <span class=\"hps\">des liens \u00e9troits<\/span> <span class=\"hps\">entre les universit\u00e9s<\/span> <span class=\"hps\">canadiennes<\/span> <span class=\"hps\">au profit<\/span> <span class=\"hps\">de leur personnel et de leurs<\/span> <span class=\"hps\">\u00e9tudiants.<\/span><\/p>\n<p>Pour devenir\u00a0Membre institutionnel international de la SCGC, le requ\u00e9rant doit soumettre au nom de son institution des informations pertinentes sur l&#8217;institution au directeur des programmes de la SCGC (<a href=\"malhmoud.lardjane@csce.ca\" target=\"_blank\" rel=\"noopener\">malhmoud.lardjane@csce.ca<\/a>)\u00a0aux fins d&#8217;\u00e9valuation par le comit\u00e9 des admissions des adh\u00e9sions de la SCGC. Une fois la demande approuv\u00e9e, l&#8217;institution recevra son adh\u00e9sion institutionnelle \u00e0 la SCGC,\u00a0deux adh\u00e9sions individuelles pour des membres de son personnel\u00a0sous la condition que ces derniers sont qualifi\u00e9s pour \u00eatre membres de la SCGC ainsi que la possibilit\u00e9 d&#8217;afficher des announces d&#8217;emploi sur le site de la SCGC. Les frais annuels de cotisation comme Membre institutionnel international s&#8217;\u00e9l\u00e8vent \u00e0 500.00 $.<\/p>\n<p>Apr\u00e8s\u00a0confirmation de l&#8217;adh\u00e9sion, la SCGC placera sur les pages appropri\u00e9es de son site web un lien vers le site web de l&#8217;institution\u00a0requ\u00e9rante.<\/p>\n<p><strong>MII actuels<\/strong><\/p>\n<p><a href=\"http:\/\/english.bnu.edu.cn\/\" target=\"_blank\" rel=\"noopener\">Beijing Normal University<br \/>\n<\/a><a href=\"http:\/\/www.chuhai.edu.hk\/content\/faculty\/science\/civil\/?MenuID=98\" target=\"_blank\" rel=\"noopener\">Chu Hai college of Higher Education<br \/>\n<\/a><a href=\"http:\/\/fxt1.uc.cn\/11_1wJOb\" target=\"_blank\" rel=\"noopener\">Henan Design and Research Institute<\/a><a href=\"http:\/\/www.chuhai.edu.hk\/content\/faculty\/science\/civil\/?MenuID=98\" target=\"_blank\" rel=\"noopener\"><br \/>\n<\/a><a href=\"http:\/\/www.ust.hk\/\" target=\"_blank\" rel=\"noopener\">The Hong Kong University of Science &amp; Technology<br \/>\n<\/a>Nanjing Hydraulic Research Institute <a href=\"http:\/\/www.ust.hk\/\" target=\"_blank\" rel=\"noopener\"><br \/>\n<\/a>North China Electric Power University<a href=\"http:\/\/www.chuhai.edu.hk\/content\/faculty\/science\/civil\/?MenuID=98\" target=\"_blank\" rel=\"noopener\"><br \/>\n<\/a><a href=\"http:\/\/www.sharif.ir\/web\/en\/\" target=\"_blank\" rel=\"noopener\">Sharif University of Technnolgy<\/a> (Iran)<br \/>\n<a href=\"http:\/\/shirazu.ac.ir\/en\/\" target=\"_blank\" rel=\"noopener\">Shiraz University (Iran)<br \/>\n<\/a>Tianjin Research Institute of Building Science\u00a0 <a href=\"http:\/\/shirazu.ac.ir\/en\/\" target=\"_blank\" rel=\"noopener\"><br \/>\n<\/a><a href=\"http:\/\/english.whut.edu.cn\/\" target=\"_blank\" rel=\"noopener\">Wuhan University of Technology<br \/>\n<\/a>Xiamen University of Technology<a href=\"http:\/\/english.whut.edu.cn\/\" target=\"_blank\" rel=\"noopener\"><br \/>\n<\/a><a href=\"http:\/\/tumu.xcu.edu.cn\/\" target=\"_blank\" rel=\"noopener\">Xuchang University <\/a><br \/>\n<a href=\"http:\/\/english.zzu.edu.cn\/\" target=\"_blank\" rel=\"noopener\">Zhengzhou University<br \/>\n<\/a><a href=\"http:\/\/www.zzhxxy.com\" target=\"_blank\" rel=\"noopener\">Zhengzhou University of Industrial Technology<\/a><\/p>\n<p>La SCGC avisera l&#8217;institution requ\u00e9rante des avantages auxquels les membres de l&#8217;institution sont admissibles.<\/p>\n<p><strong>Comit\u00e9 des affaires internationales<\/strong><\/p>\n<p>Des informations sur le Comit\u00e9 des affaires internationales (CAI) de la SCGC sont dispsonibles <a title=\"International Affairs\" href=\"\/committees\/international-affairs\/\">ici<\/a>.[\/vc_column_text][\/vc_column][\/vc_row]\n","protected":false},"excerpt":{"rendered":"<p>[vc_row][vc_column][vc_column_text]L&#8217;adh\u00e9sion institutionnelle internationale est une extension de l&#8217;adh\u00e9sion institutionnelle existante pour les d\u00e9partements de g\u00e9nie civil (ou li\u00e9s au g\u00e9nie civil) des universit\u00e9s canadiennes. Cette cat\u00e9gorie de membre est d\u00e9j\u00e0 [&hellip;]<\/p>\n","protected":false},"author":1,"featured_media":0,"parent":491,"menu_order":0,"comment_status":"closed","ping_status":"closed","template":"","meta":[],"acf":[],"_links":{"self":[{"href":"https:\/\/legacy.csce.ca\/fr\/wp-json\/wp\/v2\/pages\/2326"}],"collection":[{"href":"https:\/\/legacy.csce.ca\/fr\/wp-json\/wp\/v2\/pages"}],"about":[{"href":"https:\/\/legacy.csce.ca\/fr\/wp-json\/wp\/v2\/types\/page"}],"author":[{"embeddable":true,"href":"https:\/\/legacy.csce.ca\/fr\/wp-json\/wp\/v2\/users\/1"}],"replies":[{"embeddable":true,"href":"https:\/\/legacy.csce.ca\/fr\/wp-json\/wp\/v2\/comments?post=2326"}],"version-history":[{"count":3,"href":"https:\/\/legacy.csce.ca\/fr\/wp-json\/wp\/v2\/pages\/2326\/revisions"}],"predecessor-version":[{"id":202981,"href":"https:\/\/legacy.csce.ca\/fr\/wp-json\/wp\/v2\/pages\/2326\/revisions\/202981"}],"up":[{"embeddable":true,"href":"https:\/\/legacy.csce.ca\/fr\/wp-json\/wp\/v2\/pages\/491"}],"wp:attachment":[{"href":"https:\/\/legacy.csce.ca\/fr\/wp-json\/wp\/v2\/media?parent=2326"}],"curies":[{"name":"wp","href":"https:\/\/api.w.org\/{rel}","templated":true}]}}