{"id":2288,"date":"2018-08-10T08:27:39","date_gmt":"2018-08-10T12:27:39","guid":{"rendered":"http:\/\/csce.ca\/?page_id=2288"},"modified":"2024-01-22T15:29:26","modified_gmt":"2024-01-22T20:29:26","slug":"student_chapters","status":"publish","type":"page","link":"https:\/\/legacy.csce.ca\/fr\/a-propos-de-nous\/organizational-chart\/student_chapters\/","title":{"rendered":"Chapitres \u00e9tudiants"},"content":{"rendered":"[vc_row][vc_column][vc_column_text]\n<table border=\"0\" cellspacing=\"0\" cellpadding=\"5\">\n<tbody>\n<tr>\n<td class=\"table_litegreen\" valign=\"top\" width=\"30%\"><span style=\"color: #000000;\"><strong>\u00c9COLE<\/strong><\/span><\/td>\n<td class=\"table_litegreen\" valign=\"top\" width=\"30%\"><strong>CONSEILLER DE FACULT\u00c9<\/strong><\/td>\n<td class=\"table_litegreen\" valign=\"top\" width=\"40%\"><strong>PR\u00c9SIDENT CHAPITRE \u00c9TUDIANT<\/strong><\/td>\n<\/tr>\n<tr>\n<td>University of Alberta<\/td>\n<td><a href=\"mailto:evan.davies@ualberta.ca\" target=\"_blank\" rel=\"noopener\">Dr. Evan Davies<\/a><\/td>\n<td><\/td>\n<\/tr>\n<tr>\n<td><a href=\"https:\/\/ubccivils.ca\/csce\" target=\"_blank\" rel=\"noopener\">University of British Columbia<\/a><\/td>\n<td><a href=\"mailto:thomas.tannert@ubc.ca\">Thomas Tannert<\/a><\/td>\n<td><a href=\"mailto:ubc.csce@gmail.com\" target=\"_blank\" rel=\"noopener\">Curtis Flack<\/a><\/td>\n<\/tr>\n<tr>\n<td><a href=\"https:\/\/linktr.ee\/csceok\" target=\"_blank\" rel=\"noopener\">Univ. of B.C. Okanagan<\/a><\/td>\n<td><a href=\"mailto:Ahmad.Rteil@ubc.ca\">Dr. Ahmad Rteil<\/a><\/td>\n<td><a href=\"mailto:ubcocscechapter@gmail.com\" target=\"_blank\" rel=\"noopener\">Nathan Nichol<\/a><\/td>\n<\/tr>\n<tr>\n<td><a href=\"http:\/\/bcitcsce.ca\/\" target=\"_blank\" rel=\"noopener\">B.C. Institute of Technology<\/a><\/td>\n<td><a href=\"mailto:Martin_Bollo@bcit.ca\" target=\"_blank\" rel=\"noopener\">Martin Bollo<\/a><\/td>\n<td><a href=\"mailto:president@bcitcsce.ca\" target=\"_blank\" rel=\"noopener\">Ben McAleney, Will Schober, Greg Seselja<\/a><\/td>\n<\/tr>\n<tr>\n<td><a href=\"http:\/\/csceucalgary.ca\/\" target=\"_blank\" rel=\"noopener\">University of Calgary<\/a><\/td>\n<td><a href=\"mailto:farnaz@ucalgary.ca\" target=\"_blank\" rel=\"noopener\">Farnaz Sadeghpour<\/a><\/td>\n<td><a href=\"mailto:info@csceucalgary.ca\" target=\"_blank\" rel=\"noopener\">Jessan Anotado<\/a><\/td>\n<\/tr>\n<tr>\n<td><a href=\"http:\/\/www.csce.engsoc.carleton.ca\/\" target=\"_blank\" rel=\"noopener\">Carleton University<\/a><\/td>\n<td><a href=\"mailto:Jeffrey.Erochko@carleton.ca\" target=\"_blank\" rel=\"noopener\">Jeffrey Erochko<\/a><\/td>\n<td><a href=\"mailto:carleton.csce@gmail.com\" target=\"_blank\" rel=\"noopener\">Hailey Quiquero<\/a><\/td>\n<\/tr>\n<tr>\n<td><a href=\"http:\/\/csce.ecaconcordia.ca\/\" target=\"_blank\" rel=\"noopener\">Concordia University<\/a><\/td>\n<td><a href=\"mailto:galal@bcee.concordia.ca\">Khaled Galal<\/a><\/td>\n<td><a href=\"external.csce@ecaconcordia.ca\" target=\"_blank\" rel=\"noopener\">Jeremie Adel<\/a><\/td>\n<\/tr>\n<tr>\n<td>Dalhousie University<\/td>\n<td><a href=\"mailto:yi.liu@dal.ca\" target=\"_blank\" rel=\"noopener\">Yi Liu<\/a><\/td>\n<td><a href=\"mailto:katie.underhill@dal.ca\" target=\"_blank\" rel=\"noopener\">Katie Underhill<\/a><\/td>\n<\/tr>\n<tr>\n<td><a href=\"https:\/\/www.facebook.com\/pages\/SCGC-ETS\/534629113264169\" target=\"_blank\" rel=\"noopener\">\u00c9cole tech. sup\u00e9rieure (\u00c9TS)<\/a><\/td>\n<td><a href=\"mailto:alan.carter@etsmtl.ca\" target=\"_blank\" rel=\"noopener\">Alan Carter<\/a><\/td>\n<td><a href=\"mailto:SCGC.ETS@gmail.com\" target=\"_blank\" rel=\"noopener\">Alexandre Boissoneault<\/a><\/td>\n<\/tr>\n<tr>\n<td><a href=\"https:\/\/www.facebook.com\/LakeheadCSCE\" target=\"_blank\" rel=\"noopener\">Lakehead University<\/a><\/td>\n<td><a href=\"mailto:jpernia@lakeheadu.ca\" target=\"_blank\" rel=\"noopener\">Juan Pernia<\/a><\/td>\n<td><a href=\"mailto:csce@lakeheadu.ca\" target=\"_blank\" rel=\"noopener\">Chris Legg<\/a><\/td>\n<\/tr>\n<tr>\n<td><a href=\"http:\/\/scgc.gci.ulaval.ca\/\" target=\"_blank\" rel=\"noopener\">Universit\u00e9 Laval<\/a><\/td>\n<td><a href=\"mailto:David.Conciatori@gci.ulaval.ca\" target=\"_blank\" rel=\"noopener\">David Conciatori<\/a><\/td>\n<td><a href=\"mailto:Etienne.giguere.2@ulaval.ca\" target=\"_blank\" rel=\"noopener\">Etienne Gigu\u00e8re<\/a><\/td>\n<\/tr>\n<tr>\n<td>University of Manitoba<\/td>\n<td><a href=\"mailto:shawn.clark@umanitoba.ca\" target=\"_blank\" rel=\"noopener\">Dr. Shawn Clark<\/a><\/td>\n<td><a href=\"mailto:shelby.klimack@gmail.com\" target=\"_blank\" rel=\"noopener\">Shelby Klimack<\/a><\/td>\n<\/tr>\n<tr>\n<td><a href=\"https:\/\/www.facebook.com\/CSCEmcgill\" target=\"_blank\" rel=\"noopener\">McGill University<\/a><\/td>\n<td><a href=\"mailto:dimitrios.lignos@mcgill.ca\">Dimitrios Lignos<\/a><\/td>\n<td><a href=\"mailto:csce@mcgilleus.ca\" target=\"_blank\" rel=\"noopener\">Dilyana Ederova<\/a><\/td>\n<\/tr>\n<tr>\n<td>McMaster University<\/td>\n<td><a href=\"mailto:attalla@ppims.services.mcmaster.ca\" target=\"_blank\" rel=\"noopener\">Mohamed Attalla<\/a><\/td>\n<td><a href=\"mailto:csce@mcmaster.ca\" target=\"_blank\" rel=\"noopener\">Paul Cattle<\/a><\/td>\n<\/tr>\n<tr>\n<td><a href=\"http:\/\/www.engr.mun.ca\/~cscemun\/home.html\" target=\"_blank\" rel=\"noopener\">Memorial U. of Newfoundland<\/a><\/td>\n<td><a href=\"mailto:bzhang@mun.ca\">Dr. Helen Zhang<\/a><\/td>\n<td><a href=\"mailto:csce@mun.ca\" target=\"_blank\" rel=\"noopener\">Conor Flanagan<\/a><\/td>\n<\/tr>\n<tr>\n<td>Universit\u00e9 de Moncton<\/td>\n<td><a href=\"mailto:gerard.poitras@umoncton.ca\" target=\"_blank\" rel=\"noopener\">G\u00e9rard Poitras<\/a><\/td>\n<td><a href=\"mailto:eja6664@umoncton.ca\">Jean-Denis Arseneault<\/a><\/td>\n<\/tr>\n<tr>\n<td><a href=\"https:\/\/www.facebook.com\/csceunb.civilengg\" target=\"_blank\" rel=\"noopener\">University of New Brunswick<\/a><\/td>\n<td><a href=\"mailto:thanson@unb.ca\">Trevor Hanson<\/a><\/td>\n<td><a href=\"mailto:mailto:unbcivil@gmail.com\" target=\"_blank\" rel=\"noopener\">Brandon Searle<\/a><\/td>\n<\/tr>\n<tr>\n<td><\/td>\n<td><\/td>\n<td><\/td>\n<\/tr>\n<tr>\n<td><a href=\"http:\/\/csce.essaeg.ca\/en\" target=\"_blank\" rel=\"noopener\">University of Ottawa<\/a><\/td>\n<td><a href=\"mailto:Andraos.Skaff@uottawa.ca\" target=\"_blank\" rel=\"noopener\">Andre Skaff<\/a><\/td>\n<td><a href=\"mailto:President.uottawacsce@gmail.com\" target=\"_blank\" rel=\"noopener\">Desmond Mills<\/a><\/td>\n<\/tr>\n<tr>\n<td><a href=\"http:\/\/www.polymtl.ca\/scgc\/\" target=\"_blank\" rel=\"noopener\">Polytechnique Montr\u00e9al<\/a><\/td>\n<td><a href=\"mailto:najib.bouaanani@polymtl.ca\">Najib Bouaanani<\/a><\/td>\n<td><a href=\"mailto:tarik-fethi.saichi@polymtl.ca\">Tarik Fethi Saichi<\/a><\/td>\n<\/tr>\n<tr>\n<td>Universit\u00e9 du Qu\u00e9bec \u00e0 Chicoutimi<\/td>\n<td><a href=\"mailto:Sylvain_Menard@uqac.ca\" target=\"_blank\" rel=\"noopener\">\u00a0<\/a><\/td>\n<td><a href=\"mailto:fabian-tito.arandia-martinez1@uqac.ca\" target=\"_blank\" rel=\"noopener\">Fabian Tito Arandia Martinez<\/a><\/td>\n<\/tr>\n<tr>\n<td><a href=\"http:\/\/www.civil.queensu.ca\/Undergraduate-Studies\/Student-Clubs-Teams\/Civil-Club.html\" target=\"_blank\" rel=\"noopener\">Queen\u2019s University<\/a><\/td>\n<td><a href=\"mailto:greenm@queensu.ca\" target=\"_blank\" rel=\"noopener\">Dr. Mark Green<\/a><\/td>\n<td><a href=\"mailto:stephanie.carswell@queensu.ca\" target=\"_blank\" rel=\"noopener\">Stephanie Carswell<\/a><\/td>\n<\/tr>\n<tr>\n<td>University of Regina<\/td>\n<td><a href=\"mailto:kelvin.ng@uregina.ca\" target=\"_blank\" rel=\"noopener\">Kelvin Ng<\/a><\/td>\n<td><\/td>\n<\/tr>\n<tr>\n<td>Ryerson University<\/td>\n<td><a href=\"mailto:ahossain@ryerson.ca\" target=\"_blank\" rel=\"noopener\">Dr. Anwar Hossain<\/a><\/td>\n<td><a href=\"mailto:nmilani@ryerson.ca\" target=\"_blank\" rel=\"noopener\">Nick Milani<\/a><\/td>\n<\/tr>\n<tr>\n<td>University of Saskatchewan<\/td>\n<td><span style=\"font-family: arial, helvetica, sans-serif;\"><a href=\"mailto:wonjae.chang@usask.ca\" target=\"_blank\" rel=\"noopener\">Wonjae Chang<\/a><br \/>\n<\/span><\/td>\n<td><a href=\"mailto:civil.president@usask.ca\" target=\"_blank\" rel=\"noopener\">Christian Nielsen<\/a><\/td>\n<\/tr>\n<tr>\n<td><a href=\"http:\/\/www.civil.usherbrooke.ca\/scgc\/\" target=\"_blank\" rel=\"noopener\">Universit\u00e9 de Sherbooke<\/a><\/td>\n<td><a href=\"mailto:nathalie.roy@usherbrooke.ca\">Nathalie Roy<\/a><\/td>\n<td><a href=\"mailto:scgc@usherbrooke.ca\" target=\"_blank\" rel=\"noopener\">Jean-Gabriel Lebel<\/a><\/td>\n<\/tr>\n<tr>\n<td><\/td>\n<td><\/td>\n<td><\/td>\n<\/tr>\n<tr>\n<td><a href=\"http:\/\/csce.skule.ca\/\" target=\"_blank\" rel=\"noopener\">University of Toronto<\/a><\/td>\n<td style=\"text-align: left;\"><a href=\"mailto:bentz@ecf.utoronto.ca\" target=\"_blank\" rel=\"noopener\">Evan Bentz<\/a><\/td>\n<td><a href=\"mailto:csce.uoft@gmail.com\" target=\"_blank\" rel=\"noopener\">Kasra Modares<\/a><\/td>\n<\/tr>\n<tr>\n<td><a href=\"http:\/\/csce.engr.uvic.ca\/\" target=\"_blank\" rel=\"noopener\">University of Victoria<\/a><\/td>\n<td><a href=\"mailto:guptar@uvic.ca\" target=\"_blank\" rel=\"noopener\">Dr. Rishi Gupta<\/a><\/td>\n<td><a href=\"mailto:porttris@uvic.ca\" target=\"_blank\" rel=\"noopener\">Kear Porttris<\/a> &amp; <a href=\"mailto:zachbye2@gmail.com\" target=\"_blank\" rel=\"noopener\">Zach Bye<\/a><\/td>\n<\/tr>\n<tr>\n<td><a href=\"https:\/\/uwaterloo.ca\/civil-environmental-engineering-society\/\" target=\"_blank\" rel=\"noopener\">University of Waterloo<\/a><\/td>\n<td><a href=\"mailto:swalbrid@uwaterloo.ca\" target=\"_blank\" rel=\"noopener\">Scott Walbridge<\/a><\/td>\n<td><a href=\"mailto:tdtedfor@uwaterloo.ca\" target=\"_blank\" rel=\"noopener\">Tim Tedford<\/a> &amp; <a href=\"mailto:duttonda@gmail.com\" target=\"_blank\" rel=\"noopener\">Drew Dutton<\/a><\/td>\n<\/tr>\n<tr>\n<td><a href=\"http:\/\/www.eng.uwo.ca\/wsce\/\" target=\"_blank\" rel=\"noopener\">Western University<\/a><\/td>\n<td><a href=\"mailto:jsouthen@uwo.ca\" target=\"_blank\" rel=\"noopener\">Dr.\u00a0Jon Southen<\/a><\/td>\n<td><a href=\"mailto:wsce@uwo.ca\" target=\"_blank\" rel=\"noopener\">Khalid Backtash &amp; Aziz Younis<\/a><\/td>\n<\/tr>\n<\/tbody>\n<\/table>\n<p>derni\u00e8re mise \u00e0 jour le 18 juin, 2015[\/vc_column_text][vc_row_inner][vc_column_inner width=&#8221;1\/3&#8243;][\/vc_column_inner][vc_column_inner width=&#8221;1\/3&#8243;][vc_column_text]Cliquer sur l&#8217;image ci-dessous pour voir la page du comit\u00e9<br \/>\n<a href=\"\/fr\/committees\/affaires-etudiantes\" class=\"image-link\"><img decoding=\"async\" loading=\"lazy\" class=\"alignleft size-full wp-image-57694\" src=\"\/wp-content\/uploads\/2018\/08\/201612-aff_etudiantes-161.jpg\" alt=\"SCGC Affaires \u00e9tudiantes\" width=\"590\" height=\"400\" \/><\/a>[\/vc_column_text][\/vc_column_inner][vc_column_inner width=&#8221;1\/3&#8243;][vc_widget_sidebar sidebar_id=&#8221;bonus-widget-1&#8243;][\/vc_column_inner][\/vc_row_inner][\/vc_column][\/vc_row]\n","protected":false},"excerpt":{"rendered":"<p>[vc_row][vc_column][vc_column_text] \u00c9COLE CONSEILLER DE FACULT\u00c9 PR\u00c9SIDENT CHAPITRE \u00c9TUDIANT University of Alberta Dr. Evan Davies University of British Columbia Thomas Tannert Curtis Flack Univ. of B.C. Okanagan Dr. Ahmad Rteil Nathan [&hellip;]<\/p>\n","protected":false},"author":1,"featured_media":0,"parent":512,"menu_order":0,"comment_status":"closed","ping_status":"closed","template":"","meta":[],"acf":[],"_links":{"self":[{"href":"https:\/\/legacy.csce.ca\/fr\/wp-json\/wp\/v2\/pages\/2288"}],"collection":[{"href":"https:\/\/legacy.csce.ca\/fr\/wp-json\/wp\/v2\/pages"}],"about":[{"href":"https:\/\/legacy.csce.ca\/fr\/wp-json\/wp\/v2\/types\/page"}],"author":[{"embeddable":true,"href":"https:\/\/legacy.csce.ca\/fr\/wp-json\/wp\/v2\/users\/1"}],"replies":[{"embeddable":true,"href":"https:\/\/legacy.csce.ca\/fr\/wp-json\/wp\/v2\/comments?post=2288"}],"version-history":[{"count":3,"href":"https:\/\/legacy.csce.ca\/fr\/wp-json\/wp\/v2\/pages\/2288\/revisions"}],"predecessor-version":[{"id":217863,"href":"https:\/\/legacy.csce.ca\/fr\/wp-json\/wp\/v2\/pages\/2288\/revisions\/217863"}],"up":[{"embeddable":true,"href":"https:\/\/legacy.csce.ca\/fr\/wp-json\/wp\/v2\/pages\/512"}],"wp:attachment":[{"href":"https:\/\/legacy.csce.ca\/fr\/wp-json\/wp\/v2\/media?parent=2288"}],"curies":[{"name":"wp","href":"https:\/\/api.w.org\/{rel}","templated":true}]}}