{"id":2280,"date":"2018-08-10T08:14:27","date_gmt":"2018-08-10T12:14:27","guid":{"rendered":"http:\/\/csce.ca\/?page_id=2280"},"modified":"2018-08-10T08:14:27","modified_gmt":"2018-08-10T12:14:27","slug":"liste-des-dirigeants-2013-2014","status":"publish","type":"page","link":"https:\/\/legacy.csce.ca\/fr\/a-propos-de-nous\/organizational-chart\/liste-des-dirigeants-2013-2014\/","title":{"rendered":"Liste des dirigeants 2013-2014"},"content":{"rendered":"<table class=\"table_executive\" border=\"0\" cellspacing=\"0\" cellpadding=\"5\">\n<tbody>\n<tr>\n<td class=\"table_gray\" width=\"353\">\n<h2>* Le titulaire est membre du c.a.<\/h2>\n<\/td>\n<td class=\"table_gray\" width=\"333\">\n<h2>Nom<\/h2>\n<\/td>\n<\/tr>\n<tr>\n<td class=\"table_litegreen\" colspan=\"2\"><strong>Conseil d&#8217;administration<\/strong><\/td>\n<\/tr>\n<tr>\n<td valign=\"top\">Pr\u00e9sident*<\/td>\n<td>Reg Andres<br \/>\n<a href=\"mailto:randres@rvanderson.com\">randres@rvanderson.com<\/a><\/td>\n<\/tr>\n<tr>\n<td valign=\"top\">Pr\u00e9sident d\u00e9sign\u00e9*<\/td>\n<td>Vacant pour 2013<\/td>\n<\/tr>\n<tr>\n<td valign=\"top\">Pr\u00e9sident, Comit\u00e9 de coordination r\u00e9gionale<\/td>\n<td>Tony B\u00e9gin<br \/>\n<a href=\"mailto:tony.begin@groupecanam.com\">tony.begin@groupecanam.com<\/a><\/td>\n<\/tr>\n<tr>\n<td valign=\"top\">Pr\u00e9sident sortant*<\/td>\n<td>Jim Kells<br \/>\n<a href=\"mailto:jim.kells@usask.ca\" target=\"_blank\">jim.kells@usask.ca<\/a><\/td>\n<\/tr>\n<tr>\n<td class=\"table_litegreen\" colspan=\"2\" valign=\"top\"><strong>Comit\u00e9 de coordination r\u00e9gionale<\/strong><\/td>\n<\/tr>\n<tr>\n<td valign=\"top\">Vice-pr\u00e9sidente*, R\u00e9gion de l\u2019Atlantique<\/td>\n<td>Susann Hickey<br \/>\n<a href=\"mailto:susann.hickey@worleyparsons.com\">susann.hickey@worleyparsons.com<\/a><\/td>\n<\/tr>\n<tr>\n<td valign=\"top\">Vice-pr\u00e9sident*, R\u00e9gion du Qu\u00e9bec<\/td>\n<td>Francis Labrecque<br \/>\n<a href=\"emailto:Francis.Labrecque@cima.ca\" target=\"_blank\">Francis.Labrecque@cima.ca<\/a><\/td>\n<\/tr>\n<tr>\n<td valign=\"top\">Vice-pr\u00e9sident*, R\u00e9gion de l&#8217;Ontario<\/td>\n<td>James Garland<br \/>\n<a href=\"mailto:James.Garland@durham.ca\">James.Garland@durham.ca<\/a><\/td>\n<\/tr>\n<tr>\n<td valign=\"top\">Vice-pr\u00e9sident*, R\u00e9gion des Prairies<\/td>\n<td>Harold Retzlaff<br \/>\n<a href=\"mailto:harold.retzlaff@gov.sk.ca\">harold.retzlaff@gov.sk.ca<\/a><\/td>\n<\/tr>\n<tr>\n<td valign=\"top\">Vice-pr\u00e9sident*, R\u00e9gion de l\u2019Ouest<\/td>\n<td>Philip Alex<br \/>\n<a href=\"mailto:alex.philip@edmonton.ca\" target=\"_blank\">alex.philip@edmonton.ca<\/a><\/td>\n<\/tr>\n<tr>\n<td valign=\"top\">Vice-pr\u00e9sident,<br \/>\nInternational*<\/td>\n<td>Todd Chan<br \/>\n<a href=\"mailto:toddchan@rogers.com\">toddchan@rogers.com<\/a><\/td>\n<\/tr>\n<tr>\n<td class=\"table_litegreen\" colspan=\"2\" valign=\"top\"><strong>Comit\u00e9 de coordination de l&#8217;administration<\/strong><\/td>\n<\/tr>\n<tr>\n<td valign=\"top\">Vice-pr\u00e9sident*<\/td>\n<td>Arbind Mainali<br \/>\n<a href=\"mailto:arbind.mainali@edmonton.ca\">arbind.mainali@edmonton.ca<\/a><\/td>\n<\/tr>\n<tr>\n<td valign=\"top\">Tr\u00e9sorier honoraire*<\/td>\n<td>Dan Dankewich<br \/>\n<a href=\"mailto:ddanke3@mymts.net\">ddanke3@mymts.net<\/a><\/td>\n<\/tr>\n<tr>\n<td valign=\"top\">Pr\u00e9sident, Comit\u00e9 des\u00a0communications et des publications<\/td>\n<td>Mike Hnatiuk<br \/>\n<a href=\"mailto:mhnatiuk@marchconsulting.com\" target=\"_blank\">mhnatiuk@marchconsulting.com<\/a><\/td>\n<\/tr>\n<tr>\n<td valign=\"top\">Pr\u00e9sident,<br \/>\nComit\u00e9 histoire<\/td>\n<td>Cal Sexsmith<br \/>\n<a href=\"mailto:cal.sexsmith@saskatoon.ca\">cal.sexsmith@saskatoon.ca<\/a><\/td>\n<\/tr>\n<tr>\n<td valign=\"top\">Pr\u00e9sident, Comit\u00e9 du d\u00e9veloppement des affaires<\/td>\n<td>Don Hopkins<br \/>\n<a href=\"mailto:don.hopkins@lafarge-na.com\">don.hopkins@lafarge-na.com<\/a><\/td>\n<\/tr>\n<tr>\n<td valign=\"top\">Pr\u00e9sident, Comit\u00e9 des services aux membres<\/td>\n<td>Peter Calcetas<br \/>\n<a href=\"mailto:Peter.Calcetas@holcim.com\" target=\"_blank\">Peter.Calcetas@holcim.com<\/a><\/td>\n<\/tr>\n<tr>\n<td valign=\"top\">Pr\u00e9sident, Comit\u00e9 des distinctions honorifiques<\/td>\n<td>Randy Pickle<br \/>\n<a href=\"mailto:RPickle@morrisonhershfield.com\" target=\"_blank\">RPickle@morrisonhershfield.com<\/a><\/td>\n<\/tr>\n<tr>\n<td valign=\"top\">Pr\u00e9sident, Comit\u00e9 des affaires \u00e9tudiantes<\/td>\n<td>Charles \u2013 Darwin Annan<br \/>\n<a href=\"mailto:Charles-Darwin.Annan@gci.ulaval.ca\">Charles-Darwin.Annan@gci.ulaval.ca<\/a><\/td>\n<\/tr>\n<tr>\n<td valign=\"top\">Pr\u00e9sident, Comit\u00e9 des Membres \u00e0 vie<\/td>\n<td>Jules Houde<br \/>\n<a href=\"mailto:juleshoude@hotmail.com\">juleshoude@hotmail.com<\/a><\/td>\n<\/tr>\n<tr>\n<td valign=\"top\">Pr\u00e9sident, Comit\u00e9 des jeunes professionnels<\/td>\n<td>Nigel Parker<br \/>\n<a href=\"mailto:nparker@rjc.ca\" target=\"_blank\">nparker@rjc.ca<\/a><\/td>\n<\/tr>\n<tr>\n<td class=\"table_gray\" colspan=\"2\" valign=\"top\"><strong>Comit\u00e9 de coordination des programmes<\/strong><\/td>\n<\/tr>\n<tr>\n<td class=\"table_litegreen\" colspan=\"2\" valign=\"top\"><strong>Divisions et comit\u00e9s techniques<\/strong><\/td>\n<\/tr>\n<tr>\n<td valign=\"top\">Vice-pr\u00e9sident, Divisions techniques*<\/td>\n<td>Brenda McCabe<br \/>\n<a href=\"mailto:brenda.mccabe@utoronto.ca\" target=\"_blank\">brenda.mccabe@utoronto.ca<\/a><\/td>\n<\/tr>\n<tr>\n<td valign=\"top\">Pr\u00e9sident, Division du g\u00e9nie en r\u00e9gions froides<\/td>\n<td>Dan Smith<br \/>\n<a href=\"mailto:dwswsmith@shaw.ca\">dwswsmith@shaw.ca<\/a><\/td>\n<\/tr>\n<tr>\n<td valign=\"top\">Pr\u00e9sident, Division\u00a0de la construction<\/td>\n<td>Farnaz Sadeghpour<br \/>\n<a href=\"mailto:farnaz@ucalgary.ca\" target=\"_blank\">farnaz@ucalgary.ca<\/a><\/td>\n<\/tr>\n<tr>\n<td valign=\"top\">Pr\u00e9sident, Division de la m\u00e9canique appliqu\u00e9e et des mat\u00e9riaux<\/td>\n<td>Dan Palermo<br \/>\n<a href=\"mailto:Dan.Palermo@uottawa.ca\" target=\"_blank\">Dan.Palermo@uottawa.ca<\/a><\/td>\n<\/tr>\n<tr>\n<td valign=\"top\">Pr\u00e9sident, Division hydrotechnique<\/td>\n<td>Mike Bender<br \/>\n<a href=\"mailto:Michael_Bender@golder.com\">Michael_Bender@golder.com<\/a><\/td>\n<\/tr>\n<tr>\n<td valign=\"top\">Pr\u00e9sident, Division\u00a0de l&#8217;environnement<\/td>\n<td>Gopal Achari<br \/>\n<a href=\"mailto:gachari@ucalgary.ca\">gachari@ucalgary.ca<\/a><\/td>\n<\/tr>\n<tr>\n<td valign=\"top\">Pr\u00e9sident, Division\u00a0des structures<\/td>\n<td>Khaled Sennah<br \/>\n<a href=\"mailto:ksennah@ryerson.ca\">ksennah@ryerson.ca<\/a><\/td>\n<\/tr>\n<tr>\n<td valign=\"top\">Pr\u00e9sident, Division\u00a0des transports<\/td>\n<td>Ming Zhong<br \/>\n<a href=\"mailto:ming@unb.ca\">ming@unb.ca<\/a><\/td>\n<\/tr>\n<tr>\n<td valign=\"top\">Pr\u00e9sident, Comit\u00e9 du d\u00e9veloppement durable<\/td>\n<td>Edwin Tam<br \/>\n<a href=\"mailto:edwintam@uwindsor.ca\" target=\"_blank\">edwintam@uwindsor.ca<\/a><\/td>\n<\/tr>\n<tr>\n<td valign=\"top\">Pr\u00e9sident, Comit\u00e9 de l\u2019innovation et des TI<\/td>\n<td>Simon Foo<br \/>\n<a href=\"mailto:simon.foo@pwgsc.gc.ca\">simon.foo@pwgsc.gc.ca<\/a><\/td>\n<\/tr>\n<tr>\n<td class=\"table_litegreen\" colspan=\"2\" valign=\"top\"><strong>Programmes techniques<\/strong><\/td>\n<\/tr>\n<tr>\n<td valign=\"top\">Vice-pr\u00e9sident, Programmes techniques*<\/td>\n<td>Brian Burrell<br \/>\n<a href=\"mailto:bburrell@nbnet.nb.ca\">bburrell@nbnet.nb.ca<\/a><\/td>\n<\/tr>\n<tr>\n<td valign=\"top\">Pr\u00e9sident, Comit\u00e9 du d\u00e9veloppement professionnel<\/td>\n<td>Bhuwan Devkota<br \/>\n<a href=\"mailto:Bhuwan.Devkota@pwgsc-tpsgc.gc.ca\">Bhuwan.Devkota@pwgsc-tpsgc.gc.ca<\/a><\/td>\n<\/tr>\n<tr>\n<td valign=\"top\">Pr\u00e9sident, Comit\u00e9 du renouvellement des infrastructures<\/td>\n<td>Nick Larson<br \/>\n<a href=\"mailto:nlarson@rvanderson.com\">nlarson@rvanderson.com<\/a><\/td>\n<\/tr>\n<tr>\n<td valign=\"top\">Pr\u00e9sident, Comit\u00e9 des<br \/>\naffaires internationales<\/td>\n<td>Ron Droste<br \/>\n<a href=\"mailto:rldroste@uottawa.ca\">rldroste@uottawa.ca<\/a><\/td>\n<\/tr>\n<tr>\n<td valign=\"top\">Pr\u00e9sident, Comit\u00e9 \u00e9ducation et recherche<\/td>\n<td>&#8212;&#8212;&#8212;&#8212;&#8212;&#8212;&#8212;&#8211;<\/td>\n<\/tr>\n<tr>\n<td valign=\"top\">Coordonnatrice de la tourn\u00e9e de conf\u00e9rences<\/td>\n<td>Sherry Sparks<br \/>\n<a href=\"mailto:sherry.sparks@moncton.ca\" target=\"_blank\">sherry.sparks@moncton.ca<\/a><\/td>\n<\/tr>\n<tr>\n<td valign=\"top\">Coordonnateur des congr\u00e8s<\/td>\n<td>Wade Zwicker<br \/>\n<a href=\"mailto:wzwicker@shaw.ca\" target=\"_blank\">wzwicker@shaw.ca<\/a><\/td>\n<\/tr>\n<tr>\n<td valign=\"top\">R\u00e9dacteurs, RCGC<\/td>\n<td>Tarek Sayed &amp; Mike Bartlett<br \/>\n<a href=\"mailto:mbartlet@uwo.ca\">mbartlet@uwo.ca<\/a><br \/>\n<a href=\"mailto:tsayed@civil.ubc.ca\">tsayed@civil.ubc.ca<\/a><\/td>\n<\/tr>\n<tr>\n<td class=\"table_litegreen\" colspan=\"2\" valign=\"top\"><strong>Membres du c.a. \u00e0 titre sp\u00e9cial<\/strong><\/td>\n<\/tr>\n<tr>\n<td valign=\"top\">Repr\u00e9sentant des entreprises membres*<\/td>\n<td>Glenn Hewus<br \/>\n<a href=\"mailto:ghewus@federalbridge.ca\">ghewus@federalbridge.ca<\/a><\/td>\n<\/tr>\n<tr>\n<td valign=\"top\">Repr\u00e9sentant du Conseil des chefs de d\u00e9partements de g\u00e9nie civil du Canada*<\/td>\n<td>Craig Lake<br \/>\n<a href=\"mailto:headcre@dal.ca\" target=\"_blank\">headcre@dal.ca<\/a><\/td>\n<\/tr>\n<tr>\n<td valign=\"top\">Repr\u00e9sentant de Hong Kong (ex-officio)<\/td>\n<td>Paul Pang<\/p>\n<p><a href=\"mailto:ptcpang@gmail.com\">ptcpang@gmail.com<\/a><\/td>\n<\/tr>\n<tr>\n<td valign=\"top\">Repr\u00e9sentante de la SCG (ex-officio)<\/td>\n<td>Catherine Mulligan<br \/>\n<a href=\"mailto:mulligan@civil.concordia.ca\">mulligan@civil.concordia.ca<\/a><\/td>\n<\/tr>\n<tr>\n<td valign=\"top\">Directeur ex\u00e9cutif (ex-officio)<\/td>\n<td>Doug Salloum<br \/>\n<a href=\"mailto:doug.salloum@csce.ca\">doug.salloum@csce.ca<\/a><\/td>\n<\/tr>\n<\/tbody>\n<\/table>\n","protected":false},"excerpt":{"rendered":"<p>* Le titulaire est membre du c.a. Nom Conseil d&#8217;administration Pr\u00e9sident* Reg Andres randres@rvanderson.com Pr\u00e9sident d\u00e9sign\u00e9* Vacant pour 2013 Pr\u00e9sident, Comit\u00e9 de coordination r\u00e9gionale Tony B\u00e9gin tony.begin@groupecanam.com Pr\u00e9sident sortant* Jim [&hellip;]<\/p>\n","protected":false},"author":1,"featured_media":0,"parent":512,"menu_order":0,"comment_status":"closed","ping_status":"closed","template":"","meta":[],"acf":[],"_links":{"self":[{"href":"https:\/\/legacy.csce.ca\/fr\/wp-json\/wp\/v2\/pages\/2280"}],"collection":[{"href":"https:\/\/legacy.csce.ca\/fr\/wp-json\/wp\/v2\/pages"}],"about":[{"href":"https:\/\/legacy.csce.ca\/fr\/wp-json\/wp\/v2\/types\/page"}],"author":[{"embeddable":true,"href":"https:\/\/legacy.csce.ca\/fr\/wp-json\/wp\/v2\/users\/1"}],"replies":[{"embeddable":true,"href":"https:\/\/legacy.csce.ca\/fr\/wp-json\/wp\/v2\/comments?post=2280"}],"version-history":[{"count":1,"href":"https:\/\/legacy.csce.ca\/fr\/wp-json\/wp\/v2\/pages\/2280\/revisions"}],"predecessor-version":[{"id":2281,"href":"https:\/\/legacy.csce.ca\/fr\/wp-json\/wp\/v2\/pages\/2280\/revisions\/2281"}],"up":[{"embeddable":true,"href":"https:\/\/legacy.csce.ca\/fr\/wp-json\/wp\/v2\/pages\/512"}],"wp:attachment":[{"href":"https:\/\/legacy.csce.ca\/fr\/wp-json\/wp\/v2\/media?parent=2280"}],"curies":[{"name":"wp","href":"https:\/\/api.w.org\/{rel}","templated":true}]}}