{"id":217295,"date":"2024-01-09T11:16:44","date_gmt":"2024-01-09T16:16:44","guid":{"rendered":"https:\/\/csce.ca\/?page_id=217295"},"modified":"2025-01-11T13:00:36","modified_gmt":"2025-01-11T18:00:36","slug":"accueil-nouvelle","status":"publish","type":"page","link":"https:\/\/legacy.csce.ca\/fr\/","title":{"rendered":"Accueil (NOUVELLE)"},"content":{"rendered":"[vc_row css=&#8221;.vc_custom_1704399723958{background-color: #cf2e2e !important;}&#8221;][vc_column width=&#8221;1\/2&#8243;][vc_column_text]\n<h1><em><strong>***Ce site Web legacy.csce.ca\/fr n&#8217;est plus mis \u00e0 jour***<\/strong><\/em><\/h1>\n<h1 style=\"color: #ffffff;\">NOTRE PORTAIL DES MEMBRES EST MAINTENANT SITU\u00c9 SUR LE\u00a0<strong>NOUVEAU SITE WEB DE LA SCGC<\/strong><\/h1>\n<h1 style=\"color: #ffffff;\">Cliquez sur le bouton \u00ab NOUVEAU site Web de la SCGC \u00bb pour r\u00e9initialiser votre mot de passe et acc\u00e9der \u00e0 votre portail des membres (renouveller\/adh\u00e9rer pour 2025 et acc\u00e9der \u00e0 votre profil)<\/h1>\n[\/vc_column_text][vc_empty_space][vc_row_inner][vc_column_inner width=&#8221;1\/2&#8243;][vc_btn title=&#8221;NOUVEAU site Web de la SCGC&#8221; style=&#8221;flat&#8221; link=&#8221;url:https%3A%2F%2Fwww.csce.ca%2F||target:%20_blank|&#8221;][\/vc_column_inner][vc_column_inner width=&#8221;1\/2&#8243;][vc_btn title=&#8221;Instructions de renouvellement \u00e9tape par \u00e9tape&#8221; style=&#8221;flat&#8221; color=&#8221;sandy-brown&#8221; link=&#8221;url:https%3A%2F%2Fwww.csce.ca%2Fcommon%2FUploaded%2520files%2FCSCE%2520Membership%2520Renewal%2520Instructions_2025_rev1.pdf||target:%20_blank|&#8221;][\/vc_column_inner][\/vc_row_inner][\/vc_column][vc_column width=&#8221;1\/2&#8243;][vc_single_image image=&#8221;217275&#8243; img_size=&#8221;400&#215;175&#8243; alignment=&#8221;center&#8221;][\/vc_column][\/vc_row][vc_row][vc_column][vc_row_inner][vc_column_inner width=&#8221;1\/2&#8243;][vc_video link=&#8221;https:\/\/vimeo.com\/832363555?share=copy&#8221;][\/vc_column_inner][vc_column_inner width=&#8221;1\/2&#8243;][vc_column_text css=&#8221;.vc_custom_1699377660363{padding-bottom: 20px !important;}&#8221;]\n<h2 style=\"text-align: center;\">SCGC 2024 <span class=\"Y2IQFc\" lang=\"fr\">Congr\u00e8s annuel<\/span><\/h2>\n<h3 style=\"text-align: center;\">5\u20137 juin 2024<\/h3>\n<h3 style=\"text-align: center;\">Niagara Falls, ON\u00a0 Canada<\/h3>\n<p id=\"tw-target-text\" class=\"tw-data-text tw-text-large XcVN5d tw-ta\" dir=\"ltr\" style=\"text-align: center;\" data-placeholder=\"Translation\"><strong><span class=\"Y2IQFc\" lang=\"fr\"> Pour plus d&#8217;informations, cliquez <a href=\"https:\/\/www.csce2024niagara.ca\/\">ici<\/a><\/span><\/strong><\/p>\n<p id=\"tw-target-text\" class=\"tw-data-text tw-text-large XcVN5d tw-ta\" dir=\"ltr\" style=\"text-align: center;\" data-placeholder=\"Translation\"><strong>Opportunit\u00e9s de partenariat sont disponibles maintenant !<\/strong><\/p>\n[\/vc_column_text][vc_btn title=&#8221;Opportunit\u00e9s de partenariat&#8221; style=&#8221;flat&#8221; shape=&#8221;square&#8221; color=&#8221;mulled-wine&#8221; size=&#8221;sm&#8221; align=&#8221;center&#8221; link=&#8221;url:https%3A%2F%2Flegacy.csce.ca%2Fwp-content%2Fuploads%2F2023%2F11%2FCSCE-Niagara-2024-Sponsor-Exhibitor-Package.pdf|title:Partnership%20Opportunities%20|target:%20_blank|&#8221;][\/vc_column_inner][\/vc_row_inner][\/vc_column][\/vc_row][vc_row][vc_column][vc_column_text]<a style=\"color: #000000;\" href=\"https:\/\/csce.ca\/fr\/partenaires\/\">Merci \u00e0 nos partenaires \u00bb<\/a>[\/vc_column_text][vc_empty_space][vc_images_carousel images=&#8221;6365,6371,5549,6377,6380,4041,6386,6389,6392,6395,204920,6401,6418,6421,6424,6427,6430,6433,6442,124656,124659,126698,146890,147422&#8243; img_size=&#8221;large&#8221; onclick=&#8221;custom_link&#8221; slides_per_view=&#8221;5&#8243; hide_pagination_control=&#8221;yes&#8221; partial_view=&#8221;yes&#8221; wrap=&#8221;yes&#8221; custom_links=&#8221;#E-8_aHR0cHMlM0ElMkYlMkZ1d2F0ZXJsb28uY2ElMkZjZW50cmUtcGF2ZW1lbnQtdHJhbnNwb3J0YXRpb24tdGVjaG5vbG9neSUyRiUyQ2h0dHBzJTNBJTJGJTJGd2lsbGlhbXNlbmdpbmVlcmluZy5jb20lMkYlMkNodHRwcyUzQSUyRiUyRnd3dy5jYW5hbS1jb25zdHJ1Y3Rpb24uY29tJTJGZW4lMkYlM0YlMkNodHRwJTNBJTJGJTJGd3d3LmNwY2kuY2ElMkYlMkNodHRwcyUzQSUyRiUyRnd3dy5mZWRlcmFsYnJpZGdlLmNhJTJGJTJDaHR0cHMlM0ElMkYlMkZ3d3cubWVudG9yY2l0eS5jb20lMkYlMkNodHRwcyUzQSUyRiUyRnJ2YW5kZXJzb24uY29tJTJGJTJDaHR0cCUzQSUyRiUyRnd3dy5zbmNsYXZhbGluLmNvbSUyRmZyJTJGJTJDaHR0cCUzQSUyRiUyRnd3dy50MnVlLmNvbSUyRiUyQ2h0dHBzJTNBJTJGJTJGd3d3LnRlbGVjb24uY29tJTJGJTJDaHR0cHMlM0ElMkYlMkZ3d3cuYWwtdGVycmEuY29tJTJGJTJDaHR0cCUzQSUyRiUyRnd3dy5jd2MuY2ElMkYlMkNodHRwJTNBJTJGJTJGaXNsZW5naW5lZXJpbmcuY29tJTJGJTJDaHR0cCUzQSUyRiUyRmphY3F1ZXNjYXJ0aWVyY2hhbXBsYWluLmNhJTJGJTJDaHR0cCUzQSUyRiUyRnd3dy5hbGJhcnJpZS5jb20lMkZzZWNvbmRhcnktY29udGFpbm1lbnQlMkYlMkNodHRwcyUzQSUyRiUyRm1vcnJpc29uaGVyc2hmaWVsZC5jb20lMkYlMkNodHRwJTNBJTJGJTJGd3d3LnJlY29jYW5hZGEuY29tJTJGdGElMkZ3UkVDT19lbi5uc2YlMkNodHRwcyUzQSUyRiUyRnd3dy5kdXJoYW0uY2ElMkZlbiUyRmluZGV4LmFzcHglMkNodHRwcyUzQSUyRiUyRnd3dy50YWMtYXRjLmNhJTJGJTJDaHR0cHMlM0ElMkYlMkZ3d3cucmpjLmNhJTJGJTJDaHR0cCUzQSUyRiUyRmNhbmFyeXN5c3RlbXMuY29tJTJGJTJDaHR0cHMlM0ElMkYlMkZ3d3cubWFtbW9ldC5jb20lMkYlMkNodHRwcyUzQSUyRiUyRnd3dy50YXRoYW1lbmcuY29tJTJGJTJDaHR0cCUzQSUyRiUyRnd3dy5uY2suY2ElMkZlbiUyRmluZGV4LnBocA==&#8221;][\/vc_column][\/vc_row][vc_row el_class=&#8221;hover-grid&#8221;][vc_column][vc_row_inner][vc_column_inner width=&#8221;1\/3&#8243;][vc_single_image image=&#8221;5111&#8243; img_size=&#8221;full&#8221; onclick=&#8221;custom_link&#8221; link=&#8221;\/fr\/adhesion\/membership-general&#8221;][vc_column_text css=&#8221;.vc_custom_1610399899346{padding-top: 10px !important;}&#8221;]\n<h4><a href=\"\/fr\/adhesion\/membership-general\">Adh\u00e9sion membre<\/a><\/h4>\n<p>Les avantages et frais de cotisation de toutes les cat\u00e9gories d\u2019adh\u00e9sion sont r\u00e9sum\u00e9s dans les <strong><a href=\"\/fr\/adhesion\/membership-general\">pages d\u2019adh\u00e9sion<\/a><\/strong>.[\/vc_column_text][\/vc_column_inner][vc_column_inner width=&#8221;1\/3&#8243;][vc_single_image image=&#8221;1790&#8243; img_size=&#8221;full&#8221; onclick=&#8221;custom_link&#8221; link=&#8221;\/fr\/je-suis-le-genie-civil&#8221;][vc_column_text css=&#8221;.vc_custom_1610399927655{padding-top: 10px !important;}&#8221;]\n<h4><a href=\"\/fr\/je-suis-le-genie-civil\">Je suis le g\u00e9nie civil<\/a><\/h4>\n<p>Ces membres individuels illustrent l\u2019\u00e9tendue du travail que font les ing\u00e9nieurs civils<br \/>\n<strong><a href=\"\/fr\/je-suis-le-genie-civil\">Rencontrez certains des membres de la SCGC<\/a><\/strong>[\/vc_column_text][\/vc_column_inner][vc_column_inner width=&#8221;1\/3&#8243;][vc_single_image image=&#8221;1806&#8243; img_size=&#8221;large&#8221; onclick=&#8221;custom_link&#8221; link=&#8221;\/fr\/committees\/honours-and-fellowships&#8221;][vc_column_text css=&#8221;.vc_custom_1610399820256{padding-top: 10px !important;}&#8221;]\n<h4><a href=\"\/fr\/committees\/honours-and-fellowships\">Distinctions et prix<\/a><\/h4>\n<p>Chaque ann\u00e9e, la SCGC reconna\u00eet les personnes qui ont fait une contribution \u00e0 la profession de g\u00e9nie civil. <strong><a href=\"\/fr\/committees\/honours-and-fellowships\">Distinctions et prix<\/a><\/strong>[\/vc_column_text][\/vc_column_inner][\/vc_row_inner][vc_row_inner][vc_column_inner width=&#8221;1\/3&#8243;][vc_single_image image=&#8221;1807&#8243; img_size=&#8221;full&#8221; onclick=&#8221;custom_link&#8221; link=&#8221;\/fr\/formation-continue\/developpement-professionnel&#8221;][vc_column_text css=&#8221;.vc_custom_1610399754429{padding-top: 10px !important;}&#8221;]\n<h4><a href=\"\/fr\/formation-continue\/developpement-professionnel\">Formation continue<\/a><\/h4>\n<p class=\"product_title entry-title\"><strong><a href=\"\/en\/lifelong-learning\/online-courses\/\">Course I: Capabilities-Based Partnerships: A New Business Development Strategy<\/a><br \/>\n<\/strong><\/p>\n<p class=\"product_title entry-title\"><a href=\"\/en\/lifelong-learning\/online-courses\/\"><strong>Course II: Three Methods of Technology Development Partnership<\/strong><\/a><\/p>\n<p class=\"product_title entry-title\"><a href=\"\/fr\/formation-continue\/developpement-professionnel\"><strong>Mat\u00e9riaux, M\u00e9thodes et Conception de B\u00e9ton Ultra Haute Performance (BUHP) et B\u00e9ton de Fibres (BF)<\/strong><\/a><\/p>\n[\/vc_column_text][\/vc_column_inner][vc_column_inner width=&#8221;1\/3&#8243;][vc_single_image image=&#8221;4989&#8243; img_size=&#8221;full&#8221; onclick=&#8221;custom_link&#8221; link=&#8221;\/fr\/sustainable-infrastructure-2&#8243;][vc_column_text css=&#8221;.vc_custom_1610399857782{padding-top: 10px !important;}&#8221;]\n<h4><a href=\"\/fr\/sustainable-infrastructure-2\">Infrastructures durables<\/a><\/h4>\n<p>La SCGC est un leader en mati\u00e8re d\u2019infrastructures durables au Canada. Voyez pourquoi. <strong><a href=\"\/fr\/sustainable-infrastructure-2\">Restez inform\u00e9s sur les infrastructures durables au Canada<\/a><\/strong>[\/vc_column_text][\/vc_column_inner][vc_column_inner width=&#8221;1\/3&#8243;][vc_single_image image=&#8221;4115&#8243; img_size=&#8221;full&#8221; onclick=&#8221;custom_link&#8221; link=&#8221;\/fr\/committees\/histoire&#8221;][vc_column_text css=&#8221;.vc_custom_1610399802563{padding-top: 10px !important;}&#8221;]\n<h4><a href=\"\/fr\/committees\/histoire\">Histoire<\/a><\/h4>\n<p>Le Comit\u00e9 d\u2019histoire est responsable de la s\u00e9lection des sites de g\u00e9nie civil historiques. <strong><a title=\"History Committee\" href=\"\/fr\/committees\/histoire\">Comit\u00e9 d\u2019histoire<\/a><br \/>\n<\/strong><\/p>\n<p><a href=\"https:\/\/www.dropbox.com\/sh\/0f1rgm0nel265ta\/AACR-73tyO_bNKpmzuaT8ZP1a?dl=0\">A CSCE history exhibit celebrates Building Canada.<\/a>[\/vc_column_text][\/vc_column_inner][\/vc_row_inner][\/vc_column][\/vc_row][vc_row full_width=&#8221;stretch_row_content_no_spaces&#8221; css=&#8221;.vc_custom_1609905948994{margin-top: 0px !important;margin-bottom: 0px !important;background-image: url(\/wp-content\/uploads\/2018\/08\/201611-pont3-85.png?id=6064) !important;background-position: center !important;background-repeat: no-repeat !important;background-size: cover !important;}&#8221; font_color=&#8221;#ffffff&#8221; el_class=&#8221;parallax-vertical&#8221;][vc_column][vc_column_text css_animation=&#8221;left-to-right&#8221;]\n<h1 style=\"margin: 8rem 0px 0.7rem; line-height: 1; text-align: center; font-size: 4.8rem; font-weight: bold;\"><span style=\"color: #ffffff;\">Restez inform\u00e9s.<\/span><\/h1>\n<h2 style=\"margin-bottom: 2rem; text-align: center; font-size: 3rem; font-weight: 200;\"><span style=\"color: #ffffff;\">Recevez notre E-Bulletin bihebdomadaire<\/span><\/h2>\n<p class=\"text-center\" style=\"margin-bottom: 8rem;\"><span style=\"color: #ffffff;\"><a class=\"vc_btn vc_btn_white vc_btn-white vc_btn_lg vc_btn-lg vc_btn_outlined aligncenter text-center\" style=\"color: #ffffff;\" title=\"Sign up for e-letter\" href=\"http:\/\/multibriefs.com\/optin.php?CSCE\" target=\"_blank\" rel=\"noopener noreferrer\"> S\u2019inscrire au E-Bulletin<\/a> <a class=\"vc_btn vc_btn_white vc_btn-white vc_btn_lg vc_btn-lg vc_btn_outlined aligncenter text-center\" style=\"color: #ffffff;\" title=\"See archives\" href=\"http:\/\/www.multibriefs.com\/briefs\/csce\/\" target=\"_blank\" rel=\"noopener noreferrer\"> Voir les derniers envois<\/a><\/span><br \/>\n<img decoding=\"async\" loading=\"lazy\" class=\"aligncenter\" style=\"padding-top: 30px; max-width: 420px !important;\" src=\"\/wp-content\/uploads\/2018\/08\/201611-e-bulletin-logo-110-1.png\" alt=\"e-bulletin-logo\" width=\"420\" height=\"79\" \/>[\/vc_column_text][vc_row_inner css=&#8221;.vc_custom_1668351207343{padding-bottom: 30px !important;}&#8221;][vc_column_inner width=&#8221;1\/6&#8243;][\/vc_column_inner][vc_column_inner width=&#8221;1\/6&#8243;][vc_single_image image=&#8221;211917&#8243; alignment=&#8221;center&#8221; onclick=&#8221;custom_link&#8221; img_link_target=&#8221;_blank&#8221; css=&#8221;.vc_custom_1668351267748{padding-right: 25% !important;padding-left: 25% !important;}&#8221; link=&#8221;https:\/\/www.linkedin.com\/company\/canadian-society-for-civil-engineering&#8221;][\/vc_column_inner][vc_column_inner width=&#8221;1\/6&#8243;][vc_single_image image=&#8221;211915&#8243; alignment=&#8221;center&#8221; onclick=&#8221;custom_link&#8221; img_link_target=&#8221;_blank&#8221; css=&#8221;.vc_custom_1673913235482{padding-right: 25% !important;padding-left: 25% !important;}&#8221; link=&#8221;https:\/\/twitter.com\/csce_scgc&#8221;][\/vc_column_inner][vc_column_inner width=&#8221;1\/6&#8243;][vc_single_image image=&#8221;213042&#8243; alignment=&#8221;center&#8221; onclick=&#8221;custom_link&#8221; img_link_target=&#8221;_blank&#8221; css=&#8221;.vc_custom_1673913535852{padding-right: 25% !important;padding-left: 25% !important;}&#8221; link=&#8221;https:\/\/www.instagram.com\/csce_scgc\/&#8221;][\/vc_column_inner][vc_column_inner width=&#8221;1\/6&#8243;][vc_single_image image=&#8221;215815&#8243; alignment=&#8221;center&#8221; onclick=&#8221;custom_link&#8221; img_link_target=&#8221;_blank&#8221; css=&#8221;.vc_custom_1692192473979{padding-right: 25% !important;padding-left: 25% !important;}&#8221; link=&#8221;https:\/\/vimeo.com\/user112795026&#8243;][\/vc_column_inner][vc_column_inner width=&#8221;1\/6&#8243;][\/vc_column_inner][\/vc_row_inner][\/vc_column][\/vc_row]\n","protected":false},"excerpt":{"rendered":"<p>[vc_row css=&#8221;.vc_custom_1704399723958{background-color: #cf2e2e !important;}&#8221;][vc_column width=&#8221;1\/2&#8243;][vc_column_text] ***Ce site Web legacy.csce.ca\/fr n&#8217;est plus mis \u00e0 jour*** NOTRE PORTAIL DES MEMBRES EST MAINTENANT SITU\u00c9 SUR LE\u00a0NOUVEAU SITE WEB DE LA SCGC Cliquez sur [&hellip;]<\/p>\n","protected":false},"author":1,"featured_media":0,"parent":0,"menu_order":0,"comment_status":"closed","ping_status":"closed","template":"","meta":[],"acf":[],"_links":{"self":[{"href":"https:\/\/legacy.csce.ca\/fr\/wp-json\/wp\/v2\/pages\/217295"}],"collection":[{"href":"https:\/\/legacy.csce.ca\/fr\/wp-json\/wp\/v2\/pages"}],"about":[{"href":"https:\/\/legacy.csce.ca\/fr\/wp-json\/wp\/v2\/types\/page"}],"author":[{"embeddable":true,"href":"https:\/\/legacy.csce.ca\/fr\/wp-json\/wp\/v2\/users\/1"}],"replies":[{"embeddable":true,"href":"https:\/\/legacy.csce.ca\/fr\/wp-json\/wp\/v2\/comments?post=217295"}],"version-history":[{"count":4,"href":"https:\/\/legacy.csce.ca\/fr\/wp-json\/wp\/v2\/pages\/217295\/revisions"}],"predecessor-version":[{"id":218340,"href":"https:\/\/legacy.csce.ca\/fr\/wp-json\/wp\/v2\/pages\/217295\/revisions\/218340"}],"wp:attachment":[{"href":"https:\/\/legacy.csce.ca\/fr\/wp-json\/wp\/v2\/media?parent=217295"}],"curies":[{"name":"wp","href":"https:\/\/api.w.org\/{rel}","templated":true}]}}