{"id":215245,"date":"2023-04-18T19:51:17","date_gmt":"2023-04-18T23:51:17","guid":{"rendered":"https:\/\/csce.ca\/corporate-partnerships-program\/"},"modified":"2023-05-08T16:07:02","modified_gmt":"2023-05-08T20:07:02","slug":"partenariat-dentreprise","status":"publish","type":"page","link":"https:\/\/legacy.csce.ca\/fr\/partenariat-dentreprise\/","title":{"rendered":"Partenariat d\u2019entreprise"},"content":{"rendered":"[vc_row][vc_column][vc_column_text]La Soci\u00e9t\u00e9 canadienne de g\u00e9nie civil (SCGC) a chang\u00e9 la fa\u00e7on dont les commanditaires sont g\u00e9r\u00e9s. Les forfaits offerts par le programme ont \u00e9t\u00e9 simplifi\u00e9s et les avantages li\u00e9s au congr\u00e8s ont \u00e9t\u00e9 retir\u00e9s de l\u2019adh\u00e9sion annuelle des personnes morales. Il n\u2019est plus n\u00e9cessaire de conclure un contrat \u00e0 long terme; votre adh\u00e9sion sera renouvel\u00e9e avec une facture, chaque ann\u00e9e, sur votre approbation.<\/p>\n<p>En 2023, le Programme de partenariat d\u2019entreprise de la SCGC comporte deux niveaux\u00a0: Partenaires (pour les soci\u00e9t\u00e9s comptant moins de 50\u00a0ing\u00e9nieurs civils) et Partenaires majeurs (pour les soci\u00e9t\u00e9s comptant plus de 50\u00a0ing\u00e9nieurs civils)\u00a0:<\/p>\n<ol>\n<li>Le co\u00fbt annuel sera de 1\u00a0500\u00a0$ pour les Partenaires et de 3\u00a0000\u00a0$ pour les Partenaires majeurs.<\/li>\n<li>D\u2019autres \u00e9l\u00e9ments peuvent \u00eatre n\u00e9goci\u00e9s au cas par cas et les ententes peuvent \u00e9voluer avec le temps tout en conservant une certaine uniformit\u00e9.<\/li>\n<li>Les ing\u00e9nieurs civils employ\u00e9s par les Partenaires et les Partenaires majeurs sont admissibles \u00e0 une r\u00e9duction de 20\u00a0% sur leur adh\u00e9sion \u00e0 la SCGC.<\/li>\n<li>Les Partenaires peuvent demander un certificat officiel de la Soci\u00e9t\u00e9 canadienne de g\u00e9nie civil reconnaissant la relation entre l\u2019employeur et la SCGC.<\/li>\n<li>Les Partenaires et les Partenaires majeurs de la SCGC seront (au moins) reconnus par l\u2019affichage de leur logo reli\u00e9 \u00e0 leur site Web sur le site Web de la SCGC ainsi que de leur logo dans les pr\u00e9sentations du webinaire CSCE Tech Talk et dans la revue CIVIL et seront nomm\u00e9s dans le Rapport annuel de la Soci\u00e9t\u00e9 canadienne de g\u00e9nie civil.<\/li>\n<\/ol>\n<p>\u00c9crivez \u00e0 Lisa\u00a0Reny, \u00e0 <a href=\"mailto:lisa@csce.ca\">lisa@csce.ca<\/a>, pour d\u00e9couvrir comment personnaliser votre exp\u00e9rience de partenariat d\u2019entreprise.[\/vc_column_text][\/vc_column][\/vc_row]\n","protected":false},"excerpt":{"rendered":"<p>[vc_row][vc_column][vc_column_text]La Soci\u00e9t\u00e9 canadienne de g\u00e9nie civil (SCGC) a chang\u00e9 la fa\u00e7on dont les commanditaires sont g\u00e9r\u00e9s. Les forfaits offerts par le programme ont \u00e9t\u00e9 simplifi\u00e9s et les avantages li\u00e9s au [&hellip;]<\/p>\n","protected":false},"author":17195,"featured_media":0,"parent":0,"menu_order":0,"comment_status":"closed","ping_status":"closed","template":"","meta":[],"acf":[],"_links":{"self":[{"href":"https:\/\/legacy.csce.ca\/fr\/wp-json\/wp\/v2\/pages\/215245"}],"collection":[{"href":"https:\/\/legacy.csce.ca\/fr\/wp-json\/wp\/v2\/pages"}],"about":[{"href":"https:\/\/legacy.csce.ca\/fr\/wp-json\/wp\/v2\/types\/page"}],"author":[{"embeddable":true,"href":"https:\/\/legacy.csce.ca\/fr\/wp-json\/wp\/v2\/users\/17195"}],"replies":[{"embeddable":true,"href":"https:\/\/legacy.csce.ca\/fr\/wp-json\/wp\/v2\/comments?post=215245"}],"version-history":[{"count":3,"href":"https:\/\/legacy.csce.ca\/fr\/wp-json\/wp\/v2\/pages\/215245\/revisions"}],"predecessor-version":[{"id":215248,"href":"https:\/\/legacy.csce.ca\/fr\/wp-json\/wp\/v2\/pages\/215245\/revisions\/215248"}],"wp:attachment":[{"href":"https:\/\/legacy.csce.ca\/fr\/wp-json\/wp\/v2\/media?parent=215245"}],"curies":[{"name":"wp","href":"https:\/\/api.w.org\/{rel}","templated":true}]}}