{"id":213785,"date":"2023-02-20T13:26:13","date_gmt":"2023-02-20T18:26:13","guid":{"rendered":"https:\/\/csce.ca\/?page_id=213785"},"modified":"2023-02-22T14:25:26","modified_gmt":"2023-02-22T19:25:26","slug":"bureau-administratif","status":"publish","type":"page","link":"https:\/\/legacy.csce.ca\/fr\/a-propos-de-nous\/bureau-administratif\/","title":{"rendered":"Bureau Administratif"},"content":{"rendered":"[vc_row][vc_column][vc_column_text]\n<h3 style=\"text-align: center;\"><strong>Canadian Society for Civil Engineering<br \/>\n<\/strong><strong>Soci\u00e9t\u00e9 canadienne de g\u00e9nie civil<\/strong> <strong>\u00a0<\/strong><\/h3>\n<p>&nbsp;<\/p>\n<h4 style=\"text-align: center;\">Adresse postale : 2167 166 St Surrey, British Columbia V3Z 0V6<\/h4>\n<p>&nbsp;<\/p>\n<h3 style=\"text-align: center;\">Veuillez contacter <a href=\"mailto:admin@csce.ca\" target=\"_blank\" rel=\"noopener noreferrer\">admin@csce.ca<\/a> pour toutes les demandes de renseignements et de soutien.<\/h3>\n[\/vc_column_text][\/vc_column][\/vc_row][vc_row][vc_column][vc_column_text]\n<h3 style=\"text-align: center;\"><strong>Administrateurs : Karma-Link<\/strong><\/h3>\n[\/vc_column_text][\/vc_column][\/vc_row][vc_row][vc_column width=&#8221;1\/4&#8243;][vc_single_image image=&#8221;211456&#8243; img_size=&#8221;medium&#8221; alignment=&#8221;center&#8221;][vc_column_text]\n<p style=\"text-align: center;\"><a href=\"mailto:lisa@csce.ca\">Lisa Reny<\/a><\/p>\n[\/vc_column_text][\/vc_column][vc_column width=&#8221;1\/4&#8243;][vc_single_image image=&#8221;211458&#8243; img_size=&#8221;medium&#8221; alignment=&#8221;center&#8221;][vc_column_text]\n<p style=\"text-align: center;\"><a href=\"mailto:bill@csce.ca\">Bill Reny<\/a><\/p>\n[\/vc_column_text][\/vc_column][vc_column width=&#8221;1\/4&#8243;][vc_single_image image=&#8221;211460&#8243; img_size=&#8221;medium&#8221; alignment=&#8221;center&#8221;][vc_column_text]\n<p style=\"text-align: center;\"><a href=\"mailto:lisa@csce.ca\">Emily Fournier<\/a><\/p>\n[\/vc_column_text][\/vc_column][vc_column width=&#8221;1\/4&#8243;][vc_single_image image=&#8221;213622&#8243; img_size=&#8221;medium&#8221; alignment=&#8221;center&#8221;][vc_column_text]\n<p style=\"text-align: center;\"><a href=\"mailto:lesia@csce.ca\">Lesia Beznaczuk <\/a><\/p>\n[\/vc_column_text][\/vc_column][\/vc_row]\n","protected":false},"excerpt":{"rendered":"<p>[vc_row][vc_column][vc_column_text] Canadian Society for Civil Engineering Soci\u00e9t\u00e9 canadienne de g\u00e9nie civil \u00a0 &nbsp; Adresse postale : 2167 166 St Surrey, British Columbia V3Z 0V6 &nbsp; Veuillez contacter admin@csce.ca pour toutes [&hellip;]<\/p>\n","protected":false},"author":1,"featured_media":0,"parent":489,"menu_order":0,"comment_status":"closed","ping_status":"closed","template":"","meta":[],"acf":[],"_links":{"self":[{"href":"https:\/\/legacy.csce.ca\/fr\/wp-json\/wp\/v2\/pages\/213785"}],"collection":[{"href":"https:\/\/legacy.csce.ca\/fr\/wp-json\/wp\/v2\/pages"}],"about":[{"href":"https:\/\/legacy.csce.ca\/fr\/wp-json\/wp\/v2\/types\/page"}],"author":[{"embeddable":true,"href":"https:\/\/legacy.csce.ca\/fr\/wp-json\/wp\/v2\/users\/1"}],"replies":[{"embeddable":true,"href":"https:\/\/legacy.csce.ca\/fr\/wp-json\/wp\/v2\/comments?post=213785"}],"version-history":[{"count":1,"href":"https:\/\/legacy.csce.ca\/fr\/wp-json\/wp\/v2\/pages\/213785\/revisions"}],"predecessor-version":[{"id":213786,"href":"https:\/\/legacy.csce.ca\/fr\/wp-json\/wp\/v2\/pages\/213785\/revisions\/213786"}],"up":[{"embeddable":true,"href":"https:\/\/legacy.csce.ca\/fr\/wp-json\/wp\/v2\/pages\/489"}],"wp:attachment":[{"href":"https:\/\/legacy.csce.ca\/fr\/wp-json\/wp\/v2\/media?parent=213785"}],"curies":[{"name":"wp","href":"https:\/\/api.w.org\/{rel}","templated":true}]}}