{"id":204597,"date":"2021-05-14T08:05:24","date_gmt":"2021-05-14T12:05:24","guid":{"rendered":"https:\/\/csce.ca\/?page_id=204597"},"modified":"2021-05-19T13:34:50","modified_gmt":"2021-05-19T17:34:50","slug":"assemblee-generale-annuelle-2021","status":"publish","type":"page","link":"https:\/\/legacy.csce.ca\/fr\/assemblee-generale-annuelle-2021\/","title":{"rendered":"Assembl\u00e9e g\u00e9n\u00e9rale annuelle"},"content":{"rendered":"L&#8217;assembl\u00e9e g\u00e9n\u00e9rale annuelle de la SCGC se tiendra le 16 juin, \u00e0 13h HNE. <strong>Il s&#8217;agira d&#8217;une rencontre virtuelle<\/strong>. Les d\u00e9tails seront transmis \u00e0 tous les membres en r\u00e8gle.\r\n\r\n<!-- \/wp:paragraph --><!-- wp:paragraph -->\r\n\r\n[LOAD AGM]","protected":false},"excerpt":{"rendered":"<p>L&#8217;assembl\u00e9e g\u00e9n\u00e9rale annuelle de la SCGC se tiendra le 16 juin, \u00e0 13h HNE. Il s&#8217;agira d&#8217;une rencontre virtuelle. Les d\u00e9tails seront transmis \u00e0 tous les membres en r\u00e8gle. [LOAD [&hellip;]<\/p>\n","protected":false},"author":1,"featured_media":0,"parent":0,"menu_order":0,"comment_status":"closed","ping_status":"closed","template":"","meta":[],"acf":[],"_links":{"self":[{"href":"https:\/\/legacy.csce.ca\/fr\/wp-json\/wp\/v2\/pages\/204597"}],"collection":[{"href":"https:\/\/legacy.csce.ca\/fr\/wp-json\/wp\/v2\/pages"}],"about":[{"href":"https:\/\/legacy.csce.ca\/fr\/wp-json\/wp\/v2\/types\/page"}],"author":[{"embeddable":true,"href":"https:\/\/legacy.csce.ca\/fr\/wp-json\/wp\/v2\/users\/1"}],"replies":[{"embeddable":true,"href":"https:\/\/legacy.csce.ca\/fr\/wp-json\/wp\/v2\/comments?post=204597"}],"version-history":[{"count":2,"href":"https:\/\/legacy.csce.ca\/fr\/wp-json\/wp\/v2\/pages\/204597\/revisions"}],"predecessor-version":[{"id":204742,"href":"https:\/\/legacy.csce.ca\/fr\/wp-json\/wp\/v2\/pages\/204597\/revisions\/204742"}],"wp:attachment":[{"href":"https:\/\/legacy.csce.ca\/fr\/wp-json\/wp\/v2\/media?parent=204597"}],"curies":[{"name":"wp","href":"https:\/\/api.w.org\/{rel}","templated":true}]}}