{"id":203123,"date":"2021-02-27T10:28:13","date_gmt":"2021-02-27T15:28:13","guid":{"rendered":"https:\/\/csce.ca\/edi\/student-competitions\/"},"modified":"2021-06-18T13:31:53","modified_gmt":"2021-06-18T17:31:53","slug":"student-competitions","status":"publish","type":"page","link":"https:\/\/legacy.csce.ca\/fr\/edi\/student-competitions\/","title":{"rendered":"Concours \u00e9tudiants"},"content":{"rendered":"[vc_row][vc_column][vc_column_text]<strong>COMP\u00c9TITIONS NATIONALES CANADIENNES DE CANO\u00cb DE B\u00c9TON ET DE PONT D&#8217;ACIER<\/strong><\/p>\n<p>La Comp\u00e9tition Nationale Canadienne de Cano\u00eb de B\u00e9ton (CNCCB) et la Comp\u00e9tition Nationale Canadienne de Pont d&#8217;Acier (CNCPA) sont deux comp\u00e9titions distinctes o\u00f9 des \u00e9quipes d&#8217;\u00e9tudiant(e)s en g\u00e9nie civil de niveau universitaire de partout au pays et de l&#8217;\u00e9tranger se r\u00e9unissent chaque ann\u00e9e pour partager leur passion pour l&#8217;utilisation de deux principaux mat\u00e9riaux de construction, le b\u00e9ton et l&#8217;acier. La CNCCB est \u00e9valu\u00e9e sur les principes de conception et de construction, du rapport de conception technique, de la pr\u00e9sentation orale et de la performance du cano\u00eb de b\u00e9ton lors de diff\u00e9rentes courses. La CNCPA est \u00e9valu\u00e9e en fonction de l&#8217;efficacit\u00e9 structurelle, de la rigidit\u00e9, de la l\u00e9g\u00e8ret\u00e9, de l&#8217;esth\u00e9tique, de la vitesse de construction et de l&#8217;\u00e9conomie du pont d&#8217;acier. Ces \u00e9v\u00e9nements sont souvent soutenus par l&#8217;industrie et la CNCPA est organis\u00e9e en collaboration avec l&#8217;Institut Canadien de la Construction en Acier (ICCA). Pour plus d&#8217;informations sur ces deux comp\u00e9titions, cliquez sur le bouton D\u00e9tails des Comp\u00e9titions ci-dessous.[\/vc_column_text][vc_btn title=&#8221;D\u00e9tails de la comp\u00e9tition&#8221; style=&#8221;outline&#8221; shape=&#8221;round&#8221; color=&#8221;violet&#8221; align=&#8221;center&#8221; link=&#8221;url:https%3A%2F%2Fwww.cscecompetitions.ca%2Fen%2Fhome%2F|||&#8221; css=&#8221;.vc_custom_1624037510068{padding-top: 15px !important;}&#8221;][\/vc_column][\/vc_row]\n","protected":false},"excerpt":{"rendered":"<p>[vc_row][vc_column][vc_column_text]COMP\u00c9TITIONS NATIONALES CANADIENNES DE CANO\u00cb DE B\u00c9TON ET DE PONT D&#8217;ACIER La Comp\u00e9tition Nationale Canadienne de Cano\u00eb de B\u00e9ton (CNCCB) et la Comp\u00e9tition Nationale Canadienne de Pont d&#8217;Acier (CNCPA) sont [&hellip;]<\/p>\n","protected":false},"author":1,"featured_media":0,"parent":1839,"menu_order":0,"comment_status":"closed","ping_status":"closed","template":"","meta":[],"acf":[],"_links":{"self":[{"href":"https:\/\/legacy.csce.ca\/fr\/wp-json\/wp\/v2\/pages\/203123"}],"collection":[{"href":"https:\/\/legacy.csce.ca\/fr\/wp-json\/wp\/v2\/pages"}],"about":[{"href":"https:\/\/legacy.csce.ca\/fr\/wp-json\/wp\/v2\/types\/page"}],"author":[{"embeddable":true,"href":"https:\/\/legacy.csce.ca\/fr\/wp-json\/wp\/v2\/users\/1"}],"replies":[{"embeddable":true,"href":"https:\/\/legacy.csce.ca\/fr\/wp-json\/wp\/v2\/comments?post=203123"}],"version-history":[{"count":4,"href":"https:\/\/legacy.csce.ca\/fr\/wp-json\/wp\/v2\/pages\/203123\/revisions"}],"predecessor-version":[{"id":205139,"href":"https:\/\/legacy.csce.ca\/fr\/wp-json\/wp\/v2\/pages\/203123\/revisions\/205139"}],"up":[{"embeddable":true,"href":"https:\/\/legacy.csce.ca\/fr\/wp-json\/wp\/v2\/pages\/1839"}],"wp:attachment":[{"href":"https:\/\/legacy.csce.ca\/fr\/wp-json\/wp\/v2\/media?parent=203123"}],"curies":[{"name":"wp","href":"https:\/\/api.w.org\/{rel}","templated":true}]}}