{"id":1839,"date":"2018-08-09T23:55:15","date_gmt":"2018-08-10T03:55:15","guid":{"rendered":"http:\/\/csce.ca\/?page_id=1839"},"modified":"2024-01-23T10:18:43","modified_gmt":"2024-01-23T15:18:43","slug":"edi","status":"publish","type":"page","link":"https:\/\/legacy.csce.ca\/fr\/edi\/","title":{"rendered":"\u00c9tudiants"},"content":{"rendered":"[vc_row][vc_column][vc_column_text]<img decoding=\"async\" loading=\"lazy\" class=\"alignright size-full wp-image-808\" style=\"padding-bottom: 40px;\" title=\"student1\" src=\"\/wp-content\/uploads\/2018\/06\/student1.jpg\" alt=\"\" width=\"220\" height=\"150\" \/> Des chapitres \u00e9tudiants de la SCGC ont \u00e9t\u00e9 cr\u00e9\u00e9s dans les coll\u00e8ges et les universit\u00e9s canadiennes qui offrent un programme en g\u00e9nie civil, en g\u00e9nie de la construction et en g\u00e9nie de l&#8217;environnement. Les chapitres \u00e9tudiants offrent des programmes techniques aux \u00e9tudiants de premier cycle, souvent en collaboration avec les sections locales de la SCGC, et fournissent aux jeunes l&#8217;occasion de rencontrer des praticiens oeuvrant dans leur r\u00e9gion.<\/p>\n[LOAD YOUTUBEPINEN student]\n<p><span style=\"font-size: medium;\"><strong><a href=\"\/fr\/formulaire-dinscription-etudiant\/\" rel=\"noopener noreferrer\">FORMULAIRE D&#8217;INSCRIPTION\u00a0DES \u00c9TUDIANTS<\/a><\/strong><\/span><\/p>\n<p>(Si vous \u00e9prouvez des difficult\u00e9s techniques durant le processus d\u2019inscription, \u00e9crivez \u00e0\u00a0<a href=\"mailto:admin@csce.ca\">admin@csce.ca<\/a>).<\/p>\n<p>Pour renouveler votre adh\u00e9sion \u00e9tudiante, vous devez confirmer votre statut d&#8217;\u00e9tudiant chaque ann\u00e9e (au plus tard le 31 d\u00e9cembre) en envoyant un courriel \u00e0 <a href=\"mailto:admin@csce.ca\">admin@csce.ca<\/a> \u00e0 partir de votre compte de messagerie universitaire.<\/p>\n<p>L\u2019adh\u00e9sion pour les \u00e9tudiants du premier cycle est valide pour une p\u00e9riode n\u2019exc\u00e9dant pas 5 ans a compt\u00e9 de la date de votre adh\u00e9sion jusqu\u2019a celle de votre graduation inscrite a votre profile en ligne.<\/p>\n<p>Pour plus de d\u00e9tails, veuillez contacter le <a href=\"\/fr\/a-propos-de-nous\/organizational-chart\/student_chapters\/\" target=\"_blank\" rel=\"noopener noreferrer\">Chapitre \u00e9tudiant de la SCGC<\/a> de votre universit\u00e9.<\/p>\n<p><span style=\"font-size: x-large;\"><strong style=\"font-size: 16px;\"><em><strong>Services et avantages offerts aux \u00e9tudiants<\/strong><\/em><\/strong><\/span><\/p>\n<ul>\n<li>La possibilit\u00e9 de faire conna\u00eetre vos comp\u00e9tences \u00e0 d\u2019\u00e9ventuels employeurs lors des activit\u00e9s des sections de la SCGC.<\/li>\n<li>La possibilit\u00e9 de cultiver vos relations et d\u2019en cr\u00e9er de nouvelles au niveau local, r\u00e9gional, national, et m\u00eame au niveau virtuel.<\/li>\n<li>La participation aux concours de communications \u00e0 l\u2019intention des \u00e9tudiants des premier et deuxi\u00e8me cycles, ainsi qu\u2019au concours du meilleur \u00e9tudiant et au concours du meilleur chapitre \u00e9tudiant.<\/li>\n<li>Des rabais pour les congr\u00e8s annuels et conf\u00e9rences sp\u00e9cialis\u00e9es commandit\u00e9s par la SCGC, pour les tourn\u00e9es de conf\u00e9rences, les formations, les s\u00e9minaires et les ateliers (aux niveaux national et international) portant sur divers sujets techniques.<\/li>\n<li>Des rabais sur les prix des produits offerts par la SCGC, sur les livres et les publications techniques pr\u00e9sentant les derniers d\u00e9veloppements dans un domaine technique pr\u00e9cis.<\/li>\n<li>L\u2019occasion de d\u00e9velopper votre r\u00e9seau de relations professionnelles en participant \u00e0 la planification d\u2019activit\u00e9s \u00e0 l\u2019intention des praticiens et en assistant aux activit\u00e9s locales de la SCGC.<\/li>\n<li>L\u2019occasion d&#8217;\u00eatre \u00e0 la fine pointe des d\u00e9veloppements technologiques en lisant la Revue canadienne de g\u00e9nie civil.\u00a0L&#8217;abonnement aux \u00e9ditions \u00e9lectronique et imprim\u00e9e de la revue est disponible\u00a0\u00e0 un tarif r\u00e9duit \u00e0 tous les membres.<\/li>\n<li>La possibilit\u00e9 de vous tenir au courant des nouveaut\u00e9s dans la pratique de la profession et des grands projets en cours, des opportunit\u00e9s de carri\u00e8re,\u00a0d&#8217;avoir des nouvelles des confr\u00e8res qui font les manchettes, etc., en lisant p\u00e9riodiquement L\u2019Ing\u00e9nieur civil canadien (ICC).<\/li>\n<li>L\u2019ICC donne \u00e9galement aux membres \u00e9tudiants de la SCGC l\u2019occasion de publier des articles sous la rubrique \u00ab\u00a0Le pi\u00e9destal\u00a0\u00bb.<\/li>\n<\/ul>\n<p><strong><em><strong><em>Voici quelques liens aux sites web de plusieurs chapitres \u00e9tudiants de la SCGC:<\/em><\/strong><\/em><\/strong><\/p>\n<p><a href=\"http:\/\/www.ctn.etsmtl.ca\/scgc\" target=\"_blank\" rel=\"noopener noreferrer\" shape=\"rect\">\u00c9cole de technologie sup\u00e9rieure<\/a>, Montr\u00e9al, Qu\u00e9bec<br \/>\n<a href=\"http:\/\/www.unbf.ca\/clubs\/csce\/\" target=\"_blank\" rel=\"noopener noreferrer\" shape=\"rect\">University of New Brunswick<\/a>, Fredericton, N.B.<br \/>\n<a href=\"http:\/\/www.engga.uwo.ca\/civilclub\/\" target=\"_blank\" rel=\"noopener noreferrer\" shape=\"rect\">University of Western Ontario<\/a>, London, Ontario<br \/>\n<a href=\"http:\/\/web4.uwindsor.ca\/units\/eng-civil\/CivEng.nsf\" target=\"_blank\" rel=\"noopener noreferrer\" shape=\"rect\">University of Windsor<\/a>, Windsor, Ontario<br \/>\n<a href=\"http:\/\/www.schulich.ucalgary.ca\/Civil\/csce_calgary\/\" target=\"_blank\" rel=\"noopener noreferrer\" shape=\"rect\">University of Calgary<\/a>, Calgary, Alberta<br \/>\n<a href=\"http:\/\/www.usask.ca\/groups\/csce\/index.php\">University of Saskatchewan<\/a>, Saskatoon, SK<br \/>\n<a href=\"http:\/\/www.mcgill.ca\/civil\/students\/csce\/\" target=\"_blank\" rel=\"noopener noreferrer\" shape=\"rect\">McGill University<\/a>, Montreal, QC<br \/>\n<a href=\"http:\/\/www.csce.engsoc.carleton.ca\/\" target=\"_blank\" rel=\"noopener noreferrer\" shape=\"rect\">Carleton University<\/a>, Ottawa, ON<br \/>\n<a href=\"http:\/\/by.genie.uottawa.ca\/%7Ecsce\/index.html\" target=\"_blank\" rel=\"noopener noreferrer\" shape=\"rect\">University of Ottawa<\/a>, Ottawa, ON<br \/>\n<a href=\"https:\/\/ubccivils.ca\/csce\">The University of British Columbia<\/a>, Vancouver, BC<br \/>\n<a href=\"https:\/\/linktr.ee\/csceok\">The University of British Columbia Okanaga<\/a>n, Kelowna, BC<br \/>\n<a href=\"http:\/\/www.cscebcit.ca\/\" target=\"_blank\" rel=\"noopener noreferrer\" shape=\"rect\">BC Institute of Technology,<\/a> Vancouver, BC<br \/>\nEcole polytechnique, Montr\u00e9al, QC<br \/>\n<a href=\"http:\/\/scgc.gci.ulaval.ca\/\" target=\"_blank\" rel=\"noopener noreferrer\">Universit\u00e9 Laval<\/a>, Qu\u00e9bec, QC<br \/>\n<a href=\"http:\/\/www.uoft.me\/csce\" target=\"_blank\" rel=\"noopener noreferrer\">University of Toronto<\/a>, Toronto, ON[\/vc_column_text][\/vc_column][\/vc_row]\n","protected":false},"excerpt":{"rendered":"<p>[vc_row][vc_column][vc_column_text] Des chapitres \u00e9tudiants de la SCGC ont \u00e9t\u00e9 cr\u00e9\u00e9s dans les coll\u00e8ges et les universit\u00e9s canadiennes qui offrent un programme en g\u00e9nie civil, en g\u00e9nie de la construction et [&hellip;]<\/p>\n","protected":false},"author":1,"featured_media":0,"parent":0,"menu_order":0,"comment_status":"closed","ping_status":"closed","template":"","meta":[],"acf":[],"_links":{"self":[{"href":"https:\/\/legacy.csce.ca\/fr\/wp-json\/wp\/v2\/pages\/1839"}],"collection":[{"href":"https:\/\/legacy.csce.ca\/fr\/wp-json\/wp\/v2\/pages"}],"about":[{"href":"https:\/\/legacy.csce.ca\/fr\/wp-json\/wp\/v2\/types\/page"}],"author":[{"embeddable":true,"href":"https:\/\/legacy.csce.ca\/fr\/wp-json\/wp\/v2\/users\/1"}],"replies":[{"embeddable":true,"href":"https:\/\/legacy.csce.ca\/fr\/wp-json\/wp\/v2\/comments?post=1839"}],"version-history":[{"count":5,"href":"https:\/\/legacy.csce.ca\/fr\/wp-json\/wp\/v2\/pages\/1839\/revisions"}],"predecessor-version":[{"id":217908,"href":"https:\/\/legacy.csce.ca\/fr\/wp-json\/wp\/v2\/pages\/1839\/revisions\/217908"}],"wp:attachment":[{"href":"https:\/\/legacy.csce.ca\/fr\/wp-json\/wp\/v2\/media?parent=1839"}],"curies":[{"name":"wp","href":"https:\/\/api.w.org\/{rel}","templated":true}]}}