{"id":1770,"date":"2018-08-08T23:19:39","date_gmt":"2018-08-09T03:19:39","guid":{"rendered":"http:\/\/csce.ca\/?page_id=1770"},"modified":"2024-01-23T09:50:59","modified_gmt":"2024-01-23T14:50:59","slug":"membership-general","status":"publish","type":"page","link":"https:\/\/legacy.csce.ca\/fr\/adhesion\/membership-general\/","title":{"rendered":"Adh\u00e9sion"},"content":{"rendered":"[vc_row][vc_column][vc_column_text]\n<h2 style=\"text-align: center;\"><strong>DEVENEZ MEMBRE DE LA SCGC D\u00c8S MAINTENANT!<\/strong><\/h2>\n<ul>\n<li>Profitez d&#8217;une vaste gamme de conf\u00e9rences, de congr\u00e8s, de s\u00e9minaires et de formations \u00e0 des tarifs pr\u00e9f\u00e9rentiels.<\/li>\n<li>Recevez des publications reconnues traitant des derniers d\u00e9veloppements dans la profession.<\/li>\n<li>\u00c9tablissez un r\u00e9seau de contacts avec vos pairs.<\/li>\n<li>Demeurez comp\u00e9titifs en mettant \u00e0 jour vos comp\u00e9tences gr\u00e2ce aux services offerts par notre d\u00e9partement de d\u00e9veloppement professionnel.<\/li>\n<\/ul>\n[LOAD YOUTUBEPINEN iam]\n<p>Pour devenir membre et profiter de tous ces avantages,\u00a0remplissez le formulaire d&#8217;adh\u00e9sion.<br \/>\nSi vous\u00a0avez d\u00e9j\u00e0 un compte de membre \u00e9tudiant ou si, par le pass\u00e9, vous avez eu un compte de membre r\u00e9gulier, veuillez contacter <strong><a href=\"mailto:admin@csce.ca\">l&#8217;\u00e9quipe SCGC <\/a><\/strong>\u00a0afin que nous\u00a0mettions \u00e0 jour votre dossier.\u00a0Il n&#8217;est pas n\u00e9cessaire de soumettre un nouveau formulaire d&#8217;adh\u00e9sion.<br \/>\nPour les d\u00e9tails de votre adh\u00e9sion, veuillez consultez les documents suivants:<\/p>\n<ul>\n<li><a href=\"https:\/\/csce.imiscloud.com\/Member_Portal\/Member_Portal\/Membership\/Categories---Rates.aspx?hkey=6f9253ef-6ea9-42a9-aed7-750dbe5bf996\">Formulaire d&#8217;adh\u00e9sion SCGC<\/a><br \/>\n(Si vous \u00e9prouvez des difficult\u00e9s techniques durant le processus d\u2019inscription ou de paiement, \u00e9crivez \u00e0\u00a0<a href=\"mailto:admin@csce.ca\">admin@csce.ca<\/a>).<\/li>\n<li><a href=\"https:\/\/csce.imiscloud.com\/Member_Portal\/Member_Portal\/Membership\/Categories---Rates.aspx?hkey=6f9253ef-6ea9-42a9-aed7-750dbe5bf996\">Cotisations SCGC<\/a><\/li>\n<li><a href=\"https:\/\/csce.imiscloud.com\/Member_Portal\/Member_Portal\/Membership\/Categories---Rates.aspx?hkey=6f9253ef-6ea9-42a9-aed7-750dbe5bf996\" target=\"_blank\" rel=\"noopener noreferrer\">Avantages Membres SCGC<\/a><\/li>\n<\/ul>\n<p>L&#8217;adh\u00e9sion \u00e0 la SCGC est valide du 1er\u00a0janvier au 31 d\u00e9cembre.<br \/>\nVeuillez noter que le d\u00e9lai de traitement d&#8217;une demande d&#8217;adh\u00e9sion est de deux semaines. Pour des informations compl\u00e9mentaires, veuillez contacter <a href=\"mailto:admin@csce.ca\">l&#8217;\u00e9quipe SCGC<\/a>[\/vc_column_text][\/vc_column][\/vc_row]\n","protected":false},"excerpt":{"rendered":"<p>[vc_row][vc_column][vc_column_text] DEVENEZ MEMBRE DE LA SCGC D\u00c8S MAINTENANT! Profitez d&#8217;une vaste gamme de conf\u00e9rences, de congr\u00e8s, de s\u00e9minaires et de formations \u00e0 des tarifs pr\u00e9f\u00e9rentiels. Recevez des publications reconnues traitant [&hellip;]<\/p>\n","protected":false},"author":1,"featured_media":0,"parent":491,"menu_order":0,"comment_status":"closed","ping_status":"closed","template":"","meta":[],"acf":[],"_links":{"self":[{"href":"https:\/\/legacy.csce.ca\/fr\/wp-json\/wp\/v2\/pages\/1770"}],"collection":[{"href":"https:\/\/legacy.csce.ca\/fr\/wp-json\/wp\/v2\/pages"}],"about":[{"href":"https:\/\/legacy.csce.ca\/fr\/wp-json\/wp\/v2\/types\/page"}],"author":[{"embeddable":true,"href":"https:\/\/legacy.csce.ca\/fr\/wp-json\/wp\/v2\/users\/1"}],"replies":[{"embeddable":true,"href":"https:\/\/legacy.csce.ca\/fr\/wp-json\/wp\/v2\/comments?post=1770"}],"version-history":[{"count":6,"href":"https:\/\/legacy.csce.ca\/fr\/wp-json\/wp\/v2\/pages\/1770\/revisions"}],"predecessor-version":[{"id":217901,"href":"https:\/\/legacy.csce.ca\/fr\/wp-json\/wp\/v2\/pages\/1770\/revisions\/217901"}],"up":[{"embeddable":true,"href":"https:\/\/legacy.csce.ca\/fr\/wp-json\/wp\/v2\/pages\/491"}],"wp:attachment":[{"href":"https:\/\/legacy.csce.ca\/fr\/wp-json\/wp\/v2\/media?parent=1770"}],"curies":[{"name":"wp","href":"https:\/\/api.w.org\/{rel}","templated":true}]}}