{"id":1768,"date":"2018-08-08T23:13:27","date_gmt":"2018-08-09T03:13:27","guid":{"rendered":"http:\/\/csce.ca\/?page_id=1768"},"modified":"2024-01-22T16:28:27","modified_gmt":"2024-01-22T21:28:27","slug":"departements-de-genie-civil-membres-de-soutien","status":"publish","type":"page","link":"https:\/\/legacy.csce.ca\/fr\/adhesion\/departements-de-genie-civil-membres-de-soutien\/","title":{"rendered":"D\u00e9partements de g\u00e9nie civil \/ Membres de soutien"},"content":{"rendered":"[vc_row][vc_column][vc_column_text]Voici une liste compl\u00e8te des universit\u00e9s et institutions canadiennes offrant des\u00a0programmes \u00a0d&#8217;\u00e9tudes en g\u00e9nie civil, g\u00e9nie de la construction,\u00a0ou g\u00e9nie de l&#8217;environnement.\u00a0 Les noms suivis de liens sont Membres de soutien de la Soci\u00e9t\u00e9 canadienne de g\u00e9nie civil.<\/p>\n<p><strong>Membre de soutien<br \/>\n<\/strong>La SCGC a cr\u00e9\u00e9 cette cat\u00e9gorie de membre \u00e0 l\u2019intention des d\u00e9partements de g\u00e9nie civil des universit\u00e9s canadiennes. Elle s\u2019appelle l\u2019adh\u00e9sion de membre de soutien des d\u00e9partements de g\u00e9nie civil (Membres de soutien).<\/p>\n<p>Le but de cette cat\u00e9gorie de membre est de renforcer les relations entre la SCGC, les d\u00e9partements de g\u00e9nie civil du Canada et les chapitres \u00e9tudiants de la SCGC. Nous reconnaissons le besoin d\u2019\u00e9tablir un lien plus direct entre ces \u00e9l\u00e9ments essentiels de la profession de g\u00e9nie civil au Canada.<\/p>\n<p>Le rapport co\u00fbt\/avantage de cette nouvelle cat\u00e9gorie de membre fut con\u00e7ue pour \u00eatre attrayante pour les d\u00e9partements de g\u00e9nie civil. Les frais annuels de cotisation donnent droit aux privil\u00e8ges suivants\u00a0:<\/p>\n<p>Deux adh\u00e9sions individuelles compl\u00e8tes \u00e0 la SCGC, une pour le directeur du d\u00e9partement et une pour le conseiller de facult\u00e9 du chapitre \u00e9tudiant (valeur totale de 430,00 $ hors taxes);<\/p>\n<ol>\n<li>La SCGC a cr\u00e9\u00e9 une page sur notre site web contenant la liste de tous les d\u00e9partements de g\u00e9nie civil du Canada. Si votre d\u00e9partement devient Membre de soutien de la Soci\u00e9t\u00e9, nous mettrons un lien vers le site web de votre d\u00e9partement (nous estimons la valeur de cet avantage \u00e0 plus de 400,00 $ par an);<\/li>\n<li>Les Membres de soutien peuvent afficher leurs offres d\u2019emploi sur la page des d\u00e9partements de g\u00e9nie civil du site web de la SCGC et<\/li>\n<li>Tous les Membres de soutien recevront une plaque en m\u00e9tal attestant de l\u2019appui apport\u00e9 \u00e0 la SCGC qu\u2019ils pourront apposer dans leur department.<\/li>\n<\/ol>\n<p>Pour toute information, veuillez contacter <a href=\"mailto:info@csce.ca\">l&#8217;\u00e9quipe SCGC<\/a>.<\/p>\n<p><strong>Directeurs de d\u00e9partements<\/strong><br \/>\nLa SCGC a \u00e9tabli un r\u00e9seau de tous les directeurs\/directrices de ces d\u00e9partements comme moyen de communication entre les d\u00e9partements et\u00a0les ing\u00e9nieurs civils \u00e0 travers le pays.\u00a0 Ce r\u00e9seau se r\u00e9uni une fois par an dans la ville h\u00f4te du congr\u00e8s annuel de la SCGC.\u00a0 Le directeur\/la directrice du d\u00e9partement de l&#8217;universit\u00e9 de la ville h\u00f4te est membre du conseil d&#8217;administration de la SCGC pour une p\u00e9riode d&#8217;une ann\u00e9e.<\/p>\n<p><strong>Maritimes<br \/>\n<\/strong><a href=\"http:\/\/civil.engineering.dal.ca\/index.php\" target=\"_blank\" rel=\"noopener noreferrer\">Dalhousie University<br \/>\n<\/a><a href=\"http:\/\/www.mun.ca\">Memorial University of Newfoundland<\/a><br \/>\n<a href=\"http:\/\/www.umoncton.ca\/umcm-ingenierie-civil\/\" target=\"_blank\" rel=\"noopener noreferrer\">Universit\u00e9 de Moncton<\/a><br \/>\n<a href=\"http:\/\/www.unb.ca\/civil\/\" target=\"_blank\" rel=\"noopener noreferrer\">University of New Brunswick<br \/>\n<\/a><br \/>\n<strong>Qu\u00e9bec<br \/>\n<\/strong><a href=\"http:\/\/www.concordia.ca\">Concordia University<\/a><br \/>\n<a href=\"http:\/\/www.polymtl.ca\/cgm\/\" target=\"_blank\" rel=\"noopener noreferrer\">\u00c9cole polytechnique<br \/>\n<\/a><a href=\"http:\/\/www.etsmtl.ca\/Programmes-Etudes\/1er-cycle\/Bac\/7921\" target=\"_blank\" rel=\"noopener noreferrer\">\u00c9cole de technologie sup\u00e9rieure<br \/>\n<\/a><a href=\"http:\/\/www.gci.ulaval.ca\/\" target=\"_blank\" rel=\"noopener noreferrer\">Universit\u00e9 Laval<br \/>\n<\/a><a href=\"http:\/\/www.mcgill.ca\/civil\/\" target=\"_blank\" rel=\"noopener noreferrer\">McGill University<br \/>\n<\/a><a href=\"http:\/\/www.usherbrooke.ca\/gcivil\/\" target=\"_blank\" rel=\"noopener noreferrer\">Universit\u00e9 de Sherbrooke<br \/>\n<\/a><br \/>\n<strong>Ontario<br \/>\n<\/strong><a href=\"http:\/\/www2.carleton.ca\/cee\/\" target=\"_blank\" rel=\"noopener noreferrer\">Carleton University<\/a><br \/>\n<a href=\"https:\/\/www.lakeheadu.ca\/programs\/undergraduate-programs\/engineering-civil\/node\/3355\" target=\"_blank\" rel=\"noopener noreferrer\">Lakehead University<\/a><br \/>\n<a href=\"http:\/\/future.mcmaster.ca\/\">McMaster University<\/a><br \/>\n<a href=\"http:\/\/by.genie.uottawa.ca\/cvg\/\" target=\"_blank\" rel=\"noopener noreferrer\">University of Ottawa<br \/>\n<\/a><a href=\"http:\/\/www.civil.queensu.ca\/\" target=\"_blank\" rel=\"noopener noreferrer\">Queen&#8217;s University<br \/>\n<\/a><a href=\"http:\/\/www.rmc.ca\/aca\/ce-gc\/index-eng.asp\" target=\"_blank\" rel=\"noopener noreferrer\">Royal Military College of Canada<br \/>\n<\/a><a href=\"http:\/\/www.ryerson.ca\/civil\/\" target=\"_blank\" rel=\"noopener noreferrer\">Ryerson University<br \/>\n<\/a><a href=\"http:\/\/www.civil.engineering.utoronto.ca\/Page13.aspx\" target=\"_blank\" rel=\"noopener noreferrer\">University of Toronto<br \/>\n<\/a><a href=\"http:\/\/www.civil.uwaterloo.ca\/\" target=\"_blank\" rel=\"noopener noreferrer\">University of Waterloo<br \/>\n<\/a><a href=\"http:\/\/www.eng.uwo.ca\/civil\/\" target=\"_blank\" rel=\"noopener noreferrer\">University of Western Ontario<br \/>\n<\/a><a href=\"http:\/\/www.uwindsor.ca\/civil\/\" target=\"_blank\" rel=\"noopener noreferrer\">University of Windsor<br \/>\n<\/a><br \/>\n<strong>Prairies<br \/>\n<\/strong><a href=\"http:\/\/www.umanitoba.ca\/civil\/\" target=\"_blank\" rel=\"noopener noreferrer\">University of Manitoba<br \/>\n<\/a><a href=\"http:\/\/www.ieesc.org\/\">University of Regina &#8211; Institute for Energy, Environment and Sustainable Communities<\/a><br \/>\n<a href=\"https:\/\/engineering.usask.ca\/departments\/cgee.php\" target=\"_blank\" rel=\"noopener noreferrer\">University of Saskatchewan<br \/>\n<\/a><br \/>\n<strong>West<br \/>\n<\/strong><a href=\"http:\/\/www.civil.engineering.ualberta.ca\/\" target=\"_blank\" rel=\"noopener noreferrer\">University of Alberta<br \/>\n<\/a><a href=\"http:\/\/www.bcit.ca\/study\/programs\/8660beng\" target=\"_blank\" rel=\"noopener noreferrer\">British\u00a0Columbia Institute of Technology<br \/>\n<\/a><a href=\"http:\/\/www.civil.ubc.ca\/\" target=\"_blank\" rel=\"noopener noreferrer\">University of British Columbia<br \/>\n<\/a><a href=\"http:\/\/web.ubc.ca\/okanagan\/engineering\/welcome.html\" target=\"_blank\" rel=\"noopener noreferrer\">University of British Columbia &#8211; Okanagan<br \/>\n<\/a><a href=\"http:\/\/schulich.ucalgary.ca\/Civil\/\" target=\"_blank\" rel=\"noopener noreferrer\">University of Calgary<\/a>[\/vc_column_text][\/vc_column][\/vc_row]\n","protected":false},"excerpt":{"rendered":"<p>[vc_row][vc_column][vc_column_text]Voici une liste compl\u00e8te des universit\u00e9s et institutions canadiennes offrant des\u00a0programmes \u00a0d&#8217;\u00e9tudes en g\u00e9nie civil, g\u00e9nie de la construction,\u00a0ou g\u00e9nie de l&#8217;environnement.\u00a0 Les noms suivis de liens sont Membres de [&hellip;]<\/p>\n","protected":false},"author":1,"featured_media":0,"parent":491,"menu_order":0,"comment_status":"closed","ping_status":"closed","template":"","meta":[],"acf":[],"_links":{"self":[{"href":"https:\/\/legacy.csce.ca\/fr\/wp-json\/wp\/v2\/pages\/1768"}],"collection":[{"href":"https:\/\/legacy.csce.ca\/fr\/wp-json\/wp\/v2\/pages"}],"about":[{"href":"https:\/\/legacy.csce.ca\/fr\/wp-json\/wp\/v2\/types\/page"}],"author":[{"embeddable":true,"href":"https:\/\/legacy.csce.ca\/fr\/wp-json\/wp\/v2\/users\/1"}],"replies":[{"embeddable":true,"href":"https:\/\/legacy.csce.ca\/fr\/wp-json\/wp\/v2\/comments?post=1768"}],"version-history":[{"count":4,"href":"https:\/\/legacy.csce.ca\/fr\/wp-json\/wp\/v2\/pages\/1768\/revisions"}],"predecessor-version":[{"id":214213,"href":"https:\/\/legacy.csce.ca\/fr\/wp-json\/wp\/v2\/pages\/1768\/revisions\/214213"}],"up":[{"embeddable":true,"href":"https:\/\/legacy.csce.ca\/fr\/wp-json\/wp\/v2\/pages\/491"}],"wp:attachment":[{"href":"https:\/\/legacy.csce.ca\/fr\/wp-json\/wp\/v2\/media?parent=1768"}],"curies":[{"name":"wp","href":"https:\/\/api.w.org\/{rel}","templated":true}]}}