{"id":1757,"date":"2018-08-08T23:08:04","date_gmt":"2018-08-09T03:08:04","guid":{"rendered":"http:\/\/csce.ca\/?page_id=1757"},"modified":"2021-03-10T13:03:13","modified_gmt":"2021-03-10T18:03:13","slug":"tournees-nationales-de-conferences","status":"publish","type":"page","link":"https:\/\/legacy.csce.ca\/fr\/formation-continue\/tournees-nationales-de-conferences\/","title":{"rendered":"Tourn\u00e9es nationales de conf\u00e9rences"},"content":{"rendered":"[vc_row][vc_column][vc_single_image image=&#8221;145000&#8243; img_size=&#8221;full&#8221;][\/vc_column][\/vc_row][vc_row][vc_column][vc_column_text]\n<div id=\"page-content\">\n<p><strong>Tourn\u00e9es nationales de conf\u00e9rences<br \/>\n<\/strong><\/p>\n<p>Les Tourn\u00e9es nationales de conf\u00e9rences sont propos\u00e9es par les divisions techniques et organis\u00e9es par le Coordonnateur des Tourn\u00e9es en collaboration avec le Bureau national.\u00a0 Elles offrent aux membres l&#8217;opportunit\u00e9 de se rencontrer et d&#8217;assister \u00e0 des conf\u00e9rences sur des sujets d&#8217;importance et d&#8217;un int\u00e9r\u00eat particulier.<\/p>\n<p><strong>Tourn\u00e9e nationale 2017<\/strong><\/p>\n<p><a href=\"\/wp-content\/uploads\/2018\/08\/CSCE-2017-NLT-Lac-Megantic.pdf\">Lac-M\u00e9gantic&#8217;s Human and Environmental Disaster:<br \/>\nThe event, the impacts and the lessons to be learned<\/a><br \/>\nCette pr\u00e9sentation est en anglais<\/p>\n<p>Veuillez cliquer sur le titre\u00a0pour la brochure.<\/p>\n<p><span style=\"font-family: Arial; font-size: medium;\">CIRC 2016<br \/>\n<\/span><a href=\"\/wp-content\/uploads\/2018\/08\/CSCE-Advocay-Memo-in-reponse-to-CIRC-Final.pdf\">CSCE Advocacy Memo in reponse to CIRC<\/a><br \/>\n<a href=\"\/wp-content\/uploads\/2018\/08\/Development-of-Sustainable-Infrastructure-Policy-Statement-and-White-P....pdf\">Development of Sustainable Infrastructure &#8211; CSCE Policy Statement and White Paper<\/a><\/p>\n<p>Pour consulter une liste des tourn\u00e9es nationales depuis 2001, veuillez cliquer ici: <a href=\"\/wp-content\/uploads\/2018\/08\/Past-CSCE-NLTs-Oct2017-1.pdf\" target=\"\" rel=\"noopener noreferrer\">Past CSCE NLTs<\/a><\/div>\n[\/vc_column_text][\/vc_column][\/vc_row]\n","protected":false},"excerpt":{"rendered":"<p>[vc_row][vc_column][vc_single_image image=&#8221;145000&#8243; img_size=&#8221;full&#8221;][\/vc_column][\/vc_row][vc_row][vc_column][vc_column_text] Tourn\u00e9es nationales de conf\u00e9rences Les Tourn\u00e9es nationales de conf\u00e9rences sont propos\u00e9es par les divisions techniques et organis\u00e9es par le Coordonnateur des Tourn\u00e9es en collaboration avec le Bureau [&hellip;]<\/p>\n","protected":false},"author":1,"featured_media":0,"parent":493,"menu_order":0,"comment_status":"closed","ping_status":"closed","template":"","meta":[],"acf":[],"_links":{"self":[{"href":"https:\/\/legacy.csce.ca\/fr\/wp-json\/wp\/v2\/pages\/1757"}],"collection":[{"href":"https:\/\/legacy.csce.ca\/fr\/wp-json\/wp\/v2\/pages"}],"about":[{"href":"https:\/\/legacy.csce.ca\/fr\/wp-json\/wp\/v2\/types\/page"}],"author":[{"embeddable":true,"href":"https:\/\/legacy.csce.ca\/fr\/wp-json\/wp\/v2\/users\/1"}],"replies":[{"embeddable":true,"href":"https:\/\/legacy.csce.ca\/fr\/wp-json\/wp\/v2\/comments?post=1757"}],"version-history":[{"count":4,"href":"https:\/\/legacy.csce.ca\/fr\/wp-json\/wp\/v2\/pages\/1757\/revisions"}],"predecessor-version":[{"id":202988,"href":"https:\/\/legacy.csce.ca\/fr\/wp-json\/wp\/v2\/pages\/1757\/revisions\/202988"}],"up":[{"embeddable":true,"href":"https:\/\/legacy.csce.ca\/fr\/wp-json\/wp\/v2\/pages\/493"}],"wp:attachment":[{"href":"https:\/\/legacy.csce.ca\/fr\/wp-json\/wp\/v2\/media?parent=1757"}],"curies":[{"name":"wp","href":"https:\/\/api.w.org\/{rel}","templated":true}]}}