{"id":1748,"date":"2018-08-08T22:52:00","date_gmt":"2018-08-09T02:52:00","guid":{"rendered":"http:\/\/csce.ca\/?page_id=1748"},"modified":"2021-03-10T13:02:53","modified_gmt":"2021-03-10T18:02:53","slug":"developpement-professionnel","status":"publish","type":"page","link":"https:\/\/legacy.csce.ca\/fr\/formation-continue\/developpement-professionnel\/","title":{"rendered":"D\u00e9veloppement professionnel"},"content":{"rendered":"[vc_row][vc_column][vc_column_text]\n<h2>OBJET<\/h2>\n<p>Vous aider \u00e0 honorer vos obligations en mati\u00e8re de perfectionnement<br \/>\nprofessionnel.<\/p>\n<h2>\u00c9NONC\u00c9 DE PRINCIPE<\/h2>\n<p>Le D\u00e9partement de la formation de la Soci\u00e9t\u00e9 canadienne de g\u00e9nie civil a pour mandat de fournir des moyens efficaces et pertinents en permettant :<\/p>\n<ul>\n<li>de faciliter l&#8217;acquisition et la mise en commun de connaissances professionnelles entre les membres;<\/li>\n<li>d&#8217;encourager l&#8217;acquisition de connaissances li\u00e9es \u00e0 la pratique du g\u00e9nie civil;<\/li>\n<li>d&#8217;encourager la recherche dans tous les domaines du savoir li\u00e9s \u00e0 la profession.<\/li>\n<\/ul>\n<h2>APPROBATIONS<\/h2>\n<p>&#8220;La SCGC a mis au point un programme de perfectionnement reposant sur des principes et sur une m\u00e9thodologie qui contribueront de fa\u00e7on importante au maintien de la comp\u00e9tence des ing\u00e9nieurs professionnels au Canada.&#8221;<br \/>\nRalston McDonnell, ing.<br \/>\nPr\u00e9sident, MacDonnel Group Limited<\/p>\n<p>&#8220;Je suis persuad\u00e9 que le perfectionnement continu, qui constitue une forte composante de la formation permanente, est essentiel, plus qu&#8217;il ne l&#8217;a jamais \u00e9t\u00e9, aux professionnels. Au Canada, la profession est maintenant en mesure de profiter de la vaste gamme de services offerts par le programme de formation continue de la SCGC.\u00a0Ce programme offrira \u00e0 nos membres (et notamment \u00e0 nos nouveaux membres) une fa\u00e7on pertinente de combler le besoin croissant en mati\u00e8re de formation continue (tel que proclam\u00e9 par les associations provinciales) et de se faire valoir comme professionnels dans la soci\u00e9t\u00e9 moderne.&#8221;<br \/>\nP. Daniel Burns, M.Eng., ing., FSCGC<br \/>\nAncien pr\u00e9sident de la SCGC<\/p>\n<h2>CARACT\u00c9RISTIQUES DES ACTIVIT\u00c9S DE PERFECTIONNEMENT DE LA SCGC<\/h2>\n<p>Reconnaissance : les participants seront en mesure de prouver leur souci de perfectionnement en recevant des CEP (Cr\u00e9dits d&#8217;\u00e9ducation permanente) ou des HFP (Heures de formation professionnelle) reconnus par l&#8217;Institut canadien des ing\u00e9nieurs. En outre, la SCGC \u00e9mettra un certificat personnel attestant la r\u00e9ussite du participant.<\/p>\n<p><a href=\"\/wp-content\/uploads\/2018\/08\/EIC_Continuing_Education_Unit1.pdf\" target=\"_blank\" rel=\"noopener noreferrer\">Assurance de la qualit\u00e9 de la formation continue (UFC) par l&#8217;ICI<\/a><\/p>\n<p>Taille des groupes : le nombre de participants \u00e0 chaque programme sera strictement limit\u00e9, afin d&#8217;assurer un haut niveau d&#8217;interaction et une communication facile entre les participants et l&#8217;animateur.<\/p>\n<p>Une approche personnalis\u00e9e : les animateurs tiendront compte des besoins et des ant\u00e9c\u00e9dents des participants afin de coordonner et de centrer les activit\u00e9s sur l&#8217;acquisition de connaissances pratiques, pertinentes et utilisables. En outre, la satisfaction des participants sera garantie par \u00e9crit.<\/p>\n<p>Comp\u00e9tence : les animateurs seront retenus en fonction de leur savoir et de leur r\u00e9putation. Ils tiendront \u00e9galement compte des connaissances et de l&#8217;exp\u00e9rience des participants. Les animateurs sont conscients que leur capacit\u00e9 pour communiquer des informations et pour animer une discussion constitue un \u00e9l\u00e9ment primordial.<\/p>\n<p>Des programmes adapt\u00e9s : les programmes seront le r\u00e9sultat de consultations importantes au niveau des r\u00e9gions et des sections, \u00e0 toutes les \u00e9tapes (\u00e9laboration, promotion et mise en \u0153uvre), ce qui permettra d&#8217;adapter scrupuleusement les programmes aux besoins des participants.<\/p>\n<h2>DIRECTEUR DES PROGRAMMES<\/h2>\n<p>Pour tout renseignement compl\u00e9mentaire, veuillez contacter: <a href=\"mailto:peter.george@csce.ca\">Peter George<\/a>[\/vc_column_text][\/vc_column][\/vc_row]\n","protected":false},"excerpt":{"rendered":"<p>[vc_row][vc_column][vc_column_text] OBJET Vous aider \u00e0 honorer vos obligations en mati\u00e8re de perfectionnement professionnel. \u00c9NONC\u00c9 DE PRINCIPE Le D\u00e9partement de la formation de la Soci\u00e9t\u00e9 canadienne de g\u00e9nie civil a pour [&hellip;]<\/p>\n","protected":false},"author":1,"featured_media":0,"parent":493,"menu_order":0,"comment_status":"closed","ping_status":"closed","template":"","meta":[],"acf":[],"_links":{"self":[{"href":"https:\/\/legacy.csce.ca\/fr\/wp-json\/wp\/v2\/pages\/1748"}],"collection":[{"href":"https:\/\/legacy.csce.ca\/fr\/wp-json\/wp\/v2\/pages"}],"about":[{"href":"https:\/\/legacy.csce.ca\/fr\/wp-json\/wp\/v2\/types\/page"}],"author":[{"embeddable":true,"href":"https:\/\/legacy.csce.ca\/fr\/wp-json\/wp\/v2\/users\/1"}],"replies":[{"embeddable":true,"href":"https:\/\/legacy.csce.ca\/fr\/wp-json\/wp\/v2\/comments?post=1748"}],"version-history":[{"count":5,"href":"https:\/\/legacy.csce.ca\/fr\/wp-json\/wp\/v2\/pages\/1748\/revisions"}],"predecessor-version":[{"id":202986,"href":"https:\/\/legacy.csce.ca\/fr\/wp-json\/wp\/v2\/pages\/1748\/revisions\/202986"}],"up":[{"embeddable":true,"href":"https:\/\/legacy.csce.ca\/fr\/wp-json\/wp\/v2\/pages\/493"}],"wp:attachment":[{"href":"https:\/\/legacy.csce.ca\/fr\/wp-json\/wp\/v2\/media?parent=1748"}],"curies":[{"name":"wp","href":"https:\/\/api.w.org\/{rel}","templated":true}]}}