{"id":122153,"date":"2018-12-04T18:22:12","date_gmt":"2018-12-04T23:22:12","guid":{"rendered":"https:\/\/csce.ca\/?page_id=122153"},"modified":"2019-12-01T07:24:40","modified_gmt":"2019-12-01T12:24:40","slug":"cotisations-scgc","status":"publish","type":"page","link":"https:\/\/legacy.csce.ca\/fr\/adhesion\/membership-general\/cotisations-scgc\/","title":{"rendered":"Cotisations SCGC"},"content":{"rendered":"[vc_row][vc_column][vc_column_text]\n<h2 style=\"text-align: center;\"><strong>COTISATIONS SCGC 2020<\/strong><\/h2>\n[\/vc_column_text][\/vc_column][\/vc_row][vc_row][vc_column][vc_column_text]\n<table style=\"text-align: center;\" border=\"1\">\n<thead>\n<tr>\n<td><strong>CAT\u00c9GORIE DE MEMBRE<\/strong><\/td>\n<td><strong>COTISATION ANNUELLE<\/strong><br \/>\n<small>Taxes applicables en sus<\/small><\/td>\n<\/tr>\n<\/thead>\n<tbody>\n<tr>\n<td style=\"width: 60%;\"><strong>MEMBRE<\/strong><br \/>\n<small>En plus d\u2019avoir atteint un niveau de formation reconnu par l\u2019ordre professionnel de sa province, un membre de la SCGC (MSCGC) doit avoir au moins quatre ann\u00e9es d\u2019exp\u00e9rience professionnelle.<\/small><\/td>\n<td style=\"width: 40%;\"><strong>$220.00<\/strong><\/td>\n<\/tr>\n<tr>\n<td><strong>MEMBRE ASSOCI\u00c9<\/strong><br \/>\n<small>Un membre associ\u00e9 (MASCGC) a obtenu un dipl\u00f4me attestant de sa formation en ing\u00e9nierie d\u2019une universit\u00e9 reconnue mais n\u2019a pas encore acquis l\u2019exp\u00e9rience professionnelle requise pour \u00eatre accept\u00e9 en tant que membre r\u00e9gulier. Apr\u00e8s sa 4e ann\u00e9e d\u2019adh\u00e9sion, un MASCGC devient un membre \u00e0 part enti\u00e8re (MSCGC).<\/small><\/td>\n<td><strong>\u00a0<\/strong><\/td>\n<\/tr>\n<tr>\n<td><strong>1<sup>\u00e8re<\/sup> ann\u00e9e<\/strong><\/td>\n<td><strong>$70.00<\/strong><\/td>\n<\/tr>\n<tr>\n<td><strong>2<sup>e<\/sup> ann\u00e9e<\/strong><\/td>\n<td><strong>$110.00<\/strong><\/td>\n<\/tr>\n<tr>\n<td><strong>3<sup>e<\/sup> ann\u00e9e<\/strong><\/td>\n<td><strong>$140.00<\/strong><\/td>\n<\/tr>\n<tr>\n<td><strong>4<sup>e<\/sup> ann\u00e9e<\/strong><\/td>\n<td><strong>$180.00<\/strong><\/td>\n<\/tr>\n<tr>\n<td><strong>MEMBRE AFFILI\u00c9<\/strong><br \/>\n<small>Un membre affili\u00e9 est dipl\u00f4m\u00e9 d\u2019une universit\u00e9 ou d\u2019une autre institution reconnue par la SCGC et oeuvre dans un domaine autre que l\u2019ing\u00e9nierie.<\/small><\/td>\n<td><strong>$220.00<\/strong><\/td>\n<\/tr>\n<tr>\n<td><strong>MEMBRE \u00c9TRANGER<\/strong><\/td>\n<td><strong>$255.00<\/strong><\/td>\n<\/tr>\n<tr>\n<td><strong>MEMBRE HONG KONG<\/strong><\/td>\n<td><strong>$180.00<\/strong><\/td>\n<\/tr>\n<tr>\n<td><strong>MEMBRE TECHNOLOGUE<\/strong><br \/>\n<small>Un membre technologue (MTSCGC) est dipl\u00f4m\u00e9 d\u2019un programme de technologue en g\u00e9nie civil reconnu par la SCGC ou son \u00e9quivalent et certifi\u00e9 par une association reconnue par la SCGC. Apr\u00e8s quatre ann\u00e9es d\u2019adh\u00e9sion et 10 ann\u00e9es de pratique professionnelle, un MTSCGC peut devenir membre \u00e0 part enti\u00e8re (MSCGC).<\/small><\/td>\n<td><strong>$220.00<\/strong><\/td>\n<\/tr>\n<\/tbody>\n<\/table>\n[\/vc_column_text][\/vc_column][\/vc_row]\n","protected":false},"excerpt":{"rendered":"<p>[vc_row][vc_column][vc_column_text] COTISATIONS SCGC 2020 [\/vc_column_text][\/vc_column][\/vc_row][vc_row][vc_column][vc_column_text] CAT\u00c9GORIE DE MEMBRE COTISATION ANNUELLE Taxes applicables en sus MEMBRE En plus d\u2019avoir atteint un niveau de formation reconnu par l\u2019ordre professionnel de sa province, [&hellip;]<\/p>\n","protected":false},"author":1,"featured_media":0,"parent":1770,"menu_order":0,"comment_status":"closed","ping_status":"closed","template":"","meta":[],"acf":[],"_links":{"self":[{"href":"https:\/\/legacy.csce.ca\/fr\/wp-json\/wp\/v2\/pages\/122153"}],"collection":[{"href":"https:\/\/legacy.csce.ca\/fr\/wp-json\/wp\/v2\/pages"}],"about":[{"href":"https:\/\/legacy.csce.ca\/fr\/wp-json\/wp\/v2\/types\/page"}],"author":[{"embeddable":true,"href":"https:\/\/legacy.csce.ca\/fr\/wp-json\/wp\/v2\/users\/1"}],"replies":[{"embeddable":true,"href":"https:\/\/legacy.csce.ca\/fr\/wp-json\/wp\/v2\/comments?post=122153"}],"version-history":[{"count":3,"href":"https:\/\/legacy.csce.ca\/fr\/wp-json\/wp\/v2\/pages\/122153\/revisions"}],"predecessor-version":[{"id":127988,"href":"https:\/\/legacy.csce.ca\/fr\/wp-json\/wp\/v2\/pages\/122153\/revisions\/127988"}],"up":[{"embeddable":true,"href":"https:\/\/legacy.csce.ca\/fr\/wp-json\/wp\/v2\/pages\/1770"}],"wp:attachment":[{"href":"https:\/\/legacy.csce.ca\/fr\/wp-json\/wp\/v2\/media?parent=122153"}],"curies":[{"name":"wp","href":"https:\/\/api.w.org\/{rel}","templated":true}]}}