{"id":89039,"date":"2018-11-08T14:51:06","date_gmt":"2018-11-08T19:51:06","guid":{"rendered":"https:\/\/csce.ca\/?page_id=89039"},"modified":"2023-12-19T18:18:50","modified_gmt":"2023-12-19T23:18:50","slug":"executive-list","status":"publish","type":"page","link":"https:\/\/legacy.csce.ca\/en\/about-us\/organizational-chart\/executive-list\/","title":{"rendered":"Board Members"},"content":{"rendered":"[vc_row][vc_column][vc_column_text]\n<h3>National Management Committee<\/h3>\n[\/vc_column_text][\/vc_column][\/vc_row][vc_row][vc_column width=&#8221;1\/3&#8243; el_class=&#8221;csce-overlaping-text-img&#8221;][vc_single_image image=&#8221;214410&#8243; img_size=&#8221;medium&#8221; alignment=&#8221;center&#8221; css=&#8221;.vc_custom_1686662178104{padding-bottom: 20px !important;}&#8221;][vc_column_text]\n<p style=\"text-align: center;\"><strong>President<\/strong><\/p>\n[\/vc_column_text][vc_column_text]\n<h4 style=\"text-align: center;\"><a href=\"mailto:gachari@ucalgary.ca\" target=\"_blank\" rel=\"noopener noreferrer\">Gopal Achari<\/a><\/h4>\n[\/vc_column_text][\/vc_column][vc_column width=&#8221;1\/3&#8243;][vc_single_image image=&#8221;214408&#8243; img_size=&#8221;medium&#8221; alignment=&#8221;center&#8221; css=&#8221;.vc_custom_1686662104812{padding-bottom: 20px !important;}&#8221;][vc_column_text]\n<p style=\"text-align: center;\"><strong>Past President<\/strong><\/p>\n[\/vc_column_text][vc_column_text]\n<h4 style=\"text-align: center;\"><a href=\"mailto:wadezwicker@gmail.com\" target=\"_blank\" rel=\"noopener noreferrer\">Wade Zwicker<\/a><\/h4>\n[\/vc_column_text][\/vc_column][vc_column width=&#8221;1\/3&#8243;][vc_single_image image=&#8221;215522&#8243; img_size=&#8221;medium&#8221; alignment=&#8221;center&#8221; css=&#8221;.vc_custom_1686662261990{padding-bottom: 20px !important;}&#8221;][vc_column_text]\n<p style=\"text-align: center;\"><strong>President Elect<\/strong><\/p>\n[\/vc_column_text][vc_column_text]\n<h4 style=\"text-align: center;\"><a href=\"mailto:bchen@mun.ca\" target=\"_blank\" rel=\"noopener noreferrer\">Bing Chen<\/a><\/h4>\n[\/vc_column_text][\/vc_column][\/vc_row][vc_row][vc_column width=&#8221;1\/3&#8243;][vc_single_image image=&#8221;207092&#8243; img_size=&#8221;medium&#8221; alignment=&#8221;center&#8221; css=&#8221;.vc_custom_1635970842679{padding-bottom: 20px !important;}&#8221;][vc_column_text]\n<p style=\"text-align: center;\"><strong>Honorary Treasurer<\/strong><\/p>\n<h4 style=\"text-align: center;\"><a href=\"mailto:martel.jean.luc@gmail.com\">Jean-Luc Martel<\/a><\/h4>\n[\/vc_column_text][\/vc_column][vc_column width=&#8221;1\/3&#8243;][vc_single_image image=&#8221;211425&#8243; img_size=&#8221;medium&#8221; alignment=&#8221;center&#8221; css=&#8221;.vc_custom_1664377987849{padding-bottom: 20px !important;}&#8221;][vc_column_text]\n<p style=\"text-align: center;\"><strong>Senior Vice President<\/strong><\/p>\n[\/vc_column_text][vc_column_text]\n<h4><\/h4>\n<h4 style=\"text-align: center;\"><a href=\"mailto:rankin@unb.ca\">Jeff Rankin<\/a><\/h4>\n[\/vc_column_text][\/vc_column][vc_column width=&#8221;1\/3&#8243;][vc_single_image image=&#8221;127302&#8243; img_size=&#8221;medium&#8221; alignment=&#8221;center&#8221; css=&#8221;.vc_custom_1615309037436{padding-bottom: 20px !important;}&#8221;][vc_column_text]\n<p style=\"text-align: center;\"><strong>VP, Administration Coordinating Committee<\/strong><\/p>\n<h4 style=\"text-align: center;\"><a href=\"mailto:plangan@rvanderson.com\" target=\"_blank\" rel=\"noopener noreferrer\">Peter Langan<\/a><\/h4>\n[\/vc_column_text][\/vc_column][\/vc_row][vc_row][vc_column width=&#8221;1\/3&#8243;][vc_single_image image=&#8221;207100&#8243; img_size=&#8221;medium&#8221; alignment=&#8221;center&#8221; css=&#8221;.vc_custom_1635971963405{padding-bottom: 20px !important;}&#8221;][vc_column_text]\n<p style=\"text-align: center;\"><strong>Vice President, Technical Divisions and Committees<\/strong><\/p>\n<h4 style=\"text-align: center;\"><a href=\"mailto:farnaz@ucalgary.ca\">Farnaz Sadeghpour<\/a><\/h4>\n<h4 style=\"text-align: center;\"><\/h4>\n[\/vc_column_text][\/vc_column][vc_column width=&#8221;1\/3&#8243;][vc_single_image image=&#8221;211437&#8243; img_size=&#8221;medium&#8221; alignment=&#8221;center&#8221; css=&#8221;.vc_custom_1664378802955{padding-bottom: 20px !important;}&#8221;][vc_column_text]\n<p style=\"text-align: center;\"><strong>Vice President, Technical Programs<\/strong><\/p>\n<h4 style=\"text-align: center;\"><a href=\"mailto:shahria.alam@ubc.ca\">Shahria Alam<\/a><\/h4>\n[\/vc_column_text][\/vc_column][\/vc_row][vc_row][vc_column width=&#8221;1\/3&#8243;][vc_single_image image=&#8221;215524&#8243; img_size=&#8221;medium&#8221; alignment=&#8221;center&#8221; css=&#8221;.vc_custom_1686662370984{padding-bottom: 20px !important;}&#8221;][vc_column_text]\n<p style=\"text-align: center;\"><strong>Vice President, Atlantic Region<\/strong><\/p>\n<h4 style=\"text-align: center;\"><a href=\"mailto:jeremie.aube@dieppe.ca\">J\u00e9r\u00e9mie Aub\u00e9<\/a><\/h4>\n[\/vc_column_text][\/vc_column][vc_column width=&#8221;1\/3&#8243;][vc_single_image image=&#8221;211433&#8243; img_size=&#8221;medium&#8221; alignment=&#8221;center&#8221; css=&#8221;.vc_custom_1664378548027{padding-bottom: 20px !important;}&#8221;][vc_column_text]\n<p style=\"text-align: center;\"><strong>Vice President, Quebec Region<\/strong><\/p>\n<h4 style=\"text-align: center;\"><a href=\"mailto:alaouizohra@gmail.com\">Zohra Alaoui<\/a><\/h4>\n[\/vc_column_text][\/vc_column][vc_column width=&#8221;1\/3&#8243;][vc_single_image image=&#8221;145525&#8243; img_size=&#8221;medium&#8221; alignment=&#8221;center&#8221; css=&#8221;.vc_custom_1664378206780{padding-bottom: 20px !important;}&#8221;][vc_column_text]\n<p style=\"text-align: center;\"><strong>Vice President, Ontario Region<\/strong><\/p>\n<h4 style=\"text-align: center;\"><a href=\"mailto:AAndrenkov@mte85.com\">Alexander Andrenkov<\/a><\/h4>\n[\/vc_column_text][\/vc_column][\/vc_row][vc_row][vc_column width=&#8221;1\/3&#8243;][vc_single_image image=&#8221;215635&#8243; img_size=&#8221;medium&#8221; alignment=&#8221;center&#8221; css=&#8221;.vc_custom_1687807024611{padding-bottom: 20px !important;}&#8221;][vc_column_text]\n<p style=\"text-align: center;\"><strong>Vice President, Prairie Region<\/strong><\/p>\n<h4 style=\"text-align: center;\"><a href=\"mailto:dagmar.svecova@umanitoba.ca\" target=\"_blank\" rel=\"noopener noreferrer\">Dagmar Svecova<\/a><\/h4>\n[\/vc_column_text][\/vc_column][vc_column width=&#8221;1\/3&#8243;][vc_single_image image=&#8221;211431&#8243; img_size=&#8221;medium&#8221; alignment=&#8221;center&#8221; css=&#8221;.vc_custom_1664378456361{padding-bottom: 20px !important;}&#8221;][vc_column_text]\n<p style=\"text-align: center;\"><strong>Vice President, Western Region<\/strong><\/p>\n<h4 style=\"text-align: center;\"><a href=\"mailto:Candice.Lukaszewicz@stantec.com\">Candice Lukaszewicz<\/a><\/h4>\n[\/vc_column_text][\/vc_column][vc_column width=&#8221;1\/3&#8243;][vc_single_image image=&#8221;211427&#8243; img_size=&#8221;medium&#8221; alignment=&#8221;center&#8221; css=&#8221;.vc_custom_1664378347043{padding-bottom: 20px !important;}&#8221;][vc_column_text]\n<p style=\"text-align: center;\"><strong>Vice President, International<\/strong><\/p>\n<h4 style=\"text-align: center;\"><a href=\"mailto:guptar@uvic.ca\">Rishi Gupta<\/a><\/h4>\n[\/vc_column_text][\/vc_column][\/vc_row][vc_row][vc_column width=&#8221;1\/3&#8243;][vc_single_image image=&#8221;207097&#8243; img_size=&#8221;medium&#8221; alignment=&#8221;center&#8221; css=&#8221;.vc_custom_1635971496113{padding-bottom: 20px !important;}&#8221;][vc_column_text]\n<p style=\"text-align: center;\"><strong>Member at Large representing Corporate members<\/strong><\/p>\n<h4 style=\"text-align: center;\"><a href=\"mailto:sara.rankohi@groupecanam.com\">Sara Rankohi<\/a><\/h4>\n[\/vc_column_text][\/vc_column][vc_column width=&#8221;1\/3&#8243;][vc_single_image image=&#8221;211439&#8243; img_size=&#8221;medium&#8221; alignment=&#8221;center&#8221; css=&#8221;.vc_custom_1664378939331{padding-bottom: 20px !important;}&#8221;][vc_column_text]\n<p style=\"text-align: center;\"><strong>Member at Large representing Council of Heads and Chairs<\/strong><\/p>\n<h4 style=\"text-align: center;\"><a href=\"mailto:mohamed.meguid@mcgill.ca\">Mohamed Meguid<\/a><\/h4>\n[\/vc_column_text][\/vc_column][\/vc_row][vc_row][vc_column][vc_column_text]In addition to the above elected Director positions, which are voting positions on the Board, there is currently one non-voting position on the Board appointed by others.<\/p>\n<table width=\"218\">\n<tbody>\n<tr>\n<td width=\"131\">Position<\/td>\n<td width=\"87\"><\/td>\n<\/tr>\n<tr>\n<td>Representative &#8211; Canadian Geotechnical Society (non-voting)<\/td>\n<td><a href=\"mailto:president@cgs.ca\">Rob Kenyon<\/a><\/td>\n<\/tr>\n<\/tbody>\n<\/table>\n[\/vc_column_text][\/vc_column][\/vc_row][vc_row][vc_column][vc_tta_accordion active_section=&#8221;0&#8243;][vc_tta_section title=&#8221;Chairs of Divisions, Committees and Programs&#8221; tab_id=&#8221;1623172501043-fb9b890e-7332&#8243;][vc_column_text]<strong>REPORTING TO SENIOR VICE PRESIDENT<\/strong><\/p>\n<table style=\"height: 114px;\" width=\"586\">\n<tbody>\n<tr>\n<td>Chair, Student Affairs Committee<\/td>\n<td><a href=\"Alan.Lloyd@unb.ca\">Alan Lloyd<\/a><\/td>\n<\/tr>\n<tr>\n<td>Chair, Young Professional Committee<\/td>\n<td><a href=\"mailto:rmansour@systra.com\">Rami Mansour<\/a><\/td>\n<\/tr>\n<\/tbody>\n<\/table>\n<p><strong>ADMINISTRATION COORDINATING COMMITTEE<\/strong><\/p>\n<table style=\"height: 114px;\" width=\"586\">\n<tbody>\n<tr>\n<td>Chair, Conference Committee<\/td>\n<td><a href=\"mailto:sterparng@ae.ca\">Graham Sterparn<\/a><\/td>\n<\/tr>\n<tr>\n<td>Chair, History Committee<\/td>\n<td><a href=\"mailto:f.m.bartlett@uwo.ca\">Mike Bartlett<\/a><\/td>\n<\/tr>\n<tr>\n<td>Chair, Honours and Fellowships Committee<\/td>\n<td><a href=\"mailto:randy.pickle@aecom.com\">Randy Pickle<\/a><\/td>\n<\/tr>\n<\/tbody>\n<\/table>\n<p><strong>PROGRAMS COORDINATING COMMITTEE<\/strong><br \/>\nTechnical Divisions &amp; Committees<\/p>\n<table style=\"height: 114px;\" width=\"586\">\n<tbody>\n<tr>\n<td>Chair, Cold Regions Division<\/td>\n<td><a href=\"mailto:Jianbing.Li@unbc.ca\">Jianbing Li<\/a><\/td>\n<\/tr>\n<tr>\n<td>Chair, Construction Division<\/td>\n<td><a href=\"mailto:mazdak.nikbakht@concordia.ca\">Mazdak Nikbakht<\/a><\/td>\n<\/tr>\n<tr>\n<td>Chair, Engineering Management Committee<\/td>\n<td><a href=\"mailto:Constantine.Katsanis@etsmtl.ca\">Constantine Katsanis<\/a><\/td>\n<\/tr>\n<tr>\n<td>Chair, Engineering Mechanics\/Materials Division<\/td>\n<td><a href=\"mailto:nehdim@mcmaster.ca\">Moncef Nehdi<\/a><\/td>\n<\/tr>\n<tr>\n<td>Chair, Environmental Division<\/td>\n<td><a href=\"mailto:kelvin.ng@uregina.ca\">Kelvin Ng<\/a><\/td>\n<\/tr>\n<tr>\n<td>Chair, Hydrotechnical Division<\/td>\n<td><a href=\"mailto:Azimi@lakeheadu.ca\">Amir H. Azimi<\/a><\/td>\n<\/tr>\n<tr>\n<td>Chair, Innovation and IT Committee<\/td>\n<td>TBD<\/td>\n<\/tr>\n<tr>\n<td>Chair, Structures Division<\/td>\n<td><a href=\"mailto:damatty@uwo.ca\">Ashraf El Damatty<\/a><\/td>\n<\/tr>\n<tr>\n<td>Chair, Sustainable Development Committee<\/td>\n<td><a href=\"mailto:kerry.black@ucalgary.ca\">Kerry Black<\/a><\/td>\n<\/tr>\n<tr>\n<td>Chair, Transportation Division<\/td>\n<td><a href=\"mailto:debarros@ucalgary.ca\">Alex de Barros<\/a><\/td>\n<\/tr>\n<\/tbody>\n<\/table>\n<p>Technical Programs<\/p>\n<table style=\"height: 114px;\" width=\"586\">\n<tbody>\n<tr>\n<td>Chair, Engineering Practice Committee<\/td>\n<td>TBD<\/td>\n<\/tr>\n<tr>\n<td>Chair, Education and Research Committee<\/td>\n<td>TBD<\/td>\n<\/tr>\n<tr>\n<td>Chair, Asset Management Committee<\/td>\n<td><a href=\"mailto:arnold.yuan@torontomu.ca\">Arnold Yuan<\/a><\/td>\n<\/tr>\n<tr>\n<td>Chair, Technical Publications Committee<\/td>\n<td><a href=\"mailto:farnaz@ucalgary.ca\">Farnaz Sadeghpour<\/a><\/td>\n<\/tr>\n<tr>\n<td>Editors-in-Chief, CJCE<\/td>\n<td><a href=\"mailto:biswas@uwindsor.ca\">Nihar Biswas<\/a>, <a href=\"mailto:amir.fam@queensu.ca\">Amir Fam<\/a><\/td>\n<\/tr>\n<tr>\n<td>NLT Coordinator<\/td>\n<td><a href=\"mailto:James.Garland@durham.ca\">James Garland<\/a><\/td>\n<\/tr>\n<\/tbody>\n<\/table>\n<h2><\/h2>\n[\/vc_column_text][\/vc_tta_section][vc_tta_section title=&#8221;International&#8221; tab_id=&#8221;1623172501080-5e1c6407-7b1b&#8221;][vc_column_text]\n<table>\n<tbody>\n<tr>\n<td><strong>Position<\/strong><br \/>\n<strong>Reporting to the VP International<\/strong><\/td>\n<td><\/td>\n<\/tr>\n<tr>\n<td>International Affairs Committee Chair<\/td>\n<td><a href=\"mailto:bcb.engineer.csce@gmail.com\">Brian Burrell<\/a><\/td>\n<\/tr>\n<\/tbody>\n<\/table>\n[\/vc_column_text][\/vc_tta_section][\/vc_tta_accordion][\/vc_column][\/vc_row]\n","protected":false},"excerpt":{"rendered":"<p>[vc_row][vc_column][vc_column_text] National Management Committee [\/vc_column_text][\/vc_column][\/vc_row][vc_row][vc_column width=&#8221;1\/3&#8243; el_class=&#8221;csce-overlaping-text-img&#8221;][vc_single_image image=&#8221;214410&#8243; img_size=&#8221;medium&#8221; alignment=&#8221;center&#8221; css=&#8221;.vc_custom_1686662178104{padding-bottom: 20px !important;}&#8221;][vc_column_text] President [\/vc_column_text][vc_column_text] Gopal Achari [\/vc_column_text][\/vc_column][vc_column width=&#8221;1\/3&#8243;][vc_single_image image=&#8221;214408&#8243; img_size=&#8221;medium&#8221; alignment=&#8221;center&#8221; css=&#8221;.vc_custom_1686662104812{padding-bottom: 20px !important;}&#8221;][vc_column_text] Past President [\/vc_column_text][vc_column_text] Wade Zwicker [&hellip;]<\/p>\n","protected":false},"author":1,"featured_media":0,"parent":34,"menu_order":0,"comment_status":"closed","ping_status":"closed","template":"","meta":[],"acf":[],"_links":{"self":[{"href":"https:\/\/legacy.csce.ca\/en\/wp-json\/wp\/v2\/pages\/89039"}],"collection":[{"href":"https:\/\/legacy.csce.ca\/en\/wp-json\/wp\/v2\/pages"}],"about":[{"href":"https:\/\/legacy.csce.ca\/en\/wp-json\/wp\/v2\/types\/page"}],"author":[{"embeddable":true,"href":"https:\/\/legacy.csce.ca\/en\/wp-json\/wp\/v2\/users\/1"}],"replies":[{"embeddable":true,"href":"https:\/\/legacy.csce.ca\/en\/wp-json\/wp\/v2\/comments?post=89039"}],"version-history":[{"count":8,"href":"https:\/\/legacy.csce.ca\/en\/wp-json\/wp\/v2\/pages\/89039\/revisions"}],"predecessor-version":[{"id":217161,"href":"https:\/\/legacy.csce.ca\/en\/wp-json\/wp\/v2\/pages\/89039\/revisions\/217161"}],"up":[{"embeddable":true,"href":"https:\/\/legacy.csce.ca\/en\/wp-json\/wp\/v2\/pages\/34"}],"wp:attachment":[{"href":"https:\/\/legacy.csce.ca\/en\/wp-json\/wp\/v2\/media?parent=89039"}],"curies":[{"name":"wp","href":"https:\/\/api.w.org\/{rel}","templated":true}]}}