{"id":64,"date":"2018-05-29T14:43:16","date_gmt":"2018-05-29T18:43:16","guid":{"rendered":"http:\/\/csce.ca\/?page_id=64"},"modified":"2021-03-10T11:38:13","modified_gmt":"2021-03-10T16:38:13","slug":"student-chapters","status":"publish","type":"page","link":"https:\/\/legacy.csce.ca\/en\/about-us\/organizational-chart\/student-chapters\/","title":{"rendered":"STUDENT CHAPTERS"},"content":{"rendered":"[vc_row][vc_column][vc_column_text]\n<table class=\"table_executive\" border=\"0\" cellspacing=\"0\" cellpadding=\"0\">\n<tbody>\n<tr>\n<td class=\"table_litegreen\" valign=\"top\" width=\"30%\"><span style=\"color: #000000;\"><strong>SCHOOL<\/strong><\/span><\/td>\n<td class=\"table_litegreen\" valign=\"top\" width=\"30%\"><strong>FACULTY ADVISOR<\/strong><\/td>\n<td class=\"table_litegreen\" valign=\"top\" width=\"40%\"><strong>STUDENT CHAPTER PRESIDENT<\/strong><\/td>\n<\/tr>\n<tr>\n<td>University of Alberta<\/td>\n<td><a href=\"mailto:evan.davies@ualberta.ca\" target=\"_blank\" rel=\"noopener\">Dr. Evan Davies<\/a><\/td>\n<td><\/td>\n<\/tr>\n<tr>\n<td><a href=\"http:\/\/ubccsce.ca\/\" target=\"_blank\" rel=\"noopener\">University of British Columbia<\/a><\/td>\n<td><a href=\"mailto:thomas.tannert@ubc.ca\">Thomas Tannert<\/a><\/td>\n<td><\/td>\n<\/tr>\n<tr>\n<td><a href=\"https:\/\/www.facebook.com\/groups\/259899304081368\/\" target=\"_blank\" rel=\"noopener\">Univ. of B.C. Okanagan<\/a><\/td>\n<td><a href=\"mailto:Ahmad.Rteil@ubc.ca\">Dr. Ahmad Rteil<\/a><\/td>\n<td><\/td>\n<\/tr>\n<tr>\n<td><a href=\"http:\/\/bcitcsce.ca\/\" target=\"_blank\" rel=\"noopener\">B.C. Institute of Technology<\/a><\/td>\n<td><a href=\"mailto:Martin_Bollo@bcit.ca\" target=\"_blank\" rel=\"noopener\">Martin Bollo<\/a><\/td>\n<td><\/td>\n<\/tr>\n<tr>\n<td><a href=\"http:\/\/csceucalgary.ca\/\" target=\"_blank\" rel=\"noopener\">University of Calgary<\/a><\/td>\n<td><a href=\"mailto:farnaz@ucalgary.ca\" target=\"_blank\" rel=\"noopener\">Farnaz Sadeghpour<\/a><\/td>\n<td><\/td>\n<\/tr>\n<tr>\n<td><a href=\"https:\/\/cscecarleton.com\">Carleton University<\/a><\/td>\n<td><a href=\"mailto:Jeffrey.Erochko@carleton.ca\" target=\"_blank\" rel=\"noopener\">Jeffrey Erochko<\/a><\/td>\n<td><\/td>\n<\/tr>\n<tr>\n<td><a href=\"http:\/\/csce.ecaconcordia.ca\/\" target=\"_blank\" rel=\"noopener\">Concordia University<\/a><\/td>\n<td><a href=\"mailto:galal@bcee.concordia.ca\">Khaled Galal<\/a><\/td>\n<td><\/td>\n<\/tr>\n<tr>\n<td>Dalhousie University<\/td>\n<td><a href=\"mailto:yi.liu@dal.ca\" target=\"_blank\" rel=\"noopener\">Yi Liu<\/a><\/td>\n<td><\/td>\n<\/tr>\n<tr>\n<td><a href=\"https:\/\/www.facebook.com\/pages\/SCGC-ETS\/534629113264169\" target=\"_blank\" rel=\"noopener\">\u00c9cole tech. sup\u00e9rieure (\u00c9TS)<\/a><\/td>\n<td><a href=\"mailto:alan.carter@etsmtl.ca\" target=\"_blank\" rel=\"noopener\">Alan Carter<\/a><\/td>\n<td><\/td>\n<\/tr>\n<tr>\n<td><a href=\"https:\/\/www.facebook.com\/LakeheadCSCE\" target=\"_blank\" rel=\"noopener\">Lakehead University<\/a><\/td>\n<td><a href=\"mailto:jpernia@lakeheadu.ca\" target=\"_blank\" rel=\"noopener\">Juan Pernia<\/a><\/td>\n<td><\/td>\n<\/tr>\n<tr>\n<td><a href=\"http:\/\/scgc.gci.ulaval.ca\/\" target=\"_blank\" rel=\"noopener\">Universit\u00e9 Laval<\/a><\/td>\n<td><a href=\"mailto:David.Conciatori@gci.ulaval.ca\" target=\"_blank\" rel=\"noopener\">David Conciatori<\/a><\/td>\n<td><\/td>\n<\/tr>\n<tr>\n<td>University of Manitoba<\/td>\n<td><a href=\"mailto:shawn.clark@umanitoba.ca\" target=\"_blank\" rel=\"noopener\">Dr. Shawn Clark<\/a><\/td>\n<td><\/td>\n<\/tr>\n<tr>\n<td><a href=\"https:\/\/www.facebook.com\/CSCEmcgill\" target=\"_blank\" rel=\"noopener\">McGill University<\/a><\/td>\n<td><a href=\"mailto:dimitrios.lignos@mcgill.ca\">Dimitrios Lignos<\/a><\/td>\n<td><\/td>\n<\/tr>\n<tr>\n<td>McMaster University<\/td>\n<td><a href=\"mailto:attalla@ppims.services.mcmaster.ca\" target=\"_blank\" rel=\"noopener\">Mohamed Attalla<\/a><\/td>\n<td><\/td>\n<\/tr>\n<tr>\n<td><a href=\"http:\/\/www.engr.mun.ca\/~cscemun\/home.html\" target=\"_blank\" rel=\"noopener\">Memorial U. of Newfoundland<\/a><\/td>\n<td><a href=\"mailto:bzhang@mun.ca\">Dr. Helen Zhang<\/a><\/td>\n<td><\/td>\n<\/tr>\n<tr>\n<td>Universit\u00e9 de Moncton<\/td>\n<td><a href=\"mailto:gerard.poitras@umoncton.ca\" target=\"_blank\" rel=\"noopener\">G\u00e9rard Poitras<\/a><\/td>\n<td><\/td>\n<\/tr>\n<tr>\n<td><a href=\"https:\/\/www.facebook.com\/csceunb.civilengg\" target=\"_blank\" rel=\"noopener\">University of New Brunswick<\/a><\/td>\n<td><a href=\"mailto:thanson@unb.ca\">Trevor Hanson<\/a><\/td>\n<td><\/td>\n<\/tr>\n<tr>\n<td><\/td>\n<td><\/td>\n<td><\/td>\n<\/tr>\n<tr>\n<td><a href=\"http:\/\/csce.essaeg.ca\/en\" target=\"_blank\" rel=\"noopener\">University of Ottawa<\/a><\/td>\n<td><a href=\"mailto:Andraos.Skaff@uottawa.ca\" target=\"_blank\" rel=\"noopener\">Andre Skaff<\/a><\/td>\n<td><\/td>\n<\/tr>\n<tr>\n<td><a href=\"http:\/\/www.polymtl.ca\/scgc\/\" target=\"_blank\" rel=\"noopener\">Polytechnique Montr\u00e9al<\/a><\/td>\n<td><a href=\"mailto:najib.bouaanani@polymtl.ca\">Najib Bouaanani<\/a><\/td>\n<td><\/td>\n<\/tr>\n<tr>\n<td>Universit\u00e9 du Qu\u00e9bec \u00e0 Chicoutimi<\/td>\n<td><a href=\"mailto:Sylvain_Menard@uqac.ca\" target=\"_blank\" rel=\"noopener\">\u00a0<\/a><\/td>\n<td><\/td>\n<\/tr>\n<tr>\n<td><a href=\"http:\/\/www.civil.queensu.ca\/Undergraduate-Studies\/Student-Clubs-Teams\/Civil-Club.html\" target=\"_blank\" rel=\"noopener\">Queen\u2019s University<\/a><\/td>\n<td><a href=\"mailto:greenm@queensu.ca\" target=\"_blank\" rel=\"noopener\">Dr. Mark Green<\/a><\/td>\n<td><\/td>\n<\/tr>\n<tr>\n<td>University of Regina<\/td>\n<td><a href=\"mailto:kelvin.ng@uregina.ca\" target=\"_blank\" rel=\"noopener\">Kelvin Ng<\/a><\/td>\n<td><\/td>\n<\/tr>\n<tr>\n<td>Ryerson University<\/td>\n<td><a href=\"mailto:ahossain@ryerson.ca\" target=\"_blank\" rel=\"noopener\">Dr. Anwar Hossain<\/a><\/td>\n<td><\/td>\n<\/tr>\n<tr>\n<td>University of Saskatchewan<\/td>\n<td><span style=\"font-family: arial, helvetica, sans-serif;\"><a href=\"mailto:wonjae.chang@usask.ca\" target=\"_blank\" rel=\"noopener\">Wonjae Chang<\/a><br \/>\n<\/span><\/td>\n<td><\/td>\n<\/tr>\n<tr>\n<td><a href=\"http:\/\/www.civil.usherbrooke.ca\/scgc\/\" target=\"_blank\" rel=\"noopener\">Universit\u00e9 de Sherbooke<\/a><\/td>\n<td><a href=\"mailto:nathalie.roy@usherbrooke.ca\">Nathalie Roy<\/a><\/td>\n<td><\/td>\n<\/tr>\n<tr>\n<td><\/td>\n<td><\/td>\n<td><\/td>\n<\/tr>\n<tr>\n<td><a href=\"http:\/\/csce.skule.ca\/\" target=\"_blank\" rel=\"noopener\">University of Toronto<\/a><\/td>\n<td style=\"text-align: left;\"><a href=\"mailto:bentz@ecf.utoronto.ca\" target=\"_blank\" rel=\"noopener\">Evan Bentz<\/a><\/td>\n<td><\/td>\n<\/tr>\n<tr>\n<td><a href=\"http:\/\/csce.engr.uvic.ca\/\" target=\"_blank\" rel=\"noopener\">University of Victoria<\/a><\/td>\n<td><a href=\"mailto:guptar@uvic.ca\" target=\"_blank\" rel=\"noopener\">Dr. Rishi Gupta<\/a><\/td>\n<td><\/td>\n<\/tr>\n<tr>\n<td><a href=\"https:\/\/uwaterloo.ca\/civil-environmental-engineering-society\/\" target=\"_blank\" rel=\"noopener\">University of Waterloo<\/a><\/td>\n<td><a href=\"mailto:swalbrid@uwaterloo.ca\" target=\"_blank\" rel=\"noopener\">Scott Walbridge<\/a><\/td>\n<td><\/td>\n<\/tr>\n<tr>\n<td><a href=\"http:\/\/www.eng.uwo.ca\/wsce\/\" target=\"_blank\" rel=\"noopener\">Western University<\/a><\/td>\n<td><a href=\"mailto:jsouthen@uwo.ca\" target=\"_blank\" rel=\"noopener\">Dr.\u00a0Jon Southen<\/a><\/td>\n<td><\/td>\n<\/tr>\n<tr>\n<td><a href=\"http:\/\/cel.club.yorku.ca\/\" target=\"_blank\" rel=\"noopener\">York University<\/a><\/td>\n<td><a href=\"mailto:utkhan@yorku.ca\" target=\"_blank\" rel=\"noopener\">Dr. Usman Khan<\/a><\/td>\n<td><\/td>\n<\/tr>\n<\/tbody>\n<\/table>\n<p>last updated: January 30, 2018[\/vc_column_text][vc_row_inner][vc_column_inner width=&#8221;1\/3&#8243;][vc_column_text]Click on image bellow to view Committee Page<\/p>\n<p><a href=\"\/committees\/student-affairs\" class=\"image-link\"><img decoding=\"async\" loading=\"lazy\" class=\"alignleft size-full wp-image-57290\" src=\"\/wp-content\/uploads\/2018\/08\/201611-student_affairs-132.jpg\" alt=\"CSCE student affairs\" width=\"590\" height=\"400\" \/><\/a>[\/vc_column_text][\/vc_column_inner][vc_column_inner width=&#8221;1\/3&#8243;][\/vc_column_inner][vc_column_inner width=&#8221;1\/3&#8243;][\/vc_column_inner][\/vc_row_inner][\/vc_column][\/vc_row]\n","protected":false},"excerpt":{"rendered":"<p>[vc_row][vc_column][vc_column_text] SCHOOL FACULTY ADVISOR STUDENT CHAPTER PRESIDENT University of Alberta Dr. Evan Davies University of British Columbia Thomas Tannert Univ. of B.C. Okanagan Dr. Ahmad Rteil B.C. Institute of Technology [&hellip;]<\/p>\n","protected":false},"author":3,"featured_media":0,"parent":34,"menu_order":0,"comment_status":"closed","ping_status":"closed","template":"","meta":[],"acf":[],"_links":{"self":[{"href":"https:\/\/legacy.csce.ca\/en\/wp-json\/wp\/v2\/pages\/64"}],"collection":[{"href":"https:\/\/legacy.csce.ca\/en\/wp-json\/wp\/v2\/pages"}],"about":[{"href":"https:\/\/legacy.csce.ca\/en\/wp-json\/wp\/v2\/types\/page"}],"author":[{"embeddable":true,"href":"https:\/\/legacy.csce.ca\/en\/wp-json\/wp\/v2\/users\/3"}],"replies":[{"embeddable":true,"href":"https:\/\/legacy.csce.ca\/en\/wp-json\/wp\/v2\/comments?post=64"}],"version-history":[{"count":4,"href":"https:\/\/legacy.csce.ca\/en\/wp-json\/wp\/v2\/pages\/64\/revisions"}],"predecessor-version":[{"id":202959,"href":"https:\/\/legacy.csce.ca\/en\/wp-json\/wp\/v2\/pages\/64\/revisions\/202959"}],"up":[{"embeddable":true,"href":"https:\/\/legacy.csce.ca\/en\/wp-json\/wp\/v2\/pages\/34"}],"wp:attachment":[{"href":"https:\/\/legacy.csce.ca\/en\/wp-json\/wp\/v2\/media?parent=64"}],"curies":[{"name":"wp","href":"https:\/\/api.w.org\/{rel}","templated":true}]}}