{"id":46,"date":"2018-05-29T14:08:12","date_gmt":"2018-05-29T18:08:12","guid":{"rendered":"http:\/\/csce.ca\/?page_id=46"},"modified":"2023-03-17T11:17:42","modified_gmt":"2023-03-17T15:17:42","slug":"national-lecture-tours","status":"publish","type":"page","link":"https:\/\/legacy.csce.ca\/en\/lifelong-learning\/national-lecture-tours\/","title":{"rendered":"National Lecture Tours"},"content":{"rendered":"[vc_row][vc_column][vc_row_inner][vc_column_inner][vc_column_text]<img decoding=\"async\" loading=\"lazy\" class=\"alignnone wp-image-214475 size-full\" src=\"https:\/\/csce.ca\/wp-content\/uploads\/2023\/03\/CSCE-National-Talk-Tours.png\" alt=\"\" width=\"2000\" height=\"125\" srcset=\"https:\/\/legacy.csce.ca\/wp-content\/uploads\/2023\/03\/CSCE-National-Talk-Tours.png 2000w, https:\/\/legacy.csce.ca\/wp-content\/uploads\/2023\/03\/CSCE-National-Talk-Tours-300x19.png 300w, https:\/\/legacy.csce.ca\/wp-content\/uploads\/2023\/03\/CSCE-National-Talk-Tours-1024x64.png 1024w, https:\/\/legacy.csce.ca\/wp-content\/uploads\/2023\/03\/CSCE-National-Talk-Tours-768x48.png 768w, https:\/\/legacy.csce.ca\/wp-content\/uploads\/2023\/03\/CSCE-National-Talk-Tours-1536x96.png 1536w, https:\/\/legacy.csce.ca\/wp-content\/uploads\/2023\/03\/CSCE-National-Talk-Tours-848x53.png 848w, https:\/\/legacy.csce.ca\/wp-content\/uploads\/2023\/03\/CSCE-National-Talk-Tours-1140x71.png 1140w, https:\/\/legacy.csce.ca\/wp-content\/uploads\/2023\/03\/CSCE-National-Talk-Tours-1170x73.png 1170w, https:\/\/legacy.csce.ca\/wp-content\/uploads\/2023\/03\/CSCE-National-Talk-Tours-1920x120.png 1920w, https:\/\/legacy.csce.ca\/wp-content\/uploads\/2023\/03\/CSCE-National-Talk-Tours-600x38.png 600w\" sizes=\"(max-width: 2000px) 100vw, 2000px\" \/><\/p>\n<p>We are currently focusing our efforts on the live Tech Talk webinars, part of our <a href=\"https:\/\/csce.ca\/en\/lifelong-learning\/professional-development\/\">Lifelong Learning<\/a> series. These webinars have learning objectives and aim to present topics of interest in the various disciplines of civil engineering. Upcoming webinars can be found here: <a href=\"https:\/\/csce.ca\/en\/lifelong-learning\/webinars\/\">CSCE Tech Talks<\/a><\/p>\n<p>If you have an idea for a National Lecture Tour topic and a possible speaker, please contact <a href=\"mailto:admin@csce.ca\">admin@csce.ca<\/a><\/p>\n<p>Dates &amp; Locations of previous National Lecture Tours:<\/p>\n<table width=\"609\">\n<tbody>\n<tr>\n<td width=\"88\">Date<\/td>\n<td width=\"98\">Location<\/td>\n<td width=\"62\">Time<\/td>\n<td width=\"144\">Section Contact<\/td>\n<td width=\"217\">Or register at:<\/td>\n<\/tr>\n<tr>\n<td>Oct. 29, 2019<\/td>\n<td>Montreal<\/td>\n<td>6:00 PM<\/td>\n<td>Jennifer Tran<\/td>\n<td><u>\u00a0<\/u><\/td>\n<\/tr>\n<tr>\n<td>Nov. 13, 2019<\/td>\n<td>Quebec<\/td>\n<td>6:00 PM<\/td>\n<td>Francis-Olivier Biron<\/td>\n<td><u>\u00a0<\/u><\/td>\n<\/tr>\n<tr>\n<td>Nov. 26, 2019<\/td>\n<td>Toronto<\/td>\n<td>7:00 PM<\/td>\n<td>Alexander Andrenkov<\/td>\n<td><u>\u00a0<\/u><\/td>\n<\/tr>\n<tr>\n<td>Nov. 27, 2019<\/td>\n<td>Whitby<\/td>\n<td>12:00 PM<\/td>\n<td>James Garland<\/td>\n<td><u>\u00a0<\/u><\/td>\n<\/tr>\n<tr>\n<td>Nov. 27, 2019<\/td>\n<td>London<\/td>\n<td>6:00 PM<\/td>\n<td>Julian N. Novick<\/td>\n<td><u>\u00a0<\/u><\/td>\n<\/tr>\n<tr>\n<td>Jan. 15, 2020<\/td>\n<td>Calgary<\/td>\n<td>12:00 PM<\/td>\n<td>Annie Wang<\/td>\n<td><u>\u00a0<\/u><\/td>\n<\/tr>\n<tr>\n<td>Jan. 16, 2020<\/td>\n<td>Regina<\/td>\n<td>12:00 PM<\/td>\n<td>Harold Retzlaff<\/td>\n<td width=\"217\"><\/td>\n<\/tr>\n<tr>\n<td>Jan. 17, 2020<\/td>\n<td>Thunder Bay<\/td>\n<td>12:00 PM<\/td>\n<td><a href=\"mailto:gerald.buckrell@hatch.com\">Gerald Buckrell<\/a><\/td>\n<td><u>\u00a0<\/u><\/td>\n<\/tr>\n<tr>\n<td>Feb. 11, 2020<\/td>\n<td>Fredericton<\/td>\n<td>7:00 PM<\/td>\n<td><a href=\"mailto:robert.praeg@measurand.com\">Robert K. Praeg<\/a><\/td>\n<td><u>\u00a0<\/u><\/td>\n<\/tr>\n<tr>\n<td>Feb. 12, 2020<\/td>\n<td>Moncton<\/td>\n<td>7:00 PM<\/td>\n<td><a href=\"mailto:jeremie.aube@royconsultants.ca\">J\u00e9r\u00e9mie Aub\u00e9<\/a><\/td>\n<td><u>\u00a0<\/u><\/td>\n<\/tr>\n<tr>\n<td>Feb. 12, 2020<\/td>\n<td>Charlottetown<\/td>\n<td>12:00 PM<\/td>\n<td><a href=\"mailto:laird.ferguson.lf@gmail.com\">Laird Ferguson<\/a><\/td>\n<td><u>\u00a0<\/u><\/td>\n<\/tr>\n<tr>\n<td>Feb. 13, 2020<\/td>\n<td>Halifax<\/td>\n<td>7:00 PM<\/td>\n<td><a href=\"mailto:etynski@dal.ca\">Eric Tynski<\/a><\/td>\n<td><u>\u00a0<\/u><\/td>\n<\/tr>\n<tr>\n<td>Feb. 14, 2020<\/td>\n<td>St. John&#8217;s<\/td>\n<td>12:00 PM<\/td>\n<td><a href=\"mailto:bzhang@mun.ca\">Helen Zhang<\/a><\/td>\n<td><u>\u00a0<\/u><\/td>\n<\/tr>\n<tr>\n<td>Mar. 10, 2020<\/td>\n<td>Saskatoon<\/td>\n<td>6:00 PM<\/td>\n<td><a href=\"mailto:rdk277@mail.usask.ca\">Roanne Kelln<\/a><\/td>\n<td><u>\u00a0<\/u><\/td>\n<\/tr>\n<tr>\n<td>Mar. 11, 2020<\/td>\n<td>Victoria<\/td>\n<td>12:00 PM<\/td>\n<td><a href=\"mailto:jreiter@seng.ca\">Jonathan Reiter<\/a><\/td>\n<td><u>\u00a0<\/u><\/td>\n<\/tr>\n<tr>\n<td>Mar. 12, 2020<\/td>\n<td>Vancouver<\/td>\n<td>6:00 PM<\/td>\n<td><a href=\"mailto:oscarluisav@outlook.com\">Oscar Luis Amezcua<\/a><\/td>\n<td><u>\u00a0<\/u><\/td>\n<\/tr>\n<tr>\n<td>Mar. 13, 2020<\/td>\n<td>Edmonton<\/td>\n<td>6:00 PM<\/td>\n<td><a href=\"mailto:chair@csceedmonton.ca\">Hazel Battad<\/a><\/td>\n<td><a href=\"https:\/\/csce-nlt2020.eventbrite.ca\/\">https:\/\/csce-nlt2020.eventbrite.ca<\/a><\/td>\n<\/tr>\n<\/tbody>\n<\/table>\n[\/vc_column_text][\/vc_column_inner][\/vc_row_inner][vc_column_text]\n<div id=\"page-content\">\n<p>National Lecture Tours are proposed by the Technical Divisions and organized by the National Lecture Tour Coordinator in collaboration with National Office. They provide members with an opportunity to meet and listen to prominent Civil Engineers who have earned wide recognition and respect amongst peers lecture on topics of special importance and interest.<\/p>\n<p><strong>2017 NATIONAL LECTURE TOUR<\/strong><br \/>\n<strong><a href=\"\/wp-content\/uploads\/2018\/06\/CSCE-2017-NLT-Lac-Megantic-QC-English-1.pdf\">Lac-Megantic&#8217;s Human and Environmental Disaster<\/a>&#8211;<\/strong>Available as recorded video in e-Learning<br \/>\n<strong><a href=\"\/wp-content\/uploads\/2018\/06\/CSCE-2017-NLT-Lac-Megantic-QC-English-1.pdf\">Lac-M\u00e9gantic: Research Advances on Unconventional Petroleum Hazards and Impacts<\/a><\/strong><br \/>\n<strong>2016 NATIONAL LECTURE TOUR<\/strong><br \/>\nCIRC 2016 &#8211; Available as recorded video in e-Learning.<br \/>\n<a href=\"\/wp-content\/uploads\/2018\/06\/CSCE-Advocay-Memo-in-reponse-to-CIRC-Final.pdf\">CSCE Advocacy Memo in response to CIRC<\/a><br \/>\n<a href=\"\/wp-content\/uploads\/2018\/06\/Development-of-Sustainable-Infrastructure-Policy-Statement-and-White-P....pdf\">Development of Sustainable Infrastructure &#8211; CSCE Policy Statement and White Paper<\/a><\/p>\n<p><em><br \/>\nFor a list of NLTs since 2001, please click here: <a href=\"\/wp-content\/uploads\/2018\/06\/Past-CSCE-NLTs-Oct2017-1.pdf\">Past CSCE NLTs<\/a><\/em><\/p>\n<\/div>\n[\/vc_column_text][\/vc_column][\/vc_row]\n","protected":false},"excerpt":{"rendered":"<p>[vc_row][vc_column][vc_row_inner][vc_column_inner][vc_column_text] We are currently focusing our efforts on the live Tech Talk webinars, part of our Lifelong Learning series. These webinars have learning objectives and aim to present topics of [&hellip;]<\/p>\n","protected":false},"author":3,"featured_media":0,"parent":22,"menu_order":0,"comment_status":"closed","ping_status":"closed","template":"","meta":[],"acf":[],"_links":{"self":[{"href":"https:\/\/legacy.csce.ca\/en\/wp-json\/wp\/v2\/pages\/46"}],"collection":[{"href":"https:\/\/legacy.csce.ca\/en\/wp-json\/wp\/v2\/pages"}],"about":[{"href":"https:\/\/legacy.csce.ca\/en\/wp-json\/wp\/v2\/types\/page"}],"author":[{"embeddable":true,"href":"https:\/\/legacy.csce.ca\/en\/wp-json\/wp\/v2\/users\/3"}],"replies":[{"embeddable":true,"href":"https:\/\/legacy.csce.ca\/en\/wp-json\/wp\/v2\/comments?post=46"}],"version-history":[{"count":5,"href":"https:\/\/legacy.csce.ca\/en\/wp-json\/wp\/v2\/pages\/46\/revisions"}],"predecessor-version":[{"id":214478,"href":"https:\/\/legacy.csce.ca\/en\/wp-json\/wp\/v2\/pages\/46\/revisions\/214478"}],"up":[{"embeddable":true,"href":"https:\/\/legacy.csce.ca\/en\/wp-json\/wp\/v2\/pages\/22"}],"wp:attachment":[{"href":"https:\/\/legacy.csce.ca\/en\/wp-json\/wp\/v2\/media?parent=46"}],"curies":[{"name":"wp","href":"https:\/\/api.w.org\/{rel}","templated":true}]}}