{"id":40,"date":"2018-05-29T13:55:28","date_gmt":"2018-05-29T17:55:28","guid":{"rendered":"http:\/\/csce.ca\/?page_id=40"},"modified":"2024-05-14T13:47:01","modified_gmt":"2024-05-14T17:47:01","slug":"student-membership","status":"publish","type":"page","link":"https:\/\/legacy.csce.ca\/en\/student-membership\/","title":{"rendered":"Student Membership"},"content":{"rendered":"[vc_row][vc_column][vc_column_text]Student Chapters have been established in <img decoding=\"async\" loading=\"lazy\" class=\"clearfix theme_image alignright wp-image-808 size-full\" src=\"\/wp-content\/uploads\/2018\/06\/student1.jpg\" width=\"220\" height=\"150\" \/> Canadian Universities and Colleges which offer a Civil Engineering program. Student Chapters plan social, networking and technical events. They are also linked with the local CSCE Sections, which provide opportunities to connect with practicing Civil Engineers in the community.<\/p>\n<p>Check out this video of the 2023 Tech Talk webinar on &#8220;<a href=\"https:\/\/vimeo.com\/866824133\">Opportunities from Student Membership in CSCE<\/a>&#8221;<\/p>\n<p>&nbsp;<\/p>\n<table border=\"0\" cellspacing=\"0\" cellpadding=\"3\" align=\"center\">\n<tbody>\n<tr>\n<td colspan=\"2\" align=\"center\" valign=\"center\">\n<h3 style=\"text-align: left;\"><strong>CSCE Canadian Student Membership is FREE!<\/strong><\/h3>\n<h4 style=\"text-align: left;\">Student Membership does not renew automatically: it must be renewed at the start of each calendar year (renewals and new memberships for 2024 are available in our <a href=\"https:\/\/csce.imiscloud.com\/Member_Portal\/Member_Portal\/Membership\/Categories---Rates.aspx?hkey=6f9253ef-6ea9-42a9-aed7-750dbe5bf996\">new membership management system<\/a>). Existing student members must re-set their password in the <a href=\"https:\/\/csce.imiscloud.com\/Member_Portal\/Member_Portal\/Default.aspx?hkey=f131d889-f275-4f4a-8e23-453071f0e4ed\">new system<\/a> to access their member portal. Questions? Contact <a href=\"mailto:admin@csce.ca\">admin@csce.ca<\/a><strong><br \/>\n<\/strong><\/h4>\n<\/td>\n<\/tr>\n<tr>\n<td colspan=\"2\">(If you experience technical difficulties during the registration process, contact <a href=\"mailto:admin@csce.ca\">admin@csce.ca<\/a>)<\/td>\n<\/tr>\n<tr>\n<td>Join today:<\/td>\n<td><strong><a href=\"https:\/\/csce.imiscloud.com\/Member_Portal\/Member_Portal\/Membership\/Categories---Rates.aspx?hkey=6f9253ef-6ea9-42a9-aed7-750dbe5bf996\">Canadian Student Membership (Free!)<\/a><br \/>\n<\/strong><a href=\"https:\/\/csce.imiscloud.com\/Member_Portal\/Member_Portal\/Membership\/Categories---Rates.aspx?hkey=6f9253ef-6ea9-42a9-aed7-750dbe5bf996\"><strong>International Student Membership ($20)<\/strong><\/a><\/td>\n<\/tr>\n<tr>\n<td style=\"text-align: left;\"><a href=\"\/wp-content\/uploads\/2018\/06\/Students_Benefits_ML_Nov2017-2.pdf\">Student Member Benefits<\/a><br \/>\n<a href=\"\/wp-content\/uploads\/2021\/02\/2014-Student-Awards-Booklet-FINAL.pdf\">CSCE 2014 Student Awards Booklet<br \/>\n<\/a><a href=\"\/wp-content\/uploads\/2021\/02\/2015-Student-Awards-Booklet-1.pdf\">CSCE 2015 Student Awards Booklet<br \/>\n<\/a><a href=\"\/wp-content\/uploads\/2018\/06\/CSCE-Student-Award-Booklet-2016.pdf\">CSCE 2016 Student Awards Booklet<br \/>\n<\/a><a href=\"\/wp-content\/uploads\/2018\/06\/CSCE-Student-Award-Booklet-2017.pdf\">CSCE 2017 Student Awards Booklet<\/a><br \/>\n<a href=\"\/wp-content\/uploads\/2021\/02\/2018-CSCE-StudentAwardsBooklet-2018-J8-Proof-1.pdf\">CSCE 2018 Student Awards Booklet<br \/>\n<\/a><\/td>\n<td style=\"text-align: left;\"><\/td>\n<\/tr>\n<\/tbody>\n<\/table>\n<h4>MEMBERSHIP TERM:<\/h4>\n<p>The student membership is <strong>valid for undergrads only for a term of no longer than 5 years from your membership registration date<\/strong>. After graduation, you will automatically become an Associate member for the rest of the calendar year so you can explore the benefits of membership. To continue your membership, you will need to pay the membership invoice that will be in your member profile. Find more information about membership grades and fees <a href=\"https:\/\/csce.imiscloud.com\/Member_Portal\/Member_Portal\/Membership\/Categories---Rates.aspx?hkey=6f9253ef-6ea9-42a9-aed7-750dbe5bf996\" target=\"_blank\" rel=\"noopener\">here<\/a>.<\/p>\n<p>See below for links to Chapter websites and\/or Facebook pages for more information on activities happening at your school. Find your local contact <a href=\"\/about-us\/organizational-chart\/student-chapters\/\">here.<\/a> You can also check out the Student Affairs Committee <a href=\"\/committees\/student-affairs\/\">webpage<\/a> for more student related information.<\/p>\n<h4><span style=\"color: #000000;\">LIST OF CSCE STUDENT CHAPTERS<\/span><\/h4>\n[\/vc_column_text][vc_tta_tabs][vc_tta_section title=&#8221;British Columbia&#8221; tab_id=&#8221;bc&#8221;][vc_column_text]The University of British Columbia <a href=\"https:\/\/ubccivils.ca\/csce\" target=\"_blank\" rel=\"noopener noreferrer\">Website<\/a> <a href=\"https:\/\/www.facebook.com\/ubccsce\">Facebook<\/a><br \/>\n<a href=\"https:\/\/linktr.ee\/csceok\">The University of B.C. Okanagan<\/a><br \/>\nB.C. Institute of Technology <a href=\"http:\/\/commons.bcit.ca\/civil\/students\/csce\/\" target=\"_blank\" rel=\"noopener noreferrer\">Website<\/a><br \/>\nUniversity of Victoria <a href=\"mailto:csce.uvic@gmail.com\">email<\/a> <a href=\"https:\/\/www.instagram.com\/uviccsce\" target=\"_blank\" rel=\"noopener\">Instagram<\/a> <a href=\"http:\/\/csce.engr.uvic.ca\/\" target=\"_blank\" rel=\"noopener noreferrer\">Website<\/a> <a href=\"https:\/\/www.facebook.com\/pages\/category\/Education-Website\/Canadian-Society-of-Civil-Engineering-CSCE-UVic-Chapter-243834620025268\/\" target=\"_blank\" rel=\"noopener noreferrer\">Facebook<\/a><br \/>\nUniversity of Northern BC[\/vc_column_text][\/vc_tta_section][vc_tta_section title=&#8221;Prairies&#8221; tab_id=&#8221;prairies&#8221;][vc_column_text]<strong>Alberta<\/strong><br \/>\n<a href=\"https:\/\/www.ualberta.ca\/\">University of Alberta<\/a><br \/>\nUniversity of Calgary <a href=\"http:\/\/csceucalgary.ca\/\" target=\"_blank\" rel=\"noopener noreferrer\">Website<\/a><\/p>\n<p><strong>Saskatchewan<\/strong><br \/>\nUniversity of Saskatchewan <a href=\"https:\/\/engineering.usask.ca\/csce\/\">Website<\/a><br \/>\n<a href=\"https:\/\/www.uregina.ca\/\">University of Regina<\/a><\/p>\n<p><strong>Manitoba<\/strong><br \/>\n<a href=\"http:\/\/umanitoba.ca\/\">University of Manitoba<\/a>[\/vc_column_text][\/vc_tta_section][vc_tta_section title=&#8221;Ontario&#8221; tab_id=&#8221;1478666711911-40269b63-cdff&#8221;][vc_column_text]Carleton University <a href=\"http:\/\/www.csce.engsoc.carleton.ca\/\" target=\"_blank\" rel=\"noopener noreferrer\">Website<\/a><br \/>\nLakehead University <a href=\"http:\/\/flash.lakeheadu.ca\/~csce\/\" target=\"_blank\" rel=\"noopener noreferrer\">Website<\/a> <a href=\"http:\/\/www.facebook.com\/LakeheadCSCE\" target=\"_blank\" rel=\"noopener noreferrer\">Facebook<\/a><br \/>\n<a href=\"http:\/\/www.mcmaster.ca\/\">McMaster University<\/a><br \/>\nQueen\u2019s University <a href=\"http:\/\/www.civil.queensu.ca\/Undergraduate-Studies\/Student-Clubs-Teams\/Civil-%20Club.html\" target=\"_blank\" rel=\"noopener noreferrer\">Website<\/a><br \/>\n<a href=\"http:\/\/www.torontomu.ca\/\">Toronto Metropolitan University<\/a><br \/>\nUniversity of Toronto <a href=\"http:\/\/www.csce.skule.ca\/\" target=\"_blank\" rel=\"noopener noreferrer\">Website<\/a> <a href=\"https:\/\/www.facebook.com\/CSCEUofT\" target=\"_blank\" rel=\"noopener noreferrer\">Facebook<\/a><br \/>\n<a href=\"https:\/\/uwaterloo.ca\/\">University of Waterloo<\/a><br \/>\nWestern University <a href=\"http:\/\/www.eng.uwo.ca\/wsce\/\" target=\"_blank\" rel=\"noopener noreferrer\">Website<\/a> <a href=\"https:\/\/www.facebook.com\/wsce.2013.2014\" target=\"_blank\" rel=\"noopener noreferrer\">Facebook<\/a><br \/>\n<a href=\"http:\/\/www.uwindsor.ca\/\">University of Windsor<\/a><br \/>\n<a title=\"York University\" href=\"http:\/\/civil.lassonde.yorku.ca\/\" target=\"_blank\" rel=\"noopener\">York University<br \/>\n<\/a>[\/vc_column_text][\/vc_tta_section][vc_tta_section title=&#8221;Quebec&#8221; tab_id=&#8221;quebec&#8221;][vc_column_text]Concordia University <a href=\"http:\/\/csce.ecaconcordia.ca\/\">Website <\/a> <a href=\"https:\/\/www.facebook.com\/csceconcordia\/?fref=ts\">Facebook<\/a><br \/>\n\u00c9cole polytechnique <a href=\"http:\/\/www.polymtl.ca\/scgc\" target=\"_blank\" rel=\"noopener noreferrer\">Website<\/a> <a href=\"https:\/\/www.facebook.com\/SCGCpoly\" target=\"_blank\" rel=\"noopener noreferrer\">Facebook<\/a><br \/>\n\u00c9cole tech. sup\u00e9rieure (\u00c9TS) <a href=\"http:\/\/www.facebook.com\/pages\/SCGC-ETS\/534629113264169\" target=\"_blank\" rel=\"noopener noreferrer\">Facebook<\/a><br \/>\nUniversit\u00e9 Laval <a href=\"https:\/\/scgc.gci.ulaval.ca\/accueil\/\">Website<\/a><br \/>\nMcGill University <a href=\"http:\/\/www.mcgill.ca\/civil\/students\/csce\/\" target=\"_blank\" rel=\"noopener noreferrer\">Website<\/a> <a href=\"https:\/\/www.facebook.com\/CSCEmcgill\" target=\"_blank\" rel=\"noopener noreferrer\">Facebook<\/a><br \/>\n<a href=\"http:\/\/www.uqac.ca\/\">University of Quebec at Chicoutimi<\/a><br \/>\nUniversit\u00e9 de Sherbrooke <a href=\"http:\/\/www.civil.usherbrooke.ca\/scgc\" target=\"_blank\" rel=\"noopener noreferrer\">Website<\/a>[\/vc_column_text][\/vc_tta_section][vc_tta_section title=&#8221;Atlantic&#8221; tab_id=&#8221;atlantic&#8221;][vc_column_text]<strong>New Brunswick<\/strong><br \/>\n<a href=\"http:\/\/www.umoncton.ca\/\">Universit\u00e9 de Moncton<\/a><br \/>\n<a href=\"http:\/\/www.unb.ca\/\">University of New Brunswick<\/a><\/p>\n<p><strong>Nova Scotia<\/strong><br \/>\n<a href=\"https:\/\/www.dal.ca\/\">Dalhousie University<\/a><\/p>\n<p><strong>Newfoundland<\/strong><br \/>\nMemorial U. of Newfoundland <a href=\"http:\/\/www.engr.mun.ca\/~cscemun\/home.html\" target=\"_blank\" rel=\"noopener noreferrer\">Website<\/a> <a href=\"https:\/\/www.facebook.com\/cscemun\" target=\"_blank\" rel=\"noopener noreferrer\">Facebook<\/a>[\/vc_column_text][\/vc_tta_section][\/vc_tta_tabs][\/vc_column][\/vc_row]\n","protected":false},"excerpt":{"rendered":"<p>[vc_row][vc_column][vc_column_text]Student Chapters have been established in Canadian Universities and Colleges which offer a Civil Engineering program. Student Chapters plan social, networking and technical events. They are also linked with the [&hellip;]<\/p>\n","protected":false},"author":3,"featured_media":0,"parent":0,"menu_order":0,"comment_status":"closed","ping_status":"closed","template":"","meta":[],"acf":[],"_links":{"self":[{"href":"https:\/\/legacy.csce.ca\/en\/wp-json\/wp\/v2\/pages\/40"}],"collection":[{"href":"https:\/\/legacy.csce.ca\/en\/wp-json\/wp\/v2\/pages"}],"about":[{"href":"https:\/\/legacy.csce.ca\/en\/wp-json\/wp\/v2\/types\/page"}],"author":[{"embeddable":true,"href":"https:\/\/legacy.csce.ca\/en\/wp-json\/wp\/v2\/users\/3"}],"replies":[{"embeddable":true,"href":"https:\/\/legacy.csce.ca\/en\/wp-json\/wp\/v2\/comments?post=40"}],"version-history":[{"count":6,"href":"https:\/\/legacy.csce.ca\/en\/wp-json\/wp\/v2\/pages\/40\/revisions"}],"predecessor-version":[{"id":218288,"href":"https:\/\/legacy.csce.ca\/en\/wp-json\/wp\/v2\/pages\/40\/revisions\/218288"}],"wp:attachment":[{"href":"https:\/\/legacy.csce.ca\/en\/wp-json\/wp\/v2\/media?parent=40"}],"curies":[{"name":"wp","href":"https:\/\/api.w.org\/{rel}","templated":true}]}}