{"id":32,"date":"2018-05-28T22:40:13","date_gmt":"2018-05-29T02:40:13","guid":{"rendered":"http:\/\/csce.ca\/?page_id=32"},"modified":"2023-02-10T17:02:23","modified_gmt":"2023-02-10T22:02:23","slug":"administration-office","status":"publish","type":"page","link":"https:\/\/legacy.csce.ca\/en\/about-us\/administration-office\/","title":{"rendered":"Administration Office"},"content":{"rendered":"[vc_row][vc_column][vc_column_text]\n<h3 style=\"text-align: center;\"><strong>Canadian Society for Civil Engineering<br \/>\n<\/strong><strong>Soci\u00e9t\u00e9 canadienne de g\u00e9nie civil<\/strong> <strong>\u00a0<\/strong><\/h3>\n<p>&nbsp;<\/p>\n<h4 style=\"text-align: center;\">Mailing Address: 2167 166 St Surrey, British Columbia V3Z 0V6<\/h4>\n<p>&nbsp;<\/p>\n<h3 style=\"text-align: center;\">Please Contact\u00a0 <a href=\"mailto:admin@csce.ca\">admin@csce.ca<\/a> for all inquires and support requests.<\/h3>\n[\/vc_column_text][\/vc_column][\/vc_row][vc_row][vc_column][vc_column_text]\n<h3 style=\"text-align: center;\"><strong>Administrators: Karma-Link<\/strong><\/h3>\n[\/vc_column_text][\/vc_column][\/vc_row][vc_row][vc_column width=&#8221;1\/4&#8243;][vc_single_image image=&#8221;211456&#8243; img_size=&#8221;medium&#8221; alignment=&#8221;center&#8221; css=&#8221;.vc_custom_1664380346404{padding-bottom: 20px !important;}&#8221;][vc_column_text]\n<p style=\"text-align: center;\"><a href=\"mailto:lisa@csce.ca\">Lisa Reny<\/a><\/p>\n[\/vc_column_text][\/vc_column][vc_column width=&#8221;1\/4&#8243;][vc_single_image image=&#8221;211458&#8243; img_size=&#8221;medium&#8221; alignment=&#8221;center&#8221; css=&#8221;.vc_custom_1664380382386{padding-bottom: 20px !important;}&#8221;][vc_column_text]\n<p style=\"text-align: center;\"><a href=\"mailto:bill@csce.ca\">Bill Reny<\/a><\/p>\n[\/vc_column_text][\/vc_column][vc_column width=&#8221;1\/4&#8243;][vc_single_image image=&#8221;211460&#8243; img_size=&#8221;medium&#8221; alignment=&#8221;center&#8221; css=&#8221;.vc_custom_1664380430071{padding-bottom: 20px !important;}&#8221;][vc_column_text]\n<p style=\"text-align: center;\"><a href=\"mailto:lisa@csce.ca\">Emily Fournier<\/a><\/p>\n[\/vc_column_text][\/vc_column][vc_column width=&#8221;1\/4&#8243;][vc_single_image image=&#8221;213622&#8243; img_size=&#8221;medium&#8221; alignment=&#8221;center&#8221; css=&#8221;.vc_custom_1676066132138{padding-bottom: 20px !important;}&#8221;][vc_column_text]\n<p style=\"text-align: center;\"><a href=\"mailto:lesia@csce.ca\">Lesia Beznaczuk <\/a><\/p>\n[\/vc_column_text][\/vc_column][\/vc_row]\n","protected":false},"excerpt":{"rendered":"<p>[vc_row][vc_column][vc_column_text] Canadian Society for Civil Engineering Soci\u00e9t\u00e9 canadienne de g\u00e9nie civil \u00a0 &nbsp; Mailing Address: 2167 166 St Surrey, British Columbia V3Z 0V6 &nbsp; Please Contact\u00a0 admin@csce.ca for all inquires [&hellip;]<\/p>\n","protected":false},"author":3,"featured_media":0,"parent":18,"menu_order":0,"comment_status":"closed","ping_status":"closed","template":"","meta":[],"acf":[],"_links":{"self":[{"href":"https:\/\/legacy.csce.ca\/en\/wp-json\/wp\/v2\/pages\/32"}],"collection":[{"href":"https:\/\/legacy.csce.ca\/en\/wp-json\/wp\/v2\/pages"}],"about":[{"href":"https:\/\/legacy.csce.ca\/en\/wp-json\/wp\/v2\/types\/page"}],"author":[{"embeddable":true,"href":"https:\/\/legacy.csce.ca\/en\/wp-json\/wp\/v2\/users\/3"}],"replies":[{"embeddable":true,"href":"https:\/\/legacy.csce.ca\/en\/wp-json\/wp\/v2\/comments?post=32"}],"version-history":[{"count":8,"href":"https:\/\/legacy.csce.ca\/en\/wp-json\/wp\/v2\/pages\/32\/revisions"}],"predecessor-version":[{"id":213631,"href":"https:\/\/legacy.csce.ca\/en\/wp-json\/wp\/v2\/pages\/32\/revisions\/213631"}],"up":[{"embeddable":true,"href":"https:\/\/legacy.csce.ca\/en\/wp-json\/wp\/v2\/pages\/18"}],"wp:attachment":[{"href":"https:\/\/legacy.csce.ca\/en\/wp-json\/wp\/v2\/media?parent=32"}],"curies":[{"name":"wp","href":"https:\/\/api.w.org\/{rel}","templated":true}]}}