{"id":3073,"date":"2018-08-10T11:05:02","date_gmt":"2018-08-10T15:05:02","guid":{"rendered":"http:\/\/csce.ca\/?page_id=3073"},"modified":"2018-10-31T14:22:34","modified_gmt":"2018-10-31T18:22:34","slug":"tony-begin","status":"publish","type":"page","link":"https:\/\/legacy.csce.ca\/en\/i-am-civil-engineering\/tony-begin\/","title":{"rendered":"Tony B\u00e9gin"},"content":{"rendered":"[vc_row][vc_column][vc_row_inner][vc_column_inner width=&#8221;1\/4&#8243;][vc_single_image image=&#8221;2939&#8243; img_size=&#8221;large&#8221;][\/vc_column_inner][vc_column_inner width=&#8221;3\/4&#8243;][vc_empty_space height=&#8221;45px&#8221;][vc_column_text]\n<h4>TONY B\u00c9GIN, ING., CDP, M.SC.A., MSCGC<\/h4>\n<p>Pr\u00e9sident 2015-2016, Soci\u00e9t\u00e9 canadienne de g\u00e9nie civil (SCGC)<br \/>\nDirecteur s\u00e9nior, R\u00e9alisation int\u00e9gr\u00e9e de projets, Groupe Canam Inc.<br \/>\nSt-Georges de Beauce, QC[\/vc_column_text][\/vc_column_inner][\/vc_row_inner][vc_column_text]\n<hr \/>\n<h3>En quoi consiste mon travail :<\/h3>\n<p style=\"text-align: justify;\">Chez Groupe Canam Inc., mon r\u00f4le est de promouvoir l\u2019expertise en ing\u00e9nierie du service de pr\u00e9-construction de l\u2019entreprise aupr\u00e8s des propri\u00e9taires et des d\u00e9veloppeurs de nouveaux projets de b\u00e2timent. Je travaille en collaboration avec les bureaux d\u2019ing\u00e9nieurs conseils et d\u2019architectes responsables de la conception. Je participe \u00e0 l\u2019\u00e9laboration des plans et devis avec l\u2019exp\u00e9rience de Groupe Canam en mati\u00e8re de fabrication et de montage de composantes structurales et de l\u2019enveloppe de b\u00e2timent en interaction avec l\u2019architecture et la m\u00e9canique du b\u00e2timent. Cette m\u00e9thode de conception assist\u00e9e est reconnue\u00a0dans l\u2019industrie de la construction sous l\u2019appellation de la r\u00e9alisation int\u00e9gr\u00e9e de projets.<\/p>\n<p><img decoding=\"async\" loading=\"lazy\" class=\"theme_image alignright wp-image-56678 size-medium\" src=\"\/wp-content\/uploads\/2018\/08\/201611-tony_begin2-59-300x224.png\" width=\"300\" height=\"224\" \/><\/p>\n<h3 style=\"display: inline;\">Pourquoi j\u2019ai choisi le g\u00e9nie civil:<\/h3>\n<p style=\"text-align: justify;\">Quand j\u2019\u00e9tais enfant, mon p\u00e8re exer\u00e7ait le m\u00e9tier d\u2019op\u00e9rateur de machineries lourdes sur plusieurs chantiers de construction \u00e0 travers la province du Qu\u00e9bec. Il m\u2019emmenait souvent visiter ces r\u00e9alisations et m\u2019expliquait les travaux qu\u2019il avait eu \u00e0 ex\u00e9cuter. Ses r\u00e9cits, avec des exemples concrets que je pouvais bien visualiser et comprendre, m\u2019ont inspir\u00e9 \u00e0 choisir la profession d\u2019ing\u00e9nieur civil.<\/p>\n<h3 style=\"display: inline;\">Projet sur lequel j\u2019ai travaill\u00e9 en lien avec la construction d\u2019infrastructures durables:<\/h3>\n<p style=\"text-align: justify;\">La r\u00e9habilitation et le red\u00e9veloppement du complexe commercial du \u201cLansdowne Park\u201d \u00e0 Ottawa, ON a \u00e9t\u00e9 un projet marquant en mati\u00e8re de d\u00e9veloppement durable auquel j\u2019ai particip\u00e9. Le client, Trinity Development, a choisi de travailler directement avec\u00a0Groupe Canam selon une approche innovatrice et collaborative pour la fourniture et l\u2019installation de la charpente d\u2019acier de tous les b\u00e2timents commerciaux sur le site dans le but d\u2019obtenir une certification LEED de niveau Argent. La performance de montage de la charpente des b\u00e2timents f\u00fbt 20% \u00e0 25% plus rapide que la m\u00e9thode d\u2019installation traditionnelle. La r\u00e9duction des manipulations au chantier et des pertes de temps avec l\u2019application de principes \u201cLEAN CONSTRUCTION\u201d, connu sous la marque de commerce Build-MasterTM chez Groupe Canam, est \u00e0 l\u2019origine de cette r\u00e9ussite. La r\u00e9duction du temps de\u00a0travail des \u00e9quipements \u00e0 moteur a automatiquement r\u00e9duit l\u2019\u00e9mission de gaz \u00e0 effet de serre durant la p\u00e9riode de construction pour le bien-\u00eatre de l\u2019\u00e9cosyst\u00e8me. C\u2019est un projet\u00a0auquel je suis tr\u00e8s fier d\u2019avoir \u00e9t\u00e9 associ\u00e9.<\/p>\n[\/vc_column_text][\/vc_column][\/vc_row][vc_row][vc_column][vc_btn title=&#8221;PDF version&#8221; i_icon_fontawesome=&#8221;fa fa-file-pdf-o&#8221; add_icon=&#8221;true&#8221; link=&#8221;url:%2Fwp-content%2Fuploads%2F2018%2F08%2F201611-CivilTonyBegin-57.pdf|title:Tony%20B%C3%A9gin|target:%20_blank|&#8221;][\/vc_column][\/vc_row][vc_row][vc_column][vc_text_separator title=&#8221;<i>more<\/i>&#8220;][vc_basic_grid post_type=&#8221;custom&#8221; element_width=&#8221;2&#8243; gap=&#8221;10&#8243; item=&#8221;56603&#8243; grid_id=&#8221;vc_gid:1533913522343-4ea43840-02ef-10&#8243; custom_query=&#8221;post_type=page&amp;posts_per_page=-1&amp;post_parent=141&amp;order=ASC&amp;orderby=menu_order<br \/>\n&#8220;][\/vc_column][\/vc_row]\n","protected":false},"excerpt":{"rendered":"<p>[vc_row][vc_column][vc_row_inner][vc_column_inner width=&#8221;1\/4&#8243;][vc_single_image image=&#8221;2939&#8243; img_size=&#8221;large&#8221;][\/vc_column_inner][vc_column_inner width=&#8221;3\/4&#8243;][vc_empty_space height=&#8221;45px&#8221;][vc_column_text] TONY B\u00c9GIN, ING., CDP, M.SC.A., MSCGC Pr\u00e9sident 2015-2016, Soci\u00e9t\u00e9 canadienne de g\u00e9nie civil (SCGC) Directeur s\u00e9nior, R\u00e9alisation int\u00e9gr\u00e9e de projets, Groupe Canam Inc. St-Georges [&hellip;]<\/p>\n","protected":false},"author":1,"featured_media":6206,"parent":141,"menu_order":0,"comment_status":"closed","ping_status":"closed","template":"","meta":[],"acf":[],"_links":{"self":[{"href":"https:\/\/legacy.csce.ca\/en\/wp-json\/wp\/v2\/pages\/3073"}],"collection":[{"href":"https:\/\/legacy.csce.ca\/en\/wp-json\/wp\/v2\/pages"}],"about":[{"href":"https:\/\/legacy.csce.ca\/en\/wp-json\/wp\/v2\/types\/page"}],"author":[{"embeddable":true,"href":"https:\/\/legacy.csce.ca\/en\/wp-json\/wp\/v2\/users\/1"}],"replies":[{"embeddable":true,"href":"https:\/\/legacy.csce.ca\/en\/wp-json\/wp\/v2\/comments?post=3073"}],"version-history":[{"count":3,"href":"https:\/\/legacy.csce.ca\/en\/wp-json\/wp\/v2\/pages\/3073\/revisions"}],"predecessor-version":[{"id":6494,"href":"https:\/\/legacy.csce.ca\/en\/wp-json\/wp\/v2\/pages\/3073\/revisions\/6494"}],"up":[{"embeddable":true,"href":"https:\/\/legacy.csce.ca\/en\/wp-json\/wp\/v2\/pages\/141"}],"wp:featuredmedia":[{"embeddable":true,"href":"https:\/\/legacy.csce.ca\/en\/wp-json\/wp\/v2\/media\/6206"}],"wp:attachment":[{"href":"https:\/\/legacy.csce.ca\/en\/wp-json\/wp\/v2\/media?parent=3073"}],"curies":[{"name":"wp","href":"https:\/\/api.w.org\/{rel}","templated":true}]}}